{"id":185,"date":"2023-08-17T16:44:28","date_gmt":"2023-08-17T16:44:28","guid":{"rendered":"https:\/\/swebalk.com\/?page_id=185"},"modified":"2023-09-12T06:24:47","modified_gmt":"2023-09-12T06:24:47","slug":"basic-plus","status":"publish","type":"page","link":"https:\/\/swebalk.com\/en\/produkter\/skarandebearbetning\/svarvning\/basic-plus\/","title":{"rendered":"Svarv Basic Plus"},"content":{"rendered":"<p>Art. 300809<\/p>\n\n\n\n<div class=\"wp-block-columns is-layout-flex wp-container-core-columns-is-layout-9d6595d7 wp-block-columns-is-layout-flex\">\n<div class=\"wp-block-column is-layout-flow wp-block-column-is-layout-flow\">\n<figure class=\"wp-block-table is-style-stripes has-small-font-size\"><table class=\"has-fixed-layout\"><tbody><tr><td>Dubb avst\u00e5nd<\/td><td>810 mm<\/td><\/tr><tr><td>Sving diameter \u00f6ver bed<\/td><td>300 mm<\/td><\/tr><tr><td>Tv\u00e4rslidsr\u00f6relse<\/td><td>155 mm<\/td><\/tr><tr><td>Toppslidsr\u00f6relse<\/td><td>95 mm<\/td><\/tr><tr><td>Varvtal<\/td><td>60 v\/min \u2013 1550 v\/min<\/td><\/tr><tr><td>L\u00e4ngdmatning<\/td><td>0,052 mm\/v \u2013 1,39 mm\/v<\/td><\/tr><tr><td>Tv\u00e4rmatning<\/td><td>0,014 mm\/v \u2013 0,38 mm\/v<\/td><\/tr><tr><td>Spindelgenomg\u00e5ng<\/td><td>38 mm<\/td><\/tr><tr><td>Spindelnos montering<\/td><td>Camlock D1-4<\/td><\/tr><tr><td>Spindelkona<\/td><td>MK 5<\/td><\/tr><tr><td>Dubbdocka kona<\/td><td>MK 3<\/td><\/tr><tr><td>Motor<\/td><td>1,1 kW<\/td><\/tr><tr><td>Dimension (LxBxH)<\/td><td>1600 x 750 x 1270<\/td><\/tr><tr><td>Vikt<\/td><td>520 kg<\/td><\/tr><\/tbody><\/table><\/figure>\n<\/div>\n<\/div>\n\n\n\n<p>Basic Plus \u00e4r en m\u00e5ngsidig svarv f\u00f6r tillverkning. P\u00e5 grund av det stora urvalet av tillbeh\u00f6r \u00e4r denna modell det b\u00e4sta valet f\u00f6r underh\u00e5llsverkstad eller utbildning.<\/p>\n\n\n\n<div class=\"wp-block-buttons is-layout-flex wp-block-buttons-is-layout-flex\">\n<div class=\"wp-block-button has-custom-width wp-block-button__width-50 is-style-fill\"><a class=\"wp-block-button__link has-white-color has-vivid-red-background-color has-text-color has-background wp-element-button\" href=\"https:\/\/swebalk.com\/wp-content\/uploads\/2023\/08\/Basic-Plus-Datasheet.pdf\">Produktblad Basic Plus<\/a><\/div>\n<\/div>","protected":false},"excerpt":{"rendered":"<p>Art. 300809 Dubb avst\u00e5nd 810 mm Sving diameter \u00f6ver bed 300 mm Tv\u00e4rslidsr\u00f6relse 155 mm Toppslidsr\u00f6relse 95 mm Varvtal 60 v\/min \u2013 1550 v\/min L\u00e4ngdmatning 0,052 mm\/v \u2013 1,39 mm\/v Tv\u00e4rmatning 0,014 mm\/v \u2013 0,38 mm\/v Spindelgenomg\u00e5ng 38 mm Spindelnos montering Camlock D1-4 Spindelkona MK 5 Dubbdocka kona MK 3 Motor 1,1 kW Dimension (LxBxH) [&hellip;]<\/p>\n","protected":false},"author":1,"featured_media":0,"parent":393,"menu_order":0,"comment_status":"closed","ping_status":"closed","template":"templates\/template-full.php","meta":{"_acf_changed":false,"footnotes":""},"class_list":["post-185","page","type-page","status-publish","hentry","post"],"acf":[],"_links":{"self":[{"href":"https:\/\/swebalk.com\/en\/wp-json\/wp\/v2\/pages\/185","targetHints":{"allow":["GET"]}}],"collection":[{"href":"https:\/\/swebalk.com\/en\/wp-json\/wp\/v2\/pages"}],"about":[{"href":"https:\/\/swebalk.com\/en\/wp-json\/wp\/v2\/types\/page"}],"author":[{"embeddable":true,"href":"https:\/\/swebalk.com\/en\/wp-json\/wp\/v2\/users\/1"}],"replies":[{"embeddable":true,"href":"https:\/\/swebalk.com\/en\/wp-json\/wp\/v2\/comments?post=185"}],"version-history":[{"count":9,"href":"https:\/\/swebalk.com\/en\/wp-json\/wp\/v2\/pages\/185\/revisions"}],"predecessor-version":[{"id":2611,"href":"https:\/\/swebalk.com\/en\/wp-json\/wp\/v2\/pages\/185\/revisions\/2611"}],"up":[{"embeddable":true,"href":"https:\/\/swebalk.com\/en\/wp-json\/wp\/v2\/pages\/393"}],"wp:attachment":[{"href":"https:\/\/swebalk.com\/en\/wp-json\/wp\/v2\/media?parent=185"}],"curies":[{"name":"wp","href":"https:\/\/api.w.org\/{rel}","templated":true}]}}