{"id":1783,"date":"2023-08-30T11:55:03","date_gmt":"2023-08-30T11:55:03","guid":{"rendered":"https:\/\/swebalk.com\/?page_id=1783"},"modified":"2023-08-30T12:06:56","modified_gmt":"2023-08-30T12:06:56","slug":"sankgnistmaskin-znc-edm-series","status":"publish","type":"page","link":"https:\/\/swebalk.com\/en\/produkter\/skarandebearbetning\/edm\/sankgnistmaskin-znc-edm-series\/","title":{"rendered":"S\u00e4nkgnistmaskin ZNC-EDM Series"},"content":{"rendered":"<figure class=\"wp-block-table is-style-stripes has-small-font-size\"><table><tbody><tr><td>Art. 100105 &#8211; ZNC-EDM 250<\/td><td>Art. 100115 &#8211; ZNC 435 L<\/td><td>Art. 100116 &#8211; ZNC 760 L<\/td><\/tr><\/tbody><\/table><\/figure>\n\n\n\n<div class=\"wp-block-columns is-layout-flex wp-container-core-columns-is-layout-9d6595d7 wp-block-columns-is-layout-flex\">\n<div class=\"wp-block-column is-layout-flow wp-block-column-is-layout-flow\">\n<figure class=\"wp-block-image size-full\"><img decoding=\"async\" src=\"https:\/\/swebalk.com\/wp-content\/uploads\/2023\/08\/image-226.png\" alt=\"\" class=\"wp-image-1785\"\/><\/figure>\n<\/div>\n\n\n\n<div class=\"wp-block-column is-layout-flow wp-block-column-is-layout-flow\">\n<p>S\u00e4nkgnistmaskiner i ZNC EDM-serien anv\u00e4nds i form- och verktygstillverkning f\u00f6r att reproducera formsprutningsformar eller matriser med h\u00f6g precision och ytkvalitet. Serien k\u00e4nnetecknas av h\u00f6gkvalitativa komponenter designade f\u00f6r kontinuerlig drift.<\/p>\n\n\n\n<p>ZNC EDM-serien finns i 3 olika versioner<\/p>\n\n\n\n<p>F\u00f6r mer info om produkten och tillbeh\u00f6r se produktblad eller kontakta oss.<\/p>\n<\/div>\n<\/div>\n\n\n\n<figure class=\"wp-block-table is-style-stripes has-small-font-size\"><table><thead><tr><th>Modell<\/th><th>ZNC-EDM 250<br>Art. 100105<\/th><th>ZNC 435 L<br>Art. 100115<\/th><th>ZNC 760 L<br>Art. 100116<\/th><\/tr><\/thead><tbody><tr><td>Arbetsbord dimension<\/td><td>450 x 280 mm<\/td><td>700 x 450 mm<\/td><td>1200 x 700 mm<\/td><\/tr><tr><td>Arbetsstycke max. vikt<\/td><td>200 kg<\/td><td>700 kg<\/td><td>2000 kg<\/td><\/tr><tr><td>R\u00f6relse X-axel<\/td><td>250 mm<\/td><td>450 mm<\/td><td>700 mm<\/td><\/tr><tr><td>R\u00f6relse Y-axel<\/td><td>200 mm<\/td><td>350 mm<\/td><td>600 mm<\/td><\/tr><tr><td>Pinol r\u00f6relse<\/td><td>200 mm<\/td><td>200 mm<\/td><td>200 mm<\/td><\/tr><tr><td>Elektrod max. vikt<\/td><td>30 kg<\/td><td>30 kg<\/td><td>30 kg<\/td><\/tr><tr><td>Generator kapacitet<\/td><td>40 A<\/td><td>80 A<\/td><td>100 A<\/td><\/tr><tr><td>Maskin dimension<\/td><td>1,39 x 1,48 x 2,1 m<\/td><td>1,5 x 1,6 x 2,1 m<\/td><td>1,86 x 1,65 x 2,55 m<\/td><\/tr><tr><td>Vikt<\/td><td>1000 kg<\/td><td>1800 kg<\/td><td>3800 kg<\/td><\/tr><\/tbody><\/table><\/figure>\n\n\n\n<div class=\"wp-block-buttons is-layout-flex wp-block-buttons-is-layout-flex\">\n<div class=\"wp-block-button has-custom-width wp-block-button__width-50\"><a class=\"wp-block-button__link has-white-color has-vivid-red-background-color has-text-color has-background wp-element-button\" href=\"https:\/\/swebalk.com\/wp-content\/uploads\/2023\/08\/ZNC-EDM-250-Datasheet.pdf\" target=\"_blank\" rel=\"noreferrer noopener\">Produktblad ZNC-EDM 250<\/a><\/div>\n\n\n\n<div class=\"wp-block-button has-custom-width wp-block-button__width-50\"><a class=\"wp-block-button__link has-white-color has-vivid-red-background-color has-text-color has-background wp-element-button\" href=\"https:\/\/swebalk.com\/wp-content\/uploads\/2023\/08\/ZNC-435-L-Datasheet.pdf\" target=\"_blank\" rel=\"noreferrer noopener\">Produktblad ZNC 435 L<\/a><\/div>\n\n\n\n<div class=\"wp-block-button has-custom-width wp-block-button__width-50\"><a class=\"wp-block-button__link has-white-color has-vivid-red-background-color has-text-color has-background wp-element-button\" href=\"https:\/\/swebalk.com\/wp-content\/uploads\/2023\/08\/ZNC-760-L-Datasheet.pdf\" target=\"_blank\" rel=\"noreferrer noopener\">Produktblad ZNC 760 L<\/a><\/div>\n<\/div>","protected":false},"excerpt":{"rendered":"<p>Art. 100105 &#8211; ZNC-EDM 250 Art. 100115 &#8211; ZNC 435 L Art. 100116 &#8211; ZNC 760 L S\u00e4nkgnistmaskiner i ZNC EDM-serien anv\u00e4nds i form- och verktygstillverkning f\u00f6r att reproducera formsprutningsformar eller matriser med h\u00f6g precision och ytkvalitet. Serien k\u00e4nnetecknas av h\u00f6gkvalitativa komponenter designade f\u00f6r kontinuerlig drift. ZNC EDM-serien finns i 3 olika versioner F\u00f6r mer [&hellip;]<\/p>\n","protected":false},"author":1,"featured_media":0,"parent":403,"menu_order":0,"comment_status":"closed","ping_status":"closed","template":"templates\/template-full.php","meta":{"_acf_changed":false,"footnotes":""},"class_list":["post-1783","page","type-page","status-publish","hentry","post"],"acf":[],"_links":{"self":[{"href":"https:\/\/swebalk.com\/en\/wp-json\/wp\/v2\/pages\/1783","targetHints":{"allow":["GET"]}}],"collection":[{"href":"https:\/\/swebalk.com\/en\/wp-json\/wp\/v2\/pages"}],"about":[{"href":"https:\/\/swebalk.com\/en\/wp-json\/wp\/v2\/types\/page"}],"author":[{"embeddable":true,"href":"https:\/\/swebalk.com\/en\/wp-json\/wp\/v2\/users\/1"}],"replies":[{"embeddable":true,"href":"https:\/\/swebalk.com\/en\/wp-json\/wp\/v2\/comments?post=1783"}],"version-history":[{"count":1,"href":"https:\/\/swebalk.com\/en\/wp-json\/wp\/v2\/pages\/1783\/revisions"}],"predecessor-version":[{"id":1790,"href":"https:\/\/swebalk.com\/en\/wp-json\/wp\/v2\/pages\/1783\/revisions\/1790"}],"up":[{"embeddable":true,"href":"https:\/\/swebalk.com\/en\/wp-json\/wp\/v2\/pages\/403"}],"wp:attachment":[{"href":"https:\/\/swebalk.com\/en\/wp-json\/wp\/v2\/media?parent=1783"}],"curies":[{"name":"wp","href":"https:\/\/api.w.org\/{rel}","templated":true}]}}