{"id":1779,"date":"2023-08-30T11:30:24","date_gmt":"2023-08-30T11:30:24","guid":{"rendered":"https:\/\/swebalk.com\/?page_id=1779"},"modified":"2023-08-30T11:59:42","modified_gmt":"2023-08-30T11:59:42","slug":"bandslip-och-skivputsmaskin-ks-150-b","status":"publish","type":"page","link":"https:\/\/swebalk.com\/en\/produkter\/skarandebearbetning\/slipning\/bandslip-och-skivputsmaskin-ks-150-b\/","title":{"rendered":"Bandslip- och skivputsmaskin KS 150 B"},"content":{"rendered":"<p>Art. 102816<\/p>\n\n\n\n<div class=\"wp-block-columns is-layout-flex wp-container-core-columns-is-layout-9d6595d7 wp-block-columns-is-layout-flex\">\n<div class=\"wp-block-column is-layout-flow wp-block-column-is-layout-flow\">\n<figure class=\"wp-block-image size-large is-resized\"><img loading=\"lazy\" decoding=\"async\" src=\"https:\/\/swebalk.com\/wp-content\/uploads\/2023\/08\/image-225-462x1024.png\" alt=\"\" class=\"wp-image-1780\" style=\"width:262px;height:580px\" width=\"262\" height=\"580\"\/><\/figure>\n<\/div>\n\n\n\n<div class=\"wp-block-column is-layout-flow wp-block-column-is-layout-flow\">\n<figure class=\"wp-block-table is-style-stripes has-small-font-size\"><table><tbody><tr><td>Bords vinkel justering<\/td><td>45\u00b0<\/td><\/tr><tr><td>Band hastighet<\/td><td>5,5 m\/s<\/td><\/tr><tr><td>Vinkel justering av band<\/td><td>90\u00b0<\/td><\/tr><tr><td>Slipskivan diameter<\/td><td>230 mm<\/td><\/tr><tr><td>Slipband dimension<\/td><td>150 x 1220 mm<\/td><\/tr><tr><td>Motor effekt<\/td><td>0,75 kW<\/td><\/tr><tr><td>Sp\u00e4nning<\/td><td>230v<\/td><\/tr><tr><td>Vikt<\/td><td>50 kg<\/td><\/tr><\/tbody><\/table><\/figure>\n\n\n\n<p><strong>Standard utrustning:<\/strong><\/p>\n\n\n\n<ul class=\"wp-block-list\">\n<li>Justerbar material stopp<\/li>\n\n\n\n<li>St\u00f6dbord<\/li>\n\n\n\n<li>Stativ<\/li>\n\n\n\n<li>Slipskiva<\/li>\n\n\n\n<li>Slipband<\/li>\n\n\n\n<li>Manual<\/li>\n<\/ul>\n<\/div>\n<\/div>\n\n\n\n<p>Kombinationsbandslipen med egen bas har en stor slipyta som kan anv\u00e4ndas horisontellt och vertikalt, samt en slipskiva med ett vinkelst\u00e4llbart bord. Maskinen \u00e4r s\u00e4rskilt l\u00e4mpad f\u00f6r att grovslipa plana, raka ytor f\u00f6r att bryta kanter eller grada avskurna kanter. Slipskivan \u00e4r konstruerad f\u00f6r att slipa ytterradier eller vinklar p\u00e5 smala arbetsstycke och sliphastigheten kan varieras f\u00f6r finare bearbetning.<\/p>\n\n\n\n<p>F\u00f6r mer info om produkten och tillbeh\u00f6r se produktblad eller kontakta oss.<\/p>\n\n\n\n<div class=\"wp-block-buttons is-layout-flex wp-block-buttons-is-layout-flex\">\n<div class=\"wp-block-button\"><a class=\"wp-block-button__link has-white-color has-vivid-red-background-color has-text-color has-background wp-element-button\" href=\"https:\/\/swebalk.com\/wp-content\/uploads\/2023\/08\/KS-150-B-Datasheet.pdf\" target=\"_blank\" rel=\"noreferrer noopener\">Produktblad KS 150 B<\/a><\/div>\n<\/div>","protected":false},"excerpt":{"rendered":"<p>Art. 102816 Bords vinkel justering 45\u00b0 Band hastighet 5,5 m\/s Vinkel justering av band 90\u00b0 Slipskivan diameter 230 mm Slipband dimension 150 x 1220 mm Motor effekt 0,75 kW Sp\u00e4nning 230v Vikt 50 kg Standard utrustning: Kombinationsbandslipen med egen bas har en stor slipyta som kan anv\u00e4ndas horisontellt och vertikalt, samt en slipskiva med ett [&hellip;]<\/p>\n","protected":false},"author":1,"featured_media":0,"parent":401,"menu_order":0,"comment_status":"closed","ping_status":"closed","template":"templates\/template-full.php","meta":{"_acf_changed":false,"footnotes":""},"class_list":["post-1779","page","type-page","status-publish","hentry","post"],"acf":[],"_links":{"self":[{"href":"https:\/\/swebalk.com\/en\/wp-json\/wp\/v2\/pages\/1779","targetHints":{"allow":["GET"]}}],"collection":[{"href":"https:\/\/swebalk.com\/en\/wp-json\/wp\/v2\/pages"}],"about":[{"href":"https:\/\/swebalk.com\/en\/wp-json\/wp\/v2\/types\/page"}],"author":[{"embeddable":true,"href":"https:\/\/swebalk.com\/en\/wp-json\/wp\/v2\/users\/1"}],"replies":[{"embeddable":true,"href":"https:\/\/swebalk.com\/en\/wp-json\/wp\/v2\/comments?post=1779"}],"version-history":[{"count":2,"href":"https:\/\/swebalk.com\/en\/wp-json\/wp\/v2\/pages\/1779\/revisions"}],"predecessor-version":[{"id":2603,"href":"https:\/\/swebalk.com\/en\/wp-json\/wp\/v2\/pages\/1779\/revisions\/2603"}],"up":[{"embeddable":true,"href":"https:\/\/swebalk.com\/en\/wp-json\/wp\/v2\/pages\/401"}],"wp:attachment":[{"href":"https:\/\/swebalk.com\/en\/wp-json\/wp\/v2\/media?parent=1779"}],"curies":[{"name":"wp","href":"https:\/\/api.w.org\/{rel}","templated":true}]}}