{"id":1742,"date":"2023-08-30T05:24:16","date_gmt":"2023-08-30T05:24:16","guid":{"rendered":"https:\/\/swebalk.com\/?page_id=1742"},"modified":"2023-09-03T13:08:25","modified_gmt":"2023-09-03T13:08:25","slug":"om-oss","status":"publish","type":"page","link":"https:\/\/swebalk.com\/en\/om-oss\/","title":{"rendered":"Om oss"},"content":{"rendered":"<p>27 \u00e5rs erfarenhet av anv\u00e4ndning, installation, underh\u00e5llning, utbildning, ink\u00f6p och f\u00f6rs\u00e4ljning av maskiner f\u00f6r metallbearbetning. Allt fr\u00e5n b\u00e4nkslipmaskiner till CNC-fleroperationsmaskiner, fr\u00e5n handdrivna kantvikmaskiner till lasersk\u00e4rmaskiner.<\/p>\n\n\n\n<p><\/p>\n\n\n\n<p>N\u00e5gra av v\u00e5ra n\u00f6jda kunder:<\/p>\n\n\n\n<div class=\"wp-block-columns is-layout-flex wp-container-core-columns-is-layout-9d6595d7 wp-block-columns-is-layout-flex\">\n<div class=\"wp-block-column is-layout-flow wp-block-column-is-layout-flow\">\n<figure class=\"wp-block-image size-full\"><img loading=\"lazy\" decoding=\"async\" width=\"224\" height=\"224\" src=\"https:\/\/swebalk.com\/wp-content\/uploads\/2023\/08\/image-228.png\" alt=\"\" class=\"wp-image-1936\" srcset=\"https:\/\/swebalk.com\/wp-content\/uploads\/2023\/08\/image-228.png 224w, https:\/\/swebalk.com\/wp-content\/uploads\/2023\/08\/image-228-100x100.png 100w, https:\/\/swebalk.com\/wp-content\/uploads\/2023\/08\/image-228-150x150.png 150w\" sizes=\"auto, (max-width: 224px) 100vw, 224px\" \/><\/figure>\n<\/div>\n\n\n\n<div class=\"wp-block-column is-layout-flow wp-block-column-is-layout-flow\">\n<figure class=\"wp-block-image size-full\"><img loading=\"lazy\" decoding=\"async\" width=\"393\" height=\"128\" src=\"https:\/\/swebalk.com\/wp-content\/uploads\/2023\/08\/image-229.png\" alt=\"\" class=\"wp-image-1937\" srcset=\"https:\/\/swebalk.com\/wp-content\/uploads\/2023\/08\/image-229.png 393w, https:\/\/swebalk.com\/wp-content\/uploads\/2023\/08\/image-229-300x98.png 300w\" sizes=\"auto, (max-width: 393px) 100vw, 393px\" \/><\/figure>\n\n\n\n<figure class=\"wp-block-image size-full\"><img loading=\"lazy\" decoding=\"async\" width=\"323\" height=\"156\" src=\"https:\/\/swebalk.com\/wp-content\/uploads\/2023\/08\/image-232.png\" alt=\"\" class=\"wp-image-1940\" srcset=\"https:\/\/swebalk.com\/wp-content\/uploads\/2023\/08\/image-232.png 323w, https:\/\/swebalk.com\/wp-content\/uploads\/2023\/08\/image-232-300x145.png 300w\" sizes=\"auto, (max-width: 323px) 100vw, 323px\" \/><\/figure>\n\n\n\n<figure class=\"wp-block-image size-large\"><img loading=\"lazy\" decoding=\"async\" width=\"1024\" height=\"576\" src=\"https:\/\/swebalk.com\/wp-content\/uploads\/2023\/08\/image-234-1024x576.png\" alt=\"\" class=\"wp-image-1951\" srcset=\"https:\/\/swebalk.com\/wp-content\/uploads\/2023\/08\/image-234-1024x576.png 1024w, https:\/\/swebalk.com\/wp-content\/uploads\/2023\/08\/image-234-600x338.png 600w, https:\/\/swebalk.com\/wp-content\/uploads\/2023\/08\/image-234-300x169.png 300w, https:\/\/swebalk.com\/wp-content\/uploads\/2023\/08\/image-234-768x432.png 768w, https:\/\/swebalk.com\/wp-content\/uploads\/2023\/08\/image-234.png 1280w\" sizes=\"auto, (max-width: 1024px) 100vw, 1024px\" \/><\/figure>\n<\/div>\n\n\n\n<div class=\"wp-block-column is-layout-flow wp-block-column-is-layout-flow\">\n<figure class=\"wp-block-image size-full\"><img loading=\"lazy\" decoding=\"async\" width=\"396\" height=\"127\" src=\"https:\/\/swebalk.com\/wp-content\/uploads\/2023\/08\/image-230.png\" alt=\"\" class=\"wp-image-1938\" srcset=\"https:\/\/swebalk.com\/wp-content\/uploads\/2023\/08\/image-230.png 396w, https:\/\/swebalk.com\/wp-content\/uploads\/2023\/08\/image-230-300x96.png 300w\" sizes=\"auto, (max-width: 396px) 100vw, 396px\" \/><\/figure>\n\n\n\n<figure class=\"wp-block-image size-full is-resized\"><img loading=\"lazy\" decoding=\"async\" src=\"https:\/\/swebalk.com\/wp-content\/uploads\/2023\/08\/image-231.png\" alt=\"\" class=\"wp-image-1939\" style=\"width:356px;height:186px\" width=\"356\" height=\"186\" srcset=\"https:\/\/swebalk.com\/wp-content\/uploads\/2023\/08\/image-231.png 700w, https:\/\/swebalk.com\/wp-content\/uploads\/2023\/08\/image-231-600x314.png 600w, https:\/\/swebalk.com\/wp-content\/uploads\/2023\/08\/image-231-300x157.png 300w\" sizes=\"auto, (max-width: 356px) 100vw, 356px\" \/><\/figure>\n<\/div>\n<\/div>","protected":false},"excerpt":{"rendered":"<p>27 \u00e5rs erfarenhet av anv\u00e4ndning, installation, underh\u00e5llning, utbildning, ink\u00f6p och f\u00f6rs\u00e4ljning av maskiner f\u00f6r metallbearbetning. Allt fr\u00e5n b\u00e4nkslipmaskiner till CNC-fleroperationsmaskiner, fr\u00e5n handdrivna kantvikmaskiner till lasersk\u00e4rmaskiner. N\u00e5gra av v\u00e5ra n\u00f6jda kunder:<\/p>","protected":false},"author":1,"featured_media":0,"parent":0,"menu_order":0,"comment_status":"closed","ping_status":"closed","template":"templates\/template-full.php","meta":{"_acf_changed":false,"footnotes":""},"class_list":["post-1742","page","type-page","status-publish","hentry","post"],"acf":[],"_links":{"self":[{"href":"https:\/\/swebalk.com\/en\/wp-json\/wp\/v2\/pages\/1742","targetHints":{"allow":["GET"]}}],"collection":[{"href":"https:\/\/swebalk.com\/en\/wp-json\/wp\/v2\/pages"}],"about":[{"href":"https:\/\/swebalk.com\/en\/wp-json\/wp\/v2\/types\/page"}],"author":[{"embeddable":true,"href":"https:\/\/swebalk.com\/en\/wp-json\/wp\/v2\/users\/1"}],"replies":[{"embeddable":true,"href":"https:\/\/swebalk.com\/en\/wp-json\/wp\/v2\/comments?post=1742"}],"version-history":[{"count":5,"href":"https:\/\/swebalk.com\/en\/wp-json\/wp\/v2\/pages\/1742\/revisions"}],"predecessor-version":[{"id":1955,"href":"https:\/\/swebalk.com\/en\/wp-json\/wp\/v2\/pages\/1742\/revisions\/1955"}],"wp:attachment":[{"href":"https:\/\/swebalk.com\/en\/wp-json\/wp\/v2\/media?parent=1742"}],"curies":[{"name":"wp","href":"https:\/\/api.w.org\/{rel}","templated":true}]}}