{"id":1724,"date":"2023-08-29T12:31:18","date_gmt":"2023-08-29T12:31:18","guid":{"rendered":"https:\/\/swebalk.com\/?page_id=1724"},"modified":"2023-08-31T07:47:39","modified_gmt":"2023-08-31T07:47:39","slug":"tillbehor-verktyg","status":"publish","type":"page","link":"https:\/\/swebalk.com\/en\/produkter\/tillbehor-verktyg\/","title":{"rendered":"Tillbeh\u00f6r &#8211; Verktyg"},"content":{"rendered":"<figure class=\"wp-block-image size-large\"><img loading=\"lazy\" decoding=\"async\" width=\"1024\" height=\"576\" src=\"https:\/\/swebalk.com\/wp-content\/uploads\/2023\/08\/Alla-kategorier-1024x576.jpg\" alt=\"\" class=\"wp-image-1729\" srcset=\"https:\/\/swebalk.com\/wp-content\/uploads\/2023\/08\/Alla-kategorier-1024x576.jpg 1024w, https:\/\/swebalk.com\/wp-content\/uploads\/2023\/08\/Alla-kategorier-600x338.jpg 600w, https:\/\/swebalk.com\/wp-content\/uploads\/2023\/08\/Alla-kategorier-300x169.jpg 300w, https:\/\/swebalk.com\/wp-content\/uploads\/2023\/08\/Alla-kategorier-768x432.jpg 768w, https:\/\/swebalk.com\/wp-content\/uploads\/2023\/08\/Alla-kategorier.jpg 1280w\" sizes=\"auto, (max-width: 1024px) 100vw, 1024px\" \/><\/figure>\n\n\n\n<p>Denna sidan \u00e4r f\u00f6r n\u00e4rvarande under uppbyggnad Vi arbetar h\u00e5rt f\u00f6r att snart kunna erbjuda en fullst\u00e4ndig och korrekt webbplatsupplevelse. Tack f\u00f6r ditt t\u00e5lamod!<\/p>\n\n\n\n<p>Men kontakta oss g\u00e4rna vi kommer att hj\u00e4lpa er med r\u00e4tt produkt!<\/p>","protected":false},"excerpt":{"rendered":"<p>Denna sidan \u00e4r f\u00f6r n\u00e4rvarande under uppbyggnad Vi arbetar h\u00e5rt f\u00f6r att snart kunna erbjuda en fullst\u00e4ndig och korrekt webbplatsupplevelse. Tack f\u00f6r ditt t\u00e5lamod! Men kontakta oss g\u00e4rna vi kommer att hj\u00e4lpa er med r\u00e4tt produkt!<\/p>","protected":false},"author":1,"featured_media":0,"parent":3,"menu_order":0,"comment_status":"closed","ping_status":"closed","template":"templates\/template-full.php","meta":{"_acf_changed":false,"footnotes":""},"class_list":["post-1724","page","type-page","status-publish","hentry","post"],"acf":[],"_links":{"self":[{"href":"https:\/\/swebalk.com\/en\/wp-json\/wp\/v2\/pages\/1724","targetHints":{"allow":["GET"]}}],"collection":[{"href":"https:\/\/swebalk.com\/en\/wp-json\/wp\/v2\/pages"}],"about":[{"href":"https:\/\/swebalk.com\/en\/wp-json\/wp\/v2\/types\/page"}],"author":[{"embeddable":true,"href":"https:\/\/swebalk.com\/en\/wp-json\/wp\/v2\/users\/1"}],"replies":[{"embeddable":true,"href":"https:\/\/swebalk.com\/en\/wp-json\/wp\/v2\/comments?post=1724"}],"version-history":[{"count":4,"href":"https:\/\/swebalk.com\/en\/wp-json\/wp\/v2\/pages\/1724\/revisions"}],"predecessor-version":[{"id":1946,"href":"https:\/\/swebalk.com\/en\/wp-json\/wp\/v2\/pages\/1724\/revisions\/1946"}],"up":[{"embeddable":true,"href":"https:\/\/swebalk.com\/en\/wp-json\/wp\/v2\/pages\/3"}],"wp:attachment":[{"href":"https:\/\/swebalk.com\/en\/wp-json\/wp\/v2\/media?parent=1724"}],"curies":[{"name":"wp","href":"https:\/\/api.w.org\/{rel}","templated":true}]}}