{"id":1636,"date":"2023-08-29T06:47:55","date_gmt":"2023-08-29T06:47:55","guid":{"rendered":"https:\/\/swebalk.com\/?page_id=1636"},"modified":"2023-08-29T06:52:51","modified_gmt":"2023-08-29T06:52:51","slug":"kallbandsag-arg-520-dc-cf-nc-automat","status":"publish","type":"page","link":"https:\/\/swebalk.com\/en\/produkter\/skarandebearbetning\/sagning-kapning\/kallbandsag-arg-520-dc-cf-nc-automat\/","title":{"rendered":"Kallbands\u00e5g ARG 520 DC CF-NC Automat"},"content":{"rendered":"<p>Art. ARG 520 DC CF-NC Automat<\/p>\n\n\n\n<div class=\"wp-block-columns is-layout-flex wp-container-core-columns-is-layout-9d6595d7 wp-block-columns-is-layout-flex\">\n<div class=\"wp-block-column is-layout-flow wp-block-column-is-layout-flow\">\n<figure class=\"wp-block-image size-full\"><img decoding=\"async\" src=\"https:\/\/swebalk.com\/wp-content\/uploads\/2023\/08\/image-194.png\" alt=\"\" class=\"wp-image-1637\"\/><\/figure>\n\n\n\n<div class=\"wp-block-columns is-layout-flex wp-container-core-columns-is-layout-9d6595d7 wp-block-columns-is-layout-flex\">\n<div class=\"wp-block-column is-layout-flow wp-block-column-is-layout-flow\">\n<figure class=\"wp-block-image size-full\"><img decoding=\"async\" src=\"https:\/\/swebalk.com\/wp-content\/uploads\/2023\/08\/image-195.png\" alt=\"\" class=\"wp-image-1638\"\/><\/figure>\n<\/div>\n\n\n\n<div class=\"wp-block-column is-layout-flow wp-block-column-is-layout-flow\">\n<figure class=\"wp-block-image size-full\"><img decoding=\"async\" src=\"https:\/\/swebalk.com\/wp-content\/uploads\/2023\/08\/image-198.png\" alt=\"\" class=\"wp-image-1641\"\/><\/figure>\n<\/div>\n\n\n\n<div class=\"wp-block-column is-layout-flow wp-block-column-is-layout-flow\">\n<figure class=\"wp-block-image size-full\"><img decoding=\"async\" src=\"https:\/\/swebalk.com\/wp-content\/uploads\/2023\/08\/image-199.png\" alt=\"\" class=\"wp-image-1642\"\/><\/figure>\n<\/div>\n<\/div>\n<\/div>\n\n\n\n<div class=\"wp-block-column is-layout-flow wp-block-column-is-layout-flow\">\n<figure class=\"wp-block-table is-style-stripes has-small-font-size\"><table><tbody><tr><td>Motor effekt<\/td><td>400 V, 50 Hz, 4 kW<\/td><\/tr><tr><td>Motor effekt kylpump<\/td><td>400 V, 50 Hz, 0,12 kW<\/td><\/tr><tr><td>Hydraulisk motor<\/td><td>400 V, 50 Hz, 1 kW<\/td><\/tr><tr><td>Servo motor material matning<\/td><td>400 V, 50 Hz, 4,5 kW<\/td><\/tr><tr><td>Material matningshastighet<\/td><td>1,6\/2,5\/3 m\/min<\/td><\/tr><tr><td>S\u00e5gbladetshastighet<\/td><td>15-90 m\/min.<\/td><\/tr><tr><td>Arbetsh\u00f6jd skruvstycke<\/td><td>920 mm<\/td><\/tr><tr><td>Hydraulolja tank<\/td><td>cca 26 l<\/td><\/tr><tr><td>Kyltank<\/td><td>cca 35 l<\/td><\/tr><tr><td>Maskin dimension<\/td><td>3200 x 2500 x 3000 mm<\/td><\/tr><tr><td>Maskin dimension<\/td><td>3880 x 2770 x 3630 mm<\/td><\/tr><tr><td>Vikt<\/td><td>1720 kg<\/td><\/tr><\/tbody><\/table><\/figure>\n<\/div>\n<\/div>\n\n\n\n<figure class=\"wp-block-table\"><table><tbody><tr><td class=\"has-text-align-center\" data-align=\"center\"><strong>ARG 520 DC CF-NC Automat<\/strong><\/td><td><strong>90\u00b0<\/strong><\/td><\/tr><tr><td class=\"has-text-align-center\" data-align=\"center\"><img decoding=\"async\" src=\"https:\/\/www.pilous.cz\/user_uploads\/METAL\/Picto_tabulka\/01_kolo.jpg\" alt=\"\"><\/td><td>520<\/td><\/tr><tr><td class=\"has-text-align-center\" data-align=\"center\"><img decoding=\"async\" src=\"https:\/\/www.pilous.cz\/user_uploads\/METAL\/Picto_tabulka\/02_ctverec.jpg\" alt=\"\"><\/td><td>500<\/td><\/tr><tr><td class=\"has-text-align-center\" data-align=\"center\"><img decoding=\"async\" src=\"https:\/\/www.pilous.cz\/user_uploads\/METAL\/Picto_tabulka\/03_obdelnik.jpg\" alt=\"\"><\/td><td>700 x 480<\/td><\/tr><\/tbody><\/table><\/figure>\n\n\n\n<p>Helautomatisk CNC-bands\u00e5g ARG 520 DC CF-NC med tv\u00e5pelar design och med ny s\u00e5gbladsarm. Det massiva armst\u00f6det med tv\u00e5 pelare som r\u00f6r sig p\u00e5 linj\u00e4ra linjer, s\u00e4kerst\u00e4ller utm\u00e4rkt styvhet i hela systemet och exakt s\u00e5gning.<\/p>\n\n\n\n<p>Perfekt maskin d\u00e4r man vill uppn\u00e5 h\u00f6g produktivitet med mycket fint och rakt snitt vid sk\u00e4rning<\/p>\n\n\n\n<p>F\u00f6r mer info och utrustningsf\u00f6rslag se produktblad.<\/p>\n\n\n\n<div class=\"wp-block-buttons is-layout-flex wp-block-buttons-is-layout-flex\">\n<div class=\"wp-block-button\"><a class=\"wp-block-button__link has-white-color has-vivid-red-background-color has-text-color has-background wp-element-button\" href=\"https:\/\/swebalk.com\/wp-content\/uploads\/2023\/08\/arg-520-dc-cf-nc-automat-en.pdf\" target=\"_blank\" rel=\"noreferrer noopener\">Produktblad ARG 520 DC CF-NC Automat<\/a><\/div>\n<\/div>\n\n\n\n<p>F\u00f6rslag p\u00e5 passande rullbanor<\/p>\n\n\n\n<figure class=\"wp-block-image size-full\"><img decoding=\"async\" src=\"https:\/\/swebalk.com\/wp-content\/uploads\/2023\/08\/image-200.png\" alt=\"\" class=\"wp-image-1644\"\/><\/figure>","protected":false},"excerpt":{"rendered":"<p>Art. ARG 520 DC CF-NC Automat Motor effekt 400 V, 50 Hz, 4 kW Motor effekt kylpump 400 V, 50 Hz, 0,12 kW Hydraulisk motor 400 V, 50 Hz, 1 kW Servo motor material matning 400 V, 50 Hz, 4,5 kW Material matningshastighet 1,6\/2,5\/3 m\/min S\u00e5gbladetshastighet 15-90 m\/min. Arbetsh\u00f6jd skruvstycke 920 mm Hydraulolja tank cca [&hellip;]<\/p>\n","protected":false},"author":1,"featured_media":0,"parent":399,"menu_order":0,"comment_status":"closed","ping_status":"closed","template":"templates\/template-full.php","meta":{"_acf_changed":false,"footnotes":""},"class_list":["post-1636","page","type-page","status-publish","hentry","post"],"acf":[],"_links":{"self":[{"href":"https:\/\/swebalk.com\/en\/wp-json\/wp\/v2\/pages\/1636","targetHints":{"allow":["GET"]}}],"collection":[{"href":"https:\/\/swebalk.com\/en\/wp-json\/wp\/v2\/pages"}],"about":[{"href":"https:\/\/swebalk.com\/en\/wp-json\/wp\/v2\/types\/page"}],"author":[{"embeddable":true,"href":"https:\/\/swebalk.com\/en\/wp-json\/wp\/v2\/users\/1"}],"replies":[{"embeddable":true,"href":"https:\/\/swebalk.com\/en\/wp-json\/wp\/v2\/comments?post=1636"}],"version-history":[{"count":1,"href":"https:\/\/swebalk.com\/en\/wp-json\/wp\/v2\/pages\/1636\/revisions"}],"predecessor-version":[{"id":1645,"href":"https:\/\/swebalk.com\/en\/wp-json\/wp\/v2\/pages\/1636\/revisions\/1645"}],"up":[{"embeddable":true,"href":"https:\/\/swebalk.com\/en\/wp-json\/wp\/v2\/pages\/399"}],"wp:attachment":[{"href":"https:\/\/swebalk.com\/en\/wp-json\/wp\/v2\/media?parent=1636"}],"curies":[{"name":"wp","href":"https:\/\/api.w.org\/{rel}","templated":true}]}}