{"id":1615,"date":"2023-08-29T06:06:48","date_gmt":"2023-08-29T06:06:48","guid":{"rendered":"https:\/\/swebalk.com\/?page_id=1615"},"modified":"2023-08-29T06:51:12","modified_gmt":"2023-08-29T06:51:12","slug":"kallbandsag-arg-640-dct-s-a-f","status":"publish","type":"page","link":"https:\/\/swebalk.com\/en\/produkter\/skarandebearbetning\/sagning-kapning\/kallbandsag-arg-640-dct-s-a-f\/","title":{"rendered":"Kallbands\u00e5g ARG 640 DCT S.A.F."},"content":{"rendered":"<p>Art. ARG 640 DCT S.A.F.<\/p>\n\n\n\n<div class=\"wp-block-columns is-layout-flex wp-container-core-columns-is-layout-9d6595d7 wp-block-columns-is-layout-flex\">\n<div class=\"wp-block-column is-layout-flow wp-block-column-is-layout-flow\">\n<figure class=\"wp-block-image size-full\"><img decoding=\"async\" src=\"https:\/\/swebalk.com\/wp-content\/uploads\/2023\/08\/image-182.png\" alt=\"\" class=\"wp-image-1616\"\/><\/figure>\n<\/div>\n\n\n\n<div class=\"wp-block-column is-layout-flow wp-block-column-is-layout-flow\">\n<figure class=\"wp-block-table is-style-stripes has-small-font-size\"><table><tbody><tr><td>Motor effekt<\/td><td>400 V, 50 Hz, 7,5 kW<\/td><\/tr><tr><td>Motor effekt kylpump<\/td><td>400 V, 50 Hz, 0,12 kW<\/td><\/tr><tr><td>Hydraulisk motor<\/td><td>400 V, 50 Hz, 1,1 kW<\/td><\/tr><tr><td>S\u00e5gbladetshastighet<\/td><td>15-90 m\/min.<\/td><\/tr><tr><td>Arbetsh\u00f6jd skruvstycke<\/td><td>800 mm<\/td><\/tr><tr><td>Hydraulolja tank<\/td><td>cca 26 l<\/td><\/tr><tr><td>Kyltank<\/td><td>cca 100 l<\/td><\/tr><tr><td>Maskin dimension<\/td><td>3800 x 2500 x 2050 mm<\/td><\/tr><tr><td>Maskin dimension<\/td><td>3800 x 2700 x 2700 mm<\/td><\/tr><tr><td>Vikt<\/td><td>4200 kg<\/td><\/tr><\/tbody><\/table><\/figure>\n<\/div>\n<\/div>\n\n\n\n<p>Massiv tv\u00e5pelarstyrd halvautomatisk maskin designad f\u00f6r m\u00e5ngsidig anv\u00e4ndning vid s\u00e5gning av material. Den massiva gr\u00e5 gjutj\u00e4rnsarmen \u00e4r helt unik i kategorin dubbla kolumnbands\u00e5gar. Armst\u00f6det med tv\u00e5 pelare som r\u00f6r sig p\u00e5 linj\u00e4ra styrningar s\u00e4kerst\u00e4ller utm\u00e4rkt styvhet i hela systemet och exakt s\u00e5gning av hela arbetsstycke och med bands\u00e5gblad 54&#215;1,6 mm f\u00e5r man mycket h\u00f6g precision och raka snitt under hela s\u00e5gprocessen.<\/p>\n\n\n\n<p>F\u00f6r mer info och tillvalsutrustning se produktblad.<\/p>\n\n\n\n<div class=\"wp-block-buttons is-layout-flex wp-block-buttons-is-layout-flex\">\n<div class=\"wp-block-button\"><a class=\"wp-block-button__link has-white-color has-vivid-red-background-color has-text-color has-background wp-element-button\" href=\"https:\/\/swebalk.com\/wp-content\/uploads\/2023\/08\/arg-640-dct-s-a-f-en.pdf\" target=\"_blank\" rel=\"noreferrer noopener\">Produktblad ARG 640 DCT S.A.F.<\/a><\/div>\n<\/div>\n\n\n\n<p>F\u00f6rslag p\u00e5 passande rullbanor<\/p>\n\n\n\n<figure class=\"wp-block-image size-full\"><img decoding=\"async\" src=\"https:\/\/swebalk.com\/wp-content\/uploads\/2023\/08\/image-183.png\" alt=\"\" class=\"wp-image-1617\"\/><\/figure>","protected":false},"excerpt":{"rendered":"<p>Art. ARG 640 DCT S.A.F. Motor effekt 400 V, 50 Hz, 7,5 kW Motor effekt kylpump 400 V, 50 Hz, 0,12 kW Hydraulisk motor 400 V, 50 Hz, 1,1 kW S\u00e5gbladetshastighet 15-90 m\/min. Arbetsh\u00f6jd skruvstycke 800 mm Hydraulolja tank cca 26 l Kyltank cca 100 l Maskin dimension 3800 x 2500 x 2050 mm Maskin [&hellip;]<\/p>\n","protected":false},"author":1,"featured_media":0,"parent":399,"menu_order":0,"comment_status":"closed","ping_status":"closed","template":"templates\/template-full.php","meta":{"_acf_changed":false,"footnotes":""},"class_list":["post-1615","page","type-page","status-publish","hentry","post"],"acf":[],"_links":{"self":[{"href":"https:\/\/swebalk.com\/en\/wp-json\/wp\/v2\/pages\/1615","targetHints":{"allow":["GET"]}}],"collection":[{"href":"https:\/\/swebalk.com\/en\/wp-json\/wp\/v2\/pages"}],"about":[{"href":"https:\/\/swebalk.com\/en\/wp-json\/wp\/v2\/types\/page"}],"author":[{"embeddable":true,"href":"https:\/\/swebalk.com\/en\/wp-json\/wp\/v2\/users\/1"}],"replies":[{"embeddable":true,"href":"https:\/\/swebalk.com\/en\/wp-json\/wp\/v2\/comments?post=1615"}],"version-history":[{"count":1,"href":"https:\/\/swebalk.com\/en\/wp-json\/wp\/v2\/pages\/1615\/revisions"}],"predecessor-version":[{"id":1618,"href":"https:\/\/swebalk.com\/en\/wp-json\/wp\/v2\/pages\/1615\/revisions\/1618"}],"up":[{"embeddable":true,"href":"https:\/\/swebalk.com\/en\/wp-json\/wp\/v2\/pages\/399"}],"wp:attachment":[{"href":"https:\/\/swebalk.com\/en\/wp-json\/wp\/v2\/media?parent=1615"}],"curies":[{"name":"wp","href":"https:\/\/api.w.org\/{rel}","templated":true}]}}