{"id":1590,"date":"2023-08-29T05:13:51","date_gmt":"2023-08-29T05:13:51","guid":{"rendered":"https:\/\/swebalk.com\/?page_id=1590"},"modified":"2023-08-29T06:51:45","modified_gmt":"2023-08-29T06:51:45","slug":"kallbandsag-dynamic-3-0","status":"publish","type":"page","link":"https:\/\/swebalk.com\/en\/produkter\/skarandebearbetning\/sagning-kapning\/kallbandsag-dynamic-3-0\/","title":{"rendered":"Kallbands\u00e5g Dynamic 3.0"},"content":{"rendered":"<p>Art. Dynamic 3.0<\/p>\n\n\n\n<div class=\"wp-block-columns is-layout-flex wp-container-core-columns-is-layout-9d6595d7 wp-block-columns-is-layout-flex\">\n<div class=\"wp-block-column is-layout-flow wp-block-column-is-layout-flow\">\n<figure class=\"wp-block-image size-full\"><img decoding=\"async\" src=\"https:\/\/swebalk.com\/wp-content\/uploads\/2023\/08\/image-167.png\" alt=\"\" class=\"wp-image-1591\"\/><\/figure>\n\n\n\n<div class=\"wp-block-columns is-layout-flex wp-container-core-columns-is-layout-9d6595d7 wp-block-columns-is-layout-flex\">\n<div class=\"wp-block-column is-layout-flow wp-block-column-is-layout-flow\">\n<figure class=\"wp-block-image size-full\"><img decoding=\"async\" src=\"https:\/\/swebalk.com\/wp-content\/uploads\/2023\/08\/image-168.png\" alt=\"\" class=\"wp-image-1592\"\/><\/figure>\n<\/div>\n\n\n\n<div class=\"wp-block-column is-layout-flow wp-block-column-is-layout-flow\">\n<figure class=\"wp-block-image size-full\"><img decoding=\"async\" src=\"https:\/\/swebalk.com\/wp-content\/uploads\/2023\/08\/image-169.png\" alt=\"\" class=\"wp-image-1593\"\/><\/figure>\n<\/div>\n\n\n\n<div class=\"wp-block-column is-layout-flow wp-block-column-is-layout-flow\">\n<figure class=\"wp-block-image size-full\"><img decoding=\"async\" src=\"https:\/\/swebalk.com\/wp-content\/uploads\/2023\/08\/image-170.png\" alt=\"\" class=\"wp-image-1594\"\/><\/figure>\n<\/div>\n<\/div>\n<\/div>\n\n\n\n<div class=\"wp-block-column is-layout-flow wp-block-column-is-layout-flow\">\n<figure class=\"wp-block-table is-style-stripes has-small-font-size\"><table><tbody><tr><td>Motor effekt<\/td><td>400 V, 50 Hz, 2,2 kW<\/td><\/tr><tr><td>Motor effekt kylpump<\/td><td>400 V, 50 Hz, 0,12 kW<\/td><\/tr><tr><td>Hydraulisk motor<\/td><td>400 V, 50 Hz, 0,55 kW<\/td><\/tr><tr><td>Material matningshastighet<\/td><td>1,8\/4,2\/6,6 m\/min<\/td><\/tr><tr><td>S\u00e5gbladetshastighet<\/td><td>15-90 m\/min.<\/td><\/tr><tr><td>Arbetsh\u00f6jd skruvstycke<\/td><td>870 mm<\/td><\/tr><tr><td>Hydraulolja tank<\/td><td>cca 26 l<\/td><\/tr><tr><td>Kyltank<\/td><td>cca 35 l<\/td><\/tr><tr><td>Maskin dimension<\/td><td>1910 x 1910 x 1520 mm<\/td><\/tr><tr><td>Maskin dimension<\/td><td>2480 x 2300 x 1950 mm<\/td><\/tr><tr><td>Vikt<\/td><td>940 kg<\/td><\/tr><\/tbody><\/table><\/figure>\n<\/div>\n<\/div>\n\n\n\n<figure class=\"wp-block-table\"><table><tbody><tr><td class=\"has-text-align-center\" data-align=\"center\"><strong>Dynamic 3.0<\/strong><\/td><td><strong>90\u00b0<\/strong><\/td><td><strong>+45\u00b0<\/strong><\/td><\/tr><tr><td class=\"has-text-align-center\" data-align=\"center\"><img decoding=\"async\" src=\"https:\/\/www.pilous.cz\/user_uploads\/METAL\/Picto_tabulka\/01_kolo.jpg\" alt=\"\"><\/td><td>300<\/td><td>240<\/td><\/tr><tr><td class=\"has-text-align-center\" data-align=\"center\"><img decoding=\"async\" src=\"https:\/\/www.pilous.cz\/user_uploads\/METAL\/Picto_tabulka\/02_ctverec.jpg\" alt=\"\"><\/td><td>285<\/td><td>220<\/td><\/tr><tr><td class=\"has-text-align-center\" data-align=\"center\"><img decoding=\"async\" src=\"https:\/\/www.pilous.cz\/user_uploads\/METAL\/Picto_tabulka\/03_obdelnik.jpg\" alt=\"\"><\/td><td>300 x 220<\/td><td>235 x 150<\/td><\/tr><\/tbody><\/table><\/figure>\n\n\n\n<p>Enkel CNC bands\u00e5g som \u00e4r kraftfull och robust. En helautomatisk maskin som l\u00e4mpar sig f\u00f6r l\u00e5nga kapserier i samma l\u00e4ngd. Maskinen kan styras i helautomatiskt, halvautomatiskt eller manuellt l\u00e4ge. <\/p>\n\n\n\n<p>Den maximala l\u00e4ngden p\u00e5 en enkel matning \u00e4r 500 mm. S\u00e5gen kan sk\u00e4ra material i vinkel \u00e4ven i automatiskt l\u00e4ge. Det linj\u00e4ra m\u00e4tsystemet garanterar h\u00f6g m\u00e4tnoggrannhet. H\u00f6g matningshastighet styrd med CNC teknik kan accelerera och med j\u00e4mn inbromsning i \u00e4ndl\u00e4gena uppn\u00e5 en matningsnoggrannhet p\u00e5 0,1 mm.<\/p>\n\n\n\n<p>F\u00f6r mer info och tillvalsutrustning se produktblad<\/p>\n\n\n\n<div class=\"wp-block-buttons is-layout-flex wp-block-buttons-is-layout-flex\">\n<div class=\"wp-block-button\"><a class=\"wp-block-button__link has-white-color has-vivid-red-background-color has-text-color has-background wp-element-button\" href=\"https:\/\/swebalk.com\/wp-content\/uploads\/2023\/08\/dynamic-3-0-en.pdf\" target=\"_blank\" rel=\"noreferrer noopener\">Produktblad Dynamic 3.0<\/a><\/div>\n<\/div>\n\n\n\n<p>F\u00f6rslag p\u00e5 passande rullbanor<\/p>\n\n\n\n<figure class=\"wp-block-image size-full\"><img decoding=\"async\" src=\"https:\/\/swebalk.com\/wp-content\/uploads\/2023\/08\/image-171.png\" alt=\"\" class=\"wp-image-1595\"\/><\/figure>","protected":false},"excerpt":{"rendered":"<p>Art. Dynamic 3.0 Motor effekt 400 V, 50 Hz, 2,2 kW Motor effekt kylpump 400 V, 50 Hz, 0,12 kW Hydraulisk motor 400 V, 50 Hz, 0,55 kW Material matningshastighet 1,8\/4,2\/6,6 m\/min S\u00e5gbladetshastighet 15-90 m\/min. Arbetsh\u00f6jd skruvstycke 870 mm Hydraulolja tank cca 26 l Kyltank cca 35 l Maskin dimension 1910 x 1910 x 1520 [&hellip;]<\/p>\n","protected":false},"author":1,"featured_media":0,"parent":399,"menu_order":0,"comment_status":"closed","ping_status":"closed","template":"templates\/template-full.php","meta":{"_acf_changed":false,"footnotes":""},"class_list":["post-1590","page","type-page","status-publish","hentry","post"],"acf":[],"_links":{"self":[{"href":"https:\/\/swebalk.com\/en\/wp-json\/wp\/v2\/pages\/1590","targetHints":{"allow":["GET"]}}],"collection":[{"href":"https:\/\/swebalk.com\/en\/wp-json\/wp\/v2\/pages"}],"about":[{"href":"https:\/\/swebalk.com\/en\/wp-json\/wp\/v2\/types\/page"}],"author":[{"embeddable":true,"href":"https:\/\/swebalk.com\/en\/wp-json\/wp\/v2\/users\/1"}],"replies":[{"embeddable":true,"href":"https:\/\/swebalk.com\/en\/wp-json\/wp\/v2\/comments?post=1590"}],"version-history":[{"count":1,"href":"https:\/\/swebalk.com\/en\/wp-json\/wp\/v2\/pages\/1590\/revisions"}],"predecessor-version":[{"id":1596,"href":"https:\/\/swebalk.com\/en\/wp-json\/wp\/v2\/pages\/1590\/revisions\/1596"}],"up":[{"embeddable":true,"href":"https:\/\/swebalk.com\/en\/wp-json\/wp\/v2\/pages\/399"}],"wp:attachment":[{"href":"https:\/\/swebalk.com\/en\/wp-json\/wp\/v2\/media?parent=1590"}],"curies":[{"name":"wp","href":"https:\/\/api.w.org\/{rel}","templated":true}]}}