{"id":1563,"date":"2023-08-28T16:47:15","date_gmt":"2023-08-28T16:47:15","guid":{"rendered":"https:\/\/swebalk.com\/?page_id=1563"},"modified":"2023-08-29T04:41:14","modified_gmt":"2023-08-29T04:41:14","slug":"kallbandsag-pilous-arg-300-cf-nc-automat","status":"publish","type":"page","link":"https:\/\/swebalk.com\/en\/produkter\/skarandebearbetning\/sagning-kapning\/kallbandsag-pilous-arg-300-cf-nc-automat\/","title":{"rendered":"Kallbands\u00e5g Pilous ARG 300 CF-NC automat"},"content":{"rendered":"<p>Art. ARG 300 CF-NC automat<\/p>\n\n\n\n<div class=\"wp-block-columns is-layout-flex wp-container-core-columns-is-layout-9d6595d7 wp-block-columns-is-layout-flex\">\n<div class=\"wp-block-column is-layout-flow wp-block-column-is-layout-flow\">\n<figure class=\"wp-block-image size-full\"><img decoding=\"async\" src=\"https:\/\/swebalk.com\/wp-content\/uploads\/2023\/08\/image-152.png\" alt=\"\" class=\"wp-image-1564\"\/><\/figure>\n\n\n\n<div class=\"wp-block-columns is-layout-flex wp-container-core-columns-is-layout-9d6595d7 wp-block-columns-is-layout-flex\">\n<div class=\"wp-block-column is-layout-flow wp-block-column-is-layout-flow\">\n<figure class=\"wp-block-image size-full\"><img decoding=\"async\" src=\"https:\/\/swebalk.com\/wp-content\/uploads\/2023\/08\/image-153.png\" alt=\"\" class=\"wp-image-1565\"\/><\/figure>\n<\/div>\n\n\n\n<div class=\"wp-block-column is-layout-flow wp-block-column-is-layout-flow\">\n<figure class=\"wp-block-image size-full\"><img decoding=\"async\" src=\"https:\/\/swebalk.com\/wp-content\/uploads\/2023\/08\/image-154.png\" alt=\"\" class=\"wp-image-1566\"\/><\/figure>\n<\/div>\n\n\n\n<div class=\"wp-block-column is-layout-flow wp-block-column-is-layout-flow\">\n<figure class=\"wp-block-image size-full\"><img decoding=\"async\" src=\"https:\/\/swebalk.com\/wp-content\/uploads\/2023\/08\/image-155.png\" alt=\"\" class=\"wp-image-1567\"\/><\/figure>\n<\/div>\n<\/div>\n<\/div>\n\n\n\n<div class=\"wp-block-column is-layout-flow wp-block-column-is-layout-flow\">\n<figure class=\"wp-block-table is-style-stripes has-small-font-size\"><table><tbody><tr><td>Motor effekt<\/td><td>400 V, 50 Hz, 2,2 kW<\/td><\/tr><tr><td>Motor effekt kylpump<\/td><td>400 V, 50 Hz, 0,05 kW<\/td><\/tr><tr><td>Hydraulisk motor<\/td><td>400 V, 50 Hz, 0,55 kW<\/td><\/tr><tr><td>Servo motor material matning<\/td><td>400 V, 50 Hz, 1,3\/2 kW<\/td><\/tr><tr><td>Material matningshastighet<\/td><td>1,6\/2,5\/3 m\/min<\/td><\/tr><tr><td>S\u00e5gbladetshastighet<\/td><td>15-90 m\/min.<\/td><\/tr><tr><td>Arbetsh\u00f6jd skruvstycke<\/td><td>850 mm<\/td><\/tr><tr><td>Hydraulolja tank<\/td><td>cca 26 l<\/td><\/tr><tr><td>Kyltank<\/td><td>cca 35 l<\/td><\/tr><tr><td>Maskin dimension<\/td><td>1650 x 2150 x 1400 mm<\/td><\/tr><tr><td>Maskin dimension<\/td><td>1700 x 2150 x 1900 mm<\/td><\/tr><tr><td>Vikt<\/td><td>1020 kg<\/td><\/tr><\/tbody><\/table><\/figure>\n<\/div>\n<\/div>\n\n\n\n<figure class=\"wp-block-table\"><table><tbody><tr><td class=\"has-text-align-center\" data-align=\"center\"><strong>ARG 300<\/strong> <strong>CF-NC automat<\/strong><\/td><td><strong>90\u00b0<\/strong><\/td><td><strong>+45\u00b0<\/strong><\/td><\/tr><tr><td class=\"has-text-align-center\" data-align=\"center\"><img decoding=\"async\" src=\"https:\/\/www.pilous.cz\/user_uploads\/METAL\/Picto_tabulka\/01_kolo.jpg\" alt=\"\"><\/td><td>300<\/td><td>240<\/td><\/tr><tr><td class=\"has-text-align-center\" data-align=\"center\"><img decoding=\"async\" src=\"https:\/\/www.pilous.cz\/user_uploads\/METAL\/Picto_tabulka\/02_ctverec.jpg\" alt=\"\"><\/td><td>285<\/td><td>220<\/td><\/tr><tr><td class=\"has-text-align-center\" data-align=\"center\"><img decoding=\"async\" src=\"https:\/\/www.pilous.cz\/user_uploads\/METAL\/Picto_tabulka\/03_obdelnik.jpg\" alt=\"\"><\/td><td>305 x 290<\/td><td>235 x 130<\/td><\/tr><\/tbody><\/table><\/figure>\n\n\n\n<p>Den uppgraderade versionen av den legendariska ARG 300 CF &#8211; NC med en helt ny s\u00e5gbladsarm. Det mest moderna konceptet med gjutj\u00e4rnsarmen skapar en sluten sektion som \u00e4r ih\u00e5lig l\u00e4ngs hela sin l\u00e4ngd vid alla lastb\u00e4rande punkter. Detta garanterar enast\u00e5ende styvhet i hela systemet, maximal noggrannhet under s\u00e5gning och l\u00e5ng livsl\u00e4ngd p\u00e5 s\u00e5gbladet.<\/p>\n\n\n\n<p>Helautomatisk CNC-bands\u00e5g \u00e4r generellt l\u00e4mplig f\u00f6r s\u00e5gning av stora serier. <\/p>\n\n\n\n<p>F\u00f6r mer info och utrustningsf\u00f6rslag se produktblad<\/p>\n\n\n\n<div class=\"wp-block-buttons is-layout-flex wp-block-buttons-is-layout-flex\">\n<div class=\"wp-block-button\"><a class=\"wp-block-button__link has-white-color has-vivid-red-background-color has-text-color has-background wp-element-button\" href=\"https:\/\/swebalk.com\/wp-content\/uploads\/2023\/08\/arg-300-cf-nc-automat-en.pdf\" target=\"_blank\" rel=\"noreferrer noopener\">Produktblad ARG 300 CF-NC automat<\/a><\/div>\n<\/div>\n\n\n\n<p>F\u00f6rslag p\u00e5 passande rullbanor<\/p>\n\n\n\n<figure class=\"wp-block-image size-full\"><img decoding=\"async\" src=\"https:\/\/swebalk.com\/wp-content\/uploads\/2023\/08\/image-156.png\" alt=\"\" class=\"wp-image-1571\"\/><\/figure>","protected":false},"excerpt":{"rendered":"<p>Art. ARG 300 CF-NC automat Motor effekt 400 V, 50 Hz, 2,2 kW Motor effekt kylpump 400 V, 50 Hz, 0,05 kW Hydraulisk motor 400 V, 50 Hz, 0,55 kW Servo motor material matning 400 V, 50 Hz, 1,3\/2 kW Material matningshastighet 1,6\/2,5\/3 m\/min S\u00e5gbladetshastighet 15-90 m\/min. Arbetsh\u00f6jd skruvstycke 850 mm Hydraulolja tank cca 26 [&hellip;]<\/p>\n","protected":false},"author":1,"featured_media":0,"parent":399,"menu_order":0,"comment_status":"closed","ping_status":"closed","template":"templates\/template-full.php","meta":{"_acf_changed":false,"footnotes":""},"class_list":["post-1563","page","type-page","status-publish","hentry","post"],"acf":[],"_links":{"self":[{"href":"https:\/\/swebalk.com\/en\/wp-json\/wp\/v2\/pages\/1563","targetHints":{"allow":["GET"]}}],"collection":[{"href":"https:\/\/swebalk.com\/en\/wp-json\/wp\/v2\/pages"}],"about":[{"href":"https:\/\/swebalk.com\/en\/wp-json\/wp\/v2\/types\/page"}],"author":[{"embeddable":true,"href":"https:\/\/swebalk.com\/en\/wp-json\/wp\/v2\/users\/1"}],"replies":[{"embeddable":true,"href":"https:\/\/swebalk.com\/en\/wp-json\/wp\/v2\/comments?post=1563"}],"version-history":[{"count":2,"href":"https:\/\/swebalk.com\/en\/wp-json\/wp\/v2\/pages\/1563\/revisions"}],"predecessor-version":[{"id":1578,"href":"https:\/\/swebalk.com\/en\/wp-json\/wp\/v2\/pages\/1563\/revisions\/1578"}],"up":[{"embeddable":true,"href":"https:\/\/swebalk.com\/en\/wp-json\/wp\/v2\/pages\/399"}],"wp:attachment":[{"href":"https:\/\/swebalk.com\/en\/wp-json\/wp\/v2\/media?parent=1563"}],"curies":[{"name":"wp","href":"https:\/\/api.w.org\/{rel}","templated":true}]}}