{"id":1539,"date":"2023-08-28T15:43:54","date_gmt":"2023-08-28T15:43:54","guid":{"rendered":"https:\/\/swebalk.com\/?page_id=1539"},"modified":"2023-08-28T15:46:51","modified_gmt":"2023-08-28T15:46:51","slug":"kallbandsag-pilous-arg-500-plus-s-a-f","status":"publish","type":"page","link":"https:\/\/swebalk.com\/en\/produkter\/skarandebearbetning\/sagning-kapning\/kallbandsag-pilous-arg-500-plus-s-a-f\/","title":{"rendered":"Kallbands\u00e5g Pilous ARG 500 Plus S.A.F."},"content":{"rendered":"<p>Art. ARG 500 Plus S.A.F.<\/p>\n\n\n\n<div class=\"wp-block-columns is-layout-flex wp-container-core-columns-is-layout-9d6595d7 wp-block-columns-is-layout-flex\">\n<div class=\"wp-block-column is-layout-flow wp-block-column-is-layout-flow\">\n<figure class=\"wp-block-image size-full\"><img decoding=\"async\" src=\"https:\/\/swebalk.com\/wp-content\/uploads\/2023\/08\/image-140.png\" alt=\"\" class=\"wp-image-1541\"\/><\/figure>\n\n\n\n<div class=\"wp-block-columns is-layout-flex wp-container-core-columns-is-layout-9d6595d7 wp-block-columns-is-layout-flex\">\n<div class=\"wp-block-column is-layout-flow wp-block-column-is-layout-flow\">\n<figure class=\"wp-block-image size-full\"><img decoding=\"async\" src=\"https:\/\/swebalk.com\/wp-content\/uploads\/2023\/08\/image-141.png\" alt=\"\" class=\"wp-image-1543\"\/><\/figure>\n<\/div>\n\n\n\n<div class=\"wp-block-column is-layout-flow wp-block-column-is-layout-flow\">\n<figure class=\"wp-block-image size-full\"><img decoding=\"async\" src=\"https:\/\/swebalk.com\/wp-content\/uploads\/2023\/08\/image-142.png\" alt=\"\" class=\"wp-image-1544\"\/><\/figure>\n<\/div>\n\n\n\n<div class=\"wp-block-column is-layout-flow wp-block-column-is-layout-flow\">\n<figure class=\"wp-block-image size-full\"><img decoding=\"async\" src=\"https:\/\/swebalk.com\/wp-content\/uploads\/2023\/08\/image-143.png\" alt=\"\" class=\"wp-image-1545\"\/><\/figure>\n<\/div>\n<\/div>\n<\/div>\n\n\n\n<div class=\"wp-block-column is-layout-flow wp-block-column-is-layout-flow\">\n<figure class=\"wp-block-table is-style-stripes has-small-font-size\"><table><tbody><tr><td>Motor effekt<\/td><td>400 V, 50 Hz, 4 kW<\/td><\/tr><tr><td>Motor effekt kylpump<\/td><td>400 V, 50 Hz, 0,12 kW<\/td><\/tr><tr><td>Hydraulisk motor<\/td><td>400 V, 50 Hz, 0,55 kW<\/td><\/tr><tr><td>S\u00e5gbladetshastighet<\/td><td>15-90 m\/min.<\/td><\/tr><tr><td>Arbetsh\u00f6jd skruvstycke<\/td><td>870 mm<\/td><\/tr><tr><td>Hydraulolja tank<\/td><td>cca 26 l<\/td><\/tr><tr><td>Kyltank<\/td><td>cca 35 l<\/td><\/tr><tr><td>Maskin dimension&nbsp;(min.)<\/td><td>1410 x 2370 x 1580 mm<\/td><\/tr><tr><td>Maskin dimension (max.)<\/td><td>2000 x 2600 x 2150 mm<\/td><\/tr><tr><td>Vikt<\/td><td>1530 kg<\/td><\/tr><\/tbody><\/table><\/figure>\n<\/div>\n<\/div>\n\n\n\n<figure class=\"wp-block-table\"><table><tbody><tr><td class=\"has-text-align-center\" data-align=\"center\"><strong>ARG 500 Plus<\/strong> <strong>S.A.F.<\/strong><\/td><td><strong>90\u00b0<\/strong><\/td><td><strong>-45\u00b0<\/strong><\/td><td><strong>+45\u00b0<\/strong><\/td><td><strong><strong>+\/-<\/strong>60\u00b0<\/strong><\/td><\/tr><tr><td class=\"has-text-align-center\" data-align=\"center\"><img decoding=\"async\" src=\"https:\/\/www.pilous.cz\/user_uploads\/METAL\/Picto_tabulka\/01_kolo.jpg\" alt=\"\"><\/td><td>500<\/td><td>500<\/td><td>500<\/td><td>350<\/td><\/tr><tr><td class=\"has-text-align-center\" data-align=\"center\"><img decoding=\"async\" src=\"https:\/\/www.pilous.cz\/user_uploads\/METAL\/Picto_tabulka\/02_ctverec.jpg\" alt=\"\"><\/td><td>450<\/td><td>440<\/td><td>440<\/td><td>310<\/td><\/tr><tr><td class=\"has-text-align-center\" data-align=\"center\"><img decoding=\"async\" src=\"https:\/\/www.pilous.cz\/user_uploads\/METAL\/Picto_tabulka\/03_obdelnik.jpg\" alt=\"\"><\/td><td>620 x 450<\/td><td>440 x 450<\/td><td>430 x 450<\/td><td>310 x 400<\/td><\/tr><\/tbody><\/table><\/figure>\n\n\n\n<p>Exceptionellt robust konstruktion av hela maskinen med en massiv bands\u00e5gsarm m\u00f6jligg\u00f6r sk\u00e4rning av stora sektioner, och \u00e4ven f\u00f6r vinkelkapning. Det \u00e4r d\u00e4rf\u00f6r det maximala sk\u00e4rvinkelomr\u00e5det p\u00e5 60\u00b0 till h\u00f6ger och 60\u00b0 till v\u00e4nster \u00e4r tillg\u00e4ngligt. Den robusta industribands\u00e5gen l\u00e4mpar sig generellt f\u00f6r alla kr\u00e4vande produktionsanl\u00e4ggningar. S\u00e5gbandet i storleken 41 x 1,3 mm s\u00e4kerst\u00e4ller noggrann kapning av stora tv\u00e4rsnitt. Bandet tillverkas i m\u00e5nga versioner och m\u00f6jligg\u00f6r sk\u00e4rning av m\u00e5nga olika material, inklusive rostfritt st\u00e5l eller verktygsst\u00e5l.<\/p>\n\n\n\n<div class=\"wp-block-buttons is-layout-flex wp-block-buttons-is-layout-flex\">\n<div class=\"wp-block-button\"><a class=\"wp-block-button__link has-white-color has-vivid-red-background-color has-text-color has-background wp-element-button\" href=\"https:\/\/swebalk.com\/wp-content\/uploads\/2023\/08\/arg-500-plus-s-a-f-en.pdf\" target=\"_blank\" rel=\"noreferrer noopener\">Produktblad ARG 500 Plus S.A.F.<\/a><\/div>\n<\/div>\n\n\n\n<p>F\u00f6rslag p\u00e5 p\u00e5 passande rullbanor<\/p>\n\n\n\n<figure class=\"wp-block-image size-full\"><img decoding=\"async\" src=\"https:\/\/swebalk.com\/wp-content\/uploads\/2023\/08\/image-145.png\" alt=\"\" class=\"wp-image-1548\"\/><\/figure>","protected":false},"excerpt":{"rendered":"<p>Art. ARG 500 Plus S.A.F. Motor effekt 400 V, 50 Hz, 4 kW Motor effekt kylpump 400 V, 50 Hz, 0,12 kW Hydraulisk motor 400 V, 50 Hz, 0,55 kW S\u00e5gbladetshastighet 15-90 m\/min. Arbetsh\u00f6jd skruvstycke 870 mm Hydraulolja tank cca 26 l Kyltank cca 35 l Maskin dimension&nbsp;(min.) 1410 x 2370 x 1580 mm Maskin [&hellip;]<\/p>\n","protected":false},"author":1,"featured_media":0,"parent":399,"menu_order":0,"comment_status":"closed","ping_status":"closed","template":"templates\/template-full.php","meta":{"_acf_changed":false,"footnotes":""},"class_list":["post-1539","page","type-page","status-publish","hentry","post"],"acf":[],"_links":{"self":[{"href":"https:\/\/swebalk.com\/en\/wp-json\/wp\/v2\/pages\/1539","targetHints":{"allow":["GET"]}}],"collection":[{"href":"https:\/\/swebalk.com\/en\/wp-json\/wp\/v2\/pages"}],"about":[{"href":"https:\/\/swebalk.com\/en\/wp-json\/wp\/v2\/types\/page"}],"author":[{"embeddable":true,"href":"https:\/\/swebalk.com\/en\/wp-json\/wp\/v2\/users\/1"}],"replies":[{"embeddable":true,"href":"https:\/\/swebalk.com\/en\/wp-json\/wp\/v2\/comments?post=1539"}],"version-history":[{"count":1,"href":"https:\/\/swebalk.com\/en\/wp-json\/wp\/v2\/pages\/1539\/revisions"}],"predecessor-version":[{"id":1549,"href":"https:\/\/swebalk.com\/en\/wp-json\/wp\/v2\/pages\/1539\/revisions\/1549"}],"up":[{"embeddable":true,"href":"https:\/\/swebalk.com\/en\/wp-json\/wp\/v2\/pages\/399"}],"wp:attachment":[{"href":"https:\/\/swebalk.com\/en\/wp-json\/wp\/v2\/media?parent=1539"}],"curies":[{"name":"wp","href":"https:\/\/api.w.org\/{rel}","templated":true}]}}