{"id":1528,"date":"2023-08-28T15:26:29","date_gmt":"2023-08-28T15:26:29","guid":{"rendered":"https:\/\/swebalk.com\/?page_id=1528"},"modified":"2023-08-28T15:46:38","modified_gmt":"2023-08-28T15:46:38","slug":"kallbandsag-pilous-arg-400-plus-s-a-f","status":"publish","type":"page","link":"https:\/\/swebalk.com\/en\/produkter\/skarandebearbetning\/sagning-kapning\/kallbandsag-pilous-arg-400-plus-s-a-f\/","title":{"rendered":"Kallbands\u00e5g Pilous ARG 400 Plus S.A.F."},"content":{"rendered":"<p>Art. ARG 400 Plus S.A.F.<\/p>\n\n\n\n<div class=\"wp-block-columns is-layout-flex wp-container-core-columns-is-layout-9d6595d7 wp-block-columns-is-layout-flex\">\n<div class=\"wp-block-column is-layout-flow wp-block-column-is-layout-flow\">\n<figure class=\"wp-block-image size-full\"><img decoding=\"async\" src=\"https:\/\/swebalk.com\/wp-content\/uploads\/2023\/08\/image-134.png\" alt=\"\" class=\"wp-image-1529\"\/><\/figure>\n\n\n\n<div class=\"wp-block-columns is-layout-flex wp-container-core-columns-is-layout-9d6595d7 wp-block-columns-is-layout-flex\">\n<div class=\"wp-block-column is-layout-flow wp-block-column-is-layout-flow\">\n<figure class=\"wp-block-image size-full\"><img decoding=\"async\" src=\"https:\/\/swebalk.com\/wp-content\/uploads\/2023\/08\/image-135.png\" alt=\"\" class=\"wp-image-1530\"\/><\/figure>\n<\/div>\n\n\n\n<div class=\"wp-block-column is-layout-flow wp-block-column-is-layout-flow\">\n<figure class=\"wp-block-image size-full\"><img decoding=\"async\" src=\"https:\/\/swebalk.com\/wp-content\/uploads\/2023\/08\/image-136.png\" alt=\"\" class=\"wp-image-1531\"\/><\/figure>\n<\/div>\n\n\n\n<div class=\"wp-block-column is-layout-flow wp-block-column-is-layout-flow\">\n<figure class=\"wp-block-image size-full\"><img decoding=\"async\" src=\"https:\/\/swebalk.com\/wp-content\/uploads\/2023\/08\/image-137.png\" alt=\"\" class=\"wp-image-1532\"\/><\/figure>\n<\/div>\n<\/div>\n<\/div>\n\n\n\n<div class=\"wp-block-column is-layout-flow wp-block-column-is-layout-flow\">\n<figure class=\"wp-block-table is-style-stripes has-small-font-size\"><table><tbody><tr><td>Motor effekt<\/td><td>400 V, 50 Hz, 3 kW<\/td><\/tr><tr><td>Motor effekt kylpump<\/td><td>400 V, 50 Hz, 0,12 kW<\/td><\/tr><tr><td>Hydraulisk motor<\/td><td>400 V, 50 Hz, 0,37 kW<\/td><\/tr><tr><td>S\u00e5gbladetshastighet<\/td><td>15-90 m\/min.<\/td><\/tr><tr><td>Arbetsh\u00f6jd skruvstycke<\/td><td>945 mm<\/td><\/tr><tr><td>Hydraulolja tank<\/td><td>cca 25 l<\/td><\/tr><tr><td>Kyltank<\/td><td>cca 35 l<\/td><\/tr><tr><td>Maskin dimension\u00a0(min.) <\/td><td>1410 x 2370 x 1580 mm<\/td><\/tr><tr><td>Maskin dimension (max.)<\/td><td>2000 x 2600 x 2150 mm<\/td><\/tr><tr><td>Vikt<\/td><td>1225 kg<\/td><\/tr><\/tbody><\/table><\/figure>\n<\/div>\n<\/div>\n\n\n\n<figure class=\"wp-block-table\"><table><tbody><tr><td class=\"has-text-align-center\" data-align=\"center\"><strong>ARG 400 Plus<\/strong> <strong>S.A.F.<\/strong><\/td><td><strong>90\u00b0<\/strong><\/td><td><strong>-45\u00b0<\/strong><\/td><td><strong>+45\u00b0<\/strong><\/td><td><strong>+60\u00b0<\/strong><\/td><\/tr><tr><td class=\"has-text-align-center\" data-align=\"center\"><img decoding=\"async\" src=\"https:\/\/www.pilous.cz\/user_uploads\/METAL\/Picto_tabulka\/01_kolo.jpg\" alt=\"\"><\/td><td>400<\/td><td>290<\/td><td>300<\/td><td>200<\/td><\/tr><tr><td class=\"has-text-align-center\" data-align=\"center\"><img decoding=\"async\" src=\"https:\/\/www.pilous.cz\/user_uploads\/METAL\/Picto_tabulka\/02_ctverec.jpg\" alt=\"\"><\/td><td>400<\/td><td>250<\/td><td>300<\/td><td>200<\/td><\/tr><tr><td class=\"has-text-align-center\" data-align=\"center\"><img decoding=\"async\" src=\"https:\/\/www.pilous.cz\/user_uploads\/METAL\/Picto_tabulka\/03_obdelnik.jpg\" alt=\"\"><\/td><td>460 x 300<\/td><td>300 x 170<\/td><td>300 x 200<\/td><td>200 x 200<\/td><\/tr><\/tbody><\/table><\/figure>\n\n\n\n<p>Exceptionellt robust konstruktion av hela maskinen. Bands\u00e5gsarm av gr\u00e5tt gjutj\u00e4rn i denna storlek bands\u00e5gar \u00e4r helt exceptionell. Det s\u00e4kerst\u00e4ller h\u00f6g sk\u00e4rnoggrannhet och l\u00e5ng livsl\u00e4ngd f\u00f6r maskinen. Komplett massiv konstruktion av maskinen \u00e4r fr\u00e4mst designad f\u00f6r industriell sk\u00e4rning av fullmaterial \u00e4ven under de sv\u00e5raste f\u00f6rh\u00e5llanden.<\/p>\n\n\n\n<p>Den halvautomatiska versionen levereras med hydrauliskt skruvstycke och har stegl\u00f6s reglering av bandhastighet (15\u201390 m\/min). S\u00e5gbygeln kan enkelt st\u00e4llas in f\u00f6r gering (fr\u00e5n 45\u00b0 v\u00e4nster till 60\u00b0 h\u00f6ger) fr\u00e5n maskinens man\u00f6verpanel (bygeln l\u00e5ser fast mekaniskt i l\u00e4ge). S\u00e5gbygelns skyddsk\u00e5pa \u00e4r f\u00f6rsedd med s\u00e4kerhetsbrytare.<\/p>\n\n\n\n<div class=\"wp-block-buttons is-layout-flex wp-block-buttons-is-layout-flex\">\n<div class=\"wp-block-button\"><a class=\"wp-block-button__link has-white-color has-vivid-red-background-color has-text-color has-background wp-element-button\" href=\"https:\/\/swebalk.com\/wp-content\/uploads\/2023\/08\/arg-400-plus-s-a-f-en.pdf\" target=\"_blank\" rel=\"noreferrer noopener\">Produktblad ARG 400 Plus S.A.F.<\/a><\/div>\n<\/div>\n\n\n\n<p>F\u00f6rslag p\u00e5 p\u00e5 passande rullbanor<\/p>\n\n\n\n<figure class=\"wp-block-image size-full\"><img decoding=\"async\" src=\"https:\/\/swebalk.com\/wp-content\/uploads\/2023\/08\/image-139.png\" alt=\"\" class=\"wp-image-1540\"\/><\/figure>","protected":false},"excerpt":{"rendered":"<p>Art. ARG 400 Plus S.A.F. Motor effekt 400 V, 50 Hz, 3 kW Motor effekt kylpump 400 V, 50 Hz, 0,12 kW Hydraulisk motor 400 V, 50 Hz, 0,37 kW S\u00e5gbladetshastighet 15-90 m\/min. Arbetsh\u00f6jd skruvstycke 945 mm Hydraulolja tank cca 25 l Kyltank cca 35 l Maskin dimension\u00a0(min.) 1410 x 2370 x 1580 mm Maskin [&hellip;]<\/p>\n","protected":false},"author":1,"featured_media":0,"parent":399,"menu_order":0,"comment_status":"closed","ping_status":"closed","template":"templates\/template-full.php","meta":{"_acf_changed":false,"footnotes":""},"class_list":["post-1528","page","type-page","status-publish","hentry","post"],"acf":[],"_links":{"self":[{"href":"https:\/\/swebalk.com\/en\/wp-json\/wp\/v2\/pages\/1528","targetHints":{"allow":["GET"]}}],"collection":[{"href":"https:\/\/swebalk.com\/en\/wp-json\/wp\/v2\/pages"}],"about":[{"href":"https:\/\/swebalk.com\/en\/wp-json\/wp\/v2\/types\/page"}],"author":[{"embeddable":true,"href":"https:\/\/swebalk.com\/en\/wp-json\/wp\/v2\/users\/1"}],"replies":[{"embeddable":true,"href":"https:\/\/swebalk.com\/en\/wp-json\/wp\/v2\/comments?post=1528"}],"version-history":[{"count":2,"href":"https:\/\/swebalk.com\/en\/wp-json\/wp\/v2\/pages\/1528\/revisions"}],"predecessor-version":[{"id":1546,"href":"https:\/\/swebalk.com\/en\/wp-json\/wp\/v2\/pages\/1528\/revisions\/1546"}],"up":[{"embeddable":true,"href":"https:\/\/swebalk.com\/en\/wp-json\/wp\/v2\/pages\/399"}],"wp:attachment":[{"href":"https:\/\/swebalk.com\/en\/wp-json\/wp\/v2\/media?parent=1528"}],"curies":[{"name":"wp","href":"https:\/\/api.w.org\/{rel}","templated":true}]}}