{"id":1516,"date":"2023-08-28T14:53:35","date_gmt":"2023-08-28T14:53:35","guid":{"rendered":"https:\/\/swebalk.com\/?page_id=1516"},"modified":"2023-08-28T16:33:15","modified_gmt":"2023-08-28T16:33:15","slug":"kallbandsag-pilous-arg-330-s-a-f-330-plus-s-a-f","status":"publish","type":"page","link":"https:\/\/swebalk.com\/en\/produkter\/skarandebearbetning\/sagning-kapning\/kallbandsag-pilous-arg-330-s-a-f-330-plus-s-a-f\/","title":{"rendered":"Kallbands\u00e5g Pilous ARG 330 S.A.F. \/ 330 Plus S.A.F."},"content":{"rendered":"<figure class=\"wp-block-table is-style-stripes\"><table><tbody><tr><td>Art. ARG 330 S.A.F.<\/td><td>Art. ARG 330 Plus S.A.F.<\/td><\/tr><\/tbody><\/table><\/figure>\n\n\n\n<div class=\"wp-block-columns is-layout-flex wp-container-core-columns-is-layout-9d6595d7 wp-block-columns-is-layout-flex\">\n<div class=\"wp-block-column is-layout-flow wp-block-column-is-layout-flow\">\n<figure class=\"wp-block-image size-full\"><img decoding=\"async\" src=\"https:\/\/swebalk.com\/wp-content\/uploads\/2023\/08\/image-128.png\" alt=\"\" class=\"wp-image-1517\"\/><\/figure>\n\n\n\n<div class=\"wp-block-columns is-layout-flex wp-container-core-columns-is-layout-9d6595d7 wp-block-columns-is-layout-flex\">\n<div class=\"wp-block-column is-layout-flow wp-block-column-is-layout-flow\">\n<figure class=\"wp-block-image size-full\"><img decoding=\"async\" src=\"https:\/\/swebalk.com\/wp-content\/uploads\/2023\/08\/image-129.png\" alt=\"\" class=\"wp-image-1518\"\/><\/figure>\n<\/div>\n\n\n\n<div class=\"wp-block-column is-layout-flow wp-block-column-is-layout-flow\">\n<figure class=\"wp-block-image size-full\"><img decoding=\"async\" src=\"https:\/\/swebalk.com\/wp-content\/uploads\/2023\/08\/image-130.png\" alt=\"\" class=\"wp-image-1519\"\/><\/figure>\n<\/div>\n\n\n\n<div class=\"wp-block-column is-layout-flow wp-block-column-is-layout-flow\">\n<figure class=\"wp-block-image size-full\"><img decoding=\"async\" src=\"https:\/\/swebalk.com\/wp-content\/uploads\/2023\/08\/image-131.png\" alt=\"\" class=\"wp-image-1520\"\/><\/figure>\n<\/div>\n<\/div>\n<\/div>\n\n\n\n<div class=\"wp-block-column is-layout-flow wp-block-column-is-layout-flow\">\n<figure class=\"wp-block-table is-style-stripes has-small-font-size\"><table><tbody><tr><td>Motor effekt<\/td><td>400 V, 50 Hz, 3 kW<\/td><\/tr><tr><td>Motor effekt kylpump<\/td><td>400 V, 50 Hz, 0,12 kW<\/td><\/tr><tr><td>Hydraulisk motor<\/td><td>400 V, 50 Hz, 0,37 kW<\/td><\/tr><tr><td>S\u00e5gbladetshastighet<\/td><td>15-90 m\/min.<\/td><\/tr><tr><td>Arbetsh\u00f6jd skruvstycke<\/td><td>945 mm<\/td><\/tr><tr><td>Hydraulolja tank<\/td><td>cca 25 l<\/td><\/tr><tr><td>Kyltank<\/td><td>cca 35 l<\/td><\/tr><tr><td>Maskin dimension\u00a0(min.) 330 S.A.F.\/330 Plus S.A.F.<\/td><td>1350\/1900 x 2200\/2250 x 1750\/1750 mm<\/td><\/tr><tr><td>Maskin dimension (max.) 330 S.A.F.\/330 Plus S.A.F.<\/td><td>2050\/2450 x 2600\/2550 x 2150\/2150 mm<\/td><\/tr><tr><td>Vikt 330 S.A.F.\/330 Plus S.A.F.<\/td><td>665\/720 kg<\/td><\/tr><\/tbody><\/table><\/figure>\n<\/div>\n<\/div>\n\n\n\n<figure class=\"wp-block-table\"><table><tbody><tr><td class=\"has-text-align-center\" data-align=\"center\"><strong>ARG 330<\/strong> <strong>S.A.F.<\/strong><\/td><td><strong>90\u00b0<\/strong><\/td><td><strong>+45\u00b0<\/strong><\/td><td><strong>+60\u00b0<\/strong><\/td><\/tr><tr><td class=\"has-text-align-center\" data-align=\"center\"><img decoding=\"async\" src=\"https:\/\/www.pilous.cz\/user_uploads\/METAL\/Picto_tabulka\/01_kolo.jpg\" alt=\"\"><\/td><td>330<\/td><td>250<\/td><td>165<\/td><\/tr><tr><td class=\"has-text-align-center\" data-align=\"center\"><img decoding=\"async\" src=\"https:\/\/www.pilous.cz\/user_uploads\/METAL\/Picto_tabulka\/02_ctverec.jpg\" alt=\"\"><\/td><td>320<\/td><td>230<\/td><td>150<\/td><\/tr><tr><td class=\"has-text-align-center\" data-align=\"center\"><img decoding=\"async\" src=\"https:\/\/www.pilous.cz\/user_uploads\/METAL\/Picto_tabulka\/03_obdelnik.jpg\" alt=\"\"><\/td><td>400 x 200<\/td><td>250 x 170<\/td><td>150 x 150<\/td><\/tr><\/tbody><\/table><\/figure>\n\n\n\n<figure class=\"wp-block-table\"><table><tbody><tr><td class=\"has-text-align-center\" data-align=\"center\"><strong>ARG 330 Plus<\/strong> <strong><strong>S.A.F.<\/strong><\/strong><\/td><td><strong>90\u00b0<\/strong><\/td><td><strong>-45\u00b0<\/strong><\/td><td><strong>+45\u00b0<\/strong><\/td><td><strong>+60\u00b0<\/strong><\/td><\/tr><tr><td class=\"has-text-align-center\" data-align=\"center\"><img decoding=\"async\" src=\"https:\/\/www.pilous.cz\/user_uploads\/METAL\/Picto_tabulka\/01_kolo.jpg\" alt=\"\"><\/td><td>330<\/td><td>240<\/td><td>250<\/td><td>165<\/td><\/tr><tr><td class=\"has-text-align-center\" data-align=\"center\"><img decoding=\"async\" src=\"https:\/\/www.pilous.cz\/user_uploads\/METAL\/Picto_tabulka\/02_ctverec.jpg\" alt=\"\"><\/td><td>220<\/td><td>200<\/td><td>230<\/td><td>150<\/td><\/tr><tr><td class=\"has-text-align-center\" data-align=\"center\"><img decoding=\"async\" src=\"https:\/\/www.pilous.cz\/user_uploads\/METAL\/Picto_tabulka\/03_obdelnik.jpg\" alt=\"\"><\/td><td>400 x 200<\/td><td>250 x 140<\/td><td>250 x 170<\/td><td>150 x 150<\/td><\/tr><\/tbody><\/table><\/figure>\n\n\n\n<p>Ett helt nytt, revolutionerande koncept av bands\u00e5garmsgjutning och en ny, unik design. Alla elektriska och kylv\u00e4tskeledningar \u00e4r dolda i bands\u00e5gens arm, vilket inneb\u00e4r att de \u00e4r skyddade fr\u00e5n skador. Det nya konceptet med armen medf\u00f6r ocks\u00e5 en stor f\u00f6renkling vid byte av s\u00e5gblad eller vid reng\u00f6ring av insidan av armen.Den robusta bands\u00e5gen l\u00e4mpar sig generellt f\u00f6r alla kr\u00e4vande produktionsanl\u00e4ggningar. S\u00e5gbandet i storleken 34 x 1,1 mm s\u00e4kerst\u00e4ller noggrann kapning av stora tv\u00e4rsnitt. Bandet tillverkas i m\u00e5nga versioner och m\u00f6jligg\u00f6r sk\u00e4rning av m\u00e5nga olika material, inklusive rostfritt st\u00e5l eller verktygsst\u00e5l.<\/p>\n\n\n\n<p>Maskinen \u00e4r utrustad med h\u00f6gpresterande industriell hydraulisk enhet. Genom att trycka p\u00e5 en enda omkopplare utf\u00f6rs en komplett sk\u00e4rcykel &#8211; materialkl\u00e4mning, start av kniv och kylsystem, sk\u00e4rning, kniv och kylstopp, armlyftning till det ursprungliga justerbara l\u00e4get och uppl\u00e5sning av skruvstycke. Allt detta i samband med hydraulikstyrd s\u00e5gbladsmatning till sk\u00e4r \u00f6kar sk\u00e4reffektiviteten avsev\u00e4rt, speciellt vid st\u00f6rre serier och kapning av fulla och h\u00f6gkvalitativa material.<\/p>\n\n\n\n<p>Bands\u00e5gen finns i tv\u00e5 olika versioner. ARG 300 S.A.F. och ARG 300 Plus S.A.F.<\/p>\n\n\n\n<p>F\u00f6r mer info om produkten och tillbeh\u00f6r se produktblad eller kontakta oss.<\/p>\n\n\n\n<div class=\"wp-block-buttons is-layout-flex wp-block-buttons-is-layout-flex\">\n<div class=\"wp-block-button\"><a class=\"wp-block-button__link has-white-color has-vivid-red-background-color has-text-color has-background wp-element-button\" href=\"https:\/\/swebalk.com\/wp-content\/uploads\/2023\/08\/arg-330-s-a-f-en.pdf\" target=\"_blank\" rel=\"noreferrer noopener\">Produktblad ARG 330 S.A.F.<\/a><\/div>\n\n\n\n<div class=\"wp-block-button\"><a class=\"wp-block-button__link has-white-color has-vivid-red-background-color has-text-color has-background wp-element-button\" href=\"https:\/\/swebalk.com\/wp-content\/uploads\/2023\/08\/arg-330-plus-s-a-f-en.pdf\" target=\"_blank\" rel=\"noreferrer noopener\">Produktblad ARG 330 Plus S.A.F.<\/a><\/div>\n<\/div>\n\n\n\n<p>F\u00f6rslag p\u00e5 passande rullbanor<\/p>\n\n\n\n<figure class=\"wp-block-image size-full\"><img decoding=\"async\" src=\"https:\/\/swebalk.com\/wp-content\/uploads\/2023\/08\/image-132.png\" alt=\"\" class=\"wp-image-1521\"\/><\/figure>","protected":false},"excerpt":{"rendered":"<p>Art. ARG 330 S.A.F. Art. ARG 330 Plus S.A.F. Motor effekt 400 V, 50 Hz, 3 kW Motor effekt kylpump 400 V, 50 Hz, 0,12 kW Hydraulisk motor 400 V, 50 Hz, 0,37 kW S\u00e5gbladetshastighet 15-90 m\/min. Arbetsh\u00f6jd skruvstycke 945 mm Hydraulolja tank cca 25 l Kyltank cca 35 l Maskin dimension\u00a0(min.) 330 S.A.F.\/330 Plus [&hellip;]<\/p>\n","protected":false},"author":1,"featured_media":0,"parent":399,"menu_order":0,"comment_status":"closed","ping_status":"closed","template":"templates\/template-full.php","meta":{"_acf_changed":false,"footnotes":""},"class_list":["post-1516","page","type-page","status-publish","hentry","post"],"acf":[],"_links":{"self":[{"href":"https:\/\/swebalk.com\/en\/wp-json\/wp\/v2\/pages\/1516","targetHints":{"allow":["GET"]}}],"collection":[{"href":"https:\/\/swebalk.com\/en\/wp-json\/wp\/v2\/pages"}],"about":[{"href":"https:\/\/swebalk.com\/en\/wp-json\/wp\/v2\/types\/page"}],"author":[{"embeddable":true,"href":"https:\/\/swebalk.com\/en\/wp-json\/wp\/v2\/users\/1"}],"replies":[{"embeddable":true,"href":"https:\/\/swebalk.com\/en\/wp-json\/wp\/v2\/comments?post=1516"}],"version-history":[{"count":3,"href":"https:\/\/swebalk.com\/en\/wp-json\/wp\/v2\/pages\/1516\/revisions"}],"predecessor-version":[{"id":1559,"href":"https:\/\/swebalk.com\/en\/wp-json\/wp\/v2\/pages\/1516\/revisions\/1559"}],"up":[{"embeddable":true,"href":"https:\/\/swebalk.com\/en\/wp-json\/wp\/v2\/pages\/399"}],"wp:attachment":[{"href":"https:\/\/swebalk.com\/en\/wp-json\/wp\/v2\/media?parent=1516"}],"curies":[{"name":"wp","href":"https:\/\/api.w.org\/{rel}","templated":true}]}}