{"id":1499,"date":"2023-08-28T14:38:33","date_gmt":"2023-08-28T14:38:33","guid":{"rendered":"https:\/\/swebalk.com\/?page_id=1499"},"modified":"2023-08-28T15:46:11","modified_gmt":"2023-08-28T15:46:11","slug":"kallbandsag-pilous-arg-300-s-a-f-300-plus-s-a-f","status":"publish","type":"page","link":"https:\/\/swebalk.com\/en\/produkter\/skarandebearbetning\/sagning-kapning\/kallbandsag-pilous-arg-300-s-a-f-300-plus-s-a-f\/","title":{"rendered":"Kallbands\u00e5g Pilous ARG 300 S.A.F. \/ 300 Plus S.A.F."},"content":{"rendered":"<figure class=\"wp-block-table is-style-stripes\"><table><tbody><tr><td>Art. ARG 300 S.A.F.<\/td><td>Art. ARG 300 Plus S.A.F.<\/td><\/tr><\/tbody><\/table><\/figure>\n\n\n\n<div class=\"wp-block-columns is-layout-flex wp-container-core-columns-is-layout-9d6595d7 wp-block-columns-is-layout-flex\">\n<div class=\"wp-block-column is-layout-flow wp-block-column-is-layout-flow\">\n<figure class=\"wp-block-image size-full\"><img decoding=\"async\" src=\"https:\/\/swebalk.com\/wp-content\/uploads\/2023\/08\/300_plus_SAF_9fe4fdacc25b8144b1ccf7e440b9da98.png\" alt=\"\" class=\"wp-image-1501\"\/><\/figure>\n\n\n\n<div class=\"wp-block-columns is-layout-flex wp-container-core-columns-is-layout-9d6595d7 wp-block-columns-is-layout-flex\">\n<div class=\"wp-block-column is-layout-flow wp-block-column-is-layout-flow\">\n<figure class=\"wp-block-image size-full\"><img decoding=\"async\" src=\"https:\/\/swebalk.com\/wp-content\/uploads\/2023\/08\/image-122.png\" alt=\"\" class=\"wp-image-1503\"\/><\/figure>\n<\/div>\n\n\n\n<div class=\"wp-block-column is-layout-flow wp-block-column-is-layout-flow\">\n<figure class=\"wp-block-image size-full\"><img decoding=\"async\" src=\"https:\/\/swebalk.com\/wp-content\/uploads\/2023\/08\/image-123.png\" alt=\"\" class=\"wp-image-1505\"\/><\/figure>\n<\/div>\n\n\n\n<div class=\"wp-block-column is-layout-flow wp-block-column-is-layout-flow\">\n<figure class=\"wp-block-image size-full\"><img decoding=\"async\" src=\"https:\/\/swebalk.com\/wp-content\/uploads\/2023\/08\/image-124.png\" alt=\"\" class=\"wp-image-1506\"\/><\/figure>\n<\/div>\n<\/div>\n<\/div>\n\n\n\n<div class=\"wp-block-column is-layout-flow wp-block-column-is-layout-flow\">\n<figure class=\"wp-block-table is-style-stripes has-small-font-size\"><table><tbody><tr><td>Motor effekt<\/td><td>400 V, 50 Hz, 2,2 kW<\/td><\/tr><tr><td>Motor effekt kylpump<\/td><td>400 V, 50 Hz, 0,05 kW<\/td><\/tr><tr><td>Hydraulisk motor<\/td><td>400 V, 50 Hz, 0,55 kW<\/td><\/tr><tr><td>S\u00e5gbladetshastighet<\/td><td>15-90 m\/min.<\/td><\/tr><tr><td>Arbetsh\u00f6jd skruvstycke<\/td><td>910 mm<\/td><\/tr><tr><td>Hydraulolja tank<\/td><td>cca 25 l<\/td><\/tr><tr><td>Kyltank<\/td><td>cca 15 l<\/td><\/tr><tr><td>Maskin dimension\u00a0(min.) 300 S.A.F.\/300 Plus S.A.F.<\/td><td>1760\/1740 x 890\/950 x 1560\/1560 mm<\/td><\/tr><tr><td>Maskin dimension (max.) 300 S.A.F.\/300 Plus S.A.F.<\/td><td>2180\/2190 x 1660\/1870 x 2030\/2050 mm<\/td><\/tr><tr><td>Vikt 300 S.A.F.\/300 Plus S.A.F.<\/td><td>550\/690 kg<\/td><\/tr><\/tbody><\/table><\/figure>\n<\/div>\n<\/div>\n\n\n\n<figure class=\"wp-block-table\"><table><tbody><tr><td class=\"has-text-align-center\" data-align=\"center\"><strong>ARG 300<\/strong><strong> S.A.F.<\/strong><\/td><td><strong>90\u00b0<\/strong><\/td><td><strong>+45\u00b0<\/strong><\/td><td><strong>+60\u00b0<\/strong><\/td><\/tr><tr><td class=\"has-text-align-center\" data-align=\"center\"><img decoding=\"async\" src=\"https:\/\/www.pilous.cz\/user_uploads\/METAL\/Picto_tabulka\/01_kolo.jpg\" alt=\"\"><\/td><td>300<\/td><td>240<\/td><td>155<\/td><\/tr><tr><td class=\"has-text-align-center\" data-align=\"center\"><img decoding=\"async\" src=\"https:\/\/www.pilous.cz\/user_uploads\/METAL\/Picto_tabulka\/02_ctverec.jpg\" alt=\"\"><\/td><td>290<\/td><td>225<\/td><td>150<\/td><\/tr><tr><td class=\"has-text-align-center\" data-align=\"center\"><img decoding=\"async\" src=\"https:\/\/www.pilous.cz\/user_uploads\/METAL\/Picto_tabulka\/03_obdelnik.jpg\" alt=\"\"><\/td><td>375 x 190<\/td><td>240 x 160<\/td><td>150 x 150<\/td><\/tr><\/tbody><\/table><\/figure>\n\n\n\n<figure class=\"wp-block-table\"><table><tbody><tr><td class=\"has-text-align-center\" data-align=\"center\"><strong>ARG 300 Plus<\/strong> <strong><strong>S.A.F.<\/strong><\/strong><\/td><td><strong>90\u00b0<\/strong><\/td><td><strong>-45\u00b0<\/strong><\/td><td><strong>+45\u00b0<\/strong><\/td><td><strong>+60\u00b0<\/strong><\/td><\/tr><tr><td class=\"has-text-align-center\" data-align=\"center\"><img decoding=\"async\" src=\"https:\/\/www.pilous.cz\/user_uploads\/METAL\/Picto_tabulka\/01_kolo.jpg\" alt=\"\"><\/td><td>300<\/td><td>220<\/td><td>240<\/td><td>155<\/td><\/tr><tr><td class=\"has-text-align-center\" data-align=\"center\"><img decoding=\"async\" src=\"https:\/\/www.pilous.cz\/user_uploads\/METAL\/Picto_tabulka\/02_ctverec.jpg\" alt=\"\"><\/td><td>290<\/td><td>195<\/td><td>225<\/td><td>150<\/td><\/tr><tr><td class=\"has-text-align-center\" data-align=\"center\"><img decoding=\"async\" src=\"https:\/\/www.pilous.cz\/user_uploads\/METAL\/Picto_tabulka\/03_obdelnik.jpg\" alt=\"\"><\/td><td>375 x 190<\/td><td>240 x 100<\/td><td>240 x 160<\/td><td>150 x 150<\/td><\/tr><\/tbody><\/table><\/figure>\n\n\n<p>Den halvautomatiska versionen levereras med hydrauliskt skruvstycke och har<br \/>stegl\u00f6s reglering av bandhastighet (15\u201390 m\/min). S\u00e5gbygeln kan enkelt st\u00e4llas<br \/>in f\u00f6r gering (fr\u00e5n 45\u00b0 v\u00e4nster till 60\u00b0 h\u00f6ger) fr\u00e5n maskinens man\u00f6verpanel<br \/>(bygeln l\u00e5ser fast mekaniskt i l\u00e4ge). S\u00e5gbygelns skyddsk\u00e5pa \u00e4r f\u00f6rsedd med<br \/>s\u00e4kerhetsbrytare.<\/p>\n<p>Maskinen \u00e4r utrustad med h\u00f6gpresterande industriell hydraulisk enhet. Genom<br \/>att trycka p\u00e5 en enda omkopplare utf\u00f6rs en komplett sk\u00e4rcykel &#8211;<br \/>materialkl\u00e4mning, start av kniv och kylsystem, sk\u00e4rning, kniv och kylstopp,<br \/>armlyftning till det ursprungliga justerbara l\u00e4get och uppl\u00e5sning av skruvstycke.<br \/>Allt detta i samband med hydraulikstyrd s\u00e5gbladsmatning till sk\u00e4r \u00f6kar<br \/>sk\u00e4reffektiviteten avsev\u00e4rt, speciellt vid st\u00f6rre serier och kapning av fulla<br \/>och h\u00f6gkvalitativa material.<\/p>\n<p>Bands\u00e5gen finns i tv\u00e5 olika versioner. ARG 300 S.A.F. och ARG 300 Plus S.A.F.<\/p>\n<p><!-- \/wp:post-content --><!-- wp:paragraph --><\/p>\n<p>F\u00f6r mer info om produkten och tillbeh\u00f6r se produktblad eller kontakta oss<\/p>\n<p>\u00a0<\/p>\n<p><!-- \/wp:paragraph --><\/p>\n\n<!-- wp:buttons -->\n<div class=\"wp-block-buttons\"><!-- wp:button {\"backgroundColor\":\"vivid-red\",\"textColor\":\"white\"} -->\n<div class=\"wp-block-button\"><a class=\"wp-block-button__link has-white-color has-vivid-red-background-color has-text-color has-background wp-element-button\" href=\"https:\/\/swebalk.com\/wp-content\/uploads\/2023\/08\/arg-300-s-a-f-en.pdf\" target=\"_blank\" rel=\"noreferrer noopener\">Produktblad ARG 300 S.A.F.<\/a><\/div>\n<!-- \/wp:button -->\n\n<!-- wp:button {\"backgroundColor\":\"vivid-red\",\"textColor\":\"white\"} -->\n<div class=\"wp-block-button\"><a class=\"wp-block-button__link has-white-color has-vivid-red-background-color has-text-color has-background wp-element-button\" href=\"https:\/\/swebalk.com\/wp-content\/uploads\/2023\/08\/arg-300-plus-s-a-f-en.pdf\" target=\"_blank\" rel=\"noreferrer noopener\">Produktblad ARG 300 Plus S.A.F.<\/a><\/div>\n<!-- \/wp:button --><\/div>\n<!-- \/wp:buttons -->\n\n<!-- wp:paragraph -->\n<p>F\u00f6rslag p\u00e5 p\u00e5 passande rullbanor<\/p>\n<!-- \/wp:paragraph -->\n\n<!-- wp:image {\"id\":1514,\"sizeSlug\":\"full\",\"linkDestination\":\"none\"} -->\n<figure class=\"wp-block-image size-full\"><img decoding=\"async\" src=\"https:\/\/swebalk.com\/wp-content\/uploads\/2023\/08\/image-127.png\" alt=\"\" class=\"wp-image-1514\"\/><\/figure>\n<!-- \/wp:image -->","protected":false},"excerpt":{"rendered":"<p>Art. ARG 300 S.A.F. Art. ARG 300 Plus S.A.F. Motor effekt 400 V, 50 Hz, 2,2 kW Motor effekt kylpump 400 V, 50 Hz, 0,05 kW Hydraulisk motor 400 V, 50 Hz, 0,55 kW S\u00e5gbladetshastighet 15-90 m\/min. Arbetsh\u00f6jd skruvstycke 910 mm Hydraulolja tank cca 25 l Kyltank cca 15 l Maskin dimension\u00a0(min.) 300 S.A.F.\/300 Plus [&hellip;]<\/p>\n","protected":false},"author":1,"featured_media":0,"parent":399,"menu_order":0,"comment_status":"closed","ping_status":"closed","template":"templates\/template-full.php","meta":{"_acf_changed":false,"footnotes":""},"class_list":["post-1499","page","type-page","status-publish","hentry","post"],"acf":[],"_links":{"self":[{"href":"https:\/\/swebalk.com\/en\/wp-json\/wp\/v2\/pages\/1499","targetHints":{"allow":["GET"]}}],"collection":[{"href":"https:\/\/swebalk.com\/en\/wp-json\/wp\/v2\/pages"}],"about":[{"href":"https:\/\/swebalk.com\/en\/wp-json\/wp\/v2\/types\/page"}],"author":[{"embeddable":true,"href":"https:\/\/swebalk.com\/en\/wp-json\/wp\/v2\/users\/1"}],"replies":[{"embeddable":true,"href":"https:\/\/swebalk.com\/en\/wp-json\/wp\/v2\/comments?post=1499"}],"version-history":[{"count":2,"href":"https:\/\/swebalk.com\/en\/wp-json\/wp\/v2\/pages\/1499\/revisions"}],"predecessor-version":[{"id":1536,"href":"https:\/\/swebalk.com\/en\/wp-json\/wp\/v2\/pages\/1499\/revisions\/1536"}],"up":[{"embeddable":true,"href":"https:\/\/swebalk.com\/en\/wp-json\/wp\/v2\/pages\/399"}],"wp:attachment":[{"href":"https:\/\/swebalk.com\/en\/wp-json\/wp\/v2\/media?parent=1499"}],"curies":[{"name":"wp","href":"https:\/\/api.w.org\/{rel}","templated":true}]}}