{"id":1490,"date":"2023-08-28T14:03:44","date_gmt":"2023-08-28T14:03:44","guid":{"rendered":"https:\/\/swebalk.com\/?page_id=1490"},"modified":"2023-08-28T16:33:54","modified_gmt":"2023-08-28T16:33:54","slug":"kallbandsag-pilous-arg-260-s-a-f-260-plus-s-a-f","status":"publish","type":"page","link":"https:\/\/swebalk.com\/en\/produkter\/skarandebearbetning\/sagning-kapning\/kallbandsag-pilous-arg-260-s-a-f-260-plus-s-a-f\/","title":{"rendered":"Kallbands\u00e5g Pilous ARG 260 S.A.F. \/ 260 Plus S.A.F."},"content":{"rendered":"<figure class=\"wp-block-table is-style-stripes\"><table><tbody><tr><td>Art. ARG 260 S.A.F.<\/td><td>Art. ARG 260 Plus S.A.F.<\/td><\/tr><\/tbody><\/table><\/figure>\n\n\n\n<div class=\"wp-block-columns is-layout-flex wp-container-core-columns-is-layout-9d6595d7 wp-block-columns-is-layout-flex\">\n<div class=\"wp-block-column is-layout-flow wp-block-column-is-layout-flow\">\n<figure class=\"wp-block-image size-full\"><img decoding=\"async\" src=\"https:\/\/swebalk.com\/wp-content\/uploads\/2023\/08\/image-116.png\" alt=\"\" class=\"wp-image-1491\"\/><\/figure>\n\n\n\n<div class=\"wp-block-columns is-layout-flex wp-container-core-columns-is-layout-9d6595d7 wp-block-columns-is-layout-flex\">\n<div class=\"wp-block-column is-layout-flow wp-block-column-is-layout-flow\">\n<figure class=\"wp-block-image size-full\"><img decoding=\"async\" src=\"https:\/\/swebalk.com\/wp-content\/uploads\/2023\/08\/image-117.png\" alt=\"\" class=\"wp-image-1492\"\/><\/figure>\n<\/div>\n\n\n\n<div class=\"wp-block-column is-layout-flow wp-block-column-is-layout-flow\">\n<figure class=\"wp-block-image size-full\"><img decoding=\"async\" src=\"https:\/\/swebalk.com\/wp-content\/uploads\/2023\/08\/image-118.png\" alt=\"\" class=\"wp-image-1493\"\/><\/figure>\n<\/div>\n\n\n\n<div class=\"wp-block-column is-layout-flow wp-block-column-is-layout-flow\">\n<figure class=\"wp-block-image size-full\"><img decoding=\"async\" src=\"https:\/\/swebalk.com\/wp-content\/uploads\/2023\/08\/image-119.png\" alt=\"\" class=\"wp-image-1494\"\/><\/figure>\n<\/div>\n<\/div>\n<\/div>\n\n\n\n<div class=\"wp-block-column is-layout-flow wp-block-column-is-layout-flow\">\n<figure class=\"wp-block-table is-style-stripes has-small-font-size\"><table><tbody><tr><td>Motor effekt<\/td><td>400 V, 50 Hz, 2,2 kW<\/td><\/tr><tr><td>Motor effekt kylpump<\/td><td>400 V, 50 Hz, 0,05 kW<\/td><\/tr><tr><td>Hydraulisk motor<\/td><td>400 V, 50 Hz, 0,55 kW<\/td><\/tr><tr><td>S\u00e5gbladetshastighet<\/td><td>15-90 m\/min.<\/td><\/tr><tr><td>Arbetsh\u00f6jd skruvstycke<\/td><td>910 mm<\/td><\/tr><tr><td>Hydraulolja tank<\/td><td>cca 25 l<\/td><\/tr><tr><td>Kyltank<\/td><td>cca 15 l<\/td><\/tr><tr><td>Maskin dimension&nbsp;(min.) 260 S.A.F.\/260 Plus S.A.F.<\/td><td>950\/1470 x 1520\/951 x 1470\/1455 mm<\/td><\/tr><tr><td>Maskin dimension (max.)  260 S.A.F.\/260 Plus S.A.F.<\/td><td>1400\/1940 x 1970\/1451 x 1840\/1780 mm<\/td><\/tr><tr><td>Vikt  260 S.A.F.\/260 Plus S.A.F.<\/td><td>480\/580 kg<\/td><\/tr><\/tbody><\/table><\/figure>\n<\/div>\n<\/div>\n\n\n\n<figure class=\"wp-block-table\"><table><tbody><tr><td class=\"has-text-align-center\" data-align=\"center\"><strong>ARG 260<\/strong> <strong>S.A.F.<\/strong><\/td><td><strong>90\u00b0<\/strong><\/td><td><strong>+45\u00b0<\/strong><\/td><td><strong>+60\u00b0<\/strong><\/td><\/tr><tr><td class=\"has-text-align-center\" data-align=\"center\"><img decoding=\"async\" src=\"https:\/\/www.pilous.cz\/user_uploads\/METAL\/Picto_tabulka\/01_kolo.jpg\" alt=\"\"><\/td><td>260<\/td><td>200<\/td><td>125<\/td><\/tr><tr><td class=\"has-text-align-center\" data-align=\"center\"><img decoding=\"async\" src=\"https:\/\/www.pilous.cz\/user_uploads\/METAL\/Picto_tabulka\/02_ctverec.jpg\" alt=\"\"><\/td><td>255<\/td><td>185<\/td><td>120<\/td><\/tr><tr><td class=\"has-text-align-center\" data-align=\"center\"><img decoding=\"async\" src=\"https:\/\/www.pilous.cz\/user_uploads\/METAL\/Picto_tabulka\/03_obdelnik.jpg\" alt=\"\"><\/td><td>300 x 200<\/td><td>185 x 200<\/td><td>125 x 120<\/td><\/tr><\/tbody><\/table><\/figure>\n\n\n\n<figure class=\"wp-block-table\"><table><tbody><tr><td class=\"has-text-align-center\" data-align=\"center\"><strong>ARG 260 Plus<\/strong> <strong>S.A.F.<\/strong><\/td><td><strong>90\u00b0<\/strong><\/td><td><strong>-45\u00b0<\/strong><\/td><td><strong>+45\u00b0<\/strong><\/td><td><strong>+60\u00b0<\/strong><\/td><\/tr><tr><td class=\"has-text-align-center\" data-align=\"center\"><img decoding=\"async\" src=\"https:\/\/www.pilous.cz\/user_uploads\/METAL\/Picto_tabulka\/01_kolo.jpg\" alt=\"\"><\/td><td>260<\/td><td>175<\/td><td>200<\/td><td>125<\/td><\/tr><tr><td class=\"has-text-align-center\" data-align=\"center\"><img decoding=\"async\" src=\"https:\/\/www.pilous.cz\/user_uploads\/METAL\/Picto_tabulka\/02_ctverec.jpg\" alt=\"\"><\/td><td>255<\/td><td>145<\/td><td>185<\/td><td>120<\/td><\/tr><tr><td class=\"has-text-align-center\" data-align=\"center\"><img decoding=\"async\" src=\"https:\/\/www.pilous.cz\/user_uploads\/METAL\/Picto_tabulka\/03_obdelnik.jpg\" alt=\"\"><\/td><td>300 x 200<\/td><td>190 x 100<\/td><td>185 x 200<\/td><td>125 x 120<\/td><\/tr><\/tbody><\/table><\/figure>\n\n\n<p>Pilous ARG 260 \u00e4r en uppgraderad version av ARG 250 modellen. En universell<br \/>och robust bands\u00e5g avsedd f\u00f6r underh\u00e5llsverkst\u00e4der, skolor och liknande. Alla<br \/>elektriska och kylv\u00e4tskeledningar \u00e4r dolda i bands\u00e5gens arm, vilket inneb\u00e4r att<br \/>de \u00e4r skyddade fr\u00e5n skador. Armens nya koncept ger en stor f\u00f6renkling n\u00e4r du<br \/>byter s\u00e5gblad eller vid reng\u00f6ring av armens insida. ARG 260 har ocks\u00e5 m\u00e5nga<br \/>tekniska justeringar och f\u00f6r\u00e4ndringar som f\u00f6rb\u00e4ttrat kvalitet, anv\u00e4ndarkomfort<br \/>och livsl\u00e4ngd. Maskinen levereras med motor som har kapslingsklass IP 54,<br \/>elektrisk kylv\u00e4tskepump, bands\u00e5gblad och instruktionsbok.<\/p>\n<p><!-- \/wp:post-content --><!-- wp:paragraph --><\/p>\n<p>Maskinen \u00e4r utrustad med h\u00f6gpresterande industriell hydraulisk enhet. Genom<br \/>att trycka p\u00e5 en enda omkopplare utf\u00f6rs en komplett sk\u00e4rcykel &#8211;<br \/>materialkl\u00e4mning, start av kniv och kylsystem, sk\u00e4rning, kniv och kylstopp,<br \/>armlyftning till det ursprungliga justerbara l\u00e4get och uppl\u00e5sning av skruven.<br \/>Allt detta i samband med hydraulikstyrd s\u00e5gbladsmatning till sk\u00e4r \u00f6kar<br \/>sk\u00e4reffektiviteten avsev\u00e4rt, speciellt vid st\u00f6rre serier och kapning av fulla<br \/>och h\u00f6gkvalitativa material.<\/p>\n<p>Bands\u00e5gen finns i tv\u00e5 olika versioner. ARG 260 och ARG 260 Plus<\/p>\n<p><!-- \/wp:paragraph --><!-- wp:paragraph --><\/p>\n<p>F\u00f6r mer info om produkten och tillbeh\u00f6r se produktblad eller kontakta oss<\/p>\n<p><!-- \/wp:paragraph --><\/p>\n<p><!-- wp:buttons --><\/p>\n<div class=\"wp-block-buttons\"><!-- wp:button {\"backgroundColor\":\"vivid-red\",\"textColor\":\"white\",\"width\":50} -->\n<div class=\"wp-block-button has-custom-width wp-block-button__width-50\"><a class=\"wp-block-button__link has-white-color has-vivid-red-background-color has-text-color has-background wp-element-button\" href=\"https:\/\/swebalk.com\/wp-content\/uploads\/2023\/08\/arg-260-s-a-f-en.pdf\" target=\"_blank\" rel=\"noreferrer noopener\">Produktblad ARG 260 S.A.F.<\/a><\/div>\n<p><!-- \/wp:button --><\/p>\n<p><!-- wp:button {\"backgroundColor\":\"vivid-red\",\"textColor\":\"white\"} --><\/p>\n<div class=\"wp-block-button\"><a class=\"wp-block-button__link has-white-color has-vivid-red-background-color has-text-color has-background wp-element-button\" href=\"https:\/\/swebalk.com\/wp-content\/uploads\/2023\/08\/arg-260-plus-s-a-f-2-en.pdf\" target=\"_blank\" rel=\"noreferrer noopener\">Produktblad ARG 260 Plus S.A.F.<\/a><\/div>\n<p><!-- \/wp:button --><\/p>\n<\/div>\n<p><!-- \/wp:buttons --><\/p>\n<p><!-- wp:image {\"id\":1510,\"sizeSlug\":\"full\",\"linkDestination\":\"none\"} --><\/p>\n<figure class=\"wp-block-image size-full\"><\/figure>\n<p><!-- \/wp:image --><\/p>\n\n<!-- wp:paragraph -->\n<p>F\u00f6rslag p\u00e5 passande rullbanor<\/p>\n<!-- \/wp:paragraph -->\n\n<!-- wp:image {\"id\":1561,\"sizeSlug\":\"full\",\"linkDestination\":\"none\"} -->\n<figure class=\"wp-block-image size-full\"><img decoding=\"async\" src=\"https:\/\/swebalk.com\/wp-content\/uploads\/2023\/08\/image-151.png\" alt=\"\" class=\"wp-image-1561\"\/><\/figure>\n<!-- \/wp:image -->","protected":false},"excerpt":{"rendered":"<p>Art. ARG 260 S.A.F. Art. ARG 260 Plus S.A.F. Motor effekt 400 V, 50 Hz, 2,2 kW Motor effekt kylpump 400 V, 50 Hz, 0,05 kW Hydraulisk motor 400 V, 50 Hz, 0,55 kW S\u00e5gbladetshastighet 15-90 m\/min. Arbetsh\u00f6jd skruvstycke 910 mm Hydraulolja tank cca 25 l Kyltank cca 15 l Maskin dimension&nbsp;(min.) 260 S.A.F.\/260 Plus [&hellip;]<\/p>\n","protected":false},"author":1,"featured_media":0,"parent":399,"menu_order":0,"comment_status":"closed","ping_status":"closed","template":"templates\/template-full.php","meta":{"_acf_changed":false,"footnotes":""},"class_list":["post-1490","page","type-page","status-publish","hentry","post"],"acf":[],"_links":{"self":[{"href":"https:\/\/swebalk.com\/en\/wp-json\/wp\/v2\/pages\/1490","targetHints":{"allow":["GET"]}}],"collection":[{"href":"https:\/\/swebalk.com\/en\/wp-json\/wp\/v2\/pages"}],"about":[{"href":"https:\/\/swebalk.com\/en\/wp-json\/wp\/v2\/types\/page"}],"author":[{"embeddable":true,"href":"https:\/\/swebalk.com\/en\/wp-json\/wp\/v2\/users\/1"}],"replies":[{"embeddable":true,"href":"https:\/\/swebalk.com\/en\/wp-json\/wp\/v2\/comments?post=1490"}],"version-history":[{"count":4,"href":"https:\/\/swebalk.com\/en\/wp-json\/wp\/v2\/pages\/1490\/revisions"}],"predecessor-version":[{"id":1562,"href":"https:\/\/swebalk.com\/en\/wp-json\/wp\/v2\/pages\/1490\/revisions\/1562"}],"up":[{"embeddable":true,"href":"https:\/\/swebalk.com\/en\/wp-json\/wp\/v2\/pages\/399"}],"wp:attachment":[{"href":"https:\/\/swebalk.com\/en\/wp-json\/wp\/v2\/media?parent=1490"}],"curies":[{"name":"wp","href":"https:\/\/api.w.org\/{rel}","templated":true}]}}