{"id":1472,"date":"2023-08-28T13:24:32","date_gmt":"2023-08-28T13:24:32","guid":{"rendered":"https:\/\/swebalk.com\/?page_id=1472"},"modified":"2023-09-11T16:57:23","modified_gmt":"2023-09-11T16:57:23","slug":"cnc-fleroperationsmaskin-vector-m-series","status":"publish","type":"page","link":"https:\/\/swebalk.com\/en\/produkter\/skarandebearbetning\/frasning\/cnc-fleroperationsmaskin-vector-m-series\/","title":{"rendered":"CNC fleroperationsmaskin Vector M Series"},"content":{"rendered":"<figure class=\"wp-block-table is-style-stripes has-small-font-size\"><table><tbody><tr><td>Art. 181430 Vector 650 M SI<\/td><td>Art. 181429 Vector 650 M HDH<\/td><td>Art. 181432 Vector 850 M SI<\/td><\/tr><tr><td>Art. 181431 Vector 850 M HDH<\/td><td>Art. 181421 Vector 1000 M SI<\/td><td>Art. 181420 Vector 1000 M HDH<\/td><\/tr><\/tbody><\/table><\/figure>\n\n\n\n<div class=\"wp-block-columns is-layout-flex wp-container-core-columns-is-layout-9d6595d7 wp-block-columns-is-layout-flex\">\n<div class=\"wp-block-column is-layout-flow wp-block-column-is-layout-flow\">\n<figure class=\"wp-block-image size-large\"><img decoding=\"async\" src=\"https:\/\/swebalk.com\/wp-content\/uploads\/2023\/08\/image-111-1024x916.png\" alt=\"\" class=\"wp-image-1473\"\/><\/figure>\n\n\n\n<div class=\"wp-block-columns is-layout-flex wp-container-core-columns-is-layout-9d6595d7 wp-block-columns-is-layout-flex\">\n<div class=\"wp-block-column is-layout-flow wp-block-column-is-layout-flow\">\n<figure class=\"wp-block-image size-full\"><img decoding=\"async\" src=\"https:\/\/swebalk.com\/wp-content\/uploads\/2023\/08\/image-112.png\" alt=\"\" class=\"wp-image-1474\"\/><\/figure>\n<\/div>\n\n\n\n<div class=\"wp-block-column is-layout-flow wp-block-column-is-layout-flow\">\n<figure class=\"wp-block-image size-full\"><img decoding=\"async\" src=\"https:\/\/swebalk.com\/wp-content\/uploads\/2023\/08\/image-113.png\" alt=\"\" class=\"wp-image-1475\"\/><\/figure>\n<\/div>\n\n\n\n<div class=\"wp-block-column is-layout-flow wp-block-column-is-layout-flow\">\n<figure class=\"wp-block-image size-full\"><img decoding=\"async\" src=\"https:\/\/swebalk.com\/wp-content\/uploads\/2023\/08\/image-115.png\" alt=\"\" class=\"wp-image-1477\"\/><\/figure>\n<\/div>\n<\/div>\n<\/div>\n\n\n\n<div class=\"wp-block-column is-layout-flow wp-block-column-is-layout-flow\">\n<p><strong>Standard utrustning<\/strong>:<\/p>\n\n\n\n<ul class=\"wp-block-list\">\n<li>Styrsystem Siemens Sinumerik 828D alt. Heidenhain TNC-620<\/li>\n\n\n\n<li>Kylning genom spindel<\/li>\n\n\n\n<li>Kylsystem med flush spolning pistol <\/li>\n\n\n\n<li>Spolning av sp\u00e5n<\/li>\n\n\n\n<li>USB port<\/li>\n\n\n\n<li>Internt port (LAN)<\/li>\n\n\n\n<li>CF kortl\u00e4sare<\/li>\n\n\n\n<li>Varningssignal lampa 3-f\u00e4rg<\/li>\n\n\n\n<li>Verktygsrevolver med 24 platser<\/li>\n\n\n\n<li>F\u00f6rberedelse f\u00f6r Renishaw TS 27 R<\/li>\n\n\n\n<li>Manual<\/li>\n\n\n\n<li>mm&#8230;<\/li>\n\n\n\n<li>Utrustning kan variera mellan olika modeller<\/li>\n<\/ul>\n<\/div>\n<\/div>\n\n\n\n<figure class=\"wp-block-table is-style-stripes has-small-font-size\"><table><thead><tr><th>Modell<\/th><th>Vector 650 M SI<br>Art. 181430<\/th><th>Vector 650 M HDH<br>Art. 181430<\/th><th>Vector 850 M SI <br>Art. 181430<\/th><th>Vector 850 M HDH<br>Art. 181430<\/th><th>Vector 1000 M SI<br>Art. 181430<\/th><th>Vector 1000 M HDH<br>Art. 181430<\/th><\/tr><\/thead><tbody><tr><td>Arbetsbord<\/td><td>800 x 550 mm<\/td><td>800 x 550 <br>mm<\/td><td>1000 x 550 mm<\/td><td>1000 x 550 mm<\/td><td>1100 x 550 mm<\/td><td>1100 x 550 <br>mm<\/td><\/tr><tr><td>R\u00f6relse X-axel<\/td><td>650 mm<\/td><td>650 mm<\/td><td>850 mm<\/td><td>850 mm<\/td><td>1000 mm<\/td><td>1000 mm<\/td><\/tr><tr><td>R\u00f6relse Y-axel<\/td><td>550 mm<\/td><td>550 mm<\/td><td>550 mm<\/td><td>550 mm<\/td><td>550 mm<\/td><td>550 mm<\/td><\/tr><tr><td>R\u00f6relse Z-axel<\/td><td>550 mm<\/td><td>550 mm<\/td><td>550 mm<\/td><td>550 mm<\/td><td>550 mm<\/td><td>550 mm<\/td><\/tr><tr><td>Spindel varvtal<\/td><td>10000 v\/min<\/td><td>10000 v\/min<\/td><td>10000 v\/min<\/td><td>10000 v\/min<\/td><td>10000 v\/min<\/td><td>10000 v\/min<\/td><\/tr><tr><td>Spindelkona<\/td><td>SK 40<\/td><td>SK 40<\/td><td>SK 40<\/td><td>SK 40<\/td><td>SK 40<\/td><td>SK 40<\/td><\/tr><tr><td>Snabbmatning X-, Y-axel<\/td><td>36000 m\/min<\/td><td>36000 m\/min<\/td><td>36000 m\/min<\/td><td>36000 m\/min<\/td><td>36000 m\/min<\/td><td>36000 m\/min<\/td><\/tr><tr><td>Antal verktygs platser<\/td><td>24<\/td><td>24<\/td><td>24<\/td><td>24<\/td><td>24<\/td><td>24<\/td><\/tr><tr><td>Motor effekt<\/td><td>9 kW<\/td><td>7,5 kW<\/td><td>9 kW<\/td><td>7,5 kW<\/td><td>9 kW<\/td><td>7,5 kW<\/td><\/tr><tr><td>Vikt<\/td><td>4000 kg<\/td><td>4000 kg<\/td><td>4300 kg<\/td><td>4300 kg<\/td><td>4600 kg<\/td><td>4600 kg<\/td><\/tr><\/tbody><\/table><\/figure>\n\n\n\n<p>Vector-serien \u00e4r den kompakta allt-i-ett-bearbetningsl\u00f6sningen, designad och f\u00f6rkonfigurerad f\u00f6r komplexa tillverkningsutmaningar. Maskinerna \u00e4r designade med den senaste FEM-analysmjukvaran. Tillverkningen sker under strikt kvalitetskontroll f\u00f6r att garantera perfekt utf\u00f6rande. B\u00e5de den bepr\u00f6vade Meehanite-gjutningen och pelarens deltakonstruktion s\u00e4kerst\u00e4ller ytterligare stabilitet hos maskinramen. De genomg\u00e5ende h\u00f6gkvalitativa komponenterna garanterar smidig drift under flera skift.<\/p>\n\n\n\n<p>Vector M serien finns i 6 olika versioner.<\/p>\n\n\n\n<p>F\u00f6r mer info om produkten och tillbeh\u00f6r se produktblad eller kontakta oss.<\/p>\n\n\n\n<div class=\"wp-block-buttons is-layout-flex wp-block-buttons-is-layout-flex\">\n<div class=\"wp-block-button has-custom-width wp-block-button__width-50\"><a class=\"wp-block-button__link has-white-color has-vivid-red-background-color has-text-color has-background wp-element-button\" href=\"https:\/\/swebalk.com\/wp-content\/uploads\/2023\/08\/VECTOR-650-M-SI-Datasheet.pdf\" target=\"_blank\" rel=\"noreferrer noopener\">Produktblad Vector 650 M SI<\/a><\/div>\n\n\n\n<div class=\"wp-block-button has-custom-width wp-block-button__width-50\"><a class=\"wp-block-button__link has-white-color has-vivid-red-background-color has-text-color has-background wp-element-button\" href=\"https:\/\/swebalk.com\/wp-content\/uploads\/2023\/08\/VECTOR-650-M-HDH-Datasheet.pdf\" target=\"_blank\" rel=\"noreferrer noopener\">Produktblad Vector 650 M HDH<\/a><\/div>\n\n\n\n<div class=\"wp-block-button has-custom-width wp-block-button__width-50\"><a class=\"wp-block-button__link has-white-color has-vivid-red-background-color has-text-color has-background wp-element-button\" href=\"https:\/\/swebalk.com\/wp-content\/uploads\/2023\/08\/VECTOR-850-M-SI-Datasheet.pdf\" target=\"_blank\" rel=\"noreferrer noopener\">Produktblad Vector 850 M SI<\/a><\/div>\n\n\n\n<div class=\"wp-block-button has-custom-width wp-block-button__width-50\"><a class=\"wp-block-button__link has-white-color has-vivid-red-background-color has-text-color has-background wp-element-button\" href=\"https:\/\/swebalk.com\/wp-content\/uploads\/2023\/08\/VECTOR-850-M-HDH-Datasheet.pdf\" target=\"_blank\" rel=\"noreferrer noopener\">Produktblad Vector 850 M HDH<\/a><\/div>\n\n\n\n<div class=\"wp-block-button has-custom-width wp-block-button__width-50\"><a class=\"wp-block-button__link has-white-color has-vivid-red-background-color has-text-color has-background wp-element-button\" href=\"https:\/\/swebalk.com\/wp-content\/uploads\/2023\/08\/VECTOR-1000-M-SI-Datasheet.pdf\" target=\"_blank\" rel=\"noreferrer noopener\">Produktblad Vector 1000 M SI<\/a><\/div>\n\n\n\n<div class=\"wp-block-button has-custom-width wp-block-button__width-50\"><a class=\"wp-block-button__link has-white-color has-vivid-red-background-color has-text-color has-background wp-element-button\" href=\"https:\/\/swebalk.com\/wp-content\/uploads\/2023\/08\/VECTOR-1000-M-HDH-Datasheet.pdf\" target=\"_blank\" rel=\"noreferrer noopener\">Produktblad Vector 1000 M HDH<\/a><\/div>\n<\/div>","protected":false},"excerpt":{"rendered":"<p>Art. 181430 Vector 650 M SI Art. 181429 Vector 650 M HDH Art. 181432 Vector 850 M SI Art. 181431 Vector 850 M HDH Art. 181421 Vector 1000 M SI Art. 181420 Vector 1000 M HDH Standard utrustning: Modell Vector 650 M SIArt. 181430 Vector 650 M HDHArt. 181430 Vector 850 M SI Art. 181430 [&hellip;]<\/p>\n","protected":false},"author":1,"featured_media":0,"parent":395,"menu_order":0,"comment_status":"closed","ping_status":"closed","template":"templates\/template-full.php","meta":{"_acf_changed":false,"footnotes":""},"class_list":["post-1472","page","type-page","status-publish","hentry","post"],"acf":[],"_links":{"self":[{"href":"https:\/\/swebalk.com\/en\/wp-json\/wp\/v2\/pages\/1472","targetHints":{"allow":["GET"]}}],"collection":[{"href":"https:\/\/swebalk.com\/en\/wp-json\/wp\/v2\/pages"}],"about":[{"href":"https:\/\/swebalk.com\/en\/wp-json\/wp\/v2\/types\/page"}],"author":[{"embeddable":true,"href":"https:\/\/swebalk.com\/en\/wp-json\/wp\/v2\/users\/1"}],"replies":[{"embeddable":true,"href":"https:\/\/swebalk.com\/en\/wp-json\/wp\/v2\/comments?post=1472"}],"version-history":[{"count":3,"href":"https:\/\/swebalk.com\/en\/wp-json\/wp\/v2\/pages\/1472\/revisions"}],"predecessor-version":[{"id":2514,"href":"https:\/\/swebalk.com\/en\/wp-json\/wp\/v2\/pages\/1472\/revisions\/2514"}],"up":[{"embeddable":true,"href":"https:\/\/swebalk.com\/en\/wp-json\/wp\/v2\/pages\/395"}],"wp:attachment":[{"href":"https:\/\/swebalk.com\/en\/wp-json\/wp\/v2\/media?parent=1472"}],"curies":[{"name":"wp","href":"https:\/\/api.w.org\/{rel}","templated":true}]}}