{"id":1463,"date":"2023-08-28T09:04:43","date_gmt":"2023-08-28T09:04:43","guid":{"rendered":"https:\/\/swebalk.com\/?page_id=1463"},"modified":"2023-08-28T13:28:31","modified_gmt":"2023-08-28T13:28:31","slug":"cnc-fleroperationsmaskin-x-mill-400-series","status":"publish","type":"page","link":"https:\/\/swebalk.com\/en\/produkter\/skarandebearbetning\/frasning\/cnc-fleroperationsmaskin-x-mill-400-series\/","title":{"rendered":"CNC fleroperationsmaskin X.mill 400 Series"},"content":{"rendered":"<figure class=\"wp-block-table is-style-stripes\"><table><tbody><tr><td>Art. 181359 X.mill 400 (BT40)<\/td><td>Art. 181371 X.mill 400 (SK40)<\/td><\/tr><\/tbody><\/table><\/figure>\n\n\n\n<div class=\"wp-block-columns is-layout-flex wp-container-core-columns-is-layout-9d6595d7 wp-block-columns-is-layout-flex\">\n<div class=\"wp-block-column is-layout-flow wp-block-column-is-layout-flow\">\n<figure class=\"wp-block-image size-large\"><img decoding=\"async\" src=\"https:\/\/swebalk.com\/wp-content\/uploads\/2023\/08\/image-107-990x1024.png\" alt=\"\" class=\"wp-image-1464\"\/><\/figure>\n\n\n\n<div class=\"wp-block-columns is-layout-flex wp-container-core-columns-is-layout-9d6595d7 wp-block-columns-is-layout-flex\">\n<div class=\"wp-block-column is-layout-flow wp-block-column-is-layout-flow\">\n<figure class=\"wp-block-image size-full\"><img decoding=\"async\" src=\"https:\/\/swebalk.com\/wp-content\/uploads\/2023\/08\/image-108.png\" alt=\"\" class=\"wp-image-1465\"\/><\/figure>\n<\/div>\n\n\n\n<div class=\"wp-block-column is-layout-flow wp-block-column-is-layout-flow\">\n<figure class=\"wp-block-image size-full\"><img decoding=\"async\" src=\"https:\/\/swebalk.com\/wp-content\/uploads\/2023\/08\/image-109.png\" alt=\"\" class=\"wp-image-1466\"\/><\/figure>\n<\/div>\n\n\n\n<div class=\"wp-block-column is-layout-flow wp-block-column-is-layout-flow\">\n<figure class=\"wp-block-image size-full\"><img decoding=\"async\" src=\"https:\/\/swebalk.com\/wp-content\/uploads\/2023\/08\/image-110.png\" alt=\"\" class=\"wp-image-1467\"\/><\/figure>\n<\/div>\n<\/div>\n<\/div>\n\n\n\n<div class=\"wp-block-column is-layout-flow wp-block-column-is-layout-flow\">\n<figure class=\"wp-block-table is-style-stripes has-small-font-size\"><table><thead><tr><th>Modell<\/th><th>X.mill 400 (BT40)<br>Art. 181359<\/th><th>X.mill 400 (SK40)<br>Art. 181371<\/th><\/tr><\/thead><tbody><tr><td>Arbetsbord<\/td><td>600 x 300 mm<\/td><td>600 x 300 mm<\/td><\/tr><tr><td>Arbetsbord belastning<\/td><td>150 kg<\/td><td>150 kg<\/td><\/tr><tr><td>R\u00f6relse X-axel<\/td><td>400 mm<\/td><td>400 mm<\/td><\/tr><tr><td>R\u00f6relse Y-axel<\/td><td>230 mm<\/td><td>230 mm<\/td><\/tr><tr><td>R\u00f6relse Z-axel<\/td><td>450 mm<\/td><td>450 mm<\/td><\/tr><tr><td>Spindel varvtal<\/td><td>8000 v\/min<\/td><td>8000 v\/min<\/td><\/tr><tr><td>Spindelkona<\/td><td>BT 40<\/td><td>SK 40<\/td><\/tr><tr><td>Antal verktyg<\/td><td>12<\/td><td>12<\/td><\/tr><tr><td>Motor effekt<\/td><td>3,7 kW<\/td><td>3,7 kW<\/td><\/tr><tr><td>Maskin dimension<\/td><td>2,1 x 1,9 x 2,45 m<\/td><td>2,1 x 1,9 x 2,45 m<\/td><\/tr><tr><td>Vikt<\/td><td>2200 kg<\/td><td>2200 kg<\/td><\/tr><\/tbody><\/table><\/figure>\n\n\n\n<p><strong>Standard utrustning<\/strong>:<\/p>\n\n\n\n<ul class=\"wp-block-list\">\n<li>Styrsystem Siemens 808D Advance <\/li>\n\n\n\n<li>Automatisk sm\u00f6rjning<\/li>\n\n\n\n<li>Elektronisk handratt<\/li>\n\n\n\n<li>Kylsystem<\/li>\n\n\n\n<li>Bl\u00e5spistol<\/li>\n\n\n\n<li>Verktygsrevolver med 12 platser<\/li>\n\n\n\n<li>Manual<\/li>\n\n\n\n<li>mm&#8230;<\/li>\n<\/ul>\n<\/div>\n<\/div>\n\n\n\n<p>Denna modell \u00e4r mycket popul\u00e4r bland kunder som letar efter en snabb, billig l\u00f6sning f\u00f6r mindre verkst\u00e4der eller som vill konvertera fr\u00e5n konventionell till CNC-bearbetning.<\/p>\n\n\n\n<div class=\"wp-block-buttons is-layout-flex wp-block-buttons-is-layout-flex\">\n<div class=\"wp-block-button\"><a class=\"wp-block-button__link has-white-color has-vivid-red-background-color has-text-color has-background wp-element-button\" href=\"https:\/\/swebalk.com\/wp-content\/uploads\/2023\/08\/X.mill-400-BT40-Datasheet.pdf\" target=\"_blank\" rel=\"noreferrer noopener\">Produktblad X.mill 400 BT 40<\/a><\/div>\n\n\n\n<div class=\"wp-block-button\"><a class=\"wp-block-button__link has-white-color has-vivid-red-background-color has-text-color has-background wp-element-button\" href=\"https:\/\/swebalk.com\/wp-content\/uploads\/2023\/08\/X.mill-400-SK40-Datasheet.pdf\" target=\"_blank\" rel=\"noreferrer noopener\">Produktblad X.mill 400 SK 40<\/a><\/div>\n<\/div>","protected":false},"excerpt":{"rendered":"<p>Art. 181359 X.mill 400 (BT40) Art. 181371 X.mill 400 (SK40) Modell X.mill 400 (BT40)Art. 181359 X.mill 400 (SK40)Art. 181371 Arbetsbord 600 x 300 mm 600 x 300 mm Arbetsbord belastning 150 kg 150 kg R\u00f6relse X-axel 400 mm 400 mm R\u00f6relse Y-axel 230 mm 230 mm R\u00f6relse Z-axel 450 mm 450 mm Spindel varvtal 8000 [&hellip;]<\/p>\n","protected":false},"author":1,"featured_media":0,"parent":395,"menu_order":0,"comment_status":"closed","ping_status":"closed","template":"templates\/template-full.php","meta":{"_acf_changed":false,"footnotes":""},"class_list":["post-1463","page","type-page","status-publish","hentry","post"],"acf":[],"_links":{"self":[{"href":"https:\/\/swebalk.com\/en\/wp-json\/wp\/v2\/pages\/1463","targetHints":{"allow":["GET"]}}],"collection":[{"href":"https:\/\/swebalk.com\/en\/wp-json\/wp\/v2\/pages"}],"about":[{"href":"https:\/\/swebalk.com\/en\/wp-json\/wp\/v2\/types\/page"}],"author":[{"embeddable":true,"href":"https:\/\/swebalk.com\/en\/wp-json\/wp\/v2\/users\/1"}],"replies":[{"embeddable":true,"href":"https:\/\/swebalk.com\/en\/wp-json\/wp\/v2\/comments?post=1463"}],"version-history":[{"count":2,"href":"https:\/\/swebalk.com\/en\/wp-json\/wp\/v2\/pages\/1463\/revisions"}],"predecessor-version":[{"id":1471,"href":"https:\/\/swebalk.com\/en\/wp-json\/wp\/v2\/pages\/1463\/revisions\/1471"}],"up":[{"embeddable":true,"href":"https:\/\/swebalk.com\/en\/wp-json\/wp\/v2\/pages\/395"}],"wp:attachment":[{"href":"https:\/\/swebalk.com\/en\/wp-json\/wp\/v2\/media?parent=1463"}],"curies":[{"name":"wp","href":"https:\/\/api.w.org\/{rel}","templated":true}]}}