{"id":1454,"date":"2023-08-28T08:32:58","date_gmt":"2023-08-28T08:32:58","guid":{"rendered":"https:\/\/swebalk.com\/?page_id=1454"},"modified":"2023-08-28T13:28:15","modified_gmt":"2023-08-28T13:28:15","slug":"baddfrasmaskin-kb-2100","status":"publish","type":"page","link":"https:\/\/swebalk.com\/en\/produkter\/skarandebearbetning\/frasning\/baddfrasmaskin-kb-2100\/","title":{"rendered":"B\u00e4ddfr\u00e4smaskin KB 2100"},"content":{"rendered":"<p>Art. 301285<\/p>\n\n\n\n<div class=\"wp-block-columns is-layout-flex wp-container-core-columns-is-layout-9d6595d7 wp-block-columns-is-layout-flex\">\n<div class=\"wp-block-column is-layout-flow wp-block-column-is-layout-flow\">\n<figure class=\"wp-block-image size-full\"><img decoding=\"async\" src=\"https:\/\/swebalk.com\/wp-content\/uploads\/2023\/08\/image-104.png\" alt=\"\" class=\"wp-image-1455\"\/><\/figure>\n\n\n\n<div class=\"wp-block-columns is-layout-flex wp-container-core-columns-is-layout-9d6595d7 wp-block-columns-is-layout-flex\">\n<div class=\"wp-block-column is-layout-flow wp-block-column-is-layout-flow\">\n<figure class=\"wp-block-image size-full\"><img decoding=\"async\" src=\"https:\/\/swebalk.com\/wp-content\/uploads\/2023\/08\/image-105.png\" alt=\"\" class=\"wp-image-1456\"\/><\/figure>\n<\/div>\n\n\n\n<div class=\"wp-block-column is-layout-flow wp-block-column-is-layout-flow\">\n<figure class=\"wp-block-image size-full\"><img decoding=\"async\" src=\"https:\/\/swebalk.com\/wp-content\/uploads\/2023\/08\/image-106.png\" alt=\"\" class=\"wp-image-1457\"\/><\/figure>\n<\/div>\n<\/div>\n<\/div>\n\n\n\n<div class=\"wp-block-column is-layout-flow wp-block-column-is-layout-flow\">\n<figure class=\"wp-block-table is-style-stripes has-small-font-size\"><table><tbody><tr><td>Arbetsbord\/T-sp\u00e5r<\/td><td>2100 x 500\/20 mm<\/td><\/tr><tr><td>Arbetsbord belastning<\/td><td>2000 kg<\/td><\/tr><tr><td>X-axel r\u00f6relse<\/td><td>1500 mm<\/td><\/tr><tr><td>Y-axel r\u00f6relse<\/td><td>670 mm<\/td><\/tr><tr><td>Z-axel r\u00f6relse<\/td><td>670 mm<\/td><\/tr><tr><td>Matning X-, Y-axel<\/td><td>20 &#8211; 1800 mm\/min<\/td><\/tr><tr><td>Snabbmatning X-axel<\/td><td>3500 mm\/min<\/td><\/tr><tr><td>Snabbmatning Y-axel<\/td><td>3500 mm\/min<\/td><\/tr><tr><td>Snabbmatning Z-axel<\/td><td>1750 mm\/min<\/td><\/tr><tr><td>Varvtal (vertikal)<\/td><td>35 \u2013 1345 v\/min<\/td><\/tr><tr><td>Spindelkona<\/td><td>ISO 50<\/td><\/tr><tr><td>Avst\u00e5nd spindel &#8211; bord<\/td><td>0 &#8211; 670 mm<\/td><\/tr><tr><td>Fr\u00e4shuvud vridomr\u00e5de<\/td><td>360\u00b0<\/td><\/tr><tr><td>Motor effekt<\/td><td>7,5 kW<\/td><\/tr><tr><td>Dimension (LxBxH)<\/td><td>3,3 x 2,38 x 2,75 m<\/td><\/tr><tr><td>Vikt<\/td><td>7300 kg<\/td><\/tr><\/tbody><\/table><\/figure>\n\n\n\n<p><strong>Standard utrustning<\/strong>:<\/p>\n\n\n\n<ul class=\"wp-block-list\">\n<li>3-axis DRO, X.pos 3.2<\/li>\n\n\n\n<li>Horisontell arbor st\u00f6d<\/li>\n\n\n\n<li>Horisontell arborh\u00e5llare \u00d8 40 mm<\/li>\n\n\n\n<li>Arborh\u00e5llare ISO 50 \u00d8 40 mm<\/li>\n\n\n\n<li>Fr\u00e4schuck set ISO 50 med sp\u00e4nnhylsor (4, 6, 8, 12, 16, 18, 22, 26mm)<\/li>\n\n\n\n<li>Sp\u00e5npanna<\/li>\n\n\n\n<li>Kylsystem<\/li>\n\n\n\n<li>Dragst\u00e5ng <\/li>\n\n\n\n<li>Arbetsbelysning<\/li>\n\n\n\n<li>Verktygsl\u00e5da<\/li>\n\n\n\n<li>Instruktionsbok<\/li>\n<\/ul>\n<\/div>\n<\/div>\n\n\n\n<p>KB 2100 \u00e4r en universal b\u00e4ddfr\u00e4smaskin har ett bord med h\u00f6g belastningskapacitet, breda styrningar och h\u00f6g drivkraft f\u00f6r \u00f6verl\u00e4gsen sk\u00e4rprestanda. Det universella fr\u00e4shuvudet kan vridas i tv\u00e5 riktningar och placeras i n\u00e4stan vilken vinkel som helst. Matningen p\u00e5 Y- och X-axlarna \u00e4r stegl\u00f6st variabel och alla axlar kan f\u00f6rflyttas med snabbmatning. Det stora sp\u00e4nnbordet ger gott om plats f\u00f6r arbetsstycken och sp\u00e4nnanordningar. Tillsammans med den omfattande utrustningen \u00e4r denna modell idealisk f\u00f6r industri- och maskintillverkning.<\/p>\n\n\n\n<div class=\"wp-block-buttons is-layout-flex wp-block-buttons-is-layout-flex\">\n<div class=\"wp-block-button\"><a class=\"wp-block-button__link has-white-color has-vivid-red-background-color has-text-color has-background wp-element-button\" href=\"https:\/\/swebalk.com\/wp-content\/uploads\/2023\/08\/KB-2100-Datasheet.pdf\" target=\"_blank\" rel=\"noreferrer noopener\">Produktblad KB 2100<\/a><\/div>\n<\/div>","protected":false},"excerpt":{"rendered":"<p>Art. 301285 Arbetsbord\/T-sp\u00e5r 2100 x 500\/20 mm Arbetsbord belastning 2000 kg X-axel r\u00f6relse 1500 mm Y-axel r\u00f6relse 670 mm Z-axel r\u00f6relse 670 mm Matning X-, Y-axel 20 &#8211; 1800 mm\/min Snabbmatning X-axel 3500 mm\/min Snabbmatning Y-axel 3500 mm\/min Snabbmatning Z-axel 1750 mm\/min Varvtal (vertikal) 35 \u2013 1345 v\/min Spindelkona ISO 50 Avst\u00e5nd spindel &#8211; bord [&hellip;]<\/p>\n","protected":false},"author":1,"featured_media":0,"parent":395,"menu_order":0,"comment_status":"closed","ping_status":"closed","template":"templates\/template-full.php","meta":{"_acf_changed":false,"footnotes":""},"class_list":["post-1454","page","type-page","status-publish","hentry","post"],"acf":[],"_links":{"self":[{"href":"https:\/\/swebalk.com\/en\/wp-json\/wp\/v2\/pages\/1454","targetHints":{"allow":["GET"]}}],"collection":[{"href":"https:\/\/swebalk.com\/en\/wp-json\/wp\/v2\/pages"}],"about":[{"href":"https:\/\/swebalk.com\/en\/wp-json\/wp\/v2\/types\/page"}],"author":[{"embeddable":true,"href":"https:\/\/swebalk.com\/en\/wp-json\/wp\/v2\/users\/1"}],"replies":[{"embeddable":true,"href":"https:\/\/swebalk.com\/en\/wp-json\/wp\/v2\/comments?post=1454"}],"version-history":[{"count":1,"href":"https:\/\/swebalk.com\/en\/wp-json\/wp\/v2\/pages\/1454\/revisions"}],"predecessor-version":[{"id":1459,"href":"https:\/\/swebalk.com\/en\/wp-json\/wp\/v2\/pages\/1454\/revisions\/1459"}],"up":[{"embeddable":true,"href":"https:\/\/swebalk.com\/en\/wp-json\/wp\/v2\/pages\/395"}],"wp:attachment":[{"href":"https:\/\/swebalk.com\/en\/wp-json\/wp\/v2\/media?parent=1454"}],"curies":[{"name":"wp","href":"https:\/\/api.w.org\/{rel}","templated":true}]}}