{"id":1441,"date":"2023-08-28T07:53:24","date_gmt":"2023-08-28T07:53:24","guid":{"rendered":"https:\/\/swebalk.com\/?page_id=1441"},"modified":"2023-08-28T13:28:00","modified_gmt":"2023-08-28T13:28:00","slug":"universalfrasmaskin-servomill-uwf-series","status":"publish","type":"page","link":"https:\/\/swebalk.com\/en\/produkter\/skarandebearbetning\/frasning\/universalfrasmaskin-servomill-uwf-series\/","title":{"rendered":"Universalfr\u00e4smaskin Servomill UWF Series"},"content":{"rendered":"<figure class=\"wp-block-table is-style-stripes has-small-font-size\"><table><tbody><tr><td>Art. 301256 Servomill UWF 10<\/td><td>Art. 301257 Servomill UWF 12<\/td><td>Art. 301258 Servomill UWF 15<\/td><\/tr><\/tbody><\/table><\/figure>\n\n\n\n<div class=\"wp-block-columns is-layout-flex wp-container-core-columns-is-layout-9d6595d7 wp-block-columns-is-layout-flex\">\n<div class=\"wp-block-column is-layout-flow wp-block-column-is-layout-flow\">\n<figure class=\"wp-block-image size-large\"><img decoding=\"async\" src=\"https:\/\/swebalk.com\/wp-content\/uploads\/2023\/08\/image-100-1024x765.png\" alt=\"\" class=\"wp-image-1442\"\/><\/figure>\n\n\n\n<div class=\"wp-block-columns is-layout-flex wp-container-core-columns-is-layout-9d6595d7 wp-block-columns-is-layout-flex\">\n<div class=\"wp-block-column is-layout-flow wp-block-column-is-layout-flow\">\n<figure class=\"wp-block-image size-full\"><img decoding=\"async\" src=\"https:\/\/swebalk.com\/wp-content\/uploads\/2023\/08\/image-101.png\" alt=\"\" class=\"wp-image-1446\"\/><\/figure>\n<\/div>\n\n\n\n<div class=\"wp-block-column is-layout-flow wp-block-column-is-layout-flow\">\n<figure class=\"wp-block-image size-full\"><img decoding=\"async\" src=\"https:\/\/swebalk.com\/wp-content\/uploads\/2023\/08\/image-102.png\" alt=\"\" class=\"wp-image-1447\"\/><\/figure>\n<\/div>\n\n\n\n<div class=\"wp-block-column is-layout-flow wp-block-column-is-layout-flow\">\n<figure class=\"wp-block-image size-full\"><img decoding=\"async\" src=\"https:\/\/swebalk.com\/wp-content\/uploads\/2023\/08\/image-103.png\" alt=\"\" class=\"wp-image-1448\"\/><\/figure>\n<\/div>\n<\/div>\n<\/div>\n\n\n\n<div class=\"wp-block-column is-layout-flow wp-block-column-is-layout-flow\">\n<p><strong>Standard utrustning<\/strong>:<\/p>\n\n\n\n<ul class=\"wp-block-list\">\n<li>3-axis DRO, X.pos 3.2<\/li>\n\n\n\n<li>Elektroniska handrattar<\/li>\n\n\n\n<li>Central sm\u00f6rjning<\/li>\n\n\n\n<li>Kylsystem<\/li>\n\n\n\n<li>Arbetsbelysning<\/li>\n\n\n\n<li>Verktygsl\u00e5da<\/li>\n\n\n\n<li>Instruktionsbok<\/li>\n\n\n\n<li>mm&#8230; <\/li>\n\n\n\n<li>Utrustningsniv\u00e5 kan skilja mellan olika modeller<\/li>\n<\/ul>\n<\/div>\n<\/div>\n\n\n\n<figure class=\"wp-block-table is-style-stripes has-small-font-size\"><table><thead><tr><th>Modell<\/th><th>Servomill UWF 10<br>Art. 301256<\/th><th>Servomill UWF 12<br>Art. 301257<\/th><th>Servomill UWF 15<br>Art. 301258<\/th><\/tr><\/thead><tbody><tr><td>Arbetsbord<\/td><td>1235 x 460 mm<\/td><td>1600 x 500 mm<\/td><td>2000 x 500 mm<\/td><\/tr><tr><td>R\u00f6relse X-axel<\/td><td>900 mm<\/td><td>1200 mm<\/td><td>1400 mm<\/td><\/tr><tr><td>R\u00f6relse Y-axel<\/td><td>650 mm<\/td><td>700 mm<\/td><td>700 mm<\/td><\/tr><tr><td>R\u00f6relse Z-axel<\/td><td>450 mm<\/td><td>500 mm<\/td><td>500 mm<\/td><\/tr><tr><td>Spindel varvtal (v\u00e4xlar)<\/td><td>30-2050 v\/min (2)<\/td><td>30-2050 v\/min (2)<\/td><td>30-2050 v\/min (2)<\/td><\/tr><tr><td>Spindelkona<\/td><td>SK 40 \/ DIN 2080<\/td><td>SK 50 \/ DIN 2080<\/td><td>SK 50 \/ DIN 2080<\/td><\/tr><tr><td>Motor effekt<\/td><td>7,5 kW<\/td><td>11 kW<\/td><td>11 kW<\/td><\/tr><tr><td>Vikt<\/td><td>4000 kg<\/td><td>4500 kg<\/td><td>5000 kg<\/td><\/tr><\/tbody><\/table><\/figure>\n\n\n\n<p>Den m\u00e5ngsidiga Servomill UWF 10 till 15 med servokonventionell matningsteknik och det universella fr\u00e4shuvudet som kan sv\u00e4ngas i tv\u00e5 riktningar \u00e4r toppmodellen av UWF-fr\u00e4smaskinerna. Serien har ett s\u00e4rskilt stort arbetsomr\u00e5de och den kraftfullaste huvudspindeldrivningen. Med elektroniska stopp, handrattar och extra fr\u00e4sfunktioner g\u00f6r Servomill f\u00f6rdelarna med storskalig CNC-teknik tillg\u00e4ngliga utan programmering. Maskinerna anv\u00e4nds fr\u00e4mst inom verktygstillverkning, underh\u00e5llsavdelningar och utbildningssyfte.<\/p>\n\n\n\n<p>Servomill UWF serien finns i 3 olika versioner.<\/p>\n\n\n\n<p>F\u00f6r mer info om produkten och tillbeh\u00f6r se produktblad eller kontakta oss.<\/p>\n\n\n\n<div class=\"wp-block-buttons is-layout-flex wp-block-buttons-is-layout-flex\">\n<div class=\"wp-block-button\"><a class=\"wp-block-button__link has-white-color has-vivid-red-background-color has-text-color has-background wp-element-button\" href=\"https:\/\/swebalk.com\/wp-content\/uploads\/2023\/08\/Servomill\u00ae-UWF-10-Datasheet.pdf\" target=\"_blank\" rel=\"noreferrer noopener\">Produktblad Servomill UWF 10<\/a><\/div>\n\n\n\n<div class=\"wp-block-button\"><a class=\"wp-block-button__link has-white-color has-vivid-red-background-color has-text-color has-background wp-element-button\" href=\"https:\/\/swebalk.com\/wp-content\/uploads\/2023\/08\/Servomill\u00ae-UWF-12-Datasheet.pdf\" target=\"_blank\" rel=\"noreferrer noopener\">Produktblad Servomill UWF 12<\/a><\/div>\n\n\n\n<div class=\"wp-block-button\"><a class=\"wp-block-button__link has-white-color has-vivid-red-background-color has-text-color has-background wp-element-button\" href=\"https:\/\/swebalk.com\/wp-content\/uploads\/2023\/08\/Servomill-UWF-15-Datasheet.pdf\" target=\"_blank\" rel=\"noreferrer noopener\">Produktblad Servomill UWF 15<\/a><\/div>\n<\/div>","protected":false},"excerpt":{"rendered":"<p>Art. 301256 Servomill UWF 10 Art. 301257 Servomill UWF 12 Art. 301258 Servomill UWF 15 Standard utrustning: Modell Servomill UWF 10Art. 301256 Servomill UWF 12Art. 301257 Servomill UWF 15Art. 301258 Arbetsbord 1235 x 460 mm 1600 x 500 mm 2000 x 500 mm R\u00f6relse X-axel 900 mm 1200 mm 1400 mm R\u00f6relse Y-axel 650 mm [&hellip;]<\/p>\n","protected":false},"author":1,"featured_media":0,"parent":395,"menu_order":0,"comment_status":"closed","ping_status":"closed","template":"templates\/template-full.php","meta":{"_acf_changed":false,"footnotes":""},"class_list":["post-1441","page","type-page","status-publish","hentry","post"],"acf":[],"_links":{"self":[{"href":"https:\/\/swebalk.com\/en\/wp-json\/wp\/v2\/pages\/1441","targetHints":{"allow":["GET"]}}],"collection":[{"href":"https:\/\/swebalk.com\/en\/wp-json\/wp\/v2\/pages"}],"about":[{"href":"https:\/\/swebalk.com\/en\/wp-json\/wp\/v2\/types\/page"}],"author":[{"embeddable":true,"href":"https:\/\/swebalk.com\/en\/wp-json\/wp\/v2\/users\/1"}],"replies":[{"embeddable":true,"href":"https:\/\/swebalk.com\/en\/wp-json\/wp\/v2\/comments?post=1441"}],"version-history":[{"count":1,"href":"https:\/\/swebalk.com\/en\/wp-json\/wp\/v2\/pages\/1441\/revisions"}],"predecessor-version":[{"id":1449,"href":"https:\/\/swebalk.com\/en\/wp-json\/wp\/v2\/pages\/1441\/revisions\/1449"}],"up":[{"embeddable":true,"href":"https:\/\/swebalk.com\/en\/wp-json\/wp\/v2\/pages\/395"}],"wp:attachment":[{"href":"https:\/\/swebalk.com\/en\/wp-json\/wp\/v2\/media?parent=1441"}],"curies":[{"name":"wp","href":"https:\/\/api.w.org\/{rel}","templated":true}]}}