{"id":1434,"date":"2023-08-28T07:27:07","date_gmt":"2023-08-28T07:27:07","guid":{"rendered":"https:\/\/swebalk.com\/?page_id=1434"},"modified":"2023-08-28T13:27:46","modified_gmt":"2023-08-28T13:27:46","slug":"universalfrasmaskin-servomill-uwf-5","status":"publish","type":"page","link":"https:\/\/swebalk.com\/en\/produkter\/skarandebearbetning\/frasning\/universalfrasmaskin-servomill-uwf-5\/","title":{"rendered":"Universalfr\u00e4smaskin Servomill UWF 5"},"content":{"rendered":"<p>Art. 301254<\/p>\n\n\n\n<div class=\"wp-block-columns is-layout-flex wp-container-core-columns-is-layout-9d6595d7 wp-block-columns-is-layout-flex\">\n<div class=\"wp-block-column is-layout-flow wp-block-column-is-layout-flow\">\n<figure class=\"wp-block-image size-full\"><img decoding=\"async\" src=\"https:\/\/swebalk.com\/wp-content\/uploads\/2023\/08\/image-96.png\" alt=\"\" class=\"wp-image-1435\"\/><\/figure>\n\n\n\n<div class=\"wp-block-columns is-layout-flex wp-container-core-columns-is-layout-9d6595d7 wp-block-columns-is-layout-flex\">\n<div class=\"wp-block-column is-layout-flow wp-block-column-is-layout-flow\">\n<figure class=\"wp-block-image size-full\"><img decoding=\"async\" src=\"https:\/\/swebalk.com\/wp-content\/uploads\/2023\/08\/image-97.png\" alt=\"\" class=\"wp-image-1436\"\/><\/figure>\n<\/div>\n\n\n\n<div class=\"wp-block-column is-layout-flow wp-block-column-is-layout-flow\">\n<figure class=\"wp-block-image size-full\"><img decoding=\"async\" src=\"https:\/\/swebalk.com\/wp-content\/uploads\/2023\/08\/image-98.png\" alt=\"\" class=\"wp-image-1437\"\/><\/figure>\n<\/div>\n\n\n\n<div class=\"wp-block-column is-layout-flow wp-block-column-is-layout-flow\">\n<figure class=\"wp-block-image size-full\"><img decoding=\"async\" src=\"https:\/\/swebalk.com\/wp-content\/uploads\/2023\/08\/image-99.png\" alt=\"\" class=\"wp-image-1438\"\/><\/figure>\n<\/div>\n<\/div>\n\n\n\n<p><strong>Standard utrustning<\/strong>:<\/p>\n\n\n\n<ul class=\"wp-block-list\">\n<li>3-axis DRO, X.pos 3.2<\/li>\n\n\n\n<li>Reduceringshylsa ISO50\/MK4<\/li>\n\n\n\n<li>Fr\u00e4schuck arborh\u00e5llare \u00d8 27 och \u00d8 32 mm<\/li>\n\n\n\n<li>Fr\u00e4schuck ISO 50 med sp\u00e4nnhylsor upp till 16 mm (8 st.)<\/li>\n\n\n\n<li>Sp\u00e5npanna<\/li>\n\n\n\n<li>Kylsystem<\/li>\n\n\n\n<li>Dragst\u00e5ng <\/li>\n\n\n\n<li>Arbetsbelysning<\/li>\n\n\n\n<li>Verktygsl\u00e5da<\/li>\n\n\n\n<li>Instruktionsbok<\/li>\n<\/ul>\n<\/div>\n\n\n\n<div class=\"wp-block-column is-layout-flow wp-block-column-is-layout-flow\">\n<figure class=\"wp-block-table is-style-stripes has-small-font-size\"><table><tbody><tr><td>Arbetsbord\/T-sp\u00e5r<\/td><td>1600 x 360\/18 mm<\/td><\/tr><tr><td>Arbetsbord belastning<\/td><td>300 kg<\/td><\/tr><tr><td>X-axel r\u00f6relse<\/td><td>1300 mm<\/td><\/tr><tr><td>Y-axel r\u00f6relse<\/td><td>290 mm<\/td><\/tr><tr><td>Z-axel r\u00f6relse<\/td><td>450 mm<\/td><\/tr><tr><td>Matning X-, Y-, Z-axel<\/td><td>0 &#8211; 1000 mm\/min<\/td><\/tr><tr><td>Snabbmatning X-axel<\/td><td>5000 mm\/min<\/td><\/tr><tr><td>Snabbmatning Y-axel<\/td><td>3000 mm\/min<\/td><\/tr><tr><td>Snabbmatning Z-axel<\/td><td>1500 mm\/min<\/td><\/tr><tr><td>Varvtal (vertikal)<\/td><td>60 \u2013 1800 v\/min<\/td><\/tr><tr><td>Spindelkona<\/td><td>ISO 50<\/td><\/tr><tr><td>Avst\u00e5nd spindel &#8211; bord<\/td><td>186 &#8211; 636 mm<\/td><\/tr><tr><td>Fr\u00e4shuvud vridomr\u00e5de<\/td><td>360\u00b0<\/td><\/tr><tr><td>Varvtal horisontell spindel<\/td><td>60 \u2013 1800 v\/min<\/td><\/tr><tr><td>Spindelkona horisontell<\/td><td>50 SK<\/td><\/tr><tr><td>Motor effekt<\/td><td>7,5 kW<\/td><\/tr><tr><td>Dimension (LxBxH)<\/td><td>2,52 x 2,1 x 2,0 m<\/td><\/tr><tr><td>Vikt<\/td><td>2800 kg<\/td><\/tr><\/tbody><\/table><\/figure>\n<\/div>\n<\/div>\n\n\n\n<p>Den servostyrda UWF 5 universalfr\u00e4sen har den senaste CNC-tekniken, men kan ocks\u00e5 k\u00f6ras konventionellt. Ut\u00f6ver det universella fr\u00e4shuvudet, som kan sv\u00e4ngas i tv\u00e5 riktningar, \u00e4r maskinen \u00e4ven utrustad med en horisontell spindel och en kraftfullare huvudspindeldrift. Servomotormatningen med elektroniska handrattar och de extra fr\u00e4sfunktionerna g\u00f6r f\u00f6rdelarna med CNC-teknik tillg\u00e4ngliga utan programmering. Med sin omfattande utrustning \u00e4r denna modell idealisk f\u00f6r s\u00e5v\u00e4l underh\u00e5llsverkst\u00e4der som utbildnings- och tillverkningsavdelningar.<\/p>\n\n\n\n<div class=\"wp-block-buttons is-layout-flex wp-block-buttons-is-layout-flex\">\n<div class=\"wp-block-button\"><a class=\"wp-block-button__link has-white-color has-vivid-red-background-color has-text-color has-background wp-element-button\" href=\"https:\/\/swebalk.com\/wp-content\/uploads\/2023\/08\/Servomill\u00ae-UWF-5-Datasheet.pdf\" target=\"_blank\" rel=\"noreferrer noopener\">Produktblad Servomill UWF 5<\/a><\/div>\n<\/div>","protected":false},"excerpt":{"rendered":"<p>Art. 301254 Standard utrustning: Arbetsbord\/T-sp\u00e5r 1600 x 360\/18 mm Arbetsbord belastning 300 kg X-axel r\u00f6relse 1300 mm Y-axel r\u00f6relse 290 mm Z-axel r\u00f6relse 450 mm Matning X-, Y-, Z-axel 0 &#8211; 1000 mm\/min Snabbmatning X-axel 5000 mm\/min Snabbmatning Y-axel 3000 mm\/min Snabbmatning Z-axel 1500 mm\/min Varvtal (vertikal) 60 \u2013 1800 v\/min Spindelkona ISO 50 Avst\u00e5nd [&hellip;]<\/p>\n","protected":false},"author":1,"featured_media":0,"parent":395,"menu_order":0,"comment_status":"closed","ping_status":"closed","template":"templates\/template-full.php","meta":{"_acf_changed":false,"footnotes":""},"class_list":["post-1434","page","type-page","status-publish","hentry","post"],"acf":[],"_links":{"self":[{"href":"https:\/\/swebalk.com\/en\/wp-json\/wp\/v2\/pages\/1434","targetHints":{"allow":["GET"]}}],"collection":[{"href":"https:\/\/swebalk.com\/en\/wp-json\/wp\/v2\/pages"}],"about":[{"href":"https:\/\/swebalk.com\/en\/wp-json\/wp\/v2\/types\/page"}],"author":[{"embeddable":true,"href":"https:\/\/swebalk.com\/en\/wp-json\/wp\/v2\/users\/1"}],"replies":[{"embeddable":true,"href":"https:\/\/swebalk.com\/en\/wp-json\/wp\/v2\/comments?post=1434"}],"version-history":[{"count":1,"href":"https:\/\/swebalk.com\/en\/wp-json\/wp\/v2\/pages\/1434\/revisions"}],"predecessor-version":[{"id":1440,"href":"https:\/\/swebalk.com\/en\/wp-json\/wp\/v2\/pages\/1434\/revisions\/1440"}],"up":[{"embeddable":true,"href":"https:\/\/swebalk.com\/en\/wp-json\/wp\/v2\/pages\/395"}],"wp:attachment":[{"href":"https:\/\/swebalk.com\/en\/wp-json\/wp\/v2\/media?parent=1434"}],"curies":[{"name":"wp","href":"https:\/\/api.w.org\/{rel}","templated":true}]}}