{"id":1426,"date":"2023-08-28T07:11:58","date_gmt":"2023-08-28T07:11:58","guid":{"rendered":"https:\/\/swebalk.com\/?page_id=1426"},"modified":"2023-08-28T13:27:25","modified_gmt":"2023-08-28T13:27:25","slug":"universalfrasmaskin-uwf-6","status":"publish","type":"page","link":"https:\/\/swebalk.com\/en\/produkter\/skarandebearbetning\/frasning\/universalfrasmaskin-uwf-6\/","title":{"rendered":"Universalfr\u00e4smaskin UWF 6"},"content":{"rendered":"<p>Art. 362751<\/p>\n\n\n\n<div class=\"wp-block-columns is-layout-flex wp-container-core-columns-is-layout-9d6595d7 wp-block-columns-is-layout-flex\">\n<div class=\"wp-block-column is-layout-flow wp-block-column-is-layout-flow\">\n<figure class=\"wp-block-image size-full\"><img decoding=\"async\" src=\"https:\/\/swebalk.com\/wp-content\/uploads\/2023\/08\/image-92.png\" alt=\"\" class=\"wp-image-1427\"\/><\/figure>\n\n\n\n<div class=\"wp-block-columns is-layout-flex wp-container-core-columns-is-layout-9d6595d7 wp-block-columns-is-layout-flex\">\n<div class=\"wp-block-column is-layout-flow wp-block-column-is-layout-flow\">\n<figure class=\"wp-block-image size-full\"><img decoding=\"async\" src=\"https:\/\/swebalk.com\/wp-content\/uploads\/2023\/08\/image-93.png\" alt=\"\" class=\"wp-image-1428\"\/><\/figure>\n<\/div>\n\n\n\n<div class=\"wp-block-column is-layout-flow wp-block-column-is-layout-flow\">\n<figure class=\"wp-block-image size-full\"><img decoding=\"async\" src=\"https:\/\/swebalk.com\/wp-content\/uploads\/2023\/08\/image-94.png\" alt=\"\" class=\"wp-image-1429\"\/><\/figure>\n<\/div>\n\n\n\n<div class=\"wp-block-column is-layout-flow wp-block-column-is-layout-flow\">\n<figure class=\"wp-block-image size-full\"><img decoding=\"async\" src=\"https:\/\/swebalk.com\/wp-content\/uploads\/2023\/08\/image-95.png\" alt=\"\" class=\"wp-image-1430\"\/><\/figure>\n<\/div>\n<\/div>\n\n\n\n<p><strong>Standard utrustning<\/strong>:<\/p>\n\n\n\n<ul class=\"wp-block-list\">\n<li>3-axis DRO, X.pos 3.2<\/li>\n\n\n\n<li>Reduceringshylsa ISO50\/MT4<\/li>\n\n\n\n<li>Arbor st\u00f6d f\u00f6r horisontell fr\u00e4sning<\/li>\n\n\n\n<li>Horisontell arborh\u00e5llare \u00d8 27 mm<\/li>\n\n\n\n<li>Fr\u00e4schuck arbor \u00d8 32 mm<\/li>\n\n\n\n<li>Central sm\u00f6rjning<\/li>\n\n\n\n<li>Sp\u00e5npanna<\/li>\n\n\n\n<li>Kylsystem<\/li>\n\n\n\n<li>Dragst\u00e5ng <\/li>\n\n\n\n<li>Arbetsbelysning<\/li>\n\n\n\n<li>Verktygsl\u00e5da<\/li>\n\n\n\n<li>Instruktionsbok<\/li>\n<\/ul>\n<\/div>\n\n\n\n<div class=\"wp-block-column is-layout-flow wp-block-column-is-layout-flow\">\n<figure class=\"wp-block-table is-style-stripes has-small-font-size\"><table><tbody><tr><td>Arbetsbord\/T-sp\u00e5r<\/td><td>1600 x 360\/18 mm<\/td><\/tr><tr><td>Arbetsbord belastning<\/td><td>500 kg<\/td><\/tr><tr><td>X-axel r\u00f6relse<\/td><td>1300 mm<\/td><\/tr><tr><td>Y-axel r\u00f6relse<\/td><td>300 mm<\/td><\/tr><tr><td>Z-axel r\u00f6relse<\/td><td>400 mm<\/td><\/tr><tr><td>Matning X-axel<\/td><td>30 &#8211; 750 mm\/min<\/td><\/tr><tr><td>Matning Y-axel<\/td><td>20 &#8211; 500 mm\/min<\/td><\/tr><tr><td>Matning Z-axel<\/td><td>15 &#8211; 375 mm\/min<\/td><\/tr><tr><td>Snabbmatning X-axel<\/td><td>1200 mm\/min<\/td><\/tr><tr><td>Snabbmatning Y-axel<\/td><td>800 mm\/min<\/td><\/tr><tr><td>Snabbmatning Z-axel<\/td><td>600 mm\/min<\/td><\/tr><tr><td>Varvtal (vertikal)<\/td><td>60 \u2013 1750 v\/min<\/td><\/tr><tr><td>Spindelkona<\/td><td>ISO 50<\/td><\/tr><tr><td>Avst\u00e5nd spindel &#8211; bord<\/td><td>190 &#8211; 590 mm<\/td><\/tr><tr><td>Fr\u00e4shuvud vridomr\u00e5de<\/td><td>360\u00b0<\/td><\/tr><tr><td>Varvtal horisontell spindel<\/td><td>60 \u2013 1800 v\/min<\/td><\/tr><tr><td>Spindelkona horisontell<\/td><td>ISO 50<\/td><\/tr><tr><td>Motor effekt horisontell<\/td><td>5,5 kW<\/td><\/tr><tr><td>Motor effekt vertikal<\/td><td>4 kW<\/td><\/tr><tr><td>Dimension (LxBxH)<\/td><td>2,52 x 2,1 x 2,0 m<\/td><\/tr><tr><td>Vikt<\/td><td>2950 kg<\/td><\/tr><\/tbody><\/table><\/figure>\n<\/div>\n<\/div>\n\n\n\n<p>Denna universella fr\u00e4smaskin \u00e4r den st\u00f6rsta modellen fr\u00e5n UWF-serien och utm\u00e4rker sig med sin styva konstruktion, stora arbetsyta och l\u00e5nga r\u00f6relser p\u00e5 alla axlar. Designad som en m\u00e5ngsidig l\u00f6sning, kan den enkelt hantera stora arbetsstycken och \u00e4r utrustad med funktioner som universalfr\u00e4shuvud, vridbart bord, horisontell axel vilket avsev\u00e4rt \u00f6kar dess anv\u00e4ndningsomr\u00e5de.<\/p>\n\n\n\n<div class=\"wp-block-buttons is-layout-flex wp-block-buttons-is-layout-flex\">\n<div class=\"wp-block-button\"><a class=\"wp-block-button__link has-white-color has-vivid-red-background-color has-text-color has-background wp-element-button\" href=\"https:\/\/swebalk.com\/wp-content\/uploads\/2023\/08\/UWF-6-Datasheet.pdf\" target=\"_blank\" rel=\"noreferrer noopener\">Produktblad UWF 5<\/a><\/div>\n<\/div>","protected":false},"excerpt":{"rendered":"<p>Art. 362751 Standard utrustning: Arbetsbord\/T-sp\u00e5r 1600 x 360\/18 mm Arbetsbord belastning 500 kg X-axel r\u00f6relse 1300 mm Y-axel r\u00f6relse 300 mm Z-axel r\u00f6relse 400 mm Matning X-axel 30 &#8211; 750 mm\/min Matning Y-axel 20 &#8211; 500 mm\/min Matning Z-axel 15 &#8211; 375 mm\/min Snabbmatning X-axel 1200 mm\/min Snabbmatning Y-axel 800 mm\/min Snabbmatning Z-axel 600 mm\/min [&hellip;]<\/p>\n","protected":false},"author":1,"featured_media":0,"parent":395,"menu_order":0,"comment_status":"closed","ping_status":"closed","template":"templates\/template-full.php","meta":{"_acf_changed":false,"footnotes":""},"class_list":["post-1426","page","type-page","status-publish","hentry","post"],"acf":[],"_links":{"self":[{"href":"https:\/\/swebalk.com\/en\/wp-json\/wp\/v2\/pages\/1426","targetHints":{"allow":["GET"]}}],"collection":[{"href":"https:\/\/swebalk.com\/en\/wp-json\/wp\/v2\/pages"}],"about":[{"href":"https:\/\/swebalk.com\/en\/wp-json\/wp\/v2\/types\/page"}],"author":[{"embeddable":true,"href":"https:\/\/swebalk.com\/en\/wp-json\/wp\/v2\/users\/1"}],"replies":[{"embeddable":true,"href":"https:\/\/swebalk.com\/en\/wp-json\/wp\/v2\/comments?post=1426"}],"version-history":[{"count":1,"href":"https:\/\/swebalk.com\/en\/wp-json\/wp\/v2\/pages\/1426\/revisions"}],"predecessor-version":[{"id":1433,"href":"https:\/\/swebalk.com\/en\/wp-json\/wp\/v2\/pages\/1426\/revisions\/1433"}],"up":[{"embeddable":true,"href":"https:\/\/swebalk.com\/en\/wp-json\/wp\/v2\/pages\/395"}],"wp:attachment":[{"href":"https:\/\/swebalk.com\/en\/wp-json\/wp\/v2\/media?parent=1426"}],"curies":[{"name":"wp","href":"https:\/\/api.w.org\/{rel}","templated":true}]}}