{"id":1419,"date":"2023-08-28T06:59:22","date_gmt":"2023-08-28T06:59:22","guid":{"rendered":"https:\/\/swebalk.com\/?page_id=1419"},"modified":"2023-08-28T13:27:11","modified_gmt":"2023-08-28T13:27:11","slug":"universalfrasmaskin-uwf-5","status":"publish","type":"page","link":"https:\/\/swebalk.com\/en\/produkter\/skarandebearbetning\/frasning\/universalfrasmaskin-uwf-5\/","title":{"rendered":"Universalfr\u00e4smaskin UWF 5"},"content":{"rendered":"<p>Art. 362750<\/p>\n\n\n\n<div class=\"wp-block-columns is-layout-flex wp-container-core-columns-is-layout-9d6595d7 wp-block-columns-is-layout-flex\">\n<div class=\"wp-block-column is-layout-flow wp-block-column-is-layout-flow\">\n<figure class=\"wp-block-image size-full\"><img decoding=\"async\" src=\"https:\/\/swebalk.com\/wp-content\/uploads\/2023\/08\/image-88.png\" alt=\"\" class=\"wp-image-1420\"\/><\/figure>\n\n\n\n<div class=\"wp-block-columns is-layout-flex wp-container-core-columns-is-layout-9d6595d7 wp-block-columns-is-layout-flex\">\n<div class=\"wp-block-column is-layout-flow wp-block-column-is-layout-flow\">\n<figure class=\"wp-block-image size-full\"><img decoding=\"async\" src=\"https:\/\/swebalk.com\/wp-content\/uploads\/2023\/08\/image-89.png\" alt=\"\" class=\"wp-image-1421\"\/><\/figure>\n<\/div>\n\n\n\n<div class=\"wp-block-column is-layout-flow wp-block-column-is-layout-flow\">\n<figure class=\"wp-block-image size-full\"><img decoding=\"async\" src=\"https:\/\/swebalk.com\/wp-content\/uploads\/2023\/08\/image-90.png\" alt=\"\" class=\"wp-image-1422\"\/><\/figure>\n<\/div>\n\n\n\n<div class=\"wp-block-column is-layout-flow wp-block-column-is-layout-flow\">\n<figure class=\"wp-block-image size-full\"><img decoding=\"async\" src=\"https:\/\/swebalk.com\/wp-content\/uploads\/2023\/08\/image-91.png\" alt=\"\" class=\"wp-image-1423\"\/><\/figure>\n<\/div>\n<\/div>\n\n\n\n<p><strong>Standard utrustning<\/strong>:<\/p>\n\n\n\n<ul class=\"wp-block-list\">\n<li>3-axis DRO, X.pos 3.2<\/li>\n\n\n\n<li>Reduceringshylsa ISO50\/MT4<\/li>\n\n\n\n<li>Arbor st\u00f6d f\u00f6r horisontell fr\u00e4sning<\/li>\n\n\n\n<li>Horisontell arborh\u00e5llare \u00d8 27 och \u00d8 32 mm<\/li>\n\n\n\n<li>Fr\u00e4schuck med sp\u00e4nnhylsor 3-25 mm (8 st.)<\/li>\n\n\n\n<li>Sp\u00e5npanna<\/li>\n\n\n\n<li>Kylsystem<\/li>\n\n\n\n<li>Dragst\u00e5ng <\/li>\n\n\n\n<li>Arbetsbelysning<\/li>\n\n\n\n<li>Verktygsl\u00e5da<\/li>\n\n\n\n<li>Instruktionsbok<\/li>\n<\/ul>\n<\/div>\n\n\n\n<div class=\"wp-block-column is-layout-flow wp-block-column-is-layout-flow\">\n<figure class=\"wp-block-table is-style-stripes has-small-font-size\"><table><tbody><tr><td>Arbetsbord\/T-sp\u00e5r<\/td><td>1325 x 360\/18 mm<\/td><\/tr><tr><td>Arbetsbord belastning<\/td><td>500 kg<\/td><\/tr><tr><td>X-axel r\u00f6relse<\/td><td>750 mm<\/td><\/tr><tr><td>Y-axel r\u00f6relse<\/td><td>280 mm<\/td><\/tr><tr><td>Z-axel r\u00f6relse<\/td><td>390 mm<\/td><\/tr><tr><td>Matning X-axel<\/td><td>30 &#8211; 750 mm\/min<\/td><\/tr><tr><td>Matning Y-axel<\/td><td>20 &#8211; 500 mm\/min<\/td><\/tr><tr><td>Matning Z-axel<\/td><td>15 &#8211; 375 mm\/min<\/td><\/tr><tr><td>Snabbmatning X-axel<\/td><td>1200 mm\/min<\/td><\/tr><tr><td>Snabbmatning Y-axel<\/td><td>800 mm\/min<\/td><\/tr><tr><td>Snabbmatning Z-axel<\/td><td>600 mm\/min<\/td><\/tr><tr><td>Varvtal (vertikal)<\/td><td>60 \u2013 1750 v\/min<\/td><\/tr><tr><td>Spindelkona<\/td><td>ISO 50<\/td><\/tr><tr><td>Avst\u00e5nd spindel &#8211; bord<\/td><td>175 &#8211; 565 mm<\/td><\/tr><tr><td>Fr\u00e4shuvud vridomr\u00e5de<\/td><td>360\u00b0<\/td><\/tr><tr><td>Varvtal horisontell spindel<\/td><td>60 \u2013 1800 v\/min<\/td><\/tr><tr><td>Spindelkona horisontell<\/td><td>ISO 50<\/td><\/tr><tr><td>Motor effekt horisontell<\/td><td>5,5 kW<\/td><\/tr><tr><td>Motor effekt vertikal<\/td><td>4 kW<\/td><\/tr><tr><td>Dimension (LxBxH)<\/td><td>1,8 x 2,1 x 2,0 m<\/td><\/tr><tr><td>Vikt<\/td><td>2850 kg<\/td><\/tr><\/tbody><\/table><\/figure>\n<\/div>\n<\/div>\n\n\n\n<p>Denna universalfr\u00e4s \u00e4r en av toppmodellerna i UWF-serien, som k\u00e4nnetecknas av ett stort arbetsomr\u00e5de, universalfr\u00e4shuvud och horisontell spindel. Den har kraftig driv med stegl\u00f6st variabla servomotorns matning ut\u00f6kar anv\u00e4ndningsomr\u00e5det f\u00f6r UWF 5. Fr\u00e4shuvud kan vridas i tv\u00e5 riktningar och den horisontella spindeln har en egen drivning med en fingraderad v\u00e4xling. Med sin omfattande utrustning \u00e4r denna modell perfekt f\u00f6r s\u00e5v\u00e4l underh\u00e5llssverkst\u00e4der som utbildnings- och produktionsavdelningar.<\/p>\n\n\n\n<div class=\"wp-block-buttons is-layout-flex wp-block-buttons-is-layout-flex\">\n<div class=\"wp-block-button\"><a class=\"wp-block-button__link has-white-color has-vivid-red-background-color has-text-color has-background wp-element-button\" href=\"https:\/\/swebalk.com\/wp-content\/uploads\/2023\/08\/UWF-5-Datasheet.pdf\" target=\"_blank\" rel=\"noreferrer noopener\">Produktblad UWF 5<\/a><\/div>\n<\/div>","protected":false},"excerpt":{"rendered":"<p>Art. 362750 Standard utrustning: Arbetsbord\/T-sp\u00e5r 1325 x 360\/18 mm Arbetsbord belastning 500 kg X-axel r\u00f6relse 750 mm Y-axel r\u00f6relse 280 mm Z-axel r\u00f6relse 390 mm Matning X-axel 30 &#8211; 750 mm\/min Matning Y-axel 20 &#8211; 500 mm\/min Matning Z-axel 15 &#8211; 375 mm\/min Snabbmatning X-axel 1200 mm\/min Snabbmatning Y-axel 800 mm\/min Snabbmatning Z-axel 600 mm\/min [&hellip;]<\/p>\n","protected":false},"author":1,"featured_media":0,"parent":395,"menu_order":0,"comment_status":"closed","ping_status":"closed","template":"templates\/template-full.php","meta":{"_acf_changed":false,"footnotes":""},"class_list":["post-1419","page","type-page","status-publish","hentry","post"],"acf":[],"_links":{"self":[{"href":"https:\/\/swebalk.com\/en\/wp-json\/wp\/v2\/pages\/1419","targetHints":{"allow":["GET"]}}],"collection":[{"href":"https:\/\/swebalk.com\/en\/wp-json\/wp\/v2\/pages"}],"about":[{"href":"https:\/\/swebalk.com\/en\/wp-json\/wp\/v2\/types\/page"}],"author":[{"embeddable":true,"href":"https:\/\/swebalk.com\/en\/wp-json\/wp\/v2\/users\/1"}],"replies":[{"embeddable":true,"href":"https:\/\/swebalk.com\/en\/wp-json\/wp\/v2\/comments?post=1419"}],"version-history":[{"count":2,"href":"https:\/\/swebalk.com\/en\/wp-json\/wp\/v2\/pages\/1419\/revisions"}],"predecessor-version":[{"id":1431,"href":"https:\/\/swebalk.com\/en\/wp-json\/wp\/v2\/pages\/1419\/revisions\/1431"}],"up":[{"embeddable":true,"href":"https:\/\/swebalk.com\/en\/wp-json\/wp\/v2\/pages\/395"}],"wp:attachment":[{"href":"https:\/\/swebalk.com\/en\/wp-json\/wp\/v2\/media?parent=1419"}],"curies":[{"name":"wp","href":"https:\/\/api.w.org\/{rel}","templated":true}]}}