{"id":1414,"date":"2023-08-28T06:24:36","date_gmt":"2023-08-28T06:24:36","guid":{"rendered":"https:\/\/swebalk.com\/?page_id=1414"},"modified":"2023-08-28T13:26:58","modified_gmt":"2023-08-28T13:26:58","slug":"universalfrasmaskin-uwf-3-2","status":"publish","type":"page","link":"https:\/\/swebalk.com\/en\/produkter\/skarandebearbetning\/frasning\/universalfrasmaskin-uwf-3-2\/","title":{"rendered":"Universalfr\u00e4smaskin UWF 3.2"},"content":{"rendered":"<p>Art. 362695<\/p>\n\n\n\n<div class=\"wp-block-columns is-layout-flex wp-container-core-columns-is-layout-9d6595d7 wp-block-columns-is-layout-flex\">\n<div class=\"wp-block-column is-layout-flow wp-block-column-is-layout-flow\">\n<figure class=\"wp-block-image size-full\"><img decoding=\"async\" src=\"https:\/\/swebalk.com\/wp-content\/uploads\/2023\/08\/image-87.png\" alt=\"\" class=\"wp-image-1415\"\/><\/figure>\n\n\n\n<p><strong>Standard utrustning<\/strong>:<\/p>\n\n\n\n<ul class=\"wp-block-list\">\n<li>3-axis DRO, X.pos 3.2<\/li>\n\n\n\n<li>Central sm\u00f6rjning<\/li>\n\n\n\n<li>Kylsystem<\/li>\n\n\n\n<li>Dragst\u00e5ng 16M<\/li>\n\n\n\n<li>Horisontell arborrh\u00e5llare \u00d8 27 mm<\/li>\n\n\n\n<li>Fr\u00e4schuck med sp\u00e4nnhylsor (4,5,6,8,10,12,14,16 mm)<\/li>\n\n\n\n<li>Arbetsbelysning<\/li>\n\n\n\n<li>Verktygsl\u00e5da<\/li>\n\n\n\n<li>Instruktionsbok<\/li>\n<\/ul>\n<\/div>\n\n\n\n<div class=\"wp-block-column is-layout-flow wp-block-column-is-layout-flow\">\n<figure class=\"wp-block-table is-style-stripes has-small-font-size\"><table><tbody><tr><td>Arbetsbord\/T-sp\u00e5r<\/td><td>1370 x 320\/14 mm<\/td><\/tr><tr><td>Arbetsbord belastning<\/td><td>260 kg<\/td><\/tr><tr><td>X-axel r\u00f6relse<\/td><td>1000 mm<\/td><\/tr><tr><td>Y-axel r\u00f6relse<\/td><td>360 mm<\/td><\/tr><tr><td>Z-axel r\u00f6relse<\/td><td>400 mm<\/td><\/tr><tr><td>Varvtal (vertikal)<\/td><td>45 \u2013 1660 v\/min<\/td><\/tr><tr><td>Spindelkona<\/td><td>DIN 2080 \/ ISO 40<\/td><\/tr><tr><td>Avst\u00e5nd spindel &#8211; bord<\/td><td>260 &#8211; 660 mm<\/td><\/tr><tr><td>Avst\u00e5nd spindel &#8211; pelare<\/td><td>300 &#8211; 765 mm<\/td><\/tr><tr><td>Fr\u00e4shuvud vridomr\u00e5de<\/td><td>360\u00b0<\/td><\/tr><tr><td>Varvtal horisontell spindel<\/td><td>35 \u2013 1500 v\/min<\/td><\/tr><tr><td>Spindelkona horisontell<\/td><td>ISO 40<\/td><\/tr><tr><td>Avst\u00e5nd spindel &#8211; bord, horisontell<\/td><td>75 &#8211; 475 mm<\/td><\/tr><tr><td>Matning X-, Y-axel<\/td><td>30 &#8211; 830 mm\/min<\/td><\/tr><tr><td>Matning Z-axel<\/td><td>23 &#8211; 625 mm\/min<\/td><\/tr><tr><td>Motor effekt horisontell<\/td><td>3 kW<\/td><\/tr><tr><td>Motor effekt vertikal<\/td><td>3 kW<\/td><\/tr><tr><td>Dimension (LxBxH)<\/td><td>1,9 x 1,75 x 2,0 m<\/td><\/tr><tr><td>Vikt<\/td><td>1950 kg<\/td><\/tr><\/tbody><\/table><\/figure>\n<\/div>\n<\/div>\n\n\n\n<p>Den m\u00e5ngsidiga universalfr\u00e4smaskinen kompletterar den bepr\u00f6vade UWF 3. B\u00e5da modellerna har den stora arbetsytan, universalfr\u00e4shuvudet och den horisontella spindeln gemensamt. Den nya UWF 3.2. har dock ett n\u00e5got h\u00f6gre hastighetsomr\u00e5de och en stegl\u00f6st variabel servomotormatning, vilket ut\u00f6kar dess anv\u00e4ndningsomr\u00e5de. Tillsammans med den omfattande utrustningen \u00e4r denna modell ocks\u00e5 idealisk f\u00f6r underh\u00e5llsverkst\u00e4der samt utbildnings- och produktionsavdelningar.<\/p>\n\n\n\n<div class=\"wp-block-buttons is-layout-flex wp-block-buttons-is-layout-flex\">\n<div class=\"wp-block-button\"><a class=\"wp-block-button__link has-white-color has-vivid-red-background-color has-text-color has-background wp-element-button\" href=\"https:\/\/swebalk.com\/wp-content\/uploads\/2023\/08\/UWF-3.2-Datasheet.pdf\" target=\"_blank\" rel=\"noreferrer noopener\">Produktblad UWF 3.2<\/a><\/div>\n<\/div>","protected":false},"excerpt":{"rendered":"<p>Art. 362695 Standard utrustning: Arbetsbord\/T-sp\u00e5r 1370 x 320\/14 mm Arbetsbord belastning 260 kg X-axel r\u00f6relse 1000 mm Y-axel r\u00f6relse 360 mm Z-axel r\u00f6relse 400 mm Varvtal (vertikal) 45 \u2013 1660 v\/min Spindelkona DIN 2080 \/ ISO 40 Avst\u00e5nd spindel &#8211; bord 260 &#8211; 660 mm Avst\u00e5nd spindel &#8211; pelare 300 &#8211; 765 mm Fr\u00e4shuvud vridomr\u00e5de [&hellip;]<\/p>\n","protected":false},"author":1,"featured_media":0,"parent":395,"menu_order":0,"comment_status":"closed","ping_status":"closed","template":"templates\/template-full.php","meta":{"_acf_changed":false,"footnotes":""},"class_list":["post-1414","page","type-page","status-publish","hentry","post"],"acf":[],"_links":{"self":[{"href":"https:\/\/swebalk.com\/en\/wp-json\/wp\/v2\/pages\/1414","targetHints":{"allow":["GET"]}}],"collection":[{"href":"https:\/\/swebalk.com\/en\/wp-json\/wp\/v2\/pages"}],"about":[{"href":"https:\/\/swebalk.com\/en\/wp-json\/wp\/v2\/types\/page"}],"author":[{"embeddable":true,"href":"https:\/\/swebalk.com\/en\/wp-json\/wp\/v2\/users\/1"}],"replies":[{"embeddable":true,"href":"https:\/\/swebalk.com\/en\/wp-json\/wp\/v2\/comments?post=1414"}],"version-history":[{"count":2,"href":"https:\/\/swebalk.com\/en\/wp-json\/wp\/v2\/pages\/1414\/revisions"}],"predecessor-version":[{"id":2380,"href":"https:\/\/swebalk.com\/en\/wp-json\/wp\/v2\/pages\/1414\/revisions\/2380"}],"up":[{"embeddable":true,"href":"https:\/\/swebalk.com\/en\/wp-json\/wp\/v2\/pages\/395"}],"wp:attachment":[{"href":"https:\/\/swebalk.com\/en\/wp-json\/wp\/v2\/media?parent=1414"}],"curies":[{"name":"wp","href":"https:\/\/api.w.org\/{rel}","templated":true}]}}