{"id":1407,"date":"2023-08-28T06:06:33","date_gmt":"2023-08-28T06:06:33","guid":{"rendered":"https:\/\/swebalk.com\/?page_id=1407"},"modified":"2023-08-28T13:26:48","modified_gmt":"2023-08-28T13:26:48","slug":"universalfrasmaskin-uwf-1-2","status":"publish","type":"page","link":"https:\/\/swebalk.com\/en\/produkter\/skarandebearbetning\/frasning\/universalfrasmaskin-uwf-1-2\/","title":{"rendered":"Universalfr\u00e4smaskin UWF 1.2"},"content":{"rendered":"<p>Art. 362694<\/p>\n\n\n\n<div class=\"wp-block-columns is-layout-flex wp-container-core-columns-is-layout-9d6595d7 wp-block-columns-is-layout-flex\">\n<div class=\"wp-block-column is-layout-flow wp-block-column-is-layout-flow\">\n<figure class=\"wp-block-image size-full\"><img decoding=\"async\" src=\"https:\/\/swebalk.com\/wp-content\/uploads\/2023\/08\/image-83.png\" alt=\"\" class=\"wp-image-1408\"\/><\/figure>\n\n\n\n<div class=\"wp-block-columns is-layout-flex wp-container-core-columns-is-layout-9d6595d7 wp-block-columns-is-layout-flex\">\n<div class=\"wp-block-column is-layout-flow wp-block-column-is-layout-flow\">\n<figure class=\"wp-block-image size-full\"><img decoding=\"async\" src=\"https:\/\/swebalk.com\/wp-content\/uploads\/2023\/08\/image-84.png\" alt=\"\" class=\"wp-image-1409\"\/><\/figure>\n<\/div>\n\n\n\n<div class=\"wp-block-column is-layout-flow wp-block-column-is-layout-flow\">\n<figure class=\"wp-block-image size-full\"><img decoding=\"async\" src=\"https:\/\/swebalk.com\/wp-content\/uploads\/2023\/08\/image-85.png\" alt=\"\" class=\"wp-image-1410\"\/><\/figure>\n<\/div>\n\n\n\n<div class=\"wp-block-column is-layout-flow wp-block-column-is-layout-flow\">\n<figure class=\"wp-block-image size-full\"><img decoding=\"async\" src=\"https:\/\/swebalk.com\/wp-content\/uploads\/2023\/08\/image-86.png\" alt=\"\" class=\"wp-image-1411\"\/><\/figure>\n<\/div>\n<\/div>\n<\/div>\n\n\n\n<div class=\"wp-block-column is-layout-flow wp-block-column-is-layout-flow\">\n<figure class=\"wp-block-table is-style-stripes has-small-font-size\"><table><tbody><tr><td>Arbetsbord\/T-sp\u00e5r<\/td><td>1370 x 300\/14 mm<\/td><\/tr><tr><td>Arbetsbord belastning<\/td><td>300 kg<\/td><\/tr><tr><td>X-axel r\u00f6relse<\/td><td>1000 mm<\/td><\/tr><tr><td>Y-axel r\u00f6relse<\/td><td>360 mm<\/td><\/tr><tr><td>Z-axel r\u00f6relse<\/td><td>400 mm<\/td><\/tr><tr><td>Varvtal (variabla L-H)<\/td><td>45 \u2013 1660 v\/min<\/td><\/tr><tr><td>Spindelkona<\/td><td>DIN 2080 \/ ISO 40<\/td><\/tr><tr><td>Avst\u00e5nd spindel &#8211; bord<\/td><td>100 &#8211; 500 mm<\/td><\/tr><tr><td>Avst\u00e5nd spindel &#8211; pelare<\/td><td>150 &#8211; 550 mm<\/td><\/tr><tr><td>Fr\u00e4shuvud vridomr\u00e5de<\/td><td>360\u00b0<\/td><\/tr><tr><td>Matning X-, Y-axel<\/td><td>30 &#8211; 830 mm\/min<\/td><\/tr><tr><td>Matning Z-axel<\/td><td>23 &#8211; 625 mm\/min<\/td><\/tr><tr><td>Snabbmatning X-axel<\/td><td>1335 mm\/min<\/td><\/tr><tr><td>Snabbmatning Y-axel<\/td><td>1000 mm\/min<\/td><\/tr><tr><td>Motor effekt<\/td><td>3 kW<\/td><\/tr><tr><td>Dimension (LxBxH)<\/td><td>1,83 x 1,76 x 1,7 m<\/td><\/tr><tr><td>Vikt<\/td><td>1750 kg<\/td><\/tr><\/tbody><\/table><\/figure>\n<\/div>\n<\/div>\n\n\n\n<p><strong>Standard utrustning<\/strong>:<\/p>\n\n\n\n<ul class=\"wp-block-list\">\n<li>3-axis DRO, X.pos 3.2<\/li>\n\n\n\n<li>Central sm\u00f6rjning<\/li>\n\n\n\n<li>Kylsystem<\/li>\n\n\n\n<li>Dragst\u00e5ng 16M<\/li>\n\n\n\n<li>Arbor st\u00f6d f\u00f6r horisontell fr\u00e4sning<\/li>\n\n\n\n<li>Arbetsbelysning<\/li>\n\n\n\n<li>Verktygsl\u00e5da<\/li>\n\n\n\n<li>Instruktionsbok<\/li>\n<\/ul>\n\n\n\n<p>Denna m\u00e5ngsidiga fr\u00e4smaskin erbjuder ett stort arbetsomr\u00e5de med en l\u00e5ng bana p\u00e5 X-axeln. Tillsammans med de omfattande funktionerna \u00e4r den idealisk f\u00f6r underh\u00e5llsverkst\u00e4der samt utbildnings- och produktionsavdelningar. Den stegl\u00f6st variabla servomotor matningen, tillsammans med ett vertikalt fr\u00e4shuvud som kan sv\u00e4ngas i tv\u00e5 riktningar, ut\u00f6kar det breda anv\u00e4ndningsomr\u00e5det f\u00f6r hela UWF-serien. Breda, stabila planstyrningar p\u00e5 Z- och Y-axlarna kan ocks\u00e5 utan problem absorbera h\u00f6ga sk\u00e4rkrafter.<\/p>\n\n\n\n<div class=\"wp-block-buttons is-layout-flex wp-block-buttons-is-layout-flex\">\n<div class=\"wp-block-button\"><a class=\"wp-block-button__link has-white-color has-vivid-red-background-color has-text-color has-background wp-element-button\" href=\"https:\/\/swebalk.com\/wp-content\/uploads\/2023\/08\/UWF-1.2-Datasheet.pdf\" target=\"_blank\" rel=\"noreferrer noopener\">Produktblad UWF 1.2<\/a><\/div>\n<\/div>","protected":false},"excerpt":{"rendered":"<p>Art. 362694 Arbetsbord\/T-sp\u00e5r 1370 x 300\/14 mm Arbetsbord belastning 300 kg X-axel r\u00f6relse 1000 mm Y-axel r\u00f6relse 360 mm Z-axel r\u00f6relse 400 mm Varvtal (variabla L-H) 45 \u2013 1660 v\/min Spindelkona DIN 2080 \/ ISO 40 Avst\u00e5nd spindel &#8211; bord 100 &#8211; 500 mm Avst\u00e5nd spindel &#8211; pelare 150 &#8211; 550 mm Fr\u00e4shuvud vridomr\u00e5de 360\u00b0 [&hellip;]<\/p>\n","protected":false},"author":1,"featured_media":0,"parent":395,"menu_order":0,"comment_status":"closed","ping_status":"closed","template":"templates\/template-full.php","meta":{"_acf_changed":false,"footnotes":""},"class_list":["post-1407","page","type-page","status-publish","hentry","post"],"acf":[],"_links":{"self":[{"href":"https:\/\/swebalk.com\/en\/wp-json\/wp\/v2\/pages\/1407","targetHints":{"allow":["GET"]}}],"collection":[{"href":"https:\/\/swebalk.com\/en\/wp-json\/wp\/v2\/pages"}],"about":[{"href":"https:\/\/swebalk.com\/en\/wp-json\/wp\/v2\/types\/page"}],"author":[{"embeddable":true,"href":"https:\/\/swebalk.com\/en\/wp-json\/wp\/v2\/users\/1"}],"replies":[{"embeddable":true,"href":"https:\/\/swebalk.com\/en\/wp-json\/wp\/v2\/comments?post=1407"}],"version-history":[{"count":2,"href":"https:\/\/swebalk.com\/en\/wp-json\/wp\/v2\/pages\/1407\/revisions"}],"predecessor-version":[{"id":1416,"href":"https:\/\/swebalk.com\/en\/wp-json\/wp\/v2\/pages\/1407\/revisions\/1416"}],"up":[{"embeddable":true,"href":"https:\/\/swebalk.com\/en\/wp-json\/wp\/v2\/pages\/395"}],"wp:attachment":[{"href":"https:\/\/swebalk.com\/en\/wp-json\/wp\/v2\/media?parent=1407"}],"curies":[{"name":"wp","href":"https:\/\/api.w.org\/{rel}","templated":true}]}}