{"id":1399,"date":"2023-08-28T05:39:16","date_gmt":"2023-08-28T05:39:16","guid":{"rendered":"https:\/\/swebalk.com\/?page_id=1399"},"modified":"2023-09-07T14:24:17","modified_gmt":"2023-09-07T14:24:17","slug":"frasmaskin-mf-5-vp","status":"publish","type":"page","link":"https:\/\/swebalk.com\/en\/produkter\/skarandebearbetning\/frasning\/frasmaskin-mf-5-vp\/","title":{"rendered":"Fr\u00e4smaskin MF 5 VP"},"content":{"rendered":"<p>Art. 301217<\/p>\n\n\n\n<div class=\"wp-block-columns is-layout-flex wp-container-core-columns-is-layout-9d6595d7 wp-block-columns-is-layout-flex\">\n<div class=\"wp-block-column is-layout-flow wp-block-column-is-layout-flow\">\n<figure class=\"wp-block-image size-full is-resized\"><a href=\"https:\/\/swebalk.com\/wp-content\/uploads\/2023\/08\/image-82.png\"><img loading=\"lazy\" decoding=\"async\" src=\"https:\/\/swebalk.com\/wp-content\/uploads\/2023\/08\/image-82.png\" alt=\"\" class=\"wp-image-1400\" style=\"width:355px;height:441px\" width=\"355\" height=\"441\"\/><\/a><\/figure>\n\n\n\n<div class=\"wp-block-columns is-layout-flex wp-container-core-columns-is-layout-9d6595d7 wp-block-columns-is-layout-flex\">\n<div class=\"wp-block-column is-layout-flow wp-block-column-is-layout-flow\">\n<figure class=\"wp-block-image size-full\"><a href=\"https:\/\/swebalk.com\/wp-content\/uploads\/2023\/09\/image-40.png\"><img decoding=\"async\" src=\"https:\/\/swebalk.com\/wp-content\/uploads\/2023\/09\/image-40.png\" alt=\"\" class=\"wp-image-2182\"\/><\/a><\/figure>\n<\/div>\n\n\n\n<div class=\"wp-block-column is-layout-flow wp-block-column-is-layout-flow\">\n<figure class=\"wp-block-image size-full\"><a href=\"https:\/\/swebalk.com\/wp-content\/uploads\/2023\/09\/image-41.png\"><img decoding=\"async\" src=\"https:\/\/swebalk.com\/wp-content\/uploads\/2023\/09\/image-41.png\" alt=\"\" class=\"wp-image-2183\"\/><\/a><\/figure>\n<\/div>\n<\/div>\n<\/div>\n\n\n\n<div class=\"wp-block-column is-layout-flow wp-block-column-is-layout-flow\">\n<figure class=\"wp-block-table is-style-stripes has-small-font-size\"><table><tbody><tr><td>Arbetsbord<\/td><td>1370 x 250 mm<\/td><\/tr><tr><td>X-axel r\u00f6relse<\/td><td>800 mm<\/td><\/tr><tr><td>Y-axel r\u00f6relse<\/td><td>390 mm<\/td><\/tr><tr><td>Z-axel r\u00f6relse<\/td><td>380 mm<\/td><\/tr><tr><td>Varvtal<\/td><td>70 v\/min \u2013 3600 v\/min<\/td><\/tr><tr><td>Spindelkona<\/td><td>ISO 40<\/td><\/tr><tr><td>Pinol r\u00f6relse<\/td><td>127 mm<\/td><\/tr><tr><td>Matning X-axel<\/td><td>19 mm\/min \u2013 890 mm\/min<\/td><\/tr><tr><td>Pinolmatning<\/td><td>(3) 0,04; 0,08; 0,15 mm\/R<\/td><\/tr><tr><td>Motor effekt<\/td><td>3,75 kW<\/td><\/tr><tr><td>Dimension (LxBxH)<\/td><td>2,54 x 2,16 x 2,24 m<\/td><\/tr><tr><td>Vikt<\/td><td>1590 kg<\/td><\/tr><\/tbody><\/table><\/figure>\n<\/div>\n<\/div>\n\n\n\n<p><strong>Standard utrustning<\/strong>:<\/p>\n\n\n\n<ul class=\"wp-block-list\">\n<li>3-axis DRO, X.pos 3.2<\/li>\n\n\n\n<li>Pneumatisk verktygsl\u00e5sning<\/li>\n\n\n\n<li>Kyl system<\/li>\n\n\n\n<li>Central sm\u00f6rjsystem<\/li>\n\n\n\n<li>Skydd till vertikal glidyta<\/li>\n\n\n\n<li>Automatisk matning X- och Y-axel (TV1000)<\/li>\n\n\n\n<li>LED lampa<\/li>\n\n\n\n<li>Verktygsl\u00e5da<\/li>\n\n\n\n<li>Instruktionsbok<\/li>\n<\/ul>\n\n\n\n<p>Den m\u00e5ngsidiga multifunktionsfr\u00e4smaskinen \u00e4r v\u00e4rldens mest s\u00e5lda fr\u00e4smaskin. Toppmodellen i MF-serien har SK 40 verktygsh\u00e5llare och 30 procent h\u00f6gre vikt. Alla axlar \u00e4r utrustade med stegl\u00f6s matningsanordning. Det vridbara vertikala fr\u00e4shuvudet erbjuder ett brett hastighetsomr\u00e5de f\u00f6r bearbetning av st\u00e5l och flesta andra f\u00f6rekommande materialen. Utrustningen inkluderar \u00e4ven en fyrstegs, automatisk pinolmatning, pneumatisk verktygsl\u00e5sning och ett stort sp\u00e4nnbord f\u00f6r arbetsstycken och sp\u00e4nnanordningar.<\/p>\n\n\n\n<div class=\"wp-block-buttons is-layout-flex wp-block-buttons-is-layout-flex\">\n<div class=\"wp-block-button\"><a class=\"wp-block-button__link has-white-color has-vivid-red-background-color has-text-color has-background wp-element-button\" href=\"https:\/\/swebalk.com\/wp-content\/uploads\/2023\/08\/MF-5-VP-Datasheet.pdf\" target=\"_blank\" rel=\"noreferrer noopener\">Produktblad MF 5 VP<\/a><\/div>\n<\/div>","protected":false},"excerpt":{"rendered":"<p>Art. 301217 Arbetsbord 1370 x 250 mm X-axel r\u00f6relse 800 mm Y-axel r\u00f6relse 390 mm Z-axel r\u00f6relse 380 mm Varvtal 70 v\/min \u2013 3600 v\/min Spindelkona ISO 40 Pinol r\u00f6relse 127 mm Matning X-axel 19 mm\/min \u2013 890 mm\/min Pinolmatning (3) 0,04; 0,08; 0,15 mm\/R Motor effekt 3,75 kW Dimension (LxBxH) 2,54 x 2,16 x [&hellip;]<\/p>\n","protected":false},"author":1,"featured_media":0,"parent":395,"menu_order":0,"comment_status":"closed","ping_status":"closed","template":"templates\/template-full.php","meta":{"_acf_changed":false,"footnotes":""},"class_list":["post-1399","page","type-page","status-publish","hentry","post"],"acf":[],"_links":{"self":[{"href":"https:\/\/swebalk.com\/en\/wp-json\/wp\/v2\/pages\/1399","targetHints":{"allow":["GET"]}}],"collection":[{"href":"https:\/\/swebalk.com\/en\/wp-json\/wp\/v2\/pages"}],"about":[{"href":"https:\/\/swebalk.com\/en\/wp-json\/wp\/v2\/types\/page"}],"author":[{"embeddable":true,"href":"https:\/\/swebalk.com\/en\/wp-json\/wp\/v2\/users\/1"}],"replies":[{"embeddable":true,"href":"https:\/\/swebalk.com\/en\/wp-json\/wp\/v2\/comments?post=1399"}],"version-history":[{"count":2,"href":"https:\/\/swebalk.com\/en\/wp-json\/wp\/v2\/pages\/1399\/revisions"}],"predecessor-version":[{"id":2185,"href":"https:\/\/swebalk.com\/en\/wp-json\/wp\/v2\/pages\/1399\/revisions\/2185"}],"up":[{"embeddable":true,"href":"https:\/\/swebalk.com\/en\/wp-json\/wp\/v2\/pages\/395"}],"wp:attachment":[{"href":"https:\/\/swebalk.com\/en\/wp-json\/wp\/v2\/media?parent=1399"}],"curies":[{"name":"wp","href":"https:\/\/api.w.org\/{rel}","templated":true}]}}