{"id":1389,"date":"2023-08-27T17:48:21","date_gmt":"2023-08-27T17:48:21","guid":{"rendered":"https:\/\/swebalk.com\/?page_id=1389"},"modified":"2023-08-28T05:18:28","modified_gmt":"2023-08-28T05:18:28","slug":"verktygsfrasmaskin-fpk-4-3-fpk-6-3-series","status":"publish","type":"page","link":"https:\/\/swebalk.com\/en\/produkter\/skarandebearbetning\/frasning\/verktygsfrasmaskin-fpk-4-3-fpk-6-3-series\/","title":{"rendered":"Verktygsfr\u00e4smaskin FPK 4.3 \u2022 FPK 6.3 Series"},"content":{"rendered":"<figure class=\"wp-block-table is-style-stripes\"><table><tbody><tr><td>Art. 302340 FPK 4.3<\/td><td>Art. 302341 FPK 6.3<\/td><\/tr><\/tbody><\/table><\/figure>\n\n\n\n<div class=\"wp-block-columns is-layout-flex wp-container-core-columns-is-layout-9d6595d7 wp-block-columns-is-layout-flex\">\n<div class=\"wp-block-column is-layout-flow wp-block-column-is-layout-flow\">\n<figure class=\"wp-block-image size-large is-resized\"><img loading=\"lazy\" decoding=\"async\" src=\"https:\/\/swebalk.com\/wp-content\/uploads\/2023\/08\/image-78-964x1024.png\" alt=\"\" class=\"wp-image-1391\" style=\"width:355px;height:377px\" width=\"355\" height=\"377\"\/><\/figure>\n\n\n\n<div class=\"wp-block-columns is-layout-flex wp-container-core-columns-is-layout-9d6595d7 wp-block-columns-is-layout-flex\">\n<div class=\"wp-block-column is-layout-flow wp-block-column-is-layout-flow\">\n<figure class=\"wp-block-image size-full\"><img decoding=\"async\" src=\"https:\/\/swebalk.com\/wp-content\/uploads\/2023\/08\/image-79.png\" alt=\"\" class=\"wp-image-1392\"\/><\/figure>\n<\/div>\n\n\n\n<div class=\"wp-block-column is-layout-flow wp-block-column-is-layout-flow\">\n<figure class=\"wp-block-image size-full\"><img decoding=\"async\" src=\"https:\/\/swebalk.com\/wp-content\/uploads\/2023\/08\/image-80.png\" alt=\"\" class=\"wp-image-1393\"\/><\/figure>\n<\/div>\n\n\n\n<div class=\"wp-block-column is-layout-flow wp-block-column-is-layout-flow\">\n<figure class=\"wp-block-image size-full\"><img decoding=\"async\" src=\"https:\/\/swebalk.com\/wp-content\/uploads\/2023\/08\/image-81.png\" alt=\"\" class=\"wp-image-1394\"\/><\/figure>\n<\/div>\n<\/div>\n<\/div>\n\n\n\n<div class=\"wp-block-column is-layout-flow wp-block-column-is-layout-flow\">\n<figure class=\"wp-block-table is-style-stripes has-small-font-size\"><table><thead><tr><th>Modell<\/th><th>FPK 4.3<br>Art. 302340<\/th><th>FPK 6.3<br>Art. 302341<\/th><\/tr><\/thead><tbody><tr><td>Arbetsbord<\/td><td>400 x 800 mm<\/td><td>450 x 850 mm<\/td><\/tr><tr><td>X-axel r\u00f6relse<\/td><td>500 mm<\/td><td>600 mm<\/td><\/tr><tr><td>Y-axel r\u00f6relse<\/td><td>400 mm<\/td><td>450 mm<\/td><\/tr><tr><td>Z-axel r\u00f6relse<\/td><td>400 mm<\/td><td>450 mm<\/td><\/tr><tr><td>Varvtal<\/td><td>40 \u2013 1200 v\/min<\/td><td>40 \u2013 1200 v\/min<\/td><\/tr><tr><td>Spindelkona<\/td><td>ISO 40<\/td><td>ISO 40<\/td><\/tr><tr><td>Motor effekt<\/td><td>3,2 kW<\/td><td>5,5 kW<\/td><\/tr><tr><td>Dimension<\/td><td>1,5 x 1,7 x 1,8 m<\/td><td>1,6 x 1,8 x 2,0 m<\/td><\/tr><tr><td>Vikt<\/td><td>1550 kg<\/td><td>1750 kg<\/td><\/tr><\/tbody><\/table><\/figure>\n\n\n\n<p><strong>Standard utrustning<\/strong>:<\/p>\n\n\n\n<ul class=\"wp-block-list\">\n<li>3-axis DRO, X.pos 3.2<\/li>\n\n\n\n<li>Arborr h\u00e5llare &#8211; horisontal fr\u00e4sning 22 och 32 mm<\/li>\n\n\n\n<li>Arborrverktyg \u00d827 mm<\/li>\n\n\n\n<li>Kyl system<\/li>\n\n\n\n<li>Reduceringshylsor MT1, MT2, MT3<\/li>\n\n\n\n<li>Sp\u00e5npanna<\/li>\n\n\n\n<li>Arbetsbelysning<\/li>\n\n\n\n<li>Verktygsl\u00e5da<\/li>\n\n\n\n<li>Instruktionsbok<\/li>\n\n\n\n<li>mm&#8230;<\/li>\n<\/ul>\n<\/div>\n<\/div>\n\n\n\n<p>Denna m\u00e5ngsidiga verktygsfr\u00e4smaskin \u00e4r anpassad f\u00f6r mekanisk produktion inom verktygs- och formtillverkning. Den kompakta designen, som erbjuder mycket flexibilitet och samtidigt \u00e4r v\u00e4ldigt enkel att anv\u00e4nda. Servodrev och kulskruvar g\u00f6r maskinen \u00e4nnu mer kraftfull och exakt. Hela serien \u00e4r idealisk f\u00f6r konstruktion av verktyg och formar i reparationsverkst\u00e4der samt utbildnings- och tillverkningsavdelningar.<\/p>\n\n\n\n<div class=\"wp-block-buttons is-layout-flex wp-block-buttons-is-layout-flex\">\n<div class=\"wp-block-button\"><a class=\"wp-block-button__link has-white-color has-vivid-red-background-color has-text-color has-background wp-element-button\" href=\"https:\/\/swebalk.com\/wp-content\/uploads\/2023\/08\/FPK-4.3-Datasheet.pdf\" target=\"_blank\" rel=\"noreferrer noopener\">Produktblad FKP 4.3<\/a><\/div>\n\n\n\n<div class=\"wp-block-button\"><a class=\"wp-block-button__link has-white-color has-vivid-red-background-color has-text-color has-background wp-element-button\" href=\"https:\/\/swebalk.com\/wp-content\/uploads\/2023\/08\/FPK-6.3-Datasheet.pdf\" target=\"_blank\" rel=\"noreferrer noopener\">Produktblad FKP 6.3<\/a><\/div>\n<\/div>","protected":false},"excerpt":{"rendered":"<p>Art. 302340 FPK 4.3 Art. 302341 FPK 6.3 Modell FPK 4.3Art. 302340 FPK 6.3Art. 302341 Arbetsbord 400 x 800 mm 450 x 850 mm X-axel r\u00f6relse 500 mm 600 mm Y-axel r\u00f6relse 400 mm 450 mm Z-axel r\u00f6relse 400 mm 450 mm Varvtal 40 \u2013 1200 v\/min 40 \u2013 1200 v\/min Spindelkona ISO 40 ISO [&hellip;]<\/p>\n","protected":false},"author":1,"featured_media":0,"parent":395,"menu_order":0,"comment_status":"closed","ping_status":"closed","template":"templates\/template-full.php","meta":{"_acf_changed":false,"footnotes":""},"class_list":["post-1389","page","type-page","status-publish","hentry","post"],"acf":[],"_links":{"self":[{"href":"https:\/\/swebalk.com\/en\/wp-json\/wp\/v2\/pages\/1389","targetHints":{"allow":["GET"]}}],"collection":[{"href":"https:\/\/swebalk.com\/en\/wp-json\/wp\/v2\/pages"}],"about":[{"href":"https:\/\/swebalk.com\/en\/wp-json\/wp\/v2\/types\/page"}],"author":[{"embeddable":true,"href":"https:\/\/swebalk.com\/en\/wp-json\/wp\/v2\/users\/1"}],"replies":[{"embeddable":true,"href":"https:\/\/swebalk.com\/en\/wp-json\/wp\/v2\/comments?post=1389"}],"version-history":[{"count":1,"href":"https:\/\/swebalk.com\/en\/wp-json\/wp\/v2\/pages\/1389\/revisions"}],"predecessor-version":[{"id":1397,"href":"https:\/\/swebalk.com\/en\/wp-json\/wp\/v2\/pages\/1389\/revisions\/1397"}],"up":[{"embeddable":true,"href":"https:\/\/swebalk.com\/en\/wp-json\/wp\/v2\/pages\/395"}],"wp:attachment":[{"href":"https:\/\/swebalk.com\/en\/wp-json\/wp\/v2\/media?parent=1389"}],"curies":[{"name":"wp","href":"https:\/\/api.w.org\/{rel}","templated":true}]}}