{"id":1381,"date":"2023-08-27T16:58:53","date_gmt":"2023-08-27T16:58:53","guid":{"rendered":"https:\/\/swebalk.com\/?page_id=1381"},"modified":"2023-08-28T05:41:14","modified_gmt":"2023-08-28T05:41:14","slug":"universalfrasmaskin-vhf-22","status":"publish","type":"page","link":"https:\/\/swebalk.com\/en\/produkter\/skarandebearbetning\/frasning\/universalfrasmaskin-vhf-22\/","title":{"rendered":"Universalfr\u00e4smaskin VHF 2.2"},"content":{"rendered":"<p>Art. 362651<\/p>\n\n\n\n<div class=\"wp-block-columns is-layout-flex wp-container-core-columns-is-layout-9d6595d7 wp-block-columns-is-layout-flex\">\n<div class=\"wp-block-column is-layout-flow wp-block-column-is-layout-flow\">\n<figure class=\"wp-block-image size-full\"><img decoding=\"async\" src=\"https:\/\/swebalk.com\/wp-content\/uploads\/2023\/08\/image-73.png\" alt=\"\" class=\"wp-image-1382\"\/><\/figure>\n\n\n\n<div class=\"wp-block-columns is-layout-flex wp-container-core-columns-is-layout-9d6595d7 wp-block-columns-is-layout-flex\">\n<div class=\"wp-block-column is-layout-flow wp-block-column-is-layout-flow\">\n<figure class=\"wp-block-image size-full\"><img decoding=\"async\" src=\"https:\/\/swebalk.com\/wp-content\/uploads\/2023\/08\/image-74.png\" alt=\"\" class=\"wp-image-1383\"\/><\/figure>\n<\/div>\n\n\n\n<div class=\"wp-block-column is-layout-flow wp-block-column-is-layout-flow\">\n<figure class=\"wp-block-image size-full\"><img decoding=\"async\" src=\"https:\/\/swebalk.com\/wp-content\/uploads\/2023\/08\/image-75.png\" alt=\"\" class=\"wp-image-1384\"\/><\/figure>\n<\/div>\n\n\n\n<div class=\"wp-block-column is-layout-flow wp-block-column-is-layout-flow\">\n<figure class=\"wp-block-image size-full\"><img decoding=\"async\" src=\"https:\/\/swebalk.com\/wp-content\/uploads\/2023\/08\/image-76.png\" alt=\"\" class=\"wp-image-1385\"\/><\/figure>\n<\/div>\n<\/div>\n<\/div>\n\n\n\n<div class=\"wp-block-column is-layout-flow wp-block-column-is-layout-flow\">\n<figure class=\"wp-block-table is-style-stripes has-small-font-size\"><table><tbody><tr><td>Arbetsbord<\/td><td>1270 x 280 mm<\/td><\/tr><tr><td>Arbetsbord belastning<\/td><td>150 kg<\/td><\/tr><tr><td>Borrnings kapacitet<\/td><td>30 mm<\/td><\/tr><tr><td>Fr\u00e4sning kapacitet<\/td><td>25 mm<\/td><\/tr><tr><td>G\u00e4ngning kapacitet<\/td><td>M16<\/td><\/tr><tr><td>X-axel r\u00f6relse<\/td><td>700 mm<\/td><\/tr><tr><td>Y-axel r\u00f6relse<\/td><td>210 mm<\/td><\/tr><tr><td>Z-axel r\u00f6relse<\/td><td>310 mm<\/td><\/tr><tr><td>Varvtal (vertikal)<\/td><td>115 \u2013 1750 v\/min<\/td><\/tr><tr><td>Spindelkona<\/td><td>ISO 40<\/td><\/tr><tr><td>Avst\u00e5nd spindel &#8211; bord<\/td><td>50 &#8211; 375 mm<\/td><\/tr><tr><td>Avst\u00e5nd spindel &#8211; pelare<\/td><td>200 &#8211; 650 mm<\/td><\/tr><tr><td>Varvtal horisontell spindel<\/td><td>40 \u2013 1300 v\/min<\/td><\/tr><tr><td>Spindelkona horisontell<\/td><td>ISO 40<\/td><\/tr><tr><td>Horisontell avst\u00e5nd spindel &#8211; pelare<\/td><td>0 &#8211; 310 mm<\/td><\/tr><tr><td>Motor effekt horisontell<\/td><td>2,2 kW<\/td><\/tr><tr><td>Motor effekt vertikal<\/td><td>0,8 &#8211; 1,5 kW<\/td><\/tr><tr><td>Dimension (LxBxH)<\/td><td>1,7 x 1,45 x 2,45 m<\/td><\/tr><tr><td>Vikt<\/td><td>1400 kg<\/td><\/tr><\/tbody><\/table><\/figure>\n\n\n\n<p><strong>Standard utrustning<\/strong>:<\/p>\n\n\n\n<ul class=\"wp-block-list\">\n<li>3-axis DRO, X.pos 3.2<\/li>\n\n\n\n<li>Arborrverktyg \u00d827 mm<\/li>\n\n\n\n<li>Kyl system<\/li>\n\n\n\n<li>M16 dragst\u00e5ng<\/li>\n\n\n\n<li>Sp\u00e5npanna<\/li>\n\n\n\n<li>Arbetsbelysning<\/li>\n\n\n\n<li>Verktygsl\u00e5da<\/li>\n\n\n\n<li>Instruktionsbok<\/li>\n<\/ul>\n<\/div>\n<\/div>\n\n\n\n<p>VHF-seriens fr\u00e4smaskiner har stora r\u00f6relser, en vertikal och horisontell spindel med separata drivningar f\u00f6r kraftfull bearbetning. Det vertikala huvudet sv\u00e4nger ut (\u00b145\u00b0). Alla modeller i denna serie \u00e4r idealiska f\u00f6r applikationer i underh\u00e5llsverkst\u00e4der eller f\u00f6r utbildningar.<\/p>\n\n\n\n<div class=\"wp-block-buttons is-layout-flex wp-block-buttons-is-layout-flex\">\n<div class=\"wp-block-button\"><a class=\"wp-block-button__link has-white-color has-vivid-red-background-color has-text-color has-background wp-element-button\" href=\"https:\/\/swebalk.com\/wp-content\/uploads\/2023\/08\/VHF-2.2-Datasheet.pdf\" target=\"_blank\" rel=\"noreferrer noopener\">Produktblad VHF 2,2<\/a><\/div>\n<\/div>","protected":false},"excerpt":{"rendered":"<p>Art. 362651 Arbetsbord 1270 x 280 mm Arbetsbord belastning 150 kg Borrnings kapacitet 30 mm Fr\u00e4sning kapacitet 25 mm G\u00e4ngning kapacitet M16 X-axel r\u00f6relse 700 mm Y-axel r\u00f6relse 210 mm Z-axel r\u00f6relse 310 mm Varvtal (vertikal) 115 \u2013 1750 v\/min Spindelkona ISO 40 Avst\u00e5nd spindel &#8211; bord 50 &#8211; 375 mm Avst\u00e5nd spindel &#8211; pelare [&hellip;]<\/p>\n","protected":false},"author":1,"featured_media":0,"parent":395,"menu_order":0,"comment_status":"closed","ping_status":"closed","template":"templates\/template-full.php","meta":{"_acf_changed":false,"footnotes":""},"class_list":["post-1381","page","type-page","status-publish","hentry","post"],"acf":[],"_links":{"self":[{"href":"https:\/\/swebalk.com\/en\/wp-json\/wp\/v2\/pages\/1381","targetHints":{"allow":["GET"]}}],"collection":[{"href":"https:\/\/swebalk.com\/en\/wp-json\/wp\/v2\/pages"}],"about":[{"href":"https:\/\/swebalk.com\/en\/wp-json\/wp\/v2\/types\/page"}],"author":[{"embeddable":true,"href":"https:\/\/swebalk.com\/en\/wp-json\/wp\/v2\/users\/1"}],"replies":[{"embeddable":true,"href":"https:\/\/swebalk.com\/en\/wp-json\/wp\/v2\/comments?post=1381"}],"version-history":[{"count":2,"href":"https:\/\/swebalk.com\/en\/wp-json\/wp\/v2\/pages\/1381\/revisions"}],"predecessor-version":[{"id":1406,"href":"https:\/\/swebalk.com\/en\/wp-json\/wp\/v2\/pages\/1381\/revisions\/1406"}],"up":[{"embeddable":true,"href":"https:\/\/swebalk.com\/en\/wp-json\/wp\/v2\/pages\/395"}],"wp:attachment":[{"href":"https:\/\/swebalk.com\/en\/wp-json\/wp\/v2\/media?parent=1381"}],"curies":[{"name":"wp","href":"https:\/\/api.w.org\/{rel}","templated":true}]}}