{"id":1372,"date":"2023-08-27T16:41:50","date_gmt":"2023-08-27T16:41:50","guid":{"rendered":"https:\/\/swebalk.com\/?page_id=1372"},"modified":"2023-09-07T14:25:02","modified_gmt":"2023-09-07T14:25:02","slug":"universallfrasmaskin-vhf-1-1","status":"publish","type":"page","link":"https:\/\/swebalk.com\/en\/produkter\/skarandebearbetning\/frasning\/universallfrasmaskin-vhf-1-1\/","title":{"rendered":"Universalfr\u00e4smaskin VHF 1.1"},"content":{"rendered":"<p>Art. 362665<\/p>\n\n\n\n<div class=\"wp-block-columns is-layout-flex wp-container-core-columns-is-layout-9d6595d7 wp-block-columns-is-layout-flex\">\n<div class=\"wp-block-column is-layout-flow wp-block-column-is-layout-flow\">\n<figure class=\"wp-block-image size-full\"><a href=\"https:\/\/swebalk.com\/wp-content\/uploads\/2023\/08\/image-68.png\"><img decoding=\"async\" src=\"https:\/\/swebalk.com\/wp-content\/uploads\/2023\/08\/image-68.png\" alt=\"\" class=\"wp-image-1373\"\/><\/a><\/figure>\n\n\n\n<div class=\"wp-block-columns is-layout-flex wp-container-core-columns-is-layout-9d6595d7 wp-block-columns-is-layout-flex\">\n<div class=\"wp-block-column is-layout-flow wp-block-column-is-layout-flow\">\n<figure class=\"wp-block-image size-full\"><a href=\"https:\/\/swebalk.com\/wp-content\/uploads\/2023\/08\/image-70.png\"><img decoding=\"async\" src=\"https:\/\/swebalk.com\/wp-content\/uploads\/2023\/08\/image-70.png\" alt=\"\" class=\"wp-image-1375\"\/><\/a><\/figure>\n<\/div>\n\n\n\n<div class=\"wp-block-column is-layout-flow wp-block-column-is-layout-flow\">\n<figure class=\"wp-block-image size-full\"><a href=\"https:\/\/swebalk.com\/wp-content\/uploads\/2023\/08\/image-71.png\"><img decoding=\"async\" src=\"https:\/\/swebalk.com\/wp-content\/uploads\/2023\/08\/image-71.png\" alt=\"\" class=\"wp-image-1376\"\/><\/a><\/figure>\n<\/div>\n\n\n\n<div class=\"wp-block-column is-layout-flow wp-block-column-is-layout-flow\">\n<figure class=\"wp-block-image size-full\"><a href=\"https:\/\/swebalk.com\/wp-content\/uploads\/2023\/08\/image-72.png\"><img decoding=\"async\" src=\"https:\/\/swebalk.com\/wp-content\/uploads\/2023\/08\/image-72.png\" alt=\"\" class=\"wp-image-1377\"\/><\/a><\/figure>\n<\/div>\n<\/div>\n<\/div>\n\n\n\n<div class=\"wp-block-column is-layout-flow wp-block-column-is-layout-flow\">\n<figure class=\"wp-block-table is-style-stripes has-small-font-size\"><table><tbody><tr><td>Arbetsbord<\/td><td>1000 x 240 mm<\/td><\/tr><tr><td>Arbetsbord belastning<\/td><td>150 kg<\/td><\/tr><tr><td>X-axel r\u00f6relse<\/td><td>535 mm<\/td><\/tr><tr><td>Y-axel r\u00f6relse<\/td><td>160 mm<\/td><\/tr><tr><td>Z-axel r\u00f6relse<\/td><td>300 mm<\/td><\/tr><tr><td>Varvtal (variabla L-H)<\/td><td>100 \u2013 2000 v\/min<\/td><\/tr><tr><td>Spindelkona<\/td><td>ISO 40<\/td><\/tr><tr><td>Avst\u00e5nd spindel &#8211; bord<\/td><td>65 &#8211; 385 mm<\/td><\/tr><tr><td>Avst\u00e5nd spindel &#8211; pelare<\/td><td>200 &#8211; 700 mm<\/td><\/tr><tr><td>Varvtal horisontell spindel<\/td><td>60  \u2013 1350 v\/min<\/td><\/tr><tr><td>Horisontell avst\u00e5nd spindel &#8211; pelare<\/td><td>0 &#8211; 300 mm<\/td><\/tr><tr><td>Konsol r\u00f6relse Z-axel<\/td><td>370 mm<\/td><\/tr><tr><td>Motor effekt horisontell<\/td><td>2,25 kW<\/td><\/tr><tr><td>Motor effekt vertikal<\/td><td>1,5 kW<\/td><\/tr><tr><td>Dimension (LxBxH)<\/td><td>1,38 x 1,22 x 2,15 m<\/td><\/tr><tr><td>Vikt<\/td><td>1000 kg<\/td><\/tr><\/tbody><\/table><\/figure>\n\n\n\n<p><strong>Standard utrustning<\/strong>:<\/p>\n\n\n\n<ul class=\"wp-block-list\">\n<li>3-axis DRO, X.pos 3.2<\/li>\n\n\n\n<li>2 x arborrverktyg (\u00d822,\u00d827 mm)<\/li>\n\n\n\n<li>Kyl system<\/li>\n\n\n\n<li>Borrchuck 16 mm<\/li>\n\n\n\n<li>Reduceringshylsa ISO 40\/MT3 och ISO 40\/MT2<\/li>\n\n\n\n<li>Arbetsbelysning<\/li>\n\n\n\n<li>Verktygsl\u00e5da<\/li>\n\n\n\n<li>Instruktionsbok<\/li>\n<\/ul>\n<\/div>\n<\/div>\n\n\n\n<p>Den m\u00e5ngsidiga universella fr\u00e4sen i VHF-serien \u00e4r utrustad med en horisontell spindel, ett sv\u00e4ngbart vertikalt fr\u00e4shuvud och ett stort sp\u00e4nnbord. Spindelhastighet och matning p\u00e5 X-axeln \u00e4r stegl\u00f6st variabel. Med sin omfattande utrustning \u00e4r denna modell idealisk f\u00f6r ett brett spektrum av applikationer p\u00e5 utbildningsavdelningar, reparations- och underh\u00e5llsverkst\u00e4der.<\/p>\n\n\n\n<div class=\"wp-block-buttons is-layout-flex wp-block-buttons-is-layout-flex\">\n<div class=\"wp-block-button\"><a class=\"wp-block-button__link has-white-color has-vivid-red-background-color has-text-color has-background wp-element-button\" href=\"https:\/\/swebalk.com\/wp-content\/uploads\/2023\/08\/VHF-1.1-Datasheet.pdf\" target=\"_blank\" rel=\"noreferrer noopener\">Produktblad VHF 1.1<\/a><\/div>\n<\/div>","protected":false},"excerpt":{"rendered":"<p>Art. 362665 Arbetsbord 1000 x 240 mm Arbetsbord belastning 150 kg X-axel r\u00f6relse 535 mm Y-axel r\u00f6relse 160 mm Z-axel r\u00f6relse 300 mm Varvtal (variabla L-H) 100 \u2013 2000 v\/min Spindelkona ISO 40 Avst\u00e5nd spindel &#8211; bord 65 &#8211; 385 mm Avst\u00e5nd spindel &#8211; pelare 200 &#8211; 700 mm Varvtal horisontell spindel 60 \u2013 1350 [&hellip;]<\/p>\n","protected":false},"author":1,"featured_media":0,"parent":395,"menu_order":0,"comment_status":"closed","ping_status":"closed","template":"templates\/template-full.php","meta":{"_acf_changed":false,"footnotes":""},"class_list":["post-1372","page","type-page","status-publish","hentry","post"],"acf":[],"_links":{"self":[{"href":"https:\/\/swebalk.com\/en\/wp-json\/wp\/v2\/pages\/1372","targetHints":{"allow":["GET"]}}],"collection":[{"href":"https:\/\/swebalk.com\/en\/wp-json\/wp\/v2\/pages"}],"about":[{"href":"https:\/\/swebalk.com\/en\/wp-json\/wp\/v2\/types\/page"}],"author":[{"embeddable":true,"href":"https:\/\/swebalk.com\/en\/wp-json\/wp\/v2\/users\/1"}],"replies":[{"embeddable":true,"href":"https:\/\/swebalk.com\/en\/wp-json\/wp\/v2\/comments?post=1372"}],"version-history":[{"count":3,"href":"https:\/\/swebalk.com\/en\/wp-json\/wp\/v2\/pages\/1372\/revisions"}],"predecessor-version":[{"id":2186,"href":"https:\/\/swebalk.com\/en\/wp-json\/wp\/v2\/pages\/1372\/revisions\/2186"}],"up":[{"embeddable":true,"href":"https:\/\/swebalk.com\/en\/wp-json\/wp\/v2\/pages\/395"}],"wp:attachment":[{"href":"https:\/\/swebalk.com\/en\/wp-json\/wp\/v2\/media?parent=1372"}],"curies":[{"name":"wp","href":"https:\/\/api.w.org\/{rel}","templated":true}]}}