{"id":1368,"date":"2023-08-27T16:42:29","date_gmt":"2023-08-27T16:42:29","guid":{"rendered":"https:\/\/swebalk.com\/?page_id=1368"},"modified":"2023-09-07T14:22:33","modified_gmt":"2023-09-07T14:22:33","slug":"frasmaskin-mf-1-vp","status":"publish","type":"page","link":"https:\/\/swebalk.com\/en\/produkter\/skarandebearbetning\/frasning\/frasmaskin-mf-1-vp\/","title":{"rendered":"Fr\u00e4smaskin MF 1 VP"},"content":{"rendered":"<p>Art. 301215<\/p>\n\n\n\n<div class=\"wp-block-columns is-layout-flex wp-container-core-columns-is-layout-9d6595d7 wp-block-columns-is-layout-flex\">\n<div class=\"wp-block-column is-layout-flow wp-block-column-is-layout-flow\">\n<figure class=\"wp-block-image size-full\"><a href=\"https:\/\/swebalk.com\/wp-content\/uploads\/2023\/08\/image-67.png\"><img decoding=\"async\" src=\"https:\/\/swebalk.com\/wp-content\/uploads\/2023\/08\/image-67.png\" alt=\"\" class=\"wp-image-1369\"\/><\/a><\/figure>\n\n\n\n<div class=\"wp-block-columns is-layout-flex wp-container-core-columns-is-layout-9d6595d7 wp-block-columns-is-layout-flex\">\n<div class=\"wp-block-column is-layout-flow wp-block-column-is-layout-flow\">\n<figure class=\"wp-block-image size-full\"><a href=\"https:\/\/swebalk.com\/wp-content\/uploads\/2023\/09\/image-37.png\"><img decoding=\"async\" src=\"https:\/\/swebalk.com\/wp-content\/uploads\/2023\/09\/image-37.png\" alt=\"\" class=\"wp-image-2177\"\/><\/a><\/figure>\n<\/div>\n\n\n\n<div class=\"wp-block-column is-layout-flow wp-block-column-is-layout-flow\">\n<figure class=\"wp-block-image size-full\"><a href=\"https:\/\/swebalk.com\/wp-content\/uploads\/2023\/09\/image-38.png\"><img decoding=\"async\" src=\"https:\/\/swebalk.com\/wp-content\/uploads\/2023\/09\/image-38.png\" alt=\"\" class=\"wp-image-2178\"\/><\/a><\/figure>\n<\/div>\n\n\n\n<div class=\"wp-block-column is-layout-flow wp-block-column-is-layout-flow\">\n<figure class=\"wp-block-image size-full\"><a href=\"https:\/\/swebalk.com\/wp-content\/uploads\/2023\/09\/image-39.png\"><img decoding=\"async\" src=\"https:\/\/swebalk.com\/wp-content\/uploads\/2023\/09\/image-39.png\" alt=\"\" class=\"wp-image-2180\"\/><\/a><\/figure>\n<\/div>\n<\/div>\n\n\n\n<p><strong>Standard utrustning<\/strong>:<\/p>\n\n\n\n<ul class=\"wp-block-list\">\n<li>3-axis DRO, X.pos 3.2<\/li>\n\n\n\n<li>Pneumatisk verktygsl\u00e5sning<\/li>\n\n\n\n<li>Kyl system<\/li>\n\n\n\n<li>Central sm\u00f6rjsystem<\/li>\n\n\n\n<li>Skydd till vertikal glidyta<\/li>\n\n\n\n<li>Automatisk matning X-axel (TV1000)<\/li>\n\n\n\n<li>LED lampa<\/li>\n\n\n\n<li>Verktygsl\u00e5da<\/li>\n\n\n\n<li>Instruktionsbok<\/li>\n<\/ul>\n<\/div>\n\n\n\n<div class=\"wp-block-column is-layout-flow wp-block-column-is-layout-flow\">\n<figure class=\"wp-block-table is-style-stripes has-small-font-size\"><table><tbody><tr><td>Arbetsbord\/T-Sp\u00e5r (mm)<\/td><td>1245 x 230 mm \/ 16<\/td><\/tr><tr><td>X-axel r\u00f6relse<\/td><td>760 mm<\/td><\/tr><tr><td>Y-axel r\u00f6relse<\/td><td>290 mm<\/td><\/tr><tr><td>Z-axel r\u00f6relse<\/td><td>370 mm<\/td><\/tr><tr><td>Varvtal (variabla L-H)<\/td><td>60 v\/min \u2013 4200 v\/min<\/td><\/tr><tr><td>Spindelkona<\/td><td>ISO 30<\/td><\/tr><tr><td>Avst\u00e5nd spindel &#8211; pelare<\/td><td>171 &#8211; 476 mm<\/td><\/tr><tr><td>Matning X-axel<\/td><td>19 mm\/min \u2013 890 mm\/min<\/td><\/tr><tr><td>Pinol r\u00f6relse<\/td><td>127 mm<\/td><\/tr><tr><td>Pinolmatning<\/td><td>(3) 0,04; 0,08; 0,13 mm\/R<\/td><\/tr><tr><td>Konsol r\u00f6relse Z-axel<\/td><td>370 mm<\/td><\/tr><tr><td>Motor effekt<\/td><td>2,25 kW<\/td><\/tr><tr><td>Dimension (LxBxH)<\/td><td>2,05 x 1,63 x 2,07 m<\/td><\/tr><tr><td>Vikt<\/td><td>950 kg<\/td><\/tr><\/tbody><\/table><\/figure>\n<\/div>\n<\/div>\n\n\n\n<p>Multifunktionsfr\u00e4sserien MF1 imponerar med sin design och \u00e4r mycket l\u00e4mplig f\u00f6r  reparationsverkst\u00e4der samt utbildnings- och produktionsavdelningar. X-axeln \u00e4r stegl\u00f6st justerbar med en matningsanordning och det sv\u00e4ngbara vertikala fr\u00e4shuvudet med ett brett stegl\u00f6st justerbart hastighetsomr\u00e5de l\u00e4tt bearbetar flesta f\u00f6rekommande materialen. Standard tillbeh\u00f6ren inkluderar en automatisk pinolmatning och pneumatisk verktygsl\u00e5sning samt en monterad positions indikator.<\/p>\n\n\n\n<div class=\"wp-block-buttons is-layout-flex wp-block-buttons-is-layout-flex\">\n<div class=\"wp-block-button\"><a class=\"wp-block-button__link has-white-color has-vivid-red-background-color has-text-color has-background wp-element-button\" href=\"https:\/\/swebalk.com\/wp-content\/uploads\/2023\/08\/MF-1-VP-Datasheet.pdf\" target=\"_blank\" rel=\"noreferrer noopener\">Produktblad MF 1 VP<\/a><\/div>\n<\/div>","protected":false},"excerpt":{"rendered":"<p>Art. 301215 Standard utrustning: Arbetsbord\/T-Sp\u00e5r (mm) 1245 x 230 mm \/ 16 X-axel r\u00f6relse 760 mm Y-axel r\u00f6relse 290 mm Z-axel r\u00f6relse 370 mm Varvtal (variabla L-H) 60 v\/min \u2013 4200 v\/min Spindelkona ISO 30 Avst\u00e5nd spindel &#8211; pelare 171 &#8211; 476 mm Matning X-axel 19 mm\/min \u2013 890 mm\/min Pinol r\u00f6relse 127 mm Pinolmatning [&hellip;]<\/p>\n","protected":false},"author":1,"featured_media":0,"parent":395,"menu_order":0,"comment_status":"closed","ping_status":"closed","template":"templates\/template-full.php","meta":{"_acf_changed":false,"footnotes":""},"class_list":["post-1368","page","type-page","status-publish","hentry","post"],"acf":[],"_links":{"self":[{"href":"https:\/\/swebalk.com\/en\/wp-json\/wp\/v2\/pages\/1368","targetHints":{"allow":["GET"]}}],"collection":[{"href":"https:\/\/swebalk.com\/en\/wp-json\/wp\/v2\/pages"}],"about":[{"href":"https:\/\/swebalk.com\/en\/wp-json\/wp\/v2\/types\/page"}],"author":[{"embeddable":true,"href":"https:\/\/swebalk.com\/en\/wp-json\/wp\/v2\/users\/1"}],"replies":[{"embeddable":true,"href":"https:\/\/swebalk.com\/en\/wp-json\/wp\/v2\/comments?post=1368"}],"version-history":[{"count":4,"href":"https:\/\/swebalk.com\/en\/wp-json\/wp\/v2\/pages\/1368\/revisions"}],"predecessor-version":[{"id":2181,"href":"https:\/\/swebalk.com\/en\/wp-json\/wp\/v2\/pages\/1368\/revisions\/2181"}],"up":[{"embeddable":true,"href":"https:\/\/swebalk.com\/en\/wp-json\/wp\/v2\/pages\/395"}],"wp:attachment":[{"href":"https:\/\/swebalk.com\/en\/wp-json\/wp\/v2\/media?parent=1368"}],"curies":[{"name":"wp","href":"https:\/\/api.w.org\/{rel}","templated":true}]}}