{"id":1357,"date":"2023-08-27T13:54:53","date_gmt":"2023-08-27T13:54:53","guid":{"rendered":"https:\/\/swebalk.com\/?page_id=1357"},"modified":"2023-08-27T14:20:15","modified_gmt":"2023-08-27T14:20:15","slug":"cnc-svarv-starchip-560-l","status":"publish","type":"page","link":"https:\/\/swebalk.com\/en\/produkter\/skarandebearbetning\/svarvning\/cnc-svarv-starchip-560-l\/","title":{"rendered":"CNC Svarv Starchip 560 L"},"content":{"rendered":"<p>Art. 182296<\/p>\n\n\n\n<div class=\"wp-block-columns is-layout-flex wp-container-core-columns-is-layout-9d6595d7 wp-block-columns-is-layout-flex\">\n<div class=\"wp-block-column is-layout-flow wp-block-column-is-layout-flow\">\n<figure class=\"wp-block-image size-full\"><img decoding=\"async\" src=\"https:\/\/swebalk.com\/wp-content\/uploads\/2023\/08\/image-65.png\" alt=\"\" class=\"wp-image-1358\"\/><\/figure>\n<\/div>\n\n\n\n<div class=\"wp-block-column is-layout-flow wp-block-column-is-layout-flow\">\n<p><strong>Standard utrustning:<\/strong><\/p>\n\n\n\n<ul class=\"wp-block-list\">\n<li class=\"has-small-font-size\">Siemens 828D styrsystem<\/li>\n\n\n\n<li class=\"has-small-font-size\">Verktygsrevolver 12 poster<\/li>\n\n\n\n<li class=\"has-small-font-size\">Elektronisk hand ratt<\/li>\n\n\n\n<li class=\"has-small-font-size\">Gr\u00e4nssnitt f\u00f6r automatning av st\u00e4nger<\/li>\n\n\n\n<li class=\"has-small-font-size\">Hydraulisk 3-backschuck 250 mm<\/li>\n\n\n\n<li class=\"has-small-font-size\">Sp\u00e5ntransport\u00f6r<\/li>\n\n\n\n<li class=\"has-small-font-size\">Kyl system med spolpistol<\/li>\n\n\n\n<li class=\"has-small-font-size\">Programbar dubbdocka <\/li>\n\n\n\n<li class=\"has-small-font-size\">Automatisk central sm\u00f6rjsystem<\/li>\n\n\n\n<li class=\"has-small-font-size\">Arbetsbelysning<\/li>\n\n\n\n<li class=\"has-small-font-size\">mm<\/li>\n<\/ul>\n<\/div>\n<\/div>\n\n\n\n<figure class=\"wp-block-table is-style-stripes has-small-font-size\"><table><tbody><tr><td>Arbetsstycke l\u00e4ngd max<\/td><td>1000 mm<\/td><\/tr><tr><td>Arbetsstycke vikt max<\/td><td>200 &#8211; 500 kg<\/td><\/tr><tr><td>Sving \u00f6ver b\u00e4dd<\/td><td>560 mm<\/td><\/tr><tr><td>Sving \u00f6ver support<\/td><td>350 mm<\/td><\/tr><tr><td>R\u00f6relse X-axel<\/td><td>200 mm<\/td><\/tr><tr><td>R\u00f6relse Z-axel<\/td><td>1050 mm<\/td><\/tr><tr><td>Spindel varvtal<\/td><td>4500 v\/min<\/td><\/tr><tr><td>Spindelgenomg\u00e5ng<\/td><td>65 mm<\/td><\/tr><tr><td>Spindelnos montering<\/td><td>ISO A2-6<\/td><\/tr><tr><td>Snabbmatning X-axel<\/td><td>30000 mm\/min<\/td><\/tr><tr><td>Snabbmatning Z-axel<\/td><td>30000 mm\/min<\/td><\/tr><tr><td>Positionerings noggrannhet X-axel<\/td><td>\u00b1 0,008 mm<\/td><\/tr><tr><td>Positionerings noggrannhet Z-axel<\/td><td>\u00b1 0,008 mm<\/td><\/tr><tr><td>Repetitionbarhet X- axel<\/td><td>\u00b1 0,004 mm<\/td><\/tr><tr><td>Repetitionbarhet Z- axel<\/td><td>\u00b1 0,004 mm<\/td><\/tr><tr><td>Motor effekt huvuddrift<\/td><td>15 kW<\/td><\/tr><tr><td>Maskin dimension<\/td><td>3,57 x 1,86 x 1,9 m<\/td><\/tr><tr><td>Vikt<\/td><td>4500 kg<\/td><\/tr><\/tbody><\/table><\/figure>\n\n\n\n<p>Denna maskin i StarChip-serien har alla egenskaperna hos en klassisk CNC-svarv. Den moderna Siemens-styrningen uppfyller alla krav p\u00e5 avancerad styrteknik. Maskinen har en lutande b\u00e4dd med 12-stationers verktygsrevolver och en kraftfull 15 kW huvudspindelmotor, inklusive en hydraulisk 3-k\u00e4ftschuck med genomg\u00e5ende h\u00e5l. En g\u00e5ngj\u00e4rnsf\u00f6rsedd bandtransport\u00f6r och ett h\u00f6geffektivt kylv\u00e4tskesystem kompletterar utrustningspaketet.<\/p>\n\n\n\n<div class=\"wp-block-buttons is-layout-flex wp-block-buttons-is-layout-flex\">\n<div class=\"wp-block-button\"><a class=\"wp-block-button__link has-white-color has-vivid-red-background-color has-text-color has-background wp-element-button\" href=\"https:\/\/swebalk.com\/wp-content\/uploads\/2023\/08\/Starchip-560-L-Datasheet.pdf\" target=\"_blank\" rel=\"noreferrer noopener\">Produktblad Starchip 560 L<\/a><\/div>\n<\/div>","protected":false},"excerpt":{"rendered":"<p>Art. 182296 Standard utrustning: Arbetsstycke l\u00e4ngd max 1000 mm Arbetsstycke vikt max 200 &#8211; 500 kg Sving \u00f6ver b\u00e4dd 560 mm Sving \u00f6ver support 350 mm R\u00f6relse X-axel 200 mm R\u00f6relse Z-axel 1050 mm Spindel varvtal 4500 v\/min Spindelgenomg\u00e5ng 65 mm Spindelnos montering ISO A2-6 Snabbmatning X-axel 30000 mm\/min Snabbmatning Z-axel 30000 mm\/min Positionerings noggrannhet [&hellip;]<\/p>\n","protected":false},"author":1,"featured_media":0,"parent":393,"menu_order":0,"comment_status":"closed","ping_status":"closed","template":"templates\/template-full.php","meta":{"_acf_changed":false,"footnotes":""},"class_list":["post-1357","page","type-page","status-publish","hentry","post"],"acf":[],"_links":{"self":[{"href":"https:\/\/swebalk.com\/en\/wp-json\/wp\/v2\/pages\/1357","targetHints":{"allow":["GET"]}}],"collection":[{"href":"https:\/\/swebalk.com\/en\/wp-json\/wp\/v2\/pages"}],"about":[{"href":"https:\/\/swebalk.com\/en\/wp-json\/wp\/v2\/types\/page"}],"author":[{"embeddable":true,"href":"https:\/\/swebalk.com\/en\/wp-json\/wp\/v2\/users\/1"}],"replies":[{"embeddable":true,"href":"https:\/\/swebalk.com\/en\/wp-json\/wp\/v2\/comments?post=1357"}],"version-history":[{"count":2,"href":"https:\/\/swebalk.com\/en\/wp-json\/wp\/v2\/pages\/1357\/revisions"}],"predecessor-version":[{"id":1363,"href":"https:\/\/swebalk.com\/en\/wp-json\/wp\/v2\/pages\/1357\/revisions\/1363"}],"up":[{"embeddable":true,"href":"https:\/\/swebalk.com\/en\/wp-json\/wp\/v2\/pages\/393"}],"wp:attachment":[{"href":"https:\/\/swebalk.com\/en\/wp-json\/wp\/v2\/media?parent=1357"}],"curies":[{"name":"wp","href":"https:\/\/api.w.org\/{rel}","templated":true}]}}