{"id":1351,"date":"2023-08-27T13:23:59","date_gmt":"2023-08-27T13:23:59","guid":{"rendered":"https:\/\/swebalk.com\/?page_id=1351"},"modified":"2023-09-07T13:58:59","modified_gmt":"2023-09-07T13:58:59","slug":"svarv-servoturn-series","status":"publish","type":"page","link":"https:\/\/swebalk.com\/en\/produkter\/skarandebearbetning\/svarvning\/svarv-servoturn-series\/","title":{"rendered":"Svarv Servoturn Series"},"content":{"rendered":"<figure class=\"wp-block-table is-style-stripes has-small-font-size\"><table><tbody><tr><td>Art. 300831<br>Servoturn 500\/1000<\/td><td>Art. 300831<br>Servoturn 500\/1500<\/td><td>Art. 300831<br>Servoturn 500\/2000<\/td><\/tr><\/tbody><\/table><\/figure>\n\n\n\n<div class=\"wp-block-columns is-layout-flex wp-container-core-columns-is-layout-9d6595d7 wp-block-columns-is-layout-flex\">\n<div class=\"wp-block-column is-layout-flow wp-block-column-is-layout-flow\">\n<figure class=\"wp-block-image size-large\"><a href=\"https:\/\/swebalk.com\/wp-content\/uploads\/2023\/08\/image-64.png\"><img decoding=\"async\" src=\"https:\/\/swebalk.com\/wp-content\/uploads\/2023\/08\/image-64-1024x589.png\" alt=\"\" class=\"wp-image-1352\"\/><\/a><\/figure>\n\n\n\n<div class=\"wp-block-columns is-layout-flex wp-container-core-columns-is-layout-9d6595d7 wp-block-columns-is-layout-flex\">\n<div class=\"wp-block-column is-layout-flow wp-block-column-is-layout-flow\">\n<figure class=\"wp-block-image size-full\"><a href=\"https:\/\/swebalk.com\/wp-content\/uploads\/2023\/09\/image-17.png\"><img decoding=\"async\" src=\"https:\/\/swebalk.com\/wp-content\/uploads\/2023\/09\/image-17.png\" alt=\"\" class=\"wp-image-2144\"\/><\/a><\/figure>\n<\/div>\n\n\n\n<div class=\"wp-block-column is-layout-flow wp-block-column-is-layout-flow\">\n<figure class=\"wp-block-image size-full\"><a href=\"https:\/\/swebalk.com\/wp-content\/uploads\/2023\/09\/image-18.png\"><img decoding=\"async\" src=\"https:\/\/swebalk.com\/wp-content\/uploads\/2023\/09\/image-18.png\" alt=\"\" class=\"wp-image-2145\"\/><\/a><\/figure>\n<\/div>\n\n\n\n<div class=\"wp-block-column is-layout-flow wp-block-column-is-layout-flow\">\n<figure class=\"wp-block-image size-full\"><a href=\"https:\/\/swebalk.com\/wp-content\/uploads\/2023\/09\/image-19.png\"><img decoding=\"async\" src=\"https:\/\/swebalk.com\/wp-content\/uploads\/2023\/09\/image-19.png\" alt=\"\" class=\"wp-image-2146\"\/><\/a><\/figure>\n<\/div>\n<\/div>\n<\/div>\n\n\n\n<div class=\"wp-block-column is-layout-flow wp-block-column-is-layout-flow\">\n<p><strong>Standard utrustning:<\/strong><\/p>\n\n\n\n<ul class=\"wp-block-list\">\n<li class=\"has-small-font-size\">3-axis DRO, X.pos 3.2 VC<\/li>\n\n\n\n<li class=\"has-small-font-size\">3-backschuck \u00d8 250 mm<\/li>\n\n\n\n<li class=\"has-small-font-size\">Elektroniska hand rattar<\/li>\n\n\n\n<li class=\"has-small-font-size\">Grund snabbh\u00e5llare WB<\/li>\n\n\n\n<li class=\"has-small-font-size\">Snabbmatning f\u00f6r X och Z axel<\/li>\n\n\n\n<li class=\"has-small-font-size\">Kyl system<\/li>\n\n\n\n<li class=\"has-small-font-size\">Material support<\/li>\n\n\n\n<li class=\"has-small-font-size\">Sp\u00e5n uppsamlare<\/li>\n\n\n\n<li class=\"has-small-font-size\">Fast st\u00e4nk skydd<\/li>\n\n\n\n<li class=\"has-small-font-size\">Integrerad sp\u00e5nskydd p\u00e5 glidskenor<\/li>\n\n\n\n<li class=\"has-small-font-size\">Chuckskydd<\/li>\n\n\n\n<li class=\"has-small-font-size\">Ledarskruvskydd<\/li>\n\n\n\n<li class=\"has-small-font-size\">Arbetsbelysning<\/li>\n\n\n\n<li class=\"has-small-font-size\">mm<\/li>\n<\/ul>\n<\/div>\n<\/div>\n\n\n\n<figure class=\"wp-block-table is-style-stripes has-small-font-size\"><table><thead><tr><th>Modell<\/th><th>Servoturn 500\/1000<br>Art. 300831<\/th><th>Servoturn 500\/1500<br>Art. 300831<\/th><th>Servoturn 500\/2000<br>Art. 300831<\/th><\/tr><\/thead><tbody><tr><td>Dubb avst\u00e5nd<\/td><td>950 mm<\/td><td>1450 mm<\/td><td>1950 mm<\/td><\/tr><tr><td>Dubb h\u00f6jd<\/td><td>250 mm<\/td><td>250 mm<\/td><td>250 mm<\/td><\/tr><tr><td>Sving \u00f6ver b\u00e4dd<\/td><td>500 mm<\/td><td>500 mm<\/td><td>500 mm<\/td><\/tr><tr><td>Sving \u00f6ver support<\/td><td>300 mm<\/td><td>300 mm<\/td><td>300 mm<\/td><\/tr><tr><td>Spindel varvtal (antal v\u00e4xlar)<\/td><td>30-1600 v\/min (16)<\/td><td>30-1600 v\/min (16)<\/td><td>30-1600 v\/min (16)<\/td><\/tr><tr><td>Spindelgenomg\u00e5ng<\/td><td>86 mm<\/td><td>86 mm<\/td><td>86 mm<\/td><\/tr><tr><td>Spindelnos montering<\/td><td>A2-8<\/td><td>A2-8<\/td><td>A2-8<\/td><\/tr><tr><td>Motor effekt<\/td><td>6 &#8211; 9 kW<\/td><td>6 &#8211; 9 kW<\/td><td>6 &#8211; 9 kW<\/td><\/tr><tr><td>Maskin dimension<\/td><td>3,2 x 1,28 x 1,65 m<\/td><td>3,75 x 1,28 x 1,65 m<\/td><td>4,25 x 1,28 x 1,65 m<\/td><\/tr><tr><td>Vikt<\/td><td>2850 kg<\/td><td>3150 kg<\/td><td>3450 kg<\/td><\/tr><\/tbody><\/table><\/figure>\n\n\n\n<p>Servoturn-serien av universalsvarvar kombinerar den modernaste matningstekniken med klassisk maskinteknik. Till skillnad fr\u00e5n vanliga svarvar har denna serie kulskruvsdrifter och elektroniska handhjul p\u00e5 alla axlar. Servomotorer med h\u00f6gt vridmoment implementerar varje matningsr\u00f6relse med dynamiken hos moderna CNC-maskiner. Utan v\u00e4xlingshjul och v\u00e4xlar kan matning och g\u00e4ngstigning v\u00e4ljas elektroniskt. Snabba traverser p\u00e5 alla axlar minskar den icke-produktiva tiden och elektroniska stopp ger h\u00f6g repeteringsnoggrannhet.<\/p>\n\n\n\n<p>Servoturn serien finns i 3 olika versioner.<\/p>\n\n\n\n<p>F\u00f6r mer info om produkten och tillbeh\u00f6r se produktblad eller kontakta oss.<\/p>\n\n\n\n<div class=\"wp-block-buttons is-layout-flex wp-block-buttons-is-layout-flex\">\n<div class=\"wp-block-button\"><a class=\"wp-block-button__link has-white-color has-vivid-red-background-color has-text-color has-background wp-element-button\" href=\"https:\/\/swebalk.com\/wp-content\/uploads\/2023\/08\/Servoturn-500_1000-Datasheet.pdf\" target=\"_blank\" rel=\"noreferrer noopener\">Produktblad Servoturn 500\/1000<\/a><\/div>\n\n\n\n<div class=\"wp-block-button\"><a class=\"wp-block-button__link has-white-color has-vivid-red-background-color has-text-color has-background wp-element-button\" href=\"https:\/\/swebalk.com\/wp-content\/uploads\/2023\/08\/Servoturn-500_1500-Datasheet.pdf\" target=\"_blank\" rel=\"noreferrer noopener\">Produktblad Servoturn 500\/1500<\/a><\/div>\n\n\n\n<div class=\"wp-block-button\"><a class=\"wp-block-button__link has-white-color has-vivid-red-background-color has-text-color has-background wp-element-button\" href=\"https:\/\/swebalk.com\/wp-content\/uploads\/2023\/08\/Servoturn-500_2000-Datasheet.pdf\" target=\"_blank\" rel=\"noreferrer noopener\">Produktblad Servoturn 500\/2000<\/a><\/div>\n<\/div>","protected":false},"excerpt":{"rendered":"<p>Art. 300831Servoturn 500\/1000 Art. 300831Servoturn 500\/1500 Art. 300831Servoturn 500\/2000 Standard utrustning: Modell Servoturn 500\/1000Art. 300831 Servoturn 500\/1500Art. 300831 Servoturn 500\/2000Art. 300831 Dubb avst\u00e5nd 950 mm 1450 mm 1950 mm Dubb h\u00f6jd 250 mm 250 mm 250 mm Sving \u00f6ver b\u00e4dd 500 mm 500 mm 500 mm Sving \u00f6ver support 300 mm 300 mm 300 mm [&hellip;]<\/p>\n","protected":false},"author":1,"featured_media":0,"parent":393,"menu_order":0,"comment_status":"closed","ping_status":"closed","template":"templates\/template-full.php","meta":{"_acf_changed":false,"footnotes":""},"class_list":["post-1351","page","type-page","status-publish","hentry","post"],"acf":[],"_links":{"self":[{"href":"https:\/\/swebalk.com\/en\/wp-json\/wp\/v2\/pages\/1351","targetHints":{"allow":["GET"]}}],"collection":[{"href":"https:\/\/swebalk.com\/en\/wp-json\/wp\/v2\/pages"}],"about":[{"href":"https:\/\/swebalk.com\/en\/wp-json\/wp\/v2\/types\/page"}],"author":[{"embeddable":true,"href":"https:\/\/swebalk.com\/en\/wp-json\/wp\/v2\/users\/1"}],"replies":[{"embeddable":true,"href":"https:\/\/swebalk.com\/en\/wp-json\/wp\/v2\/comments?post=1351"}],"version-history":[{"count":2,"href":"https:\/\/swebalk.com\/en\/wp-json\/wp\/v2\/pages\/1351\/revisions"}],"predecessor-version":[{"id":2148,"href":"https:\/\/swebalk.com\/en\/wp-json\/wp\/v2\/pages\/1351\/revisions\/2148"}],"up":[{"embeddable":true,"href":"https:\/\/swebalk.com\/en\/wp-json\/wp\/v2\/pages\/393"}],"wp:attachment":[{"href":"https:\/\/swebalk.com\/en\/wp-json\/wp\/v2\/media?parent=1351"}],"curies":[{"name":"wp","href":"https:\/\/api.w.org\/{rel}","templated":true}]}}