{"id":1328,"date":"2023-08-27T12:28:39","date_gmt":"2023-08-27T12:28:39","guid":{"rendered":"https:\/\/swebalk.com\/?page_id=1328"},"modified":"2023-09-07T13:51:18","modified_gmt":"2023-09-07T13:51:18","slug":"svarv-turnado-v-series","status":"publish","type":"page","link":"https:\/\/swebalk.com\/en\/produkter\/skarandebearbetning\/svarvning\/svarv-turnado-v-series\/","title":{"rendered":"Svarv Turnado V Series"},"content":{"rendered":"<figure class=\"wp-block-table is-style-stripes has-small-font-size\"><table><tbody><tr><td>Art. 320570<br>Turnado 230\/1000 V<\/td><td>Art. 320571<br>Turnado 230\/1500 V<\/td><td>Art. 320575<br>Turnado 230\/2000 V<\/td><td>Art. 320572<br>Turnado 280\/1500 V<\/td><td>Art. 320573<br>Turnado 280\/2000 V<\/td><\/tr><\/tbody><\/table><\/figure>\n\n\n\n<div class=\"wp-block-columns is-layout-flex wp-container-core-columns-is-layout-9d6595d7 wp-block-columns-is-layout-flex\">\n<div class=\"wp-block-column is-layout-flow wp-block-column-is-layout-flow\">\n<figure class=\"wp-block-image size-large\"><a href=\"https:\/\/swebalk.com\/wp-content\/uploads\/2023\/08\/image-62.png\"><img decoding=\"async\" src=\"https:\/\/swebalk.com\/wp-content\/uploads\/2023\/08\/image-62-1024x412.png\" alt=\"\" class=\"wp-image-1329\"\/><\/a><\/figure>\n\n\n\n<div class=\"wp-block-columns is-layout-flex wp-container-core-columns-is-layout-9d6595d7 wp-block-columns-is-layout-flex\">\n<div class=\"wp-block-column is-layout-flow wp-block-column-is-layout-flow\">\n<figure class=\"wp-block-image size-full\"><a href=\"https:\/\/swebalk.com\/wp-content\/uploads\/2023\/09\/image-8.png\"><img decoding=\"async\" src=\"https:\/\/swebalk.com\/wp-content\/uploads\/2023\/09\/image-8.png\" alt=\"\" class=\"wp-image-2129\"\/><\/a><\/figure>\n<\/div>\n\n\n\n<div class=\"wp-block-column is-layout-flow wp-block-column-is-layout-flow\">\n<figure class=\"wp-block-image size-full\"><a href=\"https:\/\/swebalk.com\/wp-content\/uploads\/2023\/09\/image-9.png\"><img decoding=\"async\" src=\"https:\/\/swebalk.com\/wp-content\/uploads\/2023\/09\/image-9.png\" alt=\"\" class=\"wp-image-2130\"\/><\/a><\/figure>\n<\/div>\n\n\n\n<div class=\"wp-block-column is-layout-flow wp-block-column-is-layout-flow\">\n<figure class=\"wp-block-image size-full\"><a href=\"https:\/\/swebalk.com\/wp-content\/uploads\/2023\/09\/image-10.png\"><img decoding=\"async\" src=\"https:\/\/swebalk.com\/wp-content\/uploads\/2023\/09\/image-10.png\" alt=\"\" class=\"wp-image-2132\"\/><\/a><\/figure>\n<\/div>\n<\/div>\n<\/div>\n\n\n\n<div class=\"wp-block-column is-layout-flow wp-block-column-is-layout-flow\">\n<p><strong>Standard utrustning (230\/280):<\/strong><\/p>\n\n\n\n<ul class=\"wp-block-list\">\n<li class=\"has-small-font-size\">3-axis DRO, X.pos 3.2 VC<\/li>\n\n\n\n<li class=\"has-small-font-size\">3-backschuck \u00d8 250\/315 mm<\/li>\n\n\n\n<li class=\"has-small-font-size\">4-backschuck \u00d8 300\/350 mm<\/li>\n\n\n\n<li class=\"has-small-font-size\">Plan skiva \u00d8 350\/450 mm<\/li>\n\n\n\n<li class=\"has-small-font-size\">Grund snabbh\u00e5llare WB \/ WC<\/li>\n\n\n\n<li class=\"has-small-font-size\">Snabb verktygsh\u00e5llare WBD 25120 \/ WCD 32150<\/li>\n\n\n\n<li class=\"has-small-font-size\">Snabbmatning f\u00f6r X och Z axel<\/li>\n\n\n\n<li class=\"has-small-font-size\">Kyl system<\/li>\n\n\n\n<li class=\"has-small-font-size\">Material support<\/li>\n\n\n\n<li class=\"has-small-font-size\">Sp\u00e5n uppsamlare<\/li>\n\n\n\n<li class=\"has-small-font-size\">Fast st\u00e4nk skydd<\/li>\n\n\n\n<li class=\"has-small-font-size\">Integrerad sp\u00e5nskydd<\/li>\n\n\n\n<li class=\"has-small-font-size\">Chuckskydd<\/li>\n\n\n\n<li class=\"has-small-font-size\">Ledarskruvskydd<\/li>\n\n\n\n<li class=\"has-small-font-size\">Fotbroms<\/li>\n\n\n\n<li class=\"has-small-font-size\">Arbetsbelysning<\/li>\n\n\n\n<li class=\"has-small-font-size\">mm<\/li>\n<\/ul>\n<\/div>\n<\/div>\n\n\n\n<figure class=\"wp-block-table is-style-stripes has-small-font-size\"><table><thead><tr><th>Modell<\/th><th>Turnado 230\/1000 V<br>Art. 320570<\/th><th>Turnado 230\/1500 V<br>Art. 320571<\/th><th>Turnado 230\/2000 V<br>Art. 320575<\/th><th>Turnado 280\/1500 V<br>Art. 320572<\/th><th>Turnado 280\/2000 V<br>Art. 320573<\/th><\/tr><\/thead><tbody><tr><td>Dubb avst\u00e5nd<\/td><td>1000 mm<\/td><td>1500 mm<\/td><td>2000 mm<\/td><td>1428 mm<\/td><td>1928 mm<\/td><\/tr><tr><td>Dubb h\u00f6jd<\/td><td>230 mm<\/td><td>230 mm<\/td><td>230 mm<\/td><td>280 mm<\/td><td>280 mm<\/td><\/tr><tr><td>Sving \u00f6ver b\u00e4dd<\/td><td>460 mm<\/td><td>460 mm<\/td><td>460 mm<\/td><td>560 mm<\/td><td>560 mm<\/td><\/tr><tr><td>Sving \u00f6ver gap<\/td><td>690 mm<\/td><td>690 mm<\/td><td>690 mm<\/td><td>785 mm<\/td><td>785 mm<\/td><\/tr><tr><td>Sving \u00f6ver support<\/td><td>224 mm<\/td><td>224 mm<\/td><td>224 mm<\/td><td>355 mm<\/td><td>355 mm<\/td><\/tr><tr><td>Spindel varvtal (antal v\u00e4xlar)<\/td><td>25-3000 v\/min (12)<\/td><td>25-3000 v\/min (12)<\/td><td>25-3000 v\/min (12)<\/td><td>25-1600 v\/min (12)<\/td><td>25-1600 v\/min (12)<\/td><\/tr><tr><td>Spindelgenomg\u00e5ng<\/td><td>58 mm<\/td><td>58 mm<\/td><td>58 mm<\/td><td>80 mm<\/td><td>80 mm<\/td><\/tr><tr><td>Spindelnos montering<\/td><td>Camlock D1-6<\/td><td>Camlock D1-6<\/td><td>Camlock D1-6<\/td><td>Camlock D1-8<\/td><td>Camlock D1-8<\/td><\/tr><tr><td>Motor effekt<\/td><td>7,5 kW<\/td><td>7,5 kW<\/td><td>7,5 kW<\/td><td>7,5 kW<\/td><td>7,5 kW<\/td><\/tr><tr><td>Vikt<\/td><td>1720 kg<\/td><td>1970 kg<\/td><td>2100 kg<\/td><td>2370 kg<\/td><td>2720 kg<\/td><\/tr><\/tbody><\/table><\/figure>\n\n\n\n<p>Turnado V-seriens svarvar k\u00e4nnetecknas av sin robusta konstruktion, kraftfulla motor och m\u00e5ngsidighet. I mer \u00e4n 20 \u00e5r har de varit bland de bepr\u00f6vade b\u00e4sts\u00e4ljarna av v\u00e5ra konventionella svarvar. V-modellerna \u00e4r ocks\u00e5 utrustade med ett ut\u00f6kat, stegl\u00f6st variabla hastighet. I kombination med l\u00e4gesindikatorn och integrerad funktion av konstant sk\u00e4rhastighet uppn\u00e5r du en \u00f6verl\u00e4gsen ytkvalitet vid v\u00e4ndning. Ett h\u00f6gkvalitativt verktygsh\u00e5llaressystem f\u00f6r snabbbyte minskar ocks\u00e5 produktions tid och kostnader.<\/p>\n\n\n\n<p>Turnado V serien finns i 5 olika versioner.<\/p>\n\n\n\n<p>F\u00f6r mer info om produkten och tillbeh\u00f6r se produktblad eller kontakta oss.<\/p>\n\n\n\n<div class=\"wp-block-buttons is-layout-flex wp-block-buttons-is-layout-flex\">\n<div class=\"wp-block-button\"><a class=\"wp-block-button__link has-white-color has-vivid-red-background-color has-text-color has-background wp-element-button\" href=\"https:\/\/swebalk.com\/wp-content\/uploads\/2023\/08\/Turnado-230_1000-V-Datasheet.pdf\" target=\"_blank\" rel=\"noreferrer noopener\">Produktblad Turnado 230\/1000 V<\/a><\/div>\n\n\n\n<div class=\"wp-block-button\"><a class=\"wp-block-button__link has-white-color has-vivid-red-background-color has-text-color has-background wp-element-button\" href=\"https:\/\/swebalk.com\/wp-content\/uploads\/2023\/08\/Turnado-230_1500-V-Datasheet.pdf\" target=\"_blank\" rel=\"noreferrer noopener\">Produktblad Turnado 230\/1500 V<\/a><\/div>\n\n\n\n<div class=\"wp-block-button\"><a class=\"wp-block-button__link has-white-color has-vivid-red-background-color has-text-color has-background wp-element-button\" href=\"https:\/\/swebalk.com\/wp-content\/uploads\/2023\/08\/Turnado-230_2000-V-Datasheet.pdf\" target=\"_blank\" rel=\"noreferrer noopener\">Produktblad Turnado 230\/2000 V<\/a><\/div>\n\n\n\n<div class=\"wp-block-button\"><a class=\"wp-block-button__link has-white-color has-vivid-red-background-color has-text-color has-background wp-element-button\" href=\"https:\/\/swebalk.com\/wp-content\/uploads\/2023\/08\/Turnado-280_1500-V-Datasheet.pdf\" target=\"_blank\" rel=\"noreferrer noopener\">Produktblad Turnado 280\/1500 V<\/a><\/div>\n\n\n\n<div class=\"wp-block-button\"><a class=\"wp-block-button__link has-white-color has-vivid-red-background-color has-text-color has-background wp-element-button\" href=\"https:\/\/swebalk.com\/wp-content\/uploads\/2023\/08\/Turnado-280_2000-V-Datasheet.pdf\" target=\"_blank\" rel=\"noreferrer noopener\">Produktblad Turnado 280\/2000 V<\/a><\/div>\n<\/div>","protected":false},"excerpt":{"rendered":"<p>Art. 320570Turnado 230\/1000 V Art. 320571Turnado 230\/1500 V Art. 320575Turnado 230\/2000 V Art. 320572Turnado 280\/1500 V Art. 320573Turnado 280\/2000 V Standard utrustning (230\/280): Modell Turnado 230\/1000 VArt. 320570 Turnado 230\/1500 VArt. 320571 Turnado 230\/2000 VArt. 320575 Turnado 280\/1500 VArt. 320572 Turnado 280\/2000 VArt. 320573 Dubb avst\u00e5nd 1000 mm 1500 mm 2000 mm 1428 mm 1928 [&hellip;]<\/p>\n","protected":false},"author":1,"featured_media":0,"parent":393,"menu_order":0,"comment_status":"closed","ping_status":"closed","template":"templates\/template-full.php","meta":{"_acf_changed":false,"footnotes":""},"class_list":["post-1328","page","type-page","status-publish","hentry","post"],"acf":[],"_links":{"self":[{"href":"https:\/\/swebalk.com\/en\/wp-json\/wp\/v2\/pages\/1328","targetHints":{"allow":["GET"]}}],"collection":[{"href":"https:\/\/swebalk.com\/en\/wp-json\/wp\/v2\/pages"}],"about":[{"href":"https:\/\/swebalk.com\/en\/wp-json\/wp\/v2\/types\/page"}],"author":[{"embeddable":true,"href":"https:\/\/swebalk.com\/en\/wp-json\/wp\/v2\/users\/1"}],"replies":[{"embeddable":true,"href":"https:\/\/swebalk.com\/en\/wp-json\/wp\/v2\/comments?post=1328"}],"version-history":[{"count":2,"href":"https:\/\/swebalk.com\/en\/wp-json\/wp\/v2\/pages\/1328\/revisions"}],"predecessor-version":[{"id":2133,"href":"https:\/\/swebalk.com\/en\/wp-json\/wp\/v2\/pages\/1328\/revisions\/2133"}],"up":[{"embeddable":true,"href":"https:\/\/swebalk.com\/en\/wp-json\/wp\/v2\/pages\/393"}],"wp:attachment":[{"href":"https:\/\/swebalk.com\/en\/wp-json\/wp\/v2\/media?parent=1328"}],"curies":[{"name":"wp","href":"https:\/\/api.w.org\/{rel}","templated":true}]}}