{"id":1319,"date":"2023-08-27T12:07:08","date_gmt":"2023-08-27T12:07:08","guid":{"rendered":"https:\/\/swebalk.com\/?page_id=1319"},"modified":"2023-09-07T13:48:30","modified_gmt":"2023-09-07T13:48:30","slug":"svarv-turnado-series","status":"publish","type":"page","link":"https:\/\/swebalk.com\/en\/produkter\/skarandebearbetning\/svarvning\/svarv-turnado-series\/","title":{"rendered":"Svarv Turnado Series"},"content":{"rendered":"<figure class=\"wp-block-table is-style-stripes has-small-font-size\"><table><tbody><tr><td>Art. 320555<br>Turnado 230\/1000<\/td><td>Art. 320558<br>Turnado 230\/1500<\/td><td>Art. 320557<br>Turnado 230\/2000<\/td><td>Art. 320559<br>Turnado 280\/1500<\/td><td>Art. 320560<br>Turnado 280\/2000<\/td><\/tr><\/tbody><\/table><\/figure>\n\n\n\n<div class=\"wp-block-columns is-layout-flex wp-container-core-columns-is-layout-9d6595d7 wp-block-columns-is-layout-flex\">\n<div class=\"wp-block-column is-layout-flow wp-block-column-is-layout-flow\">\n<figure class=\"wp-block-image size-large\"><a href=\"https:\/\/swebalk.com\/wp-content\/uploads\/2023\/08\/image-61.png\"><img decoding=\"async\" src=\"https:\/\/swebalk.com\/wp-content\/uploads\/2023\/08\/image-61-1024x788.png\" alt=\"\" class=\"wp-image-1320\"\/><\/a><\/figure>\n\n\n\n<div class=\"wp-block-columns is-layout-flex wp-container-core-columns-is-layout-9d6595d7 wp-block-columns-is-layout-flex\">\n<div class=\"wp-block-column is-layout-flow wp-block-column-is-layout-flow\">\n<figure class=\"wp-block-image size-full\"><a href=\"https:\/\/swebalk.com\/wp-content\/uploads\/2023\/09\/image-6.png\"><img decoding=\"async\" src=\"https:\/\/swebalk.com\/wp-content\/uploads\/2023\/09\/image-6.png\" alt=\"\" class=\"wp-image-2125\"\/><\/a><\/figure>\n<\/div>\n\n\n\n<div class=\"wp-block-column is-layout-flow wp-block-column-is-layout-flow\">\n<figure class=\"wp-block-image size-full\"><a href=\"https:\/\/swebalk.com\/wp-content\/uploads\/2023\/09\/image-7.png\"><img decoding=\"async\" src=\"https:\/\/swebalk.com\/wp-content\/uploads\/2023\/09\/image-7.png\" alt=\"\" class=\"wp-image-2126\"\/><\/a><\/figure>\n<\/div>\n<\/div>\n<\/div>\n\n\n\n<div class=\"wp-block-column is-layout-flow wp-block-column-is-layout-flow\">\n<p><strong>Standard utrustning <strong>(230\/280)<\/strong>:<\/strong><\/p>\n\n\n\n<ul class=\"wp-block-list\">\n<li class=\"has-small-font-size\">3-axis DRO, X.pos 3.2 VC<\/li>\n\n\n\n<li class=\"has-small-font-size\">3-backschuck \u00d8 250\/315 mm<\/li>\n\n\n\n<li class=\"has-small-font-size\">4-backschuck \u00d8 300\/350 mm<\/li>\n\n\n\n<li class=\"has-small-font-size\">Plan skiva \u00d8 350\/450 mm<\/li>\n\n\n\n<li class=\"has-small-font-size\">Grund snabbh\u00e5llare WB \/ WC<\/li>\n\n\n\n<li class=\"has-small-font-size\">Snabb verktygsh\u00e5llare WBD 25120 \/ WCD 32150<\/li>\n\n\n\n<li class=\"has-small-font-size\">Snabbmatning f\u00f6r X och Z axel<\/li>\n\n\n\n<li class=\"has-small-font-size\">Kyl system<\/li>\n\n\n\n<li class=\"has-small-font-size\">Material support<\/li>\n\n\n\n<li class=\"has-small-font-size\">Sp\u00e5n uppsamlare<\/li>\n\n\n\n<li class=\"has-small-font-size\">Fast st\u00e4nk skydd<\/li>\n\n\n\n<li class=\"has-small-font-size\">Integrerad sp\u00e5nskydd<\/li>\n\n\n\n<li class=\"has-small-font-size\">Chuckskydd<\/li>\n\n\n\n<li class=\"has-small-font-size\">Ledarskruvskydd<\/li>\n\n\n\n<li class=\"has-small-font-size\">Fotbroms<\/li>\n\n\n\n<li class=\"has-small-font-size\">Arbetsbelysning<\/li>\n\n\n\n<li class=\"has-small-font-size\">mm<\/li>\n<\/ul>\n<\/div>\n<\/div>\n\n\n\n<figure class=\"wp-block-table is-style-stripes has-small-font-size\"><table><thead><tr><th>Modell<\/th><th>Turnado 230\/1000<br>Art. 320555<\/th><th>Turnado 230\/1500<br>Art. 320558<\/th><th>Turnado 230\/2000 <br>Art. 320557<\/th><th>Turnado 280\/1500 <br>Art. 320559<\/th><th>Turnado 280\/2000 <br>Art. 320560<\/th><\/tr><\/thead><tbody><tr><td>Dubb avst\u00e5nd<\/td><td>1000 mm<\/td><td>1500 mm<\/td><td>2000 mm<\/td><td>1428 mm<\/td><td>1928 mm<\/td><\/tr><tr><td>Dubb h\u00f6jd<\/td><td>230 mm<\/td><td>230 mm<\/td><td>230 mm<\/td><td>280 mm<\/td><td>280 mm<\/td><\/tr><tr><td>Sving \u00f6ver b\u00e4dd<\/td><td>460 mm<\/td><td>460 mm<\/td><td>460 mm<\/td><td>560 mm<\/td><td>560 mm<\/td><\/tr><tr><td>Sving \u00f6ver gap<\/td><td>690 mm<\/td><td>690 mm<\/td><td>690 mm<\/td><td>785 mm<\/td><td>785 mm<\/td><\/tr><tr><td>Sving \u00f6ver support<\/td><td>224 mm<\/td><td>224 mm<\/td><td>224 mm<\/td><td>355 mm<\/td><td>355 mm<\/td><\/tr><tr><td>Spindel varvtal (antal v\u00e4xlar)<\/td><td>25-3000 v\/min (12)<\/td><td>25-3000 v\/min (12)<\/td><td>25-3000 v\/min (12)<\/td><td>25-1600 v\/min (12)<\/td><td>25-1600 v\/min (12)<\/td><\/tr><tr><td>Spindelgenomg\u00e5ng<\/td><td>58 mm<\/td><td>58 mm<\/td><td>58 mm<\/td><td>80 mm<\/td><td>80 mm<\/td><\/tr><tr><td>Spindelnos montering<\/td><td>Camlock D1-6<\/td><td>Camlock D1-6<\/td><td>Camlock D1-6<\/td><td>Camlock D1-8<\/td><td>Camlock D1-8<\/td><\/tr><tr><td>Motor effekt<\/td><td>5,5 kW<\/td><td>5,5 kW<\/td><td>5,5 kW<\/td><td>5,5 kW<\/td><td>5,5 kW<\/td><\/tr><tr><td>Vikt<\/td><td>1720 kg<\/td><td>1970 kg<\/td><td>2100 kg<\/td><td>2370 kg<\/td><td>2720 kg<\/td><\/tr><\/tbody><\/table><\/figure>\n\n\n\n<p>Maskinerna i Turnado-serien \u00e4r den moderna versionen av den klassiska svarven. De k\u00e4nnetecknas av robust konstruktion, en kraftfull motor och h\u00f6g m\u00e5ngsidighet. Med det omfattande utbudet av standard tillbeh\u00f6r och tillval kan dessa maskiner anpassas till m\u00e5nga produktionskrav. En modern l\u00e4gesindikator ing\u00e5r ocks\u00e5 i standardutrustningen, liksom en h\u00f6gkvalitativ snabbv\u00e4xlingsverktygsh\u00e5llare. Modellerna i denna serie har bevisat sig sj\u00e4lva m\u00e5nga g\u00e5nger och har varit en av v\u00e5ra mest s\u00e5lda konventionella svarvar i mer \u00e4n 20 \u00e5r.<\/p>\n\n\n\n<p>Turnado serien finns i 5 olika versioner.<\/p>\n\n\n\n<p>F\u00f6r mer info om produkten och tillbeh\u00f6r se produktblad eller kontakta oss.<\/p>\n\n\n\n<div class=\"wp-block-buttons is-layout-flex wp-block-buttons-is-layout-flex\">\n<div class=\"wp-block-button\"><a class=\"wp-block-button__link has-white-color has-vivid-red-background-color has-text-color has-background wp-element-button\" href=\"https:\/\/swebalk.com\/wp-content\/uploads\/2023\/08\/Turnado-230_1000-Datasheet.pdf\" target=\"_blank\" rel=\"noreferrer noopener\">Produktblad Turnado 230\/1000<\/a><\/div>\n\n\n\n<div class=\"wp-block-button\"><a class=\"wp-block-button__link has-white-color has-vivid-red-background-color has-text-color has-background wp-element-button\" href=\"https:\/\/swebalk.com\/wp-content\/uploads\/2023\/08\/Turnado-230_1500-Datasheet.pdf\" target=\"_blank\" rel=\"noreferrer noopener\">Produktblad Turnado 230\/1500<\/a><\/div>\n\n\n\n<div class=\"wp-block-button\"><a class=\"wp-block-button__link has-white-color has-vivid-red-background-color has-text-color has-background wp-element-button\" href=\"https:\/\/swebalk.com\/wp-content\/uploads\/2023\/08\/Turnado-230_2000-Datasheet.pdf\" target=\"_blank\" rel=\"noreferrer noopener\">Produktblad Turnado 230\/2000<\/a><\/div>\n\n\n\n<div class=\"wp-block-button\"><a class=\"wp-block-button__link has-white-color has-vivid-red-background-color has-text-color has-background wp-element-button\" href=\"https:\/\/swebalk.com\/wp-content\/uploads\/2023\/08\/Turnado-280_1500-Datasheet.pdf\" target=\"_blank\" rel=\"noreferrer noopener\">Produktblad Turnado 280\/1500<\/a><\/div>\n\n\n\n<div class=\"wp-block-button\"><a class=\"wp-block-button__link has-white-color has-vivid-red-background-color has-text-color has-background wp-element-button\" href=\"https:\/\/swebalk.com\/wp-content\/uploads\/2023\/08\/Turnado-280_2000-Datasheet.pdf\" target=\"_blank\" rel=\"noreferrer noopener\">Produktblad Turnado 280\/2000<\/a><\/div>\n<\/div>","protected":false},"excerpt":{"rendered":"<p>Art. 320555Turnado 230\/1000 Art. 320558Turnado 230\/1500 Art. 320557Turnado 230\/2000 Art. 320559Turnado 280\/1500 Art. 320560Turnado 280\/2000 Standard utrustning (230\/280): Modell Turnado 230\/1000Art. 320555 Turnado 230\/1500Art. 320558 Turnado 230\/2000 Art. 320557 Turnado 280\/1500 Art. 320559 Turnado 280\/2000 Art. 320560 Dubb avst\u00e5nd 1000 mm 1500 mm 2000 mm 1428 mm 1928 mm Dubb h\u00f6jd 230 mm 230 mm [&hellip;]<\/p>\n","protected":false},"author":1,"featured_media":0,"parent":393,"menu_order":0,"comment_status":"closed","ping_status":"closed","template":"templates\/template-full.php","meta":{"_acf_changed":false,"footnotes":""},"class_list":["post-1319","page","type-page","status-publish","hentry","post"],"acf":[],"_links":{"self":[{"href":"https:\/\/swebalk.com\/en\/wp-json\/wp\/v2\/pages\/1319","targetHints":{"allow":["GET"]}}],"collection":[{"href":"https:\/\/swebalk.com\/en\/wp-json\/wp\/v2\/pages"}],"about":[{"href":"https:\/\/swebalk.com\/en\/wp-json\/wp\/v2\/types\/page"}],"author":[{"embeddable":true,"href":"https:\/\/swebalk.com\/en\/wp-json\/wp\/v2\/users\/1"}],"replies":[{"embeddable":true,"href":"https:\/\/swebalk.com\/en\/wp-json\/wp\/v2\/comments?post=1319"}],"version-history":[{"count":6,"href":"https:\/\/swebalk.com\/en\/wp-json\/wp\/v2\/pages\/1319\/revisions"}],"predecessor-version":[{"id":2128,"href":"https:\/\/swebalk.com\/en\/wp-json\/wp\/v2\/pages\/1319\/revisions\/2128"}],"up":[{"embeddable":true,"href":"https:\/\/swebalk.com\/en\/wp-json\/wp\/v2\/pages\/393"}],"wp:attachment":[{"href":"https:\/\/swebalk.com\/en\/wp-json\/wp\/v2\/media?parent=1319"}],"curies":[{"name":"wp","href":"https:\/\/api.w.org\/{rel}","templated":true}]}}