{"id":1313,"date":"2023-08-25T08:51:07","date_gmt":"2023-08-25T08:51:07","guid":{"rendered":"https:\/\/swebalk.com\/?page_id=1313"},"modified":"2023-08-30T14:13:49","modified_gmt":"2023-08-30T14:13:49","slug":"ringbockningsmaskin-kpb-series","status":"publish","type":"page","link":"https:\/\/swebalk.com\/en\/produkter\/platbearbetning\/rorbearbetning-ringbocking\/ringbockningsmaskin-kpb-series\/","title":{"rendered":"Ringbockningsmaskin KPB Series"},"content":{"rendered":"<figure class=\"wp-block-table is-style-stripes has-small-font-size\"><table><tbody><tr><td>Art. 131150 &#8211; KPB 45<\/td><td>Art. 131194 &#8211; KPB 61<\/td><td>Art. 131200 &#8211; KPB 81<\/td><\/tr><\/tbody><\/table><\/figure>\n\n\n\n<div class=\"wp-block-columns is-layout-flex wp-container-core-columns-is-layout-9d6595d7 wp-block-columns-is-layout-flex\">\n<div class=\"wp-block-column is-layout-flow wp-block-column-is-layout-flow\">\n<figure class=\"wp-block-image size-full\"><img decoding=\"async\" src=\"https:\/\/swebalk.com\/wp-content\/uploads\/2023\/08\/image-60.png\" alt=\"\" class=\"wp-image-1314\"\/><\/figure>\n<\/div>\n\n\n\n<div class=\"wp-block-column is-layout-flow wp-block-column-is-layout-flow\">\n<p>Ringbockningsmaskinerna i KPB-serien kombinerar h\u00f6g bockningsprestanda med modern mekanik och kraftfull hydraulik. Du kan b\u00f6ja medelstora och tunga st\u00e5lprofiler med stor precision. En h\u00f6g drivkraft och de hydrauliskt justerbara bockrullarna g\u00f6r hela profilbockningsmaskinserien till en kraftfull l\u00f6sning f\u00f6r metallkonstruktioner och allm\u00e4n maskinteknik.<\/p>\n\n\n\n<p>KPB serien finns i 3 olika versioner.<\/p>\n\n\n\n<p>F\u00f6r mer info om produkten och tillbeh\u00f6r se produktblad eller kontakta oss.<\/p>\n<\/div>\n<\/div>\n\n\n\n<figure class=\"wp-block-table is-style-stripes has-small-font-size\"><table><thead><tr><th>Modell<\/th><th>KPB 45<br>Art. 131150<\/th><th>KPB 61<br>Art. 131194<\/th><th>KPB 81<br>Art. 131200<\/th><\/tr><\/thead><tbody><tr><td>Axeldiameter<\/td><td>50\/40 mm<\/td><td>60 mm<\/td><td>80 mm<\/td><\/tr><tr><td>Rulldiameter<\/td><td>152\/162 mm<\/td><td>177 mm<\/td><td>245 mm<\/td><\/tr><tr><td>B\u00f6jningshastighet<\/td><td>3,3 m\/min<\/td><td>6,4 m\/min<\/td><td>4,2 m\/min<\/td><\/tr><tr><td>Motor effekt<\/td><td>1,5 kW<\/td><td>4 kW<\/td><td>5,5 kW<\/td><\/tr><tr><td>Maskin dimensions<\/td><td>0,78 x 0,95 x 1,65 m<\/td><td>1,26 x 0,94 x 1,39 m<\/td><td>1,38 x 1,04 x 1,54 m<\/td><\/tr><tr><td>Vikt<\/td><td>500 kg<\/td><td>1080 kg<\/td><td>1600 kg<\/td><\/tr><\/tbody><\/table><\/figure>\n\n\n\n<div class=\"wp-block-buttons is-layout-flex wp-block-buttons-is-layout-flex\">\n<div class=\"wp-block-button\"><a class=\"wp-block-button__link has-white-color has-vivid-red-background-color has-text-color has-background wp-element-button\" href=\"https:\/\/swebalk.com\/wp-content\/uploads\/2023\/08\/KPB-45-Datasheet.pdf\" target=\"_blank\" rel=\"noreferrer noopener\">Produktblad KPB 45<\/a><\/div>\n\n\n\n<div class=\"wp-block-button\"><a class=\"wp-block-button__link has-white-color has-vivid-red-background-color has-text-color has-background wp-element-button\" href=\"https:\/\/swebalk.com\/wp-content\/uploads\/2023\/08\/KPB-61-Datasheet.pdf\" target=\"_blank\" rel=\"noreferrer noopener\">Produktblad KPB 61<\/a><\/div>\n\n\n\n<div class=\"wp-block-button\"><a class=\"wp-block-button__link has-white-color has-vivid-red-background-color has-text-color has-background wp-element-button\" href=\"https:\/\/swebalk.com\/wp-content\/uploads\/2023\/08\/KPB-81-Datasheet.pdf\" target=\"_blank\" rel=\"noreferrer noopener\">Produktblad KPB 81<\/a><\/div>\n<\/div>","protected":false},"excerpt":{"rendered":"<p>Art. 131150 &#8211; KPB 45 Art. 131194 &#8211; KPB 61 Art. 131200 &#8211; KPB 81 Ringbockningsmaskinerna i KPB-serien kombinerar h\u00f6g bockningsprestanda med modern mekanik och kraftfull hydraulik. Du kan b\u00f6ja medelstora och tunga st\u00e5lprofiler med stor precision. En h\u00f6g drivkraft och de hydrauliskt justerbara bockrullarna g\u00f6r hela profilbockningsmaskinserien till en kraftfull l\u00f6sning f\u00f6r metallkonstruktioner och [&hellip;]<\/p>\n","protected":false},"author":1,"featured_media":0,"parent":679,"menu_order":0,"comment_status":"closed","ping_status":"closed","template":"templates\/template-full.php","meta":{"_acf_changed":false,"footnotes":""},"class_list":["post-1313","page","type-page","status-publish","hentry","post"],"acf":[],"_links":{"self":[{"href":"https:\/\/swebalk.com\/en\/wp-json\/wp\/v2\/pages\/1313","targetHints":{"allow":["GET"]}}],"collection":[{"href":"https:\/\/swebalk.com\/en\/wp-json\/wp\/v2\/pages"}],"about":[{"href":"https:\/\/swebalk.com\/en\/wp-json\/wp\/v2\/types\/page"}],"author":[{"embeddable":true,"href":"https:\/\/swebalk.com\/en\/wp-json\/wp\/v2\/users\/1"}],"replies":[{"embeddable":true,"href":"https:\/\/swebalk.com\/en\/wp-json\/wp\/v2\/comments?post=1313"}],"version-history":[{"count":3,"href":"https:\/\/swebalk.com\/en\/wp-json\/wp\/v2\/pages\/1313\/revisions"}],"predecessor-version":[{"id":2277,"href":"https:\/\/swebalk.com\/en\/wp-json\/wp\/v2\/pages\/1313\/revisions\/2277"}],"up":[{"embeddable":true,"href":"https:\/\/swebalk.com\/en\/wp-json\/wp\/v2\/pages\/679"}],"wp:attachment":[{"href":"https:\/\/swebalk.com\/en\/wp-json\/wp\/v2\/media?parent=1313"}],"curies":[{"name":"wp","href":"https:\/\/api.w.org\/{rel}","templated":true}]}}