{"id":1300,"date":"2023-08-25T08:09:00","date_gmt":"2023-08-25T08:09:00","guid":{"rendered":"https:\/\/swebalk.com\/?page_id=1300"},"modified":"2023-08-25T08:51:48","modified_gmt":"2023-08-25T08:51:48","slug":"ringbockningsmaskin-kpb-50","status":"publish","type":"page","link":"https:\/\/swebalk.com\/en\/produkter\/platbearbetning\/rorbearbetning-ringbocking\/ringbockningsmaskin-kpb-50\/","title":{"rendered":"Ringbockningsmaskin KPB 50"},"content":{"rendered":"<p>Art. 131151<\/p>\n\n\n\n<div class=\"wp-block-columns is-layout-flex wp-container-core-columns-is-layout-9d6595d7 wp-block-columns-is-layout-flex\">\n<div class=\"wp-block-column is-layout-flow wp-block-column-is-layout-flow\">\n<figure class=\"wp-block-image size-full\"><img decoding=\"async\" src=\"https:\/\/swebalk.com\/wp-content\/uploads\/2023\/08\/image-57.png\" alt=\"\" class=\"wp-image-1301\"\/><\/figure>\n<\/div>\n\n\n\n<div class=\"wp-block-column is-layout-flow wp-block-column-is-layout-flow\">\n<p>Motordriven ringbockningsmaskin KPB 50 \u00e4r den idealiska verkstadsl\u00f6sningen f\u00f6r kallbockning av st\u00e5ngmaterial, r\u00f6r och profiler. Den kan \u00e4ven anv\u00e4ndas till spiralbockning. B\u00f6jradien kan st\u00e4llas in manuellt och universalrullarna kan anv\u00e4ndas f\u00f6r att b\u00f6ja m\u00e5nga olika profilgeometrier. Du kan st\u00e4lla in maskinen b\u00e5de vertikalt och horisontellt. Man\u00f6vrering fram\/back g\u00f6rs med flyttbar fotpedal. KPB 50 anv\u00e4nds inom metallkonstruktion som \u00e4r specialiserade p\u00e5 reparation och individuell produktion av sk\u00e4rmtak, r\u00e4cken, staket eller m\u00f6bler.<\/p>\n<\/div>\n<\/div>\n\n\n\n<figure class=\"wp-block-table is-style-stripes\"><table><tbody><tr><td>Axeldiameter<\/td><td>50 mm<\/td><\/tr><tr><td>Rulldiameter <\/td><td>155 mm<\/td><\/tr><tr><td>B\u00f6jningshastighet <\/td><td>4,3 m\/min<\/td><\/tr><tr><td>Motor effekt<\/td><td>1,5 kW<\/td><\/tr><tr><td>Maskin dimensions<\/td><td>730 x 830 x 1350 mm<\/td><\/tr><tr><td>Vikt<\/td><td>400 kg<\/td><\/tr><\/tbody><\/table><\/figure>\n\n\n\n<div class=\"wp-block-buttons is-layout-flex wp-block-buttons-is-layout-flex\">\n<div class=\"wp-block-button\"><a class=\"wp-block-button__link has-white-color has-vivid-red-background-color has-text-color has-background wp-element-button\" href=\"https:\/\/swebalk.com\/wp-content\/uploads\/2023\/08\/KPB-50-Datasheet.pdf\" target=\"_blank\" rel=\"noreferrer noopener\">Produktblad KPB 50<\/a><\/div>\n<\/div>","protected":false},"excerpt":{"rendered":"<p>Art. 131151 Motordriven ringbockningsmaskin KPB 50 \u00e4r den idealiska verkstadsl\u00f6sningen f\u00f6r kallbockning av st\u00e5ngmaterial, r\u00f6r och profiler. Den kan \u00e4ven anv\u00e4ndas till spiralbockning. B\u00f6jradien kan st\u00e4llas in manuellt och universalrullarna kan anv\u00e4ndas f\u00f6r att b\u00f6ja m\u00e5nga olika profilgeometrier. Du kan st\u00e4lla in maskinen b\u00e5de vertikalt och horisontellt. Man\u00f6vrering fram\/back g\u00f6rs med flyttbar fotpedal. KPB 50 [&hellip;]<\/p>\n","protected":false},"author":1,"featured_media":0,"parent":679,"menu_order":0,"comment_status":"closed","ping_status":"closed","template":"templates\/template-full.php","meta":{"_acf_changed":false,"footnotes":""},"class_list":["post-1300","page","type-page","status-publish","hentry","post"],"acf":[],"_links":{"self":[{"href":"https:\/\/swebalk.com\/en\/wp-json\/wp\/v2\/pages\/1300","targetHints":{"allow":["GET"]}}],"collection":[{"href":"https:\/\/swebalk.com\/en\/wp-json\/wp\/v2\/pages"}],"about":[{"href":"https:\/\/swebalk.com\/en\/wp-json\/wp\/v2\/types\/page"}],"author":[{"embeddable":true,"href":"https:\/\/swebalk.com\/en\/wp-json\/wp\/v2\/users\/1"}],"replies":[{"embeddable":true,"href":"https:\/\/swebalk.com\/en\/wp-json\/wp\/v2\/comments?post=1300"}],"version-history":[{"count":1,"href":"https:\/\/swebalk.com\/en\/wp-json\/wp\/v2\/pages\/1300\/revisions"}],"predecessor-version":[{"id":1304,"href":"https:\/\/swebalk.com\/en\/wp-json\/wp\/v2\/pages\/1300\/revisions\/1304"}],"up":[{"embeddable":true,"href":"https:\/\/swebalk.com\/en\/wp-json\/wp\/v2\/pages\/679"}],"wp:attachment":[{"href":"https:\/\/swebalk.com\/en\/wp-json\/wp\/v2\/media?parent=1300"}],"curies":[{"name":"wp","href":"https:\/\/api.w.org\/{rel}","templated":true}]}}