{"id":1288,"date":"2023-08-24T17:56:04","date_gmt":"2023-08-24T17:56:04","guid":{"rendered":"https:\/\/swebalk.com\/?page_id=1288"},"modified":"2023-08-30T14:02:48","modified_gmt":"2023-08-30T14:02:48","slug":"verkstadspress-knwp-h-series","status":"publish","type":"page","link":"https:\/\/swebalk.com\/en\/produkter\/platbearbetning\/pressar\/verkstadspress-knwp-h-series\/","title":{"rendered":"Verkstadspress KNWP H Series"},"content":{"rendered":"<figure class=\"wp-block-table is-style-stripes has-small-font-size\"><table><tbody><tr><td>Art. 131770 &#8211; KNWP H 60<\/td><td>Art. 131771 &#8211; KNWP H 80<\/td><td>Art. 131772 &#8211; KNWP H 100<\/td><td>Art. 131773 &#8211; KNWP H 120<\/td><\/tr><tr><td>Art. 131774 &#8211; KNWP H 160<\/td><td>Art. 131775 &#8211; KNWP H 160 L<\/td><td>Art. 131776 &#8211; KNWP H 180<\/td><td>Art. 131777 &#8211; KNWP H 200<\/td><\/tr><\/tbody><\/table><\/figure>\n\n\n\n<div class=\"wp-block-columns is-layout-flex wp-container-core-columns-is-layout-9d6595d7 wp-block-columns-is-layout-flex\">\n<div class=\"wp-block-column is-layout-flow wp-block-column-is-layout-flow\">\n<figure class=\"wp-block-image size-large\"><img decoding=\"async\" src=\"https:\/\/swebalk.com\/wp-content\/uploads\/2023\/08\/image-56-640x1024.png\" alt=\"\" class=\"wp-image-1290\"\/><\/figure>\n<\/div>\n\n\n\n<div class=\"wp-block-column is-layout-flow wp-block-column-is-layout-flow\">\n<p>Denna serie av hydrauliska verkstadspressar med motordrift \u00e4r utformade med en stabil portal med justerbart, \u00f6ppet st\u00f6dbord och l\u00e4mpar sig f\u00f6r applikationer som in- och utpressning av lager, f\u00f6r montering och riktningsarbeten eller f\u00f6r provning av arbetsstycken. Den i sidled positionerbara arbetscylindern underl\u00e4ttar uppst\u00e4llningen utan att arbetsstycket beh\u00f6ver flyttas. Dessa pressar \u00e4r perfekta f\u00f6r tekniska verkst\u00e4der och underh\u00e5llsavdelningar<\/p>\n\n\n\n<p>KNWP H serien finns i 8 olika versioner.<\/p>\n\n\n\n<p>F\u00f6r mer info om produkten och tillbeh\u00f6r se produktblad eller kontakta oss.<\/p>\n<\/div>\n<\/div>\n\n\n\n<figure class=\"wp-block-table is-style-stripes has-small-font-size\"><table><thead><tr><th>Modell<\/th><th>KNWP H 60<br>Art. 131770<\/th><th>KNWP H 80<br>Art. 131771<\/th><th>KNWP H 100<br>Art. 131772<\/th><th>KNWP H 120<br>Art. 131773<\/th><\/tr><\/thead><tbody><tr><td>Presstryck<\/td><td>60 t<\/td><td>80 t<\/td><td>100 t<\/td><td>120 t<\/td><\/tr><tr><td>Slagl\u00e4ngd<\/td><td>400 mm<\/td><td>400 mm<\/td><td>400 mm<\/td><td>400 mm<\/td><\/tr><tr><td>Innerbredd<\/td><td>830 mm<\/td><td>930 mm<\/td><td>1020 mm<\/td><td>1020 mm<\/td><\/tr><tr><td>Fram\u00e5tg\u00e5ende hastighet<\/td><td>6,1 mm\/s<\/td><td>5,4 mm\/s<\/td><td>7,12 mm\/s<\/td><td>5,8 mm\/s<\/td><\/tr><tr><td>Tryck hastighet<\/td><td>6,1 mm\/s<\/td><td>5,4 mm\/s<\/td><td>7,12 mm\/s<\/td><td>5,8 mm\/s<\/td><\/tr><tr><td>Retur hastighet<\/td><td>10 mm\/s<\/td><td>8,3 mm\/s<\/td><td>13,42 mm\/s<\/td><td>9,5 mm\/s<\/td><\/tr><tr><td>Motor effekt hydraul pump<\/td><td>3 kW<\/td><td>3 kW<\/td><td>4 kW<\/td><td>7,5 kW<\/td><\/tr><tr><td>Oljevolym<\/td><td>6 L<\/td><td>6 L<\/td><td>11 L<\/td><td>11 L<\/td><\/tr><tr><td>Vikt<\/td><td>700 kg<\/td><td>725 kg<\/td><td>1000 kg<\/td><td>1250 kg<\/td><\/tr><\/tbody><\/table><\/figure>\n\n\n\n<figure class=\"wp-block-table is-style-stripes has-small-font-size\"><table><thead><tr><th>Modell<\/th><th>KNWP H 160<br>Art. 131774<\/th><th>KNWP H 160 L<br>Art. 131775<\/th><th>KNWP H 180<br>Art. 131776<\/th><th>KNWP H 200<br>Art. 131777<\/th><\/tr><\/thead><tbody><tr><td>Presstryck<\/td><td>160 t<\/td><td>160 t<\/td><td>180 t<\/td><td>200 t<\/td><\/tr><tr><td>Slagl\u00e4ngd<\/td><td>400 mm<\/td><td>400 mm<\/td><td>400 mm<\/td><td>400 mm<\/td><\/tr><tr><td>Innerbredd<\/td><td>1100 mm<\/td><td>1550 mm<\/td><td>1550 mm<\/td><td>1550 mm<\/td><\/tr><tr><td>Fram\u00e5tg\u00e5ende hastighet<\/td><td>6,2 mm\/s<\/td><td>6,2 mm\/s<\/td><td>8 mm\/s<\/td><td>6,4 mm\/s<\/td><\/tr><tr><td>Tryck hastighet<\/td><td>6,2 mm\/s<\/td><td>6,2 mm\/s<\/td><td>8 mm\/s<\/td><td>6,4 mm\/s<\/td><\/tr><tr><td>Retur hastighet<\/td><td>9,8 mm\/s<\/td><td>9,8 mm\/s<\/td><td>13,3 mm\/s<\/td><td>8,3 mm\/s<\/td><\/tr><tr><td>Motor effekt hydraul pump<\/td><td>5,5 kW<\/td><td>5,5 kW<\/td><td>7,5 kW<\/td><td>7,5 kW<\/td><\/tr><tr><td>Oljevolym<\/td><td>15 L<\/td><td>15 L<\/td><td>22 L<\/td><td>22 L<\/td><\/tr><tr><td>Vikt<\/td><td>1300 kg<\/td><td>1755 kg<\/td><td>2100 kg<\/td><td>2600 kg<\/td><\/tr><\/tbody><\/table><\/figure>\n\n\n\n<div class=\"wp-block-buttons is-layout-flex wp-block-buttons-is-layout-flex\">\n<div class=\"wp-block-button has-custom-width wp-block-button__width-50\"><a class=\"wp-block-button__link has-white-color has-vivid-red-background-color has-text-color has-background wp-element-button\" href=\"https:\/\/swebalk.com\/wp-content\/uploads\/2023\/08\/KNWP-H-60-Datasheet.pdf\" target=\"_blank\" rel=\"noreferrer noopener\">Produktblad KNWP H 60<\/a><\/div>\n\n\n\n<div class=\"wp-block-button has-custom-width wp-block-button__width-50\"><a class=\"wp-block-button__link has-white-color has-vivid-red-background-color has-text-color has-background wp-element-button\" href=\"https:\/\/swebalk.com\/wp-content\/uploads\/2023\/08\/KNWP-H-80-Datasheet.pdf\" target=\"_blank\" rel=\"noreferrer noopener\">Produktblad KNWP H 80<\/a><\/div>\n\n\n\n<div class=\"wp-block-button has-custom-width wp-block-button__width-50\"><a class=\"wp-block-button__link has-white-color has-vivid-red-background-color has-text-color has-background wp-element-button\" href=\"https:\/\/swebalk.com\/wp-content\/uploads\/2023\/08\/KNWP-H-100-Datasheet.pdf\" target=\"_blank\" rel=\"noreferrer noopener\">Produktblad KNWP H 100<\/a><\/div>\n\n\n\n<div class=\"wp-block-button has-custom-width wp-block-button__width-50\"><a class=\"wp-block-button__link has-white-color has-vivid-red-background-color has-text-color has-background wp-element-button\" href=\"https:\/\/swebalk.com\/wp-content\/uploads\/2023\/08\/KNWP-H-120-Datasheet.pdf\" target=\"_blank\" rel=\"noreferrer noopener\">Produktblad KNWP H 120<\/a><\/div>\n\n\n\n<div class=\"wp-block-button has-custom-width wp-block-button__width-50\"><a class=\"wp-block-button__link has-white-color has-vivid-red-background-color has-text-color has-background wp-element-button\" href=\"https:\/\/swebalk.com\/wp-content\/uploads\/2023\/08\/KNWP-H-160-Datasheet.pdf\" target=\"_blank\" rel=\"noreferrer noopener\">Produktblad KNWP H 160<\/a><\/div>\n\n\n\n<div class=\"wp-block-button has-custom-width wp-block-button__width-50\"><a class=\"wp-block-button__link has-white-color has-vivid-red-background-color has-text-color has-background wp-element-button\" href=\"https:\/\/swebalk.com\/wp-content\/uploads\/2023\/08\/KNWP-H-160-L-Datasheet.pdf\" target=\"_blank\" rel=\"noreferrer noopener\">Produktblad KNWP H 160 L<\/a><\/div>\n\n\n\n<div class=\"wp-block-button has-custom-width wp-block-button__width-50\"><a class=\"wp-block-button__link has-white-color has-vivid-red-background-color has-text-color has-background wp-element-button\" href=\"https:\/\/swebalk.com\/wp-content\/uploads\/2023\/08\/KNWP-H-180-Datasheet.pdf\" target=\"_blank\" rel=\"noreferrer noopener\">Produktblad KNWP H 180<\/a><\/div>\n\n\n\n<div class=\"wp-block-button has-custom-width wp-block-button__width-50\"><a class=\"wp-block-button__link has-white-color has-vivid-red-background-color has-text-color has-background wp-element-button\" href=\"https:\/\/swebalk.com\/wp-content\/uploads\/2023\/08\/KNWP-H-200-Datasheet.pdf\" target=\"_blank\" rel=\"noreferrer noopener\">Produktblad KNWP H 200<\/a><\/div>\n<\/div>","protected":false},"excerpt":{"rendered":"<p>Art. 131770 &#8211; KNWP H 60 Art. 131771 &#8211; KNWP H 80 Art. 131772 &#8211; KNWP H 100 Art. 131773 &#8211; KNWP H 120 Art. 131774 &#8211; KNWP H 160 Art. 131775 &#8211; KNWP H 160 L Art. 131776 &#8211; KNWP H 180 Art. 131777 &#8211; KNWP H 200 Denna serie av hydrauliska verkstadspressar med [&hellip;]<\/p>\n","protected":false},"author":1,"featured_media":0,"parent":677,"menu_order":0,"comment_status":"closed","ping_status":"closed","template":"templates\/template-full.php","meta":{"_acf_changed":false,"footnotes":""},"class_list":["post-1288","page","type-page","status-publish","hentry","post"],"acf":[],"_links":{"self":[{"href":"https:\/\/swebalk.com\/en\/wp-json\/wp\/v2\/pages\/1288","targetHints":{"allow":["GET"]}}],"collection":[{"href":"https:\/\/swebalk.com\/en\/wp-json\/wp\/v2\/pages"}],"about":[{"href":"https:\/\/swebalk.com\/en\/wp-json\/wp\/v2\/types\/page"}],"author":[{"embeddable":true,"href":"https:\/\/swebalk.com\/en\/wp-json\/wp\/v2\/users\/1"}],"replies":[{"embeddable":true,"href":"https:\/\/swebalk.com\/en\/wp-json\/wp\/v2\/comments?post=1288"}],"version-history":[{"count":2,"href":"https:\/\/swebalk.com\/en\/wp-json\/wp\/v2\/pages\/1288\/revisions"}],"predecessor-version":[{"id":1819,"href":"https:\/\/swebalk.com\/en\/wp-json\/wp\/v2\/pages\/1288\/revisions\/1819"}],"up":[{"embeddable":true,"href":"https:\/\/swebalk.com\/en\/wp-json\/wp\/v2\/pages\/677"}],"wp:attachment":[{"href":"https:\/\/swebalk.com\/en\/wp-json\/wp\/v2\/media?parent=1288"}],"curies":[{"name":"wp","href":"https:\/\/api.w.org\/{rel}","templated":true}]}}