{"id":1283,"date":"2023-08-24T15:22:56","date_gmt":"2023-08-24T15:22:56","guid":{"rendered":"https:\/\/swebalk.com\/?page_id=1283"},"modified":"2023-08-30T14:05:15","modified_gmt":"2023-08-30T14:05:15","slug":"verkstadspress-knwp-hm-series","status":"publish","type":"page","link":"https:\/\/swebalk.com\/en\/produkter\/platbearbetning\/pressar\/verkstadspress-knwp-hm-series\/","title":{"rendered":"Verkstadspress KNWP HM Series"},"content":{"rendered":"<figure class=\"wp-block-table is-style-stripes has-small-font-size\"><table><tbody><tr><td>Art. 131746 &#8211; KNWP 160 HM<\/td><td>Art. 131747 &#8211; KNWP 200 HM<\/td><\/tr><\/tbody><\/table><\/figure>\n\n\n\n<div class=\"wp-block-columns is-layout-flex wp-container-core-columns-is-layout-9d6595d7 wp-block-columns-is-layout-flex\">\n<div class=\"wp-block-column is-layout-flow wp-block-column-is-layout-flow\">\n<figure class=\"wp-block-image size-large\"><img decoding=\"async\" src=\"https:\/\/swebalk.com\/wp-content\/uploads\/2023\/08\/image-54-744x1024.png\" alt=\"\" class=\"wp-image-1284\"\/><\/figure>\n<\/div>\n\n\n\n<div class=\"wp-block-column is-layout-flow wp-block-column-is-layout-flow\">\n<p>Denna serie av hydrauliska verkstadspressar med motordrift tillverkas i Europa. Den stabila portalkonstruktionen med justerbart, \u00f6ppet st\u00f6dbord \u00e4r l\u00e4mplig f\u00f6r applikationer som in- och utpressning av lager, f\u00f6r monterings- och riktningsarbeten eller f\u00f6r provning av arbetsstycken. Den i sidled positionerbara arbetscylindern underl\u00e4ttar uppst\u00e4llningen utan att arbetsstycket beh\u00f6ver flyttas. Dessa pressar \u00e4r n\u00e4stan oumb\u00e4rliga i tekniska verkst\u00e4der och underh\u00e5llsavdelningar.<\/p>\n<\/div>\n<\/div>\n\n\n\n<figure class=\"wp-block-table is-style-stripes has-small-font-size\"><table><thead><tr><th>Modell<\/th><th>KNWP 160 HM<br>Art. 131746<\/th><th>KNWP 200 HM<br>Art. 131747<\/th><\/tr><\/thead><tbody><tr><td>Presstryck<\/td><td>160 t<\/td><td>200 t<\/td><\/tr><tr><td>Slagl\u00e4ngd<\/td><td>400 mm<\/td><td>400 mm<\/td><\/tr><tr><td>Fram\u00e5tg\u00e5ende hastighet<\/td><td>7,48 mm\/s<\/td><td>5,73 mm\/s<\/td><\/tr><tr><td>Tryck hastighet<\/td><td>2,4 mm\/s<\/td><td>1,84 mm\/s<\/td><\/tr><tr><td>Retur hastighet<\/td><td>9,35 mm\/s<\/td><td>7,08 mm\/s<\/td><\/tr><tr><td>Motor effekt hydraul pump<\/td><td>3 kW<\/td><td>3 kW<\/td><\/tr><tr><td>Oljevolym<\/td><td>57 L<\/td><td>64 L<\/td><\/tr><tr><td>Vikt<\/td><td>1195 kg<\/td><td>1690 kg<\/td><\/tr><\/tbody><\/table><\/figure>\n\n\n\n<div class=\"wp-block-buttons is-layout-flex wp-block-buttons-is-layout-flex\">\n<div class=\"wp-block-button\"><a class=\"wp-block-button__link has-white-color has-vivid-red-background-color has-text-color has-background wp-element-button\" href=\"https:\/\/swebalk.com\/wp-content\/uploads\/2023\/08\/KNWP-160-HM-Datasheet.pdf\" target=\"_blank\" rel=\"noreferrer noopener\">Produktblad KNWP 160 HM<\/a><\/div>\n\n\n\n<div class=\"wp-block-button\"><a class=\"wp-block-button__link has-white-color has-vivid-red-background-color has-text-color has-background wp-element-button\" href=\"https:\/\/swebalk.com\/wp-content\/uploads\/2023\/08\/KNWP-200-HM-Datasheet.pdf\" target=\"_blank\" rel=\"noreferrer noopener\">Produktblad KNWP 200 HM<\/a><\/div>\n<\/div>","protected":false},"excerpt":{"rendered":"<p>Art. 131746 &#8211; KNWP 160 HM Art. 131747 &#8211; KNWP 200 HM Denna serie av hydrauliska verkstadspressar med motordrift tillverkas i Europa. Den stabila portalkonstruktionen med justerbart, \u00f6ppet st\u00f6dbord \u00e4r l\u00e4mplig f\u00f6r applikationer som in- och utpressning av lager, f\u00f6r monterings- och riktningsarbeten eller f\u00f6r provning av arbetsstycken. Den i sidled positionerbara arbetscylindern underl\u00e4ttar uppst\u00e4llningen [&hellip;]<\/p>\n","protected":false},"author":1,"featured_media":0,"parent":677,"menu_order":0,"comment_status":"closed","ping_status":"closed","template":"templates\/template-full.php","meta":{"_acf_changed":false,"footnotes":""},"class_list":["post-1283","page","type-page","status-publish","hentry","post"],"acf":[],"_links":{"self":[{"href":"https:\/\/swebalk.com\/en\/wp-json\/wp\/v2\/pages\/1283","targetHints":{"allow":["GET"]}}],"collection":[{"href":"https:\/\/swebalk.com\/en\/wp-json\/wp\/v2\/pages"}],"about":[{"href":"https:\/\/swebalk.com\/en\/wp-json\/wp\/v2\/types\/page"}],"author":[{"embeddable":true,"href":"https:\/\/swebalk.com\/en\/wp-json\/wp\/v2\/users\/1"}],"replies":[{"embeddable":true,"href":"https:\/\/swebalk.com\/en\/wp-json\/wp\/v2\/comments?post=1283"}],"version-history":[{"count":2,"href":"https:\/\/swebalk.com\/en\/wp-json\/wp\/v2\/pages\/1283\/revisions"}],"predecessor-version":[{"id":1821,"href":"https:\/\/swebalk.com\/en\/wp-json\/wp\/v2\/pages\/1283\/revisions\/1821"}],"up":[{"embeddable":true,"href":"https:\/\/swebalk.com\/en\/wp-json\/wp\/v2\/pages\/677"}],"wp:attachment":[{"href":"https:\/\/swebalk.com\/en\/wp-json\/wp\/v2\/media?parent=1283"}],"curies":[{"name":"wp","href":"https:\/\/api.w.org\/{rel}","templated":true}]}}