{"id":1277,"date":"2023-08-24T15:06:48","date_gmt":"2023-08-24T15:06:48","guid":{"rendered":"https:\/\/swebalk.com\/?page_id=1277"},"modified":"2023-08-30T13:57:39","modified_gmt":"2023-08-30T13:57:39","slug":"verkstadspress-knwp-m-series","status":"publish","type":"page","link":"https:\/\/swebalk.com\/en\/produkter\/platbearbetning\/pressar\/verkstadspress-knwp-m-series\/","title":{"rendered":"Verkstadspress KNWP M Series"},"content":{"rendered":"<figure class=\"wp-block-table is-style-stripes has-small-font-size\"><table><tbody><tr><td>Art. 131742 &#8211; KNWP 15 M<\/td><td>Art. 131741 &#8211; KNWP 30 M<\/td><td>Art. 131743 &#8211; KNWP 50 M<\/td><\/tr><\/tbody><\/table><\/figure>\n\n\n\n<div class=\"wp-block-columns is-layout-flex wp-container-core-columns-is-layout-9d6595d7 wp-block-columns-is-layout-flex\">\n<div class=\"wp-block-column is-layout-flow wp-block-column-is-layout-flow\">\n<figure class=\"wp-block-image size-large\"><img decoding=\"async\" src=\"https:\/\/swebalk.com\/wp-content\/uploads\/2023\/08\/image-53-562x1024.png\" alt=\"\" class=\"wp-image-1278\"\/><\/figure>\n<\/div>\n\n\n\n<div class=\"wp-block-column is-layout-flow wp-block-column-is-layout-flow\">\n<p>Dessa manuella hydrauliska verkstadspressar \u00e4r byggda i Europa och \u00e4r l\u00e4mpliga f\u00f6r allm\u00e4n montering och riktningsarbete eller f\u00f6r att testa arbetsstycken. De m\u00f6jligg\u00f6r ett s\u00e4kert och professionellt arbete och anv\u00e4nds fr\u00e4mst i mekaniska verkst\u00e4der, bilverkst\u00e4der, l\u00e5ssmed och skolor.<\/p>\n<\/div>\n<\/div>\n\n\n\n<figure class=\"wp-block-table is-style-stripes has-small-font-size\"><table><thead><tr><th>Modell<\/th><th>KNWP 15 M<br>Art. 131742<\/th><th>KNWP 30 M<br>Art. 131741<\/th><th>KNWP 50 M<br>Art. 131743<\/th><\/tr><\/thead><tbody><tr><td>Presstryck<\/td><td>15 t<\/td><td>30 t<\/td><td>50 t<\/td><\/tr><tr><td>Slagl\u00e4ngd<\/td><td>160 mm<\/td><td>160 mm<\/td><td>160 mm<\/td><\/tr><tr><td>Innerbredd<\/td><td>560 mm<\/td><td>565 mm<\/td><td>750 mm<\/td><\/tr><tr><td>Oljevolym<\/td><td>1,65 L<\/td><td>1,65 L<\/td><td>1,65 L<\/td><\/tr><tr><td>Vikt<\/td><td>117 kg<\/td><td>150 kg<\/td><td>250 kg<\/td><\/tr><tr><td>Maskin dimension (m)<\/td><td>0,83 x 0,6 x 1,93<\/td><td>0,83 x 0,64 x 2,05<\/td><td>1,1 x 0,76 x 2,12<\/td><\/tr><\/tbody><\/table><\/figure>\n\n\n\n<div class=\"wp-block-buttons is-layout-flex wp-block-buttons-is-layout-flex\">\n<div class=\"wp-block-button\"><a class=\"wp-block-button__link has-white-color has-vivid-red-background-color has-text-color has-background wp-element-button\" href=\"https:\/\/swebalk.com\/wp-content\/uploads\/2023\/08\/KNWP-15-M-Datasheet.pdf\" target=\"_blank\" rel=\"noreferrer noopener\">Produktblad KNWP 15 M<\/a><\/div>\n\n\n\n<div class=\"wp-block-button\"><a class=\"wp-block-button__link has-white-color has-vivid-red-background-color has-text-color has-background wp-element-button\" href=\"https:\/\/swebalk.com\/wp-content\/uploads\/2023\/08\/KNWP-30-M-Datasheet.pdf\" target=\"_blank\" rel=\"noreferrer noopener\">Produktblad KNWP 30 M<\/a><\/div>\n\n\n\n<div class=\"wp-block-button\"><a class=\"wp-block-button__link has-white-color has-vivid-red-background-color has-text-color has-background wp-element-button\" href=\"https:\/\/swebalk.com\/wp-content\/uploads\/2023\/08\/KNWP-50-M-Datasheet.pdf\" target=\"_blank\" rel=\"noreferrer noopener\">Produktblad KNWP 50 M<\/a><\/div>\n<\/div>","protected":false},"excerpt":{"rendered":"<p>Art. 131742 &#8211; KNWP 15 M Art. 131741 &#8211; KNWP 30 M Art. 131743 &#8211; KNWP 50 M Dessa manuella hydrauliska verkstadspressar \u00e4r byggda i Europa och \u00e4r l\u00e4mpliga f\u00f6r allm\u00e4n montering och riktningsarbete eller f\u00f6r att testa arbetsstycken. De m\u00f6jligg\u00f6r ett s\u00e4kert och professionellt arbete och anv\u00e4nds fr\u00e4mst i mekaniska verkst\u00e4der, bilverkst\u00e4der, l\u00e5ssmed och [&hellip;]<\/p>\n","protected":false},"author":1,"featured_media":0,"parent":677,"menu_order":0,"comment_status":"closed","ping_status":"closed","template":"templates\/template-full.php","meta":{"_acf_changed":false,"footnotes":""},"class_list":["post-1277","page","type-page","status-publish","hentry","post"],"acf":[],"_links":{"self":[{"href":"https:\/\/swebalk.com\/en\/wp-json\/wp\/v2\/pages\/1277","targetHints":{"allow":["GET"]}}],"collection":[{"href":"https:\/\/swebalk.com\/en\/wp-json\/wp\/v2\/pages"}],"about":[{"href":"https:\/\/swebalk.com\/en\/wp-json\/wp\/v2\/types\/page"}],"author":[{"embeddable":true,"href":"https:\/\/swebalk.com\/en\/wp-json\/wp\/v2\/users\/1"}],"replies":[{"embeddable":true,"href":"https:\/\/swebalk.com\/en\/wp-json\/wp\/v2\/comments?post=1277"}],"version-history":[{"count":2,"href":"https:\/\/swebalk.com\/en\/wp-json\/wp\/v2\/pages\/1277\/revisions"}],"predecessor-version":[{"id":1817,"href":"https:\/\/swebalk.com\/en\/wp-json\/wp\/v2\/pages\/1277\/revisions\/1817"}],"up":[{"embeddable":true,"href":"https:\/\/swebalk.com\/en\/wp-json\/wp\/v2\/pages\/677"}],"wp:attachment":[{"href":"https:\/\/swebalk.com\/en\/wp-json\/wp\/v2\/media?parent=1277"}],"curies":[{"name":"wp","href":"https:\/\/api.w.org\/{rel}","templated":true}]}}