{"id":1269,"date":"2023-08-24T14:09:34","date_gmt":"2023-08-24T14:09:34","guid":{"rendered":"https:\/\/swebalk.com\/?page_id=1269"},"modified":"2023-08-24T14:44:08","modified_gmt":"2023-08-24T14:44:08","slug":"plasmaskarmaskin-plasma-jet-compact-h-1530","status":"publish","type":"page","link":"https:\/\/swebalk.com\/en\/produkter\/platbearbetning\/laser-plasmaskarmaskiner\/plasmaskarmaskin-plasma-jet-compact-h-1530\/","title":{"rendered":"Plasmask\u00e4rmaskin Plasma-Jet Compact H 1530"},"content":{"rendered":"<p>Art. 144031<\/p>\n\n\n\n<div class=\"wp-block-columns is-layout-flex wp-container-core-columns-is-layout-9d6595d7 wp-block-columns-is-layout-flex\">\n<div class=\"wp-block-column is-layout-flow wp-block-column-is-layout-flow\">\n<figure class=\"wp-block-image size-full\"><img decoding=\"async\" src=\"https:\/\/swebalk.com\/wp-content\/uploads\/2023\/08\/image-51.png\" alt=\"\" class=\"wp-image-1270\"\/><\/figure>\n<\/div>\n\n\n\n<div class=\"wp-block-column is-layout-flow wp-block-column-is-layout-flow\">\n<p>Plasma-Jet Compact H \u00e4r ett plasmask\u00e4rningssystem som har skr\u00e4ddarsytts speciellt f\u00f6r v\u00e5ra kunders behov. Med sin kompakta design l\u00e4mpar sig maskinen f\u00f6r s\u00e5v\u00e4l sm\u00e5 verkst\u00e4der som f\u00f6r stora industrif\u00f6retag. Modern teknik fr\u00e5n Hypertherm och h\u00f6gkvalitativa komponenter fr\u00e5n v\u00e4rldsk\u00e4nda tillverkare garanterar h\u00f6gkvalitativa sk\u00e4rresultat \u00e4ven i flerskiftsdrift.<\/p>\n<\/div>\n<\/div>\n\n\n\n<figure class=\"wp-block-table is-style-stripes\"><table><tbody><tr><td>Pl\u00e5tstorlek<\/td><td>3000 x 1500 mm<\/td><\/tr><tr><td>Bord h\u00f6jd<\/td><td>600 mm<\/td><\/tr><tr><td>Belastning<\/td><td>410 kg\/m2<\/td><\/tr><tr><td>Snabb matning<\/td><td>18000 mm\/min<\/td><\/tr><tr><td>Plasma<\/td><td>Hypertherm<\/td><\/tr><tr><td>Vikt<\/td><td>2250 kg<\/td><\/tr><\/tbody><\/table><\/figure>\n\n\n\n<div class=\"wp-block-buttons is-layout-flex wp-block-buttons-is-layout-flex\">\n<div class=\"wp-block-button\"><a class=\"wp-block-button__link has-white-color has-vivid-red-background-color has-text-color has-background wp-element-button\" href=\"https:\/\/swebalk.com\/wp-content\/uploads\/2023\/08\/Plasma-Jet-Compact-H-1530-Datasheet.pdf\" target=\"_blank\" rel=\"noreferrer noopener\">Produktblad Plasma-Jet Compact H<\/a><\/div>\n<\/div>","protected":false},"excerpt":{"rendered":"<p>Art. 144031 Plasma-Jet Compact H \u00e4r ett plasmask\u00e4rningssystem som har skr\u00e4ddarsytts speciellt f\u00f6r v\u00e5ra kunders behov. Med sin kompakta design l\u00e4mpar sig maskinen f\u00f6r s\u00e5v\u00e4l sm\u00e5 verkst\u00e4der som f\u00f6r stora industrif\u00f6retag. Modern teknik fr\u00e5n Hypertherm och h\u00f6gkvalitativa komponenter fr\u00e5n v\u00e4rldsk\u00e4nda tillverkare garanterar h\u00f6gkvalitativa sk\u00e4rresultat \u00e4ven i flerskiftsdrift. Pl\u00e5tstorlek 3000 x 1500 mm Bord h\u00f6jd 600 [&hellip;]<\/p>\n","protected":false},"author":1,"featured_media":0,"parent":675,"menu_order":0,"comment_status":"closed","ping_status":"closed","template":"templates\/template-full.php","meta":{"_acf_changed":false,"footnotes":""},"class_list":["post-1269","page","type-page","status-publish","hentry","post"],"acf":[],"_links":{"self":[{"href":"https:\/\/swebalk.com\/en\/wp-json\/wp\/v2\/pages\/1269","targetHints":{"allow":["GET"]}}],"collection":[{"href":"https:\/\/swebalk.com\/en\/wp-json\/wp\/v2\/pages"}],"about":[{"href":"https:\/\/swebalk.com\/en\/wp-json\/wp\/v2\/types\/page"}],"author":[{"embeddable":true,"href":"https:\/\/swebalk.com\/en\/wp-json\/wp\/v2\/users\/1"}],"replies":[{"embeddable":true,"href":"https:\/\/swebalk.com\/en\/wp-json\/wp\/v2\/comments?post=1269"}],"version-history":[{"count":1,"href":"https:\/\/swebalk.com\/en\/wp-json\/wp\/v2\/pages\/1269\/revisions"}],"predecessor-version":[{"id":1273,"href":"https:\/\/swebalk.com\/en\/wp-json\/wp\/v2\/pages\/1269\/revisions\/1273"}],"up":[{"embeddable":true,"href":"https:\/\/swebalk.com\/en\/wp-json\/wp\/v2\/pages\/675"}],"wp:attachment":[{"href":"https:\/\/swebalk.com\/en\/wp-json\/wp\/v2\/media?parent=1269"}],"curies":[{"name":"wp","href":"https:\/\/api.w.org\/{rel}","templated":true}]}}