{"id":1265,"date":"2023-08-24T13:52:11","date_gmt":"2023-08-24T13:52:11","guid":{"rendered":"https:\/\/swebalk.com\/?page_id=1265"},"modified":"2023-08-24T14:43:51","modified_gmt":"2023-08-24T14:43:51","slug":"fiberlaser-ace-laser-3015-3-0-max","status":"publish","type":"page","link":"https:\/\/swebalk.com\/en\/produkter\/platbearbetning\/laser-plasmaskarmaskiner\/fiberlaser-ace-laser-3015-3-0-max\/","title":{"rendered":"Fiberlaser ACE Laser 3015 3.0 MAX"},"content":{"rendered":"<p>Art. 141043<\/p>\n\n\n\n<div class=\"wp-block-columns is-layout-flex wp-container-core-columns-is-layout-9d6595d7 wp-block-columns-is-layout-flex\">\n<div class=\"wp-block-column is-layout-flow wp-block-column-is-layout-flow\">\n<figure class=\"wp-block-image size-full\"><img decoding=\"async\" src=\"https:\/\/swebalk.com\/wp-content\/uploads\/2023\/08\/image-50.png\" alt=\"\" class=\"wp-image-1266\"\/><\/figure>\n<\/div>\n\n\n\n<div class=\"wp-block-column is-layout-flow wp-block-column-is-layout-flow\">\n<p>ACE Laser-serien erbjuder ett sk\u00e4r system som s\u00e4tter nya standarder f\u00f6r pris och prestanda. De \u00e4r optimalt utformade f\u00f6r sk\u00e4rprocessen och utm\u00e4rkt detaljkvalitet. Maskinerna garanterar produktivitet, s\u00e4kerhet och tillf\u00f6rlitlighet. Omfattande standardutrustning s\u00e4kerst\u00e4ller effektivitet och m\u00e5ngsidighet. Dessa egenskaper g\u00f6r ACE-lasern till det idealiska valet f\u00f6r industriella lasersk\u00e4rningsapplikationer, fr\u00e5n komplexa arbetsstycken med en partistorlek p\u00e5 1 till stor serieproduktion inom elektronik, flyg- eller bilindustrin.<\/p>\n<\/div>\n<\/div>\n\n\n\n<figure class=\"wp-block-table is-style-stripes\"><table><tbody><tr><td>Bord storlek<\/td><td>3000 x 1500 mm<\/td><\/tr><tr><td>Bord belastning max<\/td><td>1000 kg<\/td><\/tr><tr><td>R\u00f6relse X-axel<\/td><td>1520 mm<\/td><\/tr><tr><td>R\u00f6relse Y-axel<\/td><td>3050 mm<\/td><\/tr><tr><td>R\u00f6relse Z-axel<\/td><td>100 mm<\/td><\/tr><tr><td>Snabb matning X-, Y-axel<\/td><td>100 m\/mm<\/td><\/tr><tr><td>Positioneringsnoggrannhet <\/td><td>0,03 mm\/m<\/td><\/tr><tr><td>Repeterbarhet positionering<\/td><td>0,02 mm\/m<\/td><\/tr><tr><td>Fiber laser<\/td><td>3000 W<\/td><\/tr><tr><td>Matningssp\u00e4nning<\/td><td>AC 380V \u00b1 10%, 50\/60Hz<\/td><\/tr><tr><td>Maskin driv kapacitet X-axel<\/td><td>1,0 kW<\/td><\/tr><tr><td>Maskin driv kapacitet Y-axel<\/td><td>1,5 kW<\/td><\/tr><tr><td>Maskin driv kapacitet Z-axel<\/td><td>0,4 kW<\/td><\/tr><tr><td>Maskin dimension<\/td><td>9,8 x 3,7 x 2,15 m<\/td><\/tr><tr><td>Vikt<\/td><td>8000 kg<\/td><\/tr><\/tbody><\/table><\/figure>\n\n\n\n<div class=\"wp-block-buttons is-layout-flex wp-block-buttons-is-layout-flex\">\n<div class=\"wp-block-button\"><a class=\"wp-block-button__link has-white-color has-vivid-red-background-color has-text-color has-background wp-element-button\" href=\"https:\/\/swebalk.com\/wp-content\/uploads\/2023\/08\/ACE-Laser-3015-3.0-MAX-Datasheet.pdf\" target=\"_blank\" rel=\"noreferrer noopener\">Produktblad ACE Laser 3015 3.0 MAX<\/a><\/div>\n<\/div>","protected":false},"excerpt":{"rendered":"<p>Art. 141043 ACE Laser-serien erbjuder ett sk\u00e4r system som s\u00e4tter nya standarder f\u00f6r pris och prestanda. De \u00e4r optimalt utformade f\u00f6r sk\u00e4rprocessen och utm\u00e4rkt detaljkvalitet. Maskinerna garanterar produktivitet, s\u00e4kerhet och tillf\u00f6rlitlighet. Omfattande standardutrustning s\u00e4kerst\u00e4ller effektivitet och m\u00e5ngsidighet. Dessa egenskaper g\u00f6r ACE-lasern till det idealiska valet f\u00f6r industriella lasersk\u00e4rningsapplikationer, fr\u00e5n komplexa arbetsstycken med en partistorlek p\u00e5 [&hellip;]<\/p>\n","protected":false},"author":1,"featured_media":0,"parent":675,"menu_order":0,"comment_status":"closed","ping_status":"closed","template":"templates\/template-full.php","meta":{"_acf_changed":false,"footnotes":""},"class_list":["post-1265","page","type-page","status-publish","hentry","post"],"acf":[],"_links":{"self":[{"href":"https:\/\/swebalk.com\/en\/wp-json\/wp\/v2\/pages\/1265","targetHints":{"allow":["GET"]}}],"collection":[{"href":"https:\/\/swebalk.com\/en\/wp-json\/wp\/v2\/pages"}],"about":[{"href":"https:\/\/swebalk.com\/en\/wp-json\/wp\/v2\/types\/page"}],"author":[{"embeddable":true,"href":"https:\/\/swebalk.com\/en\/wp-json\/wp\/v2\/users\/1"}],"replies":[{"embeddable":true,"href":"https:\/\/swebalk.com\/en\/wp-json\/wp\/v2\/comments?post=1265"}],"version-history":[{"count":1,"href":"https:\/\/swebalk.com\/en\/wp-json\/wp\/v2\/pages\/1265\/revisions"}],"predecessor-version":[{"id":1268,"href":"https:\/\/swebalk.com\/en\/wp-json\/wp\/v2\/pages\/1265\/revisions\/1268"}],"up":[{"embeddable":true,"href":"https:\/\/swebalk.com\/en\/wp-json\/wp\/v2\/pages\/675"}],"wp:attachment":[{"href":"https:\/\/swebalk.com\/en\/wp-json\/wp\/v2\/media?parent=1265"}],"curies":[{"name":"wp","href":"https:\/\/api.w.org\/{rel}","templated":true}]}}