{"id":1262,"date":"2023-08-24T12:28:35","date_gmt":"2023-08-24T12:28:35","guid":{"rendered":"https:\/\/swebalk.com\/?page_id=1262"},"modified":"2023-08-24T12:29:06","modified_gmt":"2023-08-24T12:29:06","slug":"kantfasningsmaskin-kf-500","status":"publish","type":"page","link":"https:\/\/swebalk.com\/en\/produkter\/platbearbetning\/kantfasning-2\/kantfasningsmaskin-kf-500\/","title":{"rendered":"Kantfasningsmaskin KF 500"},"content":{"rendered":"<p>Art. 101355<\/p>\n\n\n\n<div class=\"wp-block-columns is-layout-flex wp-container-core-columns-is-layout-9d6595d7 wp-block-columns-is-layout-flex\">\n<div class=\"wp-block-column is-layout-flow wp-block-column-is-layout-flow\">\n<figure class=\"wp-block-image size-full\"><img decoding=\"async\" src=\"https:\/\/swebalk.com\/wp-content\/uploads\/2023\/08\/image-49.png\" alt=\"\" class=\"wp-image-1263\"\/><\/figure>\n<\/div>\n\n\n\n<div class=\"wp-block-column is-layout-flow wp-block-column-is-layout-flow\">\n<p>Station\u00e4r b\u00e4nk kantfasningsmaskin f\u00f6r gradning och fasning av olika material. Det direktdrivna sk\u00e4rhuvudet i h\u00e5rdmetall ger \u00f6verl\u00e4gsna arbetsresultat plus en mer exakt och b\u00e4ttre ytkvalitet j\u00e4mf\u00f6rt med slipmaskiner. Fasvinkel och fas bredd kan justeras efter behov. Denna modell anv\u00e4nds fr\u00e4mst inom st\u00e5lkonstruktion och maskinteknik.<\/p>\n<\/div>\n<\/div>\n\n\n\n<figure class=\"wp-block-table is-style-stripes\"><table><tbody><tr><td>Vinkel inst\u00e4llning<\/td><td>15 &#8211; 45\u00b0<\/td><\/tr><tr><td>Bord l\u00e4ngd<\/td><td>500 mm<\/td><\/tr><tr><td>Hastighet<\/td><td>3400 v\/min<\/td><\/tr><tr><td>Motor effekt<\/td><td>0,75 kW<\/td><\/tr><tr><td>Vikt<\/td><td>29 kg<\/td><\/tr><\/tbody><\/table><\/figure>\n\n\n\n<div class=\"wp-block-buttons is-layout-flex wp-block-buttons-is-layout-flex\">\n<div class=\"wp-block-button\"><a class=\"wp-block-button__link has-white-color has-vivid-red-background-color has-text-color has-background wp-element-button\" href=\"https:\/\/swebalk.com\/wp-content\/uploads\/2023\/08\/KF-500-Datasheet.pdf\" target=\"_blank\" rel=\"noreferrer noopener\">Produktblad KF 500<\/a><\/div>\n<\/div>","protected":false},"excerpt":{"rendered":"<p>Art. 101355 Station\u00e4r b\u00e4nk kantfasningsmaskin f\u00f6r gradning och fasning av olika material. Det direktdrivna sk\u00e4rhuvudet i h\u00e5rdmetall ger \u00f6verl\u00e4gsna arbetsresultat plus en mer exakt och b\u00e4ttre ytkvalitet j\u00e4mf\u00f6rt med slipmaskiner. Fasvinkel och fas bredd kan justeras efter behov. Denna modell anv\u00e4nds fr\u00e4mst inom st\u00e5lkonstruktion och maskinteknik. Vinkel inst\u00e4llning 15 &#8211; 45\u00b0 Bord l\u00e4ngd 500 mm [&hellip;]<\/p>\n","protected":false},"author":1,"featured_media":0,"parent":673,"menu_order":0,"comment_status":"closed","ping_status":"closed","template":"templates\/template-full.php","meta":{"_acf_changed":false,"footnotes":""},"class_list":["post-1262","page","type-page","status-publish","hentry","post"],"acf":[],"_links":{"self":[{"href":"https:\/\/swebalk.com\/en\/wp-json\/wp\/v2\/pages\/1262","targetHints":{"allow":["GET"]}}],"collection":[{"href":"https:\/\/swebalk.com\/en\/wp-json\/wp\/v2\/pages"}],"about":[{"href":"https:\/\/swebalk.com\/en\/wp-json\/wp\/v2\/types\/page"}],"author":[{"embeddable":true,"href":"https:\/\/swebalk.com\/en\/wp-json\/wp\/v2\/users\/1"}],"replies":[{"embeddable":true,"href":"https:\/\/swebalk.com\/en\/wp-json\/wp\/v2\/comments?post=1262"}],"version-history":[{"count":1,"href":"https:\/\/swebalk.com\/en\/wp-json\/wp\/v2\/pages\/1262\/revisions"}],"predecessor-version":[{"id":1264,"href":"https:\/\/swebalk.com\/en\/wp-json\/wp\/v2\/pages\/1262\/revisions\/1264"}],"up":[{"embeddable":true,"href":"https:\/\/swebalk.com\/en\/wp-json\/wp\/v2\/pages\/673"}],"wp:attachment":[{"href":"https:\/\/swebalk.com\/en\/wp-json\/wp\/v2\/media?parent=1262"}],"curies":[{"name":"wp","href":"https:\/\/api.w.org\/{rel}","templated":true}]}}