{"id":1255,"date":"2023-08-24T12:11:34","date_gmt":"2023-08-24T12:11:34","guid":{"rendered":"https:\/\/swebalk.com\/?page_id=1255"},"modified":"2023-08-24T12:28:55","modified_gmt":"2023-08-24T12:28:55","slug":"kantfasningsmaskin-kf-6000-optiedge","status":"publish","type":"page","link":"https:\/\/swebalk.com\/en\/produkter\/platbearbetning\/kantfasning-2\/kantfasningsmaskin-kf-6000-optiedge\/","title":{"rendered":"Kantfasningsmaskin KF 6000 OPTIEDGE"},"content":{"rendered":"<p>Art. 101360<\/p>\n\n\n\n<div class=\"wp-block-columns is-layout-flex wp-container-core-columns-is-layout-9d6595d7 wp-block-columns-is-layout-flex\">\n<div class=\"wp-block-column is-layout-flow wp-block-column-is-layout-flow\">\n<figure class=\"wp-block-image size-full\"><img decoding=\"async\" src=\"https:\/\/swebalk.com\/wp-content\/uploads\/2023\/08\/image-48.png\" alt=\"\" class=\"wp-image-1256\"\/><\/figure>\n<\/div>\n\n\n\n<div class=\"wp-block-column is-layout-flow wp-block-column-is-layout-flow\">\n<p>KF 6000 OPTIEDGE \u00e4r en kostnadseffektiv portabel kantfasningsmaskin. Bepr\u00f6vad \u00e4ven under tuffa anv\u00e4ndnings f\u00f6rh\u00e5llanden \u00e4r denna enhet det optimala valet f\u00f6r fasning av pl\u00e5tar i de flest f\u00f6rekommande materialen. Den har en kraftfull motor f\u00f6r med stegl\u00f6st variabla hastigheter.<\/p>\n<\/div>\n<\/div>\n\n\n\n<figure class=\"wp-block-table is-style-stripes\"><table><tbody><tr><td>Guide bar l\u00e4ngd<\/td><td>230 mm<\/td><\/tr><tr><td>Fasnings bredd (max)<\/td><td>10 mm<\/td><\/tr><tr><td>Hastighet<\/td><td>6000 v\/min<\/td><\/tr><tr><td>Motor effekt<\/td><td>0,75 kW<\/td><\/tr><tr><td>Maskin dimension (m)<\/td><td>0,3 x 0,23 x 0,18 m<\/td><\/tr><tr><td>Vikt<\/td><td>9,28 kg<\/td><\/tr><\/tbody><\/table><\/figure>\n\n\n\n<div class=\"wp-block-buttons is-layout-flex wp-block-buttons-is-layout-flex\">\n<div class=\"wp-block-button\"><a class=\"wp-block-button__link has-white-color has-vivid-red-background-color has-text-color has-background wp-element-button\" href=\"https:\/\/swebalk.com\/wp-content\/uploads\/2023\/08\/KF-6000-OPTIEDGE-Datasheet.pdf\" target=\"_blank\" rel=\"noreferrer noopener\">Produktblad KF 6000 OPTIEDGE<\/a><\/div>\n<\/div>","protected":false},"excerpt":{"rendered":"<p>Art. 101360 KF 6000 OPTIEDGE \u00e4r en kostnadseffektiv portabel kantfasningsmaskin. Bepr\u00f6vad \u00e4ven under tuffa anv\u00e4ndnings f\u00f6rh\u00e5llanden \u00e4r denna enhet det optimala valet f\u00f6r fasning av pl\u00e5tar i de flest f\u00f6rekommande materialen. Den har en kraftfull motor f\u00f6r med stegl\u00f6st variabla hastigheter. Guide bar l\u00e4ngd 230 mm Fasnings bredd (max) 10 mm Hastighet 6000 v\/min Motor [&hellip;]<\/p>\n","protected":false},"author":1,"featured_media":0,"parent":673,"menu_order":0,"comment_status":"closed","ping_status":"closed","template":"templates\/template-full.php","meta":{"_acf_changed":false,"footnotes":""},"class_list":["post-1255","page","type-page","status-publish","hentry","post"],"acf":[],"_links":{"self":[{"href":"https:\/\/swebalk.com\/en\/wp-json\/wp\/v2\/pages\/1255","targetHints":{"allow":["GET"]}}],"collection":[{"href":"https:\/\/swebalk.com\/en\/wp-json\/wp\/v2\/pages"}],"about":[{"href":"https:\/\/swebalk.com\/en\/wp-json\/wp\/v2\/types\/page"}],"author":[{"embeddable":true,"href":"https:\/\/swebalk.com\/en\/wp-json\/wp\/v2\/users\/1"}],"replies":[{"embeddable":true,"href":"https:\/\/swebalk.com\/en\/wp-json\/wp\/v2\/comments?post=1255"}],"version-history":[{"count":2,"href":"https:\/\/swebalk.com\/en\/wp-json\/wp\/v2\/pages\/1255\/revisions"}],"predecessor-version":[{"id":1261,"href":"https:\/\/swebalk.com\/en\/wp-json\/wp\/v2\/pages\/1255\/revisions\/1261"}],"up":[{"embeddable":true,"href":"https:\/\/swebalk.com\/en\/wp-json\/wp\/v2\/pages\/673"}],"wp:attachment":[{"href":"https:\/\/swebalk.com\/en\/wp-json\/wp\/v2\/media?parent=1255"}],"curies":[{"name":"wp","href":"https:\/\/api.w.org\/{rel}","templated":true}]}}