{"id":1245,"date":"2023-08-24T11:45:33","date_gmt":"2023-08-24T11:45:33","guid":{"rendered":"https:\/\/swebalk.com\/?page_id=1245"},"modified":"2023-08-30T13:37:45","modified_gmt":"2023-08-30T13:37:45","slug":"profilstalsaxar-hps-h-series","status":"publish","type":"page","link":"https:\/\/swebalk.com\/en\/produkter\/platbearbetning\/plat-och-profilsaxar\/profilstalsaxar-hps-h-series\/","title":{"rendered":"Profilst\u00e5lsaxar HPS H Series"},"content":{"rendered":"<figure class=\"wp-block-table is-style-stripes has-small-font-size\"><table><tbody><tr><td>Art. 131180 &#8211; HPS 45 H<\/td><td>Art. 131181 &#8211; HPS 60 H<\/td><td>Art. 131182 &#8211; HPS 65 H<\/td><\/tr><tr><td>Art. 131183 &#8211; HPS 85 H<\/td><td>Art. 131184 &#8211; HPS 115 H<\/td><td>Art. 131182 &#8211; HPS 175 H<\/td><\/tr><\/tbody><\/table><\/figure>\n\n\n\n<div class=\"wp-block-columns is-layout-flex wp-container-core-columns-is-layout-9d6595d7 wp-block-columns-is-layout-flex\">\n<div class=\"wp-block-column is-layout-flow wp-block-column-is-layout-flow\">\n<figure class=\"wp-block-image size-large\"><img decoding=\"async\" src=\"https:\/\/swebalk.com\/wp-content\/uploads\/2023\/08\/image-47-1024x981.png\" alt=\"\" class=\"wp-image-1246\"\/><\/figure>\n<\/div>\n\n\n\n<div class=\"wp-block-column is-layout-flow wp-block-column-is-layout-flow\">\n<p>Profilst\u00e5lsaxar HPS H Series<\/p>\n\n\n\n<p>Den hydrauliska profilst\u00e5lsaxen i HPS H-serien sk\u00e4r och stansar platt st\u00e5l, st\u00e4nger och profiler effektivt. Sektionsst\u00e5lsaxar som dessa anv\u00e4nds fr\u00e4mst i l\u00e5ssmedsbutiker, reparationsverkst\u00e4der och i fordonskonstruktion. Med en- eller tv\u00e5 cylindrar och 5 arbetsstationer imponerar konstruktionen med sin multifunktionalitet.<\/p>\n\n\n\n<p>Profilst\u00e5lsaxen i HPS H-serien finns i 6 olika versioner.<\/p>\n\n\n\n<p>F\u00f6r mer info om produkten och tillbeh\u00f6r se produktblad eller kontakta oss.<\/p>\n<\/div>\n<\/div>\n\n\n\n<figure class=\"wp-block-table is-style-stripes has-small-font-size\"><table><thead><tr><th>Modell<\/th><th>HPS 45 H<br>Art. 131180<\/th><th>HPS 60 H<br>Art. 131181<\/th><th>HPS 65 H<br>Art. 131182<\/th><\/tr><\/thead><tbody><tr><td>Antal cylindrar<\/td><td>1<\/td><td>1<\/td><td>2<\/td><\/tr><tr><td>Presskraft<\/td><td>45 t<\/td><td>60 t<\/td><td>65 t<\/td><\/tr><tr><td>Stanskapacitet (max)<\/td><td>24 x 15 mm<\/td><td>28 x 15 mm<\/td><td>26 x 20 mm<\/td><\/tr><tr><td>Plattst\u00e5l<\/td><td>300 x 12 mm<\/td><td>300 x 15 mm<\/td><td>375 x 15 mm<\/td><\/tr><tr><td>Profilst\u00e5l 90\u00b0<\/td><td>100 x 100 x 12 mm<\/td><td>120 x 120 x 12 mm<\/td><td>130 x 130 x 13 mm<\/td><\/tr><tr><td>Profilst\u00e5l 45\u00b0<\/td><td>60 x 6 mm<\/td><td>70 x 7 mm<\/td><td>70 x 7 mm<\/td><\/tr><tr><td>Motor effekt<\/td><td>4 kW<\/td><td>4 kW<\/td><td>5,5 kW<\/td><\/tr><tr><td>Maskin dimension (m)<\/td><td>1,33 x 0,77 x 1,46<\/td><td>1,46 x 0,77 x 1,58<\/td><td>1,69 x 0,77 x 1,76<\/td><\/tr><tr><td>Vikt<\/td><td>1200 kg<\/td><td>1400 kg<\/td><td>1700 kg<\/td><\/tr><\/tbody><\/table><\/figure>\n\n\n\n<figure class=\"wp-block-table is-style-stripes has-small-font-size\"><table><thead><tr><th>Modell<\/th><th>HPS 85 H<br>Art. 131183<\/th><th>HPS 115 H<br>Art. 131184<\/th><th>HPS 175 H<br>Art. 131185<\/th><\/tr><\/thead><tbody><tr><td>Antal cylindrar<\/td><td>2<\/td><td>2<\/td><td>2<\/td><\/tr><tr><td>Presskraft<\/td><td>85 t<\/td><td>115 t<\/td><td>175 t<\/td><\/tr><tr><td>Stanskapacitet (max)<\/td><td>33 x 20 mm<\/td><td>34 x 26 mm<\/td><td>40 x 32 mm<\/td><\/tr><tr><td>Plattst\u00e5l<\/td><td>480 x 15 mm<\/td><td>600 x 15 mm<\/td><td>375 x 15 mm<\/td><\/tr><tr><td>Profilst\u00e5l 90\u00b0<\/td><td>150 x 150 x 15 mm<\/td><td>160 x 160 x 16 mm<\/td><td>200 x 200 x 20 mm<\/td><\/tr><tr><td>Profilst\u00e5l 45\u00b0<\/td><td>80 x 8 mm<\/td><td>80 x 8 mm<\/td><td>80 x 8 mm<\/td><\/tr><tr><td>Motor effekt<\/td><td>7,5 kW<\/td><td>11 kW<\/td><td>11 kW<\/td><\/tr><tr><td>Maskin dimension (m)<\/td><td>1,87 x 0,77 x 1,89<\/td><td>2,05 x 0,77 x 2,03<\/td><td>2,81 x 1,08 x 2,21<\/td><\/tr><tr><td>Vikt<\/td><td>2250 kg<\/td><td>3150 kg<\/td><td>5750 kg<\/td><\/tr><\/tbody><\/table><\/figure>\n\n\n\n<div class=\"wp-block-buttons is-layout-flex wp-block-buttons-is-layout-flex\">\n<div class=\"wp-block-button has-custom-width wp-block-button__width-50\"><a class=\"wp-block-button__link has-white-color has-vivid-red-background-color has-text-color has-background wp-element-button\" href=\"https:\/\/swebalk.com\/wp-content\/uploads\/2023\/08\/HPS-45-H-Datasheet.pdf\" target=\"_blank\" rel=\"noreferrer noopener\">Produktblad HPS 45 H<\/a><\/div>\n\n\n\n<div class=\"wp-block-button has-custom-width wp-block-button__width-50\"><a class=\"wp-block-button__link has-white-color has-vivid-red-background-color has-text-color has-background wp-element-button\" href=\"https:\/\/swebalk.com\/wp-content\/uploads\/2023\/08\/HPS-60-H-Datasheet.pdf\" target=\"_blank\" rel=\"noreferrer noopener\">Produktblad HPS 60 H<\/a><\/div>\n\n\n\n<div class=\"wp-block-button has-custom-width wp-block-button__width-50\"><a class=\"wp-block-button__link has-white-color has-vivid-red-background-color has-text-color has-background wp-element-button\" href=\"https:\/\/swebalk.com\/wp-content\/uploads\/2023\/08\/HPS-65-H-Datasheet.pdf\" target=\"_blank\" rel=\"noreferrer noopener\">Produktblad HPS 65 H<\/a><\/div>\n\n\n\n<div class=\"wp-block-button has-custom-width wp-block-button__width-50\"><a class=\"wp-block-button__link has-white-color has-vivid-red-background-color has-text-color has-background wp-element-button\" href=\"https:\/\/swebalk.com\/wp-content\/uploads\/2023\/08\/HPS-85-H-Datasheet.pdf\" target=\"_blank\" rel=\"noreferrer noopener\">Produktblad HPS 85 H<\/a><\/div>\n\n\n\n<div class=\"wp-block-button has-custom-width wp-block-button__width-50\"><a class=\"wp-block-button__link has-white-color has-vivid-red-background-color has-text-color has-background wp-element-button\" href=\"https:\/\/swebalk.com\/wp-content\/uploads\/2023\/08\/HPS-115-H-Datasheet.pdf\" target=\"_blank\" rel=\"noreferrer noopener\">Produktblad HPS 115 H<\/a><\/div>\n\n\n\n<div class=\"wp-block-button has-custom-width wp-block-button__width-50\"><a class=\"wp-block-button__link has-white-color has-vivid-red-background-color has-text-color has-background wp-element-button\" href=\"https:\/\/swebalk.com\/wp-content\/uploads\/2023\/08\/HPS-175-H-Datasheet.pdf\" target=\"_blank\" rel=\"noreferrer noopener\">Produktblad HPS 175 H<\/a><\/div>\n<\/div>","protected":false},"excerpt":{"rendered":"<p>Art. 131180 &#8211; HPS 45 H Art. 131181 &#8211; HPS 60 H Art. 131182 &#8211; HPS 65 H Art. 131183 &#8211; HPS 85 H Art. 131184 &#8211; HPS 115 H Art. 131182 &#8211; HPS 175 H Profilst\u00e5lsaxar HPS H Series Den hydrauliska profilst\u00e5lsaxen i HPS H-serien sk\u00e4r och stansar platt st\u00e5l, st\u00e4nger och profiler effektivt. [&hellip;]<\/p>\n","protected":false},"author":1,"featured_media":0,"parent":669,"menu_order":0,"comment_status":"closed","ping_status":"closed","template":"templates\/template-full.php","meta":{"_acf_changed":false,"footnotes":""},"class_list":["post-1245","page","type-page","status-publish","hentry","post"],"acf":[],"_links":{"self":[{"href":"https:\/\/swebalk.com\/en\/wp-json\/wp\/v2\/pages\/1245","targetHints":{"allow":["GET"]}}],"collection":[{"href":"https:\/\/swebalk.com\/en\/wp-json\/wp\/v2\/pages"}],"about":[{"href":"https:\/\/swebalk.com\/en\/wp-json\/wp\/v2\/types\/page"}],"author":[{"embeddable":true,"href":"https:\/\/swebalk.com\/en\/wp-json\/wp\/v2\/users\/1"}],"replies":[{"embeddable":true,"href":"https:\/\/swebalk.com\/en\/wp-json\/wp\/v2\/comments?post=1245"}],"version-history":[{"count":2,"href":"https:\/\/swebalk.com\/en\/wp-json\/wp\/v2\/pages\/1245\/revisions"}],"predecessor-version":[{"id":1812,"href":"https:\/\/swebalk.com\/en\/wp-json\/wp\/v2\/pages\/1245\/revisions\/1812"}],"up":[{"embeddable":true,"href":"https:\/\/swebalk.com\/en\/wp-json\/wp\/v2\/pages\/669"}],"wp:attachment":[{"href":"https:\/\/swebalk.com\/en\/wp-json\/wp\/v2\/media?parent=1245"}],"curies":[{"name":"wp","href":"https:\/\/api.w.org\/{rel}","templated":true}]}}