{"id":1234,"date":"2023-08-24T08:50:26","date_gmt":"2023-08-24T08:50:26","guid":{"rendered":"https:\/\/swebalk.com\/?page_id=1234"},"modified":"2023-08-30T13:31:02","modified_gmt":"2023-08-30T13:31:02","slug":"rundmaskin-krm-st-series","status":"publish","type":"page","link":"https:\/\/swebalk.com\/en\/produkter\/platbearbetning\/rundmaskiner\/rundmaskin-krm-st-series\/","title":{"rendered":"Rundmaskin KRM ST Series"},"content":{"rendered":"<figure class=\"wp-block-table is-style-stripes has-small-font-size\"><table><tbody><tr><td>Art. 130780 &#8211; KRM ST 15\/8<\/td><td>Art. 130781 &#8211; KRM ST 20\/6<\/td><td>Art. 130782 &#8211; KRM ST 20\/7<\/td><td>Art. 130783 &#8211; KRM ST 25\/5<\/td><\/tr><tr><td>Art. 130784 &#8211; KRM ST 25\/6<\/td><td>Art. 130785 &#8211; KRM ST 30\/4<\/td><td>Art. 130786 &#8211; KRM ST 30\/5<\/td><td><\/td><\/tr><\/tbody><\/table><\/figure>\n\n\n\n<div class=\"wp-block-columns is-layout-flex wp-container-core-columns-is-layout-9d6595d7 wp-block-columns-is-layout-flex\">\n<div class=\"wp-block-column is-layout-flow wp-block-column-is-layout-flow\">\n<figure class=\"wp-block-image size-large\"><img decoding=\"async\" src=\"https:\/\/swebalk.com\/wp-content\/uploads\/2023\/08\/image-46-1024x486.png\" alt=\"\" class=\"wp-image-1235\"\/><\/figure>\n<\/div>\n\n\n\n<div class=\"wp-block-column is-layout-flow wp-block-column-is-layout-flow\">\n<p>Modellerna i v\u00e5r KRM ST-serie kan utf\u00f6ra bockningsarbete upp till 3000 mm. De tunga, medelh\u00f6ga rundbockningsmaskinerna har en solid, sluten maskinram och en motordriven bakrulle. Konisk bockning och f\u00f6rb\u00f6jning \u00e4r bland funktionerna som till\u00e5ter dig ett brett spektrum av applikationer f\u00f6r individuell produktion inom metallbearbetning, st\u00e5l- och metallkonstruktion.<\/p>\n\n\n\n<p>KRM ST rundmaskin finns i 7 olika versioner<\/p>\n\n\n\n<p>F\u00f6r mer info om produkten och tillbeh\u00f6r se produktblad eller kontakta oss<\/p>\n<\/div>\n<\/div>\n\n\n\n<figure class=\"wp-block-table is-style-stripes has-small-font-size\"><table><thead><tr><th>Modell<\/th><th>KRM ST 15\/8<br>Art. 130780<\/th><th>KRM ST 20\/6<br>Art. 130781<\/th><th>KRM ST 20\/7<br>Art. 130782<\/th><th>KRM ST 25\/5<br>Art. 130783<\/th><\/tr><\/thead><tbody><tr><td>Arbetsl\u00e4ngd<\/td><td>1550 mm<\/td><td>2050 mm<\/td><td>2050 mm<\/td><td>2550 mm<\/td><\/tr><tr><td>Pl\u00e5ttjocklek (max)<\/td><td>8,0 mm<\/td><td>6,0 mm<\/td><td>7,0 mm<\/td><td>5,0 mm<\/td><\/tr><tr><td>B\u00f6jnings diameter (min)<\/td><td>255 mm<\/td><td>255 mm<\/td><td>285 mm<\/td><td>270 mm<\/td><\/tr><tr><td>Vals diameter<\/td><td>170 mm<\/td><td>170 mm<\/td><td>190 mm<\/td><td>180 mm<\/td><\/tr><tr><td>Motor effekt<\/td><td>4 kW<\/td><td>4 kW<\/td><td>4 kW<\/td><td>4 kW<\/td><\/tr><tr><td>Maskin dimension (m)<\/td><td>3,35 x 0,72 x 1,05<\/td><td>3,85 x 0,72 x 1,05<\/td><td>4,2 x 0,95 x 1,3<\/td><td>4,35 x 0,95 x 1,3<\/td><\/tr><tr><td>Vikt<\/td><td>1850 kg<\/td><td>2100 kg<\/td><td>3100 kg<\/td><td>3050 kg<\/td><\/tr><\/tbody><\/table><\/figure>\n\n\n\n<figure class=\"wp-block-table is-style-stripes has-small-font-size\"><table><thead><tr><th>Modell<\/th><th>KRM ST 25\/6<br>Art. 130784<\/th><th>KRM ST 30\/4<br>Art. 130785<\/th><th>KRM ST 30\/5<br>Art. 130786<\/th><\/tr><\/thead><tbody><tr><td>Arbetsl\u00e4ngd<\/td><td>2550 mm<\/td><td>3050 mm<\/td><td>3050 mm<\/td><\/tr><tr><td>Pl\u00e5ttjocklek (max)<\/td><td>6,0 mm<\/td><td>4,0 mm<\/td><td>5,0 mm<\/td><\/tr><tr><td>B\u00f6jnings diameter (min)<\/td><td>285 mm<\/td><td>285 mm<\/td><td>300 mm<\/td><\/tr><tr><td>Vals diameter<\/td><td>190 mm<\/td><td>190 mm<\/td><td>200 mm<\/td><\/tr><tr><td>Motor effekt<\/td><td>4 kW<\/td><td>4 kW<\/td><td>4 kW<\/td><\/tr><tr><td>Maskin dimension (m)<\/td><td>4,7 x 0,95 x 1,3<\/td><td>5,2 x 0,95 x 1,3<\/td><td>5,2 x 0,95 x 1,3<\/td><\/tr><tr><td>Vikt<\/td><td>3400 kg<\/td><td>3750 kg<\/td><td>4000 kg<\/td><\/tr><\/tbody><\/table><\/figure>\n\n\n\n<div class=\"wp-block-buttons is-layout-flex wp-block-buttons-is-layout-flex\">\n<div class=\"wp-block-button\"><a class=\"wp-block-button__link has-white-color has-vivid-red-background-color has-text-color has-background wp-element-button\" href=\"https:\/\/swebalk.com\/wp-content\/uploads\/2023\/08\/KRM-ST-15_8-Datasheet.pdf\" target=\"_blank\" rel=\"noreferrer noopener\">Produktblad KRM ST 15\/8<\/a><\/div>\n\n\n\n<div class=\"wp-block-button\"><a class=\"wp-block-button__link has-white-color has-vivid-red-background-color has-text-color has-background wp-element-button\" href=\"https:\/\/swebalk.com\/wp-content\/uploads\/2023\/08\/KRM-ST-20_6-Datasheet.pdf\" target=\"_blank\" rel=\"noreferrer noopener\">Produktblad KRM ST 20\/6<\/a><\/div>\n\n\n\n<div class=\"wp-block-button\"><a class=\"wp-block-button__link has-white-color has-vivid-red-background-color has-text-color has-background wp-element-button\" href=\"https:\/\/swebalk.com\/wp-content\/uploads\/2023\/08\/KRM-ST-20_7-Datasheet.pdf\" target=\"_blank\" rel=\"noreferrer noopener\">Produktblad KRM ST 20\/7<\/a><\/div>\n\n\n\n<div class=\"wp-block-button\"><a class=\"wp-block-button__link has-white-color has-vivid-red-background-color has-text-color has-background wp-element-button\" href=\"https:\/\/swebalk.com\/wp-content\/uploads\/2023\/08\/KRM-ST-25_5-Datasheet.pdf\" target=\"_blank\" rel=\"noreferrer noopener\">Produktblad KRM ST 25\/5<\/a><\/div>\n\n\n\n<div class=\"wp-block-button\"><a class=\"wp-block-button__link has-white-color has-vivid-red-background-color has-text-color has-background wp-element-button\" href=\"https:\/\/swebalk.com\/wp-content\/uploads\/2023\/08\/KRM-ST-25_6-Datasheet.pdf\" target=\"_blank\" rel=\"noreferrer noopener\">Produktblad KRM ST 25\/6<\/a><\/div>\n\n\n\n<div class=\"wp-block-button\"><a class=\"wp-block-button__link has-white-color has-vivid-red-background-color has-text-color has-background wp-element-button\" href=\"https:\/\/swebalk.com\/wp-content\/uploads\/2023\/08\/KRM-ST-30_4-Datasheet.pdf\" target=\"_blank\" rel=\"noreferrer noopener\">Produktblad KRM ST 30\/4<\/a><\/div>\n\n\n\n<div class=\"wp-block-button\"><a class=\"wp-block-button__link has-white-color has-vivid-red-background-color has-text-color has-background wp-element-button\" href=\"https:\/\/swebalk.com\/wp-content\/uploads\/2023\/08\/KRM-ST-30_5-Datasheet.pdf\" target=\"_blank\" rel=\"noreferrer noopener\">Produktblad KRM ST 30\/5<\/a><\/div>\n<\/div>","protected":false},"excerpt":{"rendered":"<p>Art. 130780 &#8211; KRM ST 15\/8 Art. 130781 &#8211; KRM ST 20\/6 Art. 130782 &#8211; KRM ST 20\/7 Art. 130783 &#8211; KRM ST 25\/5 Art. 130784 &#8211; KRM ST 25\/6 Art. 130785 &#8211; KRM ST 30\/4 Art. 130786 &#8211; KRM ST 30\/5 Modellerna i v\u00e5r KRM ST-serie kan utf\u00f6ra bockningsarbete upp till 3000 mm. De [&hellip;]<\/p>\n","protected":false},"author":1,"featured_media":0,"parent":667,"menu_order":0,"comment_status":"closed","ping_status":"closed","template":"templates\/template-full.php","meta":{"_acf_changed":false,"footnotes":""},"class_list":["post-1234","page","type-page","status-publish","hentry","post"],"acf":[],"_links":{"self":[{"href":"https:\/\/swebalk.com\/en\/wp-json\/wp\/v2\/pages\/1234","targetHints":{"allow":["GET"]}}],"collection":[{"href":"https:\/\/swebalk.com\/en\/wp-json\/wp\/v2\/pages"}],"about":[{"href":"https:\/\/swebalk.com\/en\/wp-json\/wp\/v2\/types\/page"}],"author":[{"embeddable":true,"href":"https:\/\/swebalk.com\/en\/wp-json\/wp\/v2\/users\/1"}],"replies":[{"embeddable":true,"href":"https:\/\/swebalk.com\/en\/wp-json\/wp\/v2\/comments?post=1234"}],"version-history":[{"count":2,"href":"https:\/\/swebalk.com\/en\/wp-json\/wp\/v2\/pages\/1234\/revisions"}],"predecessor-version":[{"id":1809,"href":"https:\/\/swebalk.com\/en\/wp-json\/wp\/v2\/pages\/1234\/revisions\/1809"}],"up":[{"embeddable":true,"href":"https:\/\/swebalk.com\/en\/wp-json\/wp\/v2\/pages\/667"}],"wp:attachment":[{"href":"https:\/\/swebalk.com\/en\/wp-json\/wp\/v2\/media?parent=1234"}],"curies":[{"name":"wp","href":"https:\/\/api.w.org\/{rel}","templated":true}]}}