{"id":1226,"date":"2023-08-24T08:26:11","date_gmt":"2023-08-24T08:26:11","guid":{"rendered":"https:\/\/swebalk.com\/?page_id=1226"},"modified":"2023-09-09T10:09:00","modified_gmt":"2023-09-09T10:09:00","slug":"rundmaskin-krm-a-series","status":"publish","type":"page","link":"https:\/\/swebalk.com\/en\/produkter\/platbearbetning\/rundmaskiner\/rundmaskin-krm-a-series\/","title":{"rendered":"Rundmaskin KRM A Series"},"content":{"rendered":"<figure class=\"wp-block-table is-style-stripes has-small-font-size\"><table><tbody><tr><td>Art. 131881 &#8211; KRM-A 10\/3.0<\/td><td>Art. 131882 &#8211; KRM-A 12\/2.5<\/td><td>Art. 131884 &#8211; KRM-A 20\/1.5<\/td><\/tr><\/tbody><\/table><\/figure>\n\n\n\n<div class=\"wp-block-columns is-layout-flex wp-container-core-columns-is-layout-9d6595d7 wp-block-columns-is-layout-flex\">\n<div class=\"wp-block-column is-layout-flow wp-block-column-is-layout-flow\">\n<figure class=\"wp-block-image size-large\"><img decoding=\"async\" src=\"https:\/\/swebalk.com\/wp-content\/uploads\/2023\/08\/image-45-1024x648.png\" alt=\"\" class=\"wp-image-1227\"\/><\/figure>\n<\/div>\n\n\n\n<div class=\"wp-block-column is-layout-flow wp-block-column-is-layout-flow\">\n<p>Rundmaskin KRM A Series<\/p>\n\n\n\n<p>Alla maskiner i denna serie har asymmetriska rullar. Denna geometri ger optimal dragkraft \u00e4ven med tunna metallpl\u00e5tar i str\u00e4ckb\u00f6jningsfasen f\u00f6r h\u00f6gprecisionsb\u00f6jning. Den bakre rullen matas manuellt. \u00d6vervalsen \u00e4r mycket l\u00e4tt utsv\u00e4ngbar f\u00f6r borttagning av f\u00e4rdigrundade \u00e4mnen. <\/p>\n\n\n\n<p>KRM A rundmaskin finns i 3 olika versioner.<\/p>\n\n\n\n<p>F\u00f6r mer info om produkten och tillbeh\u00f6r se produktblad eller kontakta oss.<\/p>\n<\/div>\n<\/div>\n\n\n\n<figure class=\"wp-block-table is-style-stripes has-small-font-size\"><table><thead><tr><th>Modell<\/th><th>KRM-A 10\/3.0<br>Art. 131881<\/th><th>KRM-A 12\/2.5<br>Art. 131882<\/th><th>KRM-A 20\/1.5<br>Art. 131884<\/th><\/tr><\/thead><tbody><tr><td>Arbetsl\u00e4ngd<\/td><td>1050 mm<\/td><td>1250 mm<\/td><td>2050 mm<\/td><\/tr><tr><td>Pl\u00e5ttjocklek (max)<\/td><td>3,0 mm<\/td><td>2,5 mm<\/td><td>1,5 mm<\/td><\/tr><tr><td>B\u00f6jnings diameter (min)<\/td><td>130 mm<\/td><td>130 mm<\/td><td>135 mm<\/td><\/tr><tr><td>Vals diameter<\/td><td>90 mm<\/td><td>90 mm<\/td><td>90 mm<\/td><\/tr><tr><td>Matningshastighet<\/td><td>6 m\/min<\/td><td>6 m\/min<\/td><td>6 m\/min<\/td><\/tr><tr><td>Motor effekt<\/td><td>1,1 kW<\/td><td>1,1 kW<\/td><td>1,1 kW<\/td><\/tr><tr><td>Maskin dimension (m)<\/td><td>2,1 x 0,8 x 1,13<\/td><td>2,35 x 0,8 x 1,13<\/td><td>3,03 x 0,8 x 1,13<\/td><\/tr><tr><td>Vikt<\/td><td>500 kg<\/td><td>570 kg<\/td><td>635 kg<\/td><\/tr><\/tbody><\/table><\/figure>\n\n\n\n<div class=\"wp-block-buttons is-layout-flex wp-block-buttons-is-layout-flex\">\n<div class=\"wp-block-button has-custom-width wp-block-button__width-75\"><a class=\"wp-block-button__link has-white-color has-vivid-red-background-color has-text-color has-background wp-element-button\" href=\"https:\/\/swebalk.com\/wp-content\/uploads\/2023\/08\/KRM-A-10_3.0-Datasheet.pdf\" target=\"_blank\" rel=\"noreferrer noopener\">Produktblad KRM-A 10\/3.0<\/a><\/div>\n\n\n\n<div class=\"wp-block-button has-custom-width wp-block-button__width-75\"><a class=\"wp-block-button__link has-white-color has-vivid-red-background-color has-text-color has-background wp-element-button\" href=\"https:\/\/swebalk.com\/wp-content\/uploads\/2023\/08\/KRM-A-12_2.5-Datasheet.pdf\" target=\"_blank\" rel=\"noreferrer noopener\">Produktblad KRM-A 12\/2.5<\/a><\/div>\n\n\n\n<div class=\"wp-block-button has-custom-width wp-block-button__width-75\"><a class=\"wp-block-button__link has-white-color has-vivid-red-background-color has-text-color has-background wp-element-button\" href=\"https:\/\/swebalk.com\/wp-content\/uploads\/2023\/08\/KRM-A-20_1.5-Datasheet.pdf\" target=\"_blank\" rel=\"noreferrer noopener\">Produktblad KRM-A 20\/1.5<\/a><\/div>\n<\/div>","protected":false},"excerpt":{"rendered":"<p>Art. 131881 &#8211; KRM-A 10\/3.0 Art. 131882 &#8211; KRM-A 12\/2.5 Art. 131884 &#8211; KRM-A 20\/1.5 Rundmaskin KRM A Series Alla maskiner i denna serie har asymmetriska rullar. Denna geometri ger optimal dragkraft \u00e4ven med tunna metallpl\u00e5tar i str\u00e4ckb\u00f6jningsfasen f\u00f6r h\u00f6gprecisionsb\u00f6jning. Den bakre rullen matas manuellt. \u00d6vervalsen \u00e4r mycket l\u00e4tt utsv\u00e4ngbar f\u00f6r borttagning av f\u00e4rdigrundade \u00e4mnen. [&hellip;]<\/p>\n","protected":false},"author":1,"featured_media":0,"parent":667,"menu_order":0,"comment_status":"closed","ping_status":"closed","template":"templates\/template-full.php","meta":{"_acf_changed":false,"footnotes":""},"class_list":["post-1226","page","type-page","status-publish","hentry","post"],"acf":[],"_links":{"self":[{"href":"https:\/\/swebalk.com\/en\/wp-json\/wp\/v2\/pages\/1226","targetHints":{"allow":["GET"]}}],"collection":[{"href":"https:\/\/swebalk.com\/en\/wp-json\/wp\/v2\/pages"}],"about":[{"href":"https:\/\/swebalk.com\/en\/wp-json\/wp\/v2\/types\/page"}],"author":[{"embeddable":true,"href":"https:\/\/swebalk.com\/en\/wp-json\/wp\/v2\/users\/1"}],"replies":[{"embeddable":true,"href":"https:\/\/swebalk.com\/en\/wp-json\/wp\/v2\/comments?post=1226"}],"version-history":[{"count":3,"href":"https:\/\/swebalk.com\/en\/wp-json\/wp\/v2\/pages\/1226\/revisions"}],"predecessor-version":[{"id":1807,"href":"https:\/\/swebalk.com\/en\/wp-json\/wp\/v2\/pages\/1226\/revisions\/1807"}],"up":[{"embeddable":true,"href":"https:\/\/swebalk.com\/en\/wp-json\/wp\/v2\/pages\/667"}],"wp:attachment":[{"href":"https:\/\/swebalk.com\/en\/wp-json\/wp\/v2\/media?parent=1226"}],"curies":[{"name":"wp","href":"https:\/\/api.w.org\/{rel}","templated":true}]}}