{"id":1220,"date":"2023-08-24T07:19:11","date_gmt":"2023-08-24T07:19:11","guid":{"rendered":"https:\/\/swebalk.com\/?page_id=1220"},"modified":"2023-08-24T07:20:11","modified_gmt":"2023-08-24T07:20:11","slug":"kantmaskin-sb-e-2060-2","status":"publish","type":"page","link":"https:\/\/swebalk.com\/en\/produkter\/platbearbetning\/kantmaskiner\/kantmaskin-sb-e-2060-2\/","title":{"rendered":"Kantmaskin SB E 2060\/2"},"content":{"rendered":"<p>Art. 131336<\/p>\n\n\n\n<div class=\"wp-block-columns is-layout-flex wp-container-core-columns-is-layout-9d6595d7 wp-block-columns-is-layout-flex\">\n<div class=\"wp-block-column is-layout-flow wp-block-column-is-layout-flow\">\n<figure class=\"wp-block-image size-full\"><img decoding=\"async\" src=\"https:\/\/swebalk.com\/wp-content\/uploads\/2023\/08\/image-44.png\" alt=\"\" class=\"wp-image-1221\"\/><\/figure>\n<\/div>\n\n\n\n<div class=\"wp-block-column is-layout-flow wp-block-column-is-layout-flow\">\n<p>SB E-seriens manuella kantmaskin har en tung, robust konstruktion och \u00e4r designade f\u00f6r att b\u00f6ja stora pl\u00e5tar med l\u00e4ngder upp till 2000 mm. H\u00f6g motvikt f\u00f6r enkel b\u00f6jning.<\/p>\n<\/div>\n<\/div>\n\n\n\n<figure class=\"wp-block-table is-style-stripes\"><table><tbody><tr><td>Arbetsl\u00e4ngd<\/td><td>2060 mm<\/td><\/tr><tr><td>Pl\u00e5ttjocklek<\/td><td>2,0 mm<\/td><\/tr><tr><td>Bockningsvinkel<\/td><td>135\u00b0<\/td><\/tr><tr><td>Maskin dimension (m)<\/td><td>2,9 x 0,65 x 1,74<\/td><\/tr><tr><td>Vikt<\/td><td>1750 kg<\/td><\/tr><\/tbody><\/table><\/figure>\n\n\n\n<div class=\"wp-block-buttons is-layout-flex wp-block-buttons-is-layout-flex\">\n<div class=\"wp-block-button\"><a class=\"wp-block-button__link has-white-color has-vivid-red-background-color has-text-color has-background wp-element-button\" href=\"https:\/\/swebalk.com\/wp-content\/uploads\/2023\/08\/SB-E-2060_2-Datasheet.pdf\" target=\"_blank\" rel=\"noreferrer noopener\">Produktblad SB E 2060\/2<\/a><\/div>\n<\/div>","protected":false},"excerpt":{"rendered":"<p>Art. 131336 SB E-seriens manuella kantmaskin har en tung, robust konstruktion och \u00e4r designade f\u00f6r att b\u00f6ja stora pl\u00e5tar med l\u00e4ngder upp till 2000 mm. H\u00f6g motvikt f\u00f6r enkel b\u00f6jning. Arbetsl\u00e4ngd 2060 mm Pl\u00e5ttjocklek 2,0 mm Bockningsvinkel 135\u00b0 Maskin dimension (m) 2,9 x 0,65 x 1,74 Vikt 1750 kg<\/p>","protected":false},"author":1,"featured_media":0,"parent":665,"menu_order":0,"comment_status":"closed","ping_status":"closed","template":"templates\/template-full.php","meta":{"_acf_changed":false,"footnotes":""},"class_list":["post-1220","page","type-page","status-publish","hentry","post"],"acf":[],"_links":{"self":[{"href":"https:\/\/swebalk.com\/en\/wp-json\/wp\/v2\/pages\/1220","targetHints":{"allow":["GET"]}}],"collection":[{"href":"https:\/\/swebalk.com\/en\/wp-json\/wp\/v2\/pages"}],"about":[{"href":"https:\/\/swebalk.com\/en\/wp-json\/wp\/v2\/types\/page"}],"author":[{"embeddable":true,"href":"https:\/\/swebalk.com\/en\/wp-json\/wp\/v2\/users\/1"}],"replies":[{"embeddable":true,"href":"https:\/\/swebalk.com\/en\/wp-json\/wp\/v2\/comments?post=1220"}],"version-history":[{"count":1,"href":"https:\/\/swebalk.com\/en\/wp-json\/wp\/v2\/pages\/1220\/revisions"}],"predecessor-version":[{"id":1225,"href":"https:\/\/swebalk.com\/en\/wp-json\/wp\/v2\/pages\/1220\/revisions\/1225"}],"up":[{"embeddable":true,"href":"https:\/\/swebalk.com\/en\/wp-json\/wp\/v2\/pages\/665"}],"wp:attachment":[{"href":"https:\/\/swebalk.com\/en\/wp-json\/wp\/v2\/media?parent=1220"}],"curies":[{"name":"wp","href":"https:\/\/api.w.org\/{rel}","templated":true}]}}