{"id":1208,"date":"2023-08-24T07:02:02","date_gmt":"2023-08-24T07:02:02","guid":{"rendered":"https:\/\/swebalk.com\/?page_id=1208"},"modified":"2023-08-30T13:16:37","modified_gmt":"2023-08-30T13:16:37","slug":"kantmaskin-sbs-e-series","status":"publish","type":"page","link":"https:\/\/swebalk.com\/en\/produkter\/platbearbetning\/kantmaskiner\/kantmaskin-sbs-e-series\/","title":{"rendered":"Kantmaskin SBS E Series"},"content":{"rendered":"<figure class=\"wp-block-table is-style-stripes has-small-font-size\"><table><tbody><tr><td>Art. 131367 &#8211; SBS E 2020\/2,0<\/td><td>Art. 131371 &#8211; SBS E 2540\/1,5<\/td><td>Art. 131372 &#8211; SBS E 3020\/1,2<\/td><\/tr><\/tbody><\/table><\/figure>\n\n\n\n<div class=\"wp-block-columns is-layout-flex wp-container-core-columns-is-layout-9d6595d7 wp-block-columns-is-layout-flex\">\n<div class=\"wp-block-column is-layout-flow wp-block-column-is-layout-flow\">\n<figure class=\"wp-block-image size-large\"><img decoding=\"async\" src=\"https:\/\/swebalk.com\/wp-content\/uploads\/2023\/08\/image-43-1024x471.png\" alt=\"\" class=\"wp-image-1210\"\/><\/figure>\n<\/div>\n\n\n\n<div class=\"wp-block-column is-layout-flow wp-block-column-is-layout-flow\">\n<p>De manuella kantmaskinerna i SBS E-serien med sin tunga och robusta design \u00e4r designade f\u00f6r att b\u00f6ja l\u00e5nga metallpl\u00e5tar p\u00e5 upp till 3000 mm. Med hj\u00e4lp av vinkelstopp kan denna serie \u00e4ven anv\u00e4ndas f\u00f6r tillverkning av sm\u00e5 serier.<\/p>\n\n\n\n<p>SBS E kantmaskin finns i 3 olika versioner<\/p>\n\n\n\n<p>F\u00f6r mer info om produkten och tillbeh\u00f6r se produktblad eller kontakta oss<\/p>\n<\/div>\n<\/div>\n\n\n\n<figure class=\"wp-block-table is-style-stripes\"><table><thead><tr><th>Modell<\/th><th>SBS E 2020\/2,0<br>Art. 131367<\/th><th>SBS E 2540\/1,5<br>Art. 131371<\/th><th>SBS E 3020\/1,2<br>Art. 131372<\/th><\/tr><\/thead><tbody><tr><td>Arbetsl\u00e4ngd<\/td><td>2020 mm<\/td><td>2540 mm<\/td><td>3020 mm<\/td><\/tr><tr><td>Pl\u00e5ttjocklek<\/td><td>2,0 mm<\/td><td>1,5 mm<\/td><td>1,2 mm<\/td><\/tr><tr><td>Arbetsh\u00f6jd<\/td><td>920 mm<\/td><td>920 mm<\/td><td>920 mm<\/td><\/tr><tr><td>Bockningsvinkel<\/td><td>135\u00b0<\/td><td>135\u00b0<\/td><td>135\u00b0<\/td><\/tr><tr><td>Maskin dimension (m)<\/td><td>2,8 x 0,85 x 1,3<\/td><td>3,32 x 0,72 x 1,5<\/td><td>3,8 x 0,72 x 1,5<\/td><\/tr><tr><td>Vikt<\/td><td>1025 kg<\/td><td>1250 kg<\/td><td>1385 kg<\/td><\/tr><\/tbody><\/table><\/figure>\n\n\n\n<div class=\"wp-block-buttons is-layout-flex wp-block-buttons-is-layout-flex\">\n<div class=\"wp-block-button\"><a class=\"wp-block-button__link has-white-color has-vivid-red-background-color has-text-color has-background wp-element-button\" href=\"https:\/\/swebalk.com\/wp-content\/uploads\/2023\/08\/SBS-E-2020_20-Datasheet.pdf\" target=\"_blank\" rel=\"noreferrer noopener\">Produktblad SBS E 2020\/2,0<\/a><\/div>\n\n\n\n<div class=\"wp-block-button\"><a class=\"wp-block-button__link has-white-color has-vivid-red-background-color has-text-color has-background wp-element-button\" href=\"https:\/\/swebalk.com\/wp-content\/uploads\/2023\/08\/SBS-E-2540_15-Datasheet.pdf\" target=\"_blank\" rel=\"noreferrer noopener\">Produktblad SBS E 2540\/1,5<\/a><\/div>\n\n\n\n<div class=\"wp-block-button\"><a class=\"wp-block-button__link has-white-color has-vivid-red-background-color has-text-color has-background wp-element-button\" href=\"https:\/\/swebalk.com\/wp-content\/uploads\/2023\/08\/SBS-E-3020_12-Datasheet.pdf\" target=\"_blank\" rel=\"noreferrer noopener\">Produktblad SBS E 3020\/1,2<\/a><\/div>\n\n\n\n<div class=\"wp-block-button\"><a class=\"wp-block-button__link has-white-color has-vivid-red-background-color has-text-color has-background wp-element-button\" href=\"https:\/\/swebalk.com\/wp-content\/uploads\/2023\/08\/IQ-SBS-E-V01_131372_EN.pdf\" target=\"_blank\" rel=\"noreferrer noopener\">SBS E 2020 \u2022 2540 \u2022 3020<\/a><\/div>\n<\/div>","protected":false},"excerpt":{"rendered":"<p>Art. 131367 &#8211; SBS E 2020\/2,0 Art. 131371 &#8211; SBS E 2540\/1,5 Art. 131372 &#8211; SBS E 3020\/1,2 De manuella kantmaskinerna i SBS E-serien med sin tunga och robusta design \u00e4r designade f\u00f6r att b\u00f6ja l\u00e5nga metallpl\u00e5tar p\u00e5 upp till 3000 mm. Med hj\u00e4lp av vinkelstopp kan denna serie \u00e4ven anv\u00e4ndas f\u00f6r tillverkning av sm\u00e5 [&hellip;]<\/p>\n","protected":false},"author":1,"featured_media":0,"parent":665,"menu_order":0,"comment_status":"closed","ping_status":"closed","template":"templates\/template-full.php","meta":{"_acf_changed":false,"footnotes":""},"class_list":["post-1208","page","type-page","status-publish","hentry","post"],"acf":[],"_links":{"self":[{"href":"https:\/\/swebalk.com\/en\/wp-json\/wp\/v2\/pages\/1208","targetHints":{"allow":["GET"]}}],"collection":[{"href":"https:\/\/swebalk.com\/en\/wp-json\/wp\/v2\/pages"}],"about":[{"href":"https:\/\/swebalk.com\/en\/wp-json\/wp\/v2\/types\/page"}],"author":[{"embeddable":true,"href":"https:\/\/swebalk.com\/en\/wp-json\/wp\/v2\/users\/1"}],"replies":[{"embeddable":true,"href":"https:\/\/swebalk.com\/en\/wp-json\/wp\/v2\/comments?post=1208"}],"version-history":[{"count":4,"href":"https:\/\/swebalk.com\/en\/wp-json\/wp\/v2\/pages\/1208\/revisions"}],"predecessor-version":[{"id":1804,"href":"https:\/\/swebalk.com\/en\/wp-json\/wp\/v2\/pages\/1208\/revisions\/1804"}],"up":[{"embeddable":true,"href":"https:\/\/swebalk.com\/en\/wp-json\/wp\/v2\/pages\/665"}],"wp:attachment":[{"href":"https:\/\/swebalk.com\/en\/wp-json\/wp\/v2\/media?parent=1208"}],"curies":[{"name":"wp","href":"https:\/\/api.w.org\/{rel}","templated":true}]}}