{"id":1203,"date":"2023-08-24T06:40:24","date_gmt":"2023-08-24T06:40:24","guid":{"rendered":"https:\/\/swebalk.com\/?page_id=1203"},"modified":"2023-09-11T17:52:14","modified_gmt":"2023-09-11T17:52:14","slug":"kantmaskin-sbs-1020-1270-series","status":"publish","type":"page","link":"https:\/\/swebalk.com\/en\/produkter\/platbearbetning\/kantmaskiner\/kantmaskin-sbs-1020-1270-series\/","title":{"rendered":"Kantmaskin SBS 1020 \u2022 1270 Series"},"content":{"rendered":"<div class=\"wp-block-columns is-layout-flex wp-container-core-columns-is-layout-9d6595d7 wp-block-columns-is-layout-flex\">\n<div class=\"wp-block-column is-layout-flow wp-block-column-is-layout-flow\">\n<figure class=\"wp-block-image size-large\"><img decoding=\"async\" src=\"https:\/\/swebalk.com\/wp-content\/uploads\/2023\/08\/image-42-990x1024.png\" alt=\"\" class=\"wp-image-1204\"\/><\/figure>\n<\/div>\n<\/div>\n\n\n\n<figure class=\"wp-block-table is-style-stripes has-small-font-size\"><table><thead><tr><th>Modell<\/th><th>SBS 1020\/2,5<br>Art. 131364<\/th><th>SBS 1270\/2,0<br>Art. 131363<\/th><\/tr><\/thead><tbody><tr><td>Arbetsl\u00e4ngd<\/td><td>1020 mm<\/td><td>1270 mm<\/td><\/tr><tr><td>Pl\u00e5ttjocklek<\/td><td>2,5 mm<\/td><td>2 mm<\/td><\/tr><tr><td>Bockningsvinkel<\/td><td>135\u00b0<\/td><td>135\u00b0<\/td><\/tr><tr><td>Maskin dimension (m)<\/td><td>1,35 x 0,85 x 1,18<\/td><td>1,6 x 0,9 x 1,18<\/td><\/tr><tr><td>Vikt<\/td><td>285 kg<\/td><td>330 kg<\/td><\/tr><\/tbody><\/table><\/figure>\n\n\n\n<p>Kantmaskinerna i SBS-serien anv\u00e4nds f\u00f6r bockning av tunnpl\u00e5t. Tack vare sin kompakta design passar de l\u00e4tt in i sm\u00e5 verkst\u00e4der och t\u00e4cker ett brett spektrum av applikationer med sitt segmenterade \u00f6vre verktyg. Fotman\u00f6vrerad ansp\u00e4nning av \u00f6verprisma och justerbart vinkelstopp l\u00e4mpar sig dessa kantmaskiner \u00e4ven f\u00f6r tillverkning av sm\u00e5 serier.<\/p>\n\n\n\n<div class=\"wp-block-buttons is-layout-flex wp-block-buttons-is-layout-flex\">\n<div class=\"wp-block-button\"><a class=\"wp-block-button__link has-white-color has-vivid-red-background-color has-text-color has-background wp-element-button\" href=\"https:\/\/swebalk.com\/wp-content\/uploads\/2023\/08\/SBS-1020_25-Datasheet.pdf\" target=\"_blank\" rel=\"noreferrer noopener\">Produktblad SBS 1020\/2,5<\/a><\/div>\n\n\n\n<div class=\"wp-block-button\"><a class=\"wp-block-button__link has-white-color has-vivid-red-background-color has-text-color has-background wp-element-button\" href=\"https:\/\/swebalk.com\/wp-content\/uploads\/2023\/08\/SBS-1270_2-Datasheet.pdf\" target=\"_blank\" rel=\"noreferrer noopener\">Produktblad SBS 1270\/2,0<\/a><\/div>\n<\/div>","protected":false},"excerpt":{"rendered":"<p>Modell SBS 1020\/2,5Art. 131364 SBS 1270\/2,0Art. 131363 Arbetsl\u00e4ngd 1020 mm 1270 mm Pl\u00e5ttjocklek 2,5 mm 2 mm Bockningsvinkel 135\u00b0 135\u00b0 Maskin dimension (m) 1,35 x 0,85 x 1,18 1,6 x 0,9 x 1,18 Vikt 285 kg 330 kg Kantmaskinerna i SBS-serien anv\u00e4nds f\u00f6r bockning av tunnpl\u00e5t. Tack vare sin kompakta design passar de l\u00e4tt in [&hellip;]<\/p>\n","protected":false},"author":1,"featured_media":0,"parent":665,"menu_order":0,"comment_status":"closed","ping_status":"closed","template":"templates\/template-full.php","meta":{"_acf_changed":false,"footnotes":""},"class_list":["post-1203","page","type-page","status-publish","hentry","post"],"acf":[],"_links":{"self":[{"href":"https:\/\/swebalk.com\/en\/wp-json\/wp\/v2\/pages\/1203","targetHints":{"allow":["GET"]}}],"collection":[{"href":"https:\/\/swebalk.com\/en\/wp-json\/wp\/v2\/pages"}],"about":[{"href":"https:\/\/swebalk.com\/en\/wp-json\/wp\/v2\/types\/page"}],"author":[{"embeddable":true,"href":"https:\/\/swebalk.com\/en\/wp-json\/wp\/v2\/users\/1"}],"replies":[{"embeddable":true,"href":"https:\/\/swebalk.com\/en\/wp-json\/wp\/v2\/comments?post=1203"}],"version-history":[{"count":5,"href":"https:\/\/swebalk.com\/en\/wp-json\/wp\/v2\/pages\/1203\/revisions"}],"predecessor-version":[{"id":2527,"href":"https:\/\/swebalk.com\/en\/wp-json\/wp\/v2\/pages\/1203\/revisions\/2527"}],"up":[{"embeddable":true,"href":"https:\/\/swebalk.com\/en\/wp-json\/wp\/v2\/pages\/665"}],"wp:attachment":[{"href":"https:\/\/swebalk.com\/en\/wp-json\/wp\/v2\/media?parent=1203"}],"curies":[{"name":"wp","href":"https:\/\/api.w.org\/{rel}","templated":true}]}}