{"id":1190,"date":"2023-08-23T14:33:08","date_gmt":"2023-08-23T14:33:08","guid":{"rendered":"https:\/\/swebalk.com\/?page_id=1190"},"modified":"2023-08-30T13:04:40","modified_gmt":"2023-08-30T13:04:40","slug":"maskingradsax-kht-h-cnc-series","status":"publish","type":"page","link":"https:\/\/swebalk.com\/en\/produkter\/platbearbetning\/klippning\/maskingradsax-kht-h-cnc-series\/","title":{"rendered":"Maskingradsax KHT H CNC Series"},"content":{"rendered":"<figure class=\"wp-block-table is-style-stripes has-small-font-size\"><table><tbody><tr><td>Art. 183260<br>KHT H 3006 CNC<\/td><td>Art. 183261<br>KHT H 3010 CNC<\/td><td>Art. 183262<br>KHT H 3013 CNC<\/td><td>Art. 183263<br>KHT H 3016 CNC<\/td><\/tr><tr><td>Art. 183264<br>KHT H 4006 CNC<\/td><td>Art. 183265<br>KHT H 4010 CNC<\/td><td>Art. 183266<br>KHT H 4013 CNC<\/td><td><\/td><\/tr><\/tbody><\/table><\/figure>\n\n\n\n<div class=\"wp-block-columns is-layout-flex wp-container-core-columns-is-layout-9d6595d7 wp-block-columns-is-layout-flex\">\n<div class=\"wp-block-column is-layout-flow wp-block-column-is-layout-flow\">\n<figure class=\"wp-block-image size-large\"><img decoding=\"async\" src=\"https:\/\/swebalk.com\/wp-content\/uploads\/2023\/08\/image-41-1024x697.png\" alt=\"\" class=\"wp-image-1191\"\/><\/figure>\n<\/div>\n\n\n\n<div class=\"wp-block-column is-layout-flow wp-block-column-is-layout-flow\">\n<p>Maskingradsaxen i KHT H CNC-serien har en konstruktion med styrd knivbalk och med justerbar sk\u00e4rvinkel som garanterar minimal vridning i arbetsstycket och minskar d\u00e4rmed efterbearbetning. Kontrollpanelen styrs p\u00e5 en peksk\u00e4rm. Sk\u00e4rspalt, klippvinkel och klippl\u00e4ngd placeras automatiskt med hj\u00e4lp av CNC styrsystemen. Det h\u00f6gkvalitativa bakanh\u00e5llet \u00e4r robust och exakt, och standardbladen \u00e4r l\u00e4mpliga f\u00f6r rostfritt st\u00e5l. Ytterligare tillbeh\u00f6r ut\u00f6kar anv\u00e4ndningsomr\u00e5det f\u00f6r maskingradsaxen.<\/p>\n\n\n\n<p>KHT H CNC maskingradsax finns i 7 olika versioner<\/p>\n\n\n\n<p>F\u00f6r mer info om produkten och tillbeh\u00f6r se produktblad eller kontakta oss<\/p>\n<\/div>\n<\/div>\n\n\n\n<figure class=\"wp-block-table is-style-stripes has-small-font-size\"><table><thead><tr><th>Modell<\/th><th>Art. 183260<br>KHT H 3006 CNC<\/th><th>Art. 183261<br>KHT H 3010 CNC<\/th><th>Art. 183262<br>KHT H 3013 CNC<\/th><th>Art. 183263<br>KHT H 3016 CNC<\/th><\/tr><\/thead><tbody><tr><td>Max pl\u00e5ttjocklek &#8211; st\u00e5l<\/td><td>6 mm<\/td><td>10 mm<\/td><td>13 mm<\/td><td>16 mm<\/td><\/tr><tr><td>Max pl\u00e5ttjocklek &#8211; rostfri st\u00e5l<\/td><td>4 mm<\/td><td>6 mm<\/td><td>8 mm<\/td><td>10 mm<\/td><\/tr><tr><td>Sk\u00e4rl\u00e4ngd<\/td><td>3080 mm<\/td><td>3080 mm<\/td><td>3080 mm<\/td><td>3080 mm<\/td><\/tr><tr><td>Slagl\u00e4ngd<\/td><td>150 mm<\/td><td>150 mm<\/td><td>150 mm<\/td><td>150 mm<\/td><\/tr><tr><td>Sk\u00e4rvinkel<\/td><td>0,3 &#8211; 2<\/td><td>0,3 &#8211; 2<\/td><td>0,3 &#8211; 2,3<\/td><td>0,3 &#8211; 2,5<\/td><\/tr><tr><td>Bord dimension<\/td><td>3330 x 495 x 840<\/td><td>3340 x 520 x 875<\/td><td>3380 x 550 x 890<\/td><td>3400 x 580 x 950<\/td><\/tr><tr><td>Bakre stopp<\/td><td>1000 mm<\/td><td>1000 mm<\/td><td>1000 mm<\/td><td>1000 mm<\/td><\/tr><tr><td>Matningshastighet X-axel<\/td><td>100<\/td><td>100<\/td><td>100<\/td><td>100<\/td><\/tr><tr><td>Motor effekt<\/td><td>11 kW<\/td><td>22 kW<\/td><td>30 kW<\/td><td>37 kW<\/td><\/tr><tr><td>Maskin dimension<\/td><td>3,9 x 2,13 x 1,95<\/td><td>3,92 x 2,2 x 2,13<\/td><td>3,94 x 2,15 x 2,26<\/td><td>3,91 x 2,2 x 2,32<\/td><\/tr><tr><td>Vikt<\/td><td>7000<\/td><td>9300<\/td><td>11500<\/td><td>14200<\/td><\/tr><\/tbody><\/table><\/figure>\n\n\n\n<figure class=\"wp-block-table is-style-stripes has-small-font-size\"><table><thead><tr><th>Modell<\/th><th>Art. 183264<br>KHT H 4006 CNC<\/th><th>Art. 183265<br>KHT H 4010 CNC<\/th><th>Art. 183266<br>KHT H 4013 CNC<\/th><\/tr><\/thead><tbody><tr><td>Max pl\u00e5ttjocklek &#8211; st\u00e5l<\/td><td>6 mm<\/td><td>10 mm<\/td><td>13 mm<\/td><\/tr><tr><td>Max pl\u00e5ttjocklek &#8211; rostfri st\u00e5l<\/td><td>4 mm<\/td><td>6 mm<\/td><td>8 mm<\/td><\/tr><tr><td>Sk\u00e4rl\u00e4ngd<\/td><td>4080 mm<\/td><td>4080 mm<\/td><td>4080 mm<\/td><\/tr><tr><td>Slagl\u00e4ngd<\/td><td>150 mm<\/td><td>150 mm<\/td><td>150 mm<\/td><\/tr><tr><td>Sk\u00e4rvinkel<\/td><td>0,3 &#8211; 2<\/td><td>0,3 &#8211; 2<\/td><td>0,3 &#8211; 2,3<\/td><\/tr><tr><td>Bord dimension<\/td><td>4370 x 500 x 840<\/td><td>4380 x 550 x 860<\/td><td>4400 x 575 x 880<\/td><\/tr><tr><td>Bakre stopp<\/td><td>1000 mm<\/td><td>1000 mm<\/td><td>1000 mm<\/td><\/tr><tr><td>Matningshastighet X-axel<\/td><td>100<\/td><td>100<\/td><td>100<\/td><\/tr><tr><td>Motor effekt<\/td><td>11 kW<\/td><td>22 kW<\/td><td>30 kW<\/td><\/tr><tr><td>Maskin dimension<\/td><td>4,94 x 2,1 x 2,15<\/td><td>4,96 x 2,18 x 2,3<\/td><td>4,98 x 2,2 x 2,38<\/td><\/tr><tr><td>Vikt<\/td><td>9700<\/td><td>13750<\/td><td>16400<\/td><\/tr><\/tbody><\/table><\/figure>\n\n\n\n<div class=\"wp-block-buttons is-layout-flex wp-block-buttons-is-layout-flex\">\n<div class=\"wp-block-button\"><a class=\"wp-block-button__link has-white-color has-vivid-red-background-color has-text-color has-background wp-element-button\" href=\"https:\/\/swebalk.com\/wp-content\/uploads\/2023\/08\/KHT-H-3006-CNC-Datasheet.pdf\" target=\"_blank\" rel=\"noreferrer noopener\">Produktblad KHT H 3006 CNC<\/a><\/div>\n\n\n\n<div class=\"wp-block-button\"><a class=\"wp-block-button__link has-white-color has-vivid-red-background-color has-text-color has-background wp-element-button\" href=\"https:\/\/swebalk.com\/wp-content\/uploads\/2023\/08\/KHT-H-3010-CNC-Datasheet.pdf\" target=\"_blank\" rel=\"noreferrer noopener\">Produktblad KHT H 3010 CNC<\/a><\/div>\n\n\n\n<div class=\"wp-block-button\"><a class=\"wp-block-button__link has-white-color has-vivid-red-background-color has-text-color has-background wp-element-button\" href=\"https:\/\/swebalk.com\/wp-content\/uploads\/2023\/08\/KHT-H-3013-CNC-Datasheet.pdf\" target=\"_blank\" rel=\"noreferrer noopener\">Produktblad KHT H 3013 CNC<\/a><\/div>\n\n\n\n<div class=\"wp-block-button\"><a class=\"wp-block-button__link has-white-color has-vivid-red-background-color has-text-color has-background wp-element-button\" href=\"https:\/\/swebalk.com\/wp-content\/uploads\/2023\/08\/KHT-H-3016-CNC-Datasheet.pdf\" target=\"_blank\" rel=\"noreferrer noopener\">Produktblad KHT H 3016 CNC<\/a><\/div>\n\n\n\n<div class=\"wp-block-button\"><a class=\"wp-block-button__link has-white-color has-vivid-red-background-color has-text-color has-background wp-element-button\" href=\"https:\/\/swebalk.com\/wp-content\/uploads\/2023\/08\/KHT-H-4006-CNC-Datasheet.pdf\" target=\"_blank\" rel=\"noreferrer noopener\">Produktblad KHT H 4006 CNC<\/a><\/div>\n\n\n\n<div class=\"wp-block-button\"><a class=\"wp-block-button__link has-white-color has-vivid-red-background-color has-text-color has-background wp-element-button\" href=\"https:\/\/swebalk.com\/wp-content\/uploads\/2023\/08\/KHT-H-4010-CNC-Datasheet.pdf\" target=\"_blank\" rel=\"noreferrer noopener\">Produktblad KHT H 4010 CNC<\/a><\/div>\n\n\n\n<div class=\"wp-block-button\"><a class=\"wp-block-button__link has-white-color has-vivid-red-background-color has-text-color has-background wp-element-button\" href=\"https:\/\/swebalk.com\/wp-content\/uploads\/2023\/08\/KHT-H-4013-CNC-Datasheet.pdf\" target=\"_blank\" rel=\"noreferrer noopener\">Produktblad KHT H 4013 CNC<\/a><\/div>\n\n\n\n<div class=\"wp-block-button\"><a class=\"wp-block-button__link has-white-color has-vivid-red-background-color has-text-color has-background wp-element-button\" href=\"https:\/\/swebalk.com\/wp-content\/uploads\/2023\/08\/Cybelec-Touch-8-G-controller-Datasheet.pdf\" target=\"_blank\" rel=\"noreferrer noopener\">Produktblad CybTouch 8 G<\/a><\/div>\n<\/div>","protected":false},"excerpt":{"rendered":"<p>Art. 183260KHT H 3006 CNC Art. 183261KHT H 3010 CNC Art. 183262KHT H 3013 CNC Art. 183263KHT H 3016 CNC Art. 183264KHT H 4006 CNC Art. 183265KHT H 4010 CNC Art. 183266KHT H 4013 CNC Maskingradsaxen i KHT H CNC-serien har en konstruktion med styrd knivbalk och med justerbar sk\u00e4rvinkel som garanterar minimal vridning i [&hellip;]<\/p>\n","protected":false},"author":1,"featured_media":0,"parent":663,"menu_order":0,"comment_status":"closed","ping_status":"closed","template":"templates\/template-full.php","meta":{"_acf_changed":false,"footnotes":""},"class_list":["post-1190","page","type-page","status-publish","hentry","post"],"acf":[],"_links":{"self":[{"href":"https:\/\/swebalk.com\/en\/wp-json\/wp\/v2\/pages\/1190","targetHints":{"allow":["GET"]}}],"collection":[{"href":"https:\/\/swebalk.com\/en\/wp-json\/wp\/v2\/pages"}],"about":[{"href":"https:\/\/swebalk.com\/en\/wp-json\/wp\/v2\/types\/page"}],"author":[{"embeddable":true,"href":"https:\/\/swebalk.com\/en\/wp-json\/wp\/v2\/users\/1"}],"replies":[{"embeddable":true,"href":"https:\/\/swebalk.com\/en\/wp-json\/wp\/v2\/comments?post=1190"}],"version-history":[{"count":3,"href":"https:\/\/swebalk.com\/en\/wp-json\/wp\/v2\/pages\/1190\/revisions"}],"predecessor-version":[{"id":1798,"href":"https:\/\/swebalk.com\/en\/wp-json\/wp\/v2\/pages\/1190\/revisions\/1798"}],"up":[{"embeddable":true,"href":"https:\/\/swebalk.com\/en\/wp-json\/wp\/v2\/pages\/663"}],"wp:attachment":[{"href":"https:\/\/swebalk.com\/en\/wp-json\/wp\/v2\/media?parent=1190"}],"curies":[{"name":"wp","href":"https:\/\/api.w.org\/{rel}","templated":true}]}}