{"id":1186,"date":"2023-08-23T13:50:04","date_gmt":"2023-08-23T13:50:04","guid":{"rendered":"https:\/\/swebalk.com\/?page_id=1186"},"modified":"2023-08-24T06:21:03","modified_gmt":"2023-08-24T06:21:03","slug":"gradsax-handmanovrerad-khs-e-1000","status":"publish","type":"page","link":"https:\/\/swebalk.com\/en\/produkter\/platbearbetning\/klippning\/gradsax-handmanovrerad-khs-e-1000\/","title":{"rendered":"Gradsax handman\u00f6vrerad KHS E 1000"},"content":{"rendered":"<p>Art. 132036<\/p>\n\n\n\n<div class=\"wp-block-columns is-layout-flex wp-container-core-columns-is-layout-9d6595d7 wp-block-columns-is-layout-flex\">\n<div class=\"wp-block-column is-layout-flow wp-block-column-is-layout-flow\">\n<figure class=\"wp-block-image size-full\"><img decoding=\"async\" src=\"https:\/\/swebalk.com\/wp-content\/uploads\/2023\/08\/image-40.png\" alt=\"\" class=\"wp-image-1187\"\/><\/figure>\n<\/div>\n\n\n\n<div class=\"wp-block-column is-layout-flow wp-block-column-is-layout-flow\">\n<p>Manuell gradsax i kraftig konstruktion. S\u00e4kerst\u00e4ller snabb och s\u00e4ker klippning f\u00f6r alla typer av pl\u00e5t. L\u00e4ttman\u00f6vrerad d\u00e5 kniven och pl\u00e5tanslaget justeras fr\u00e5n samma position. Stor bordsplatta och bekv\u00e4m arbetsh\u00f6jd.<\/p>\n<\/div>\n<\/div>\n\n\n\n<figure class=\"wp-block-table is-style-stripes\"><table><tbody><tr><td>Max pl\u00e5ttjocklek<\/td><td>1,5 mm<\/td><\/tr><tr><td>Sk\u00e4rl\u00e4ngd<\/td><td>1040 mm<\/td><\/tr><tr><td>Bakre stopp<\/td><td>580 mm<\/td><\/tr><tr><td>Bord dimension<\/td><td>605 x 1100 mm<\/td><\/tr><tr><td>Maskin dimension<\/td><td>1,3 x 1,0 x 1,5<\/td><\/tr><tr><td>Vikt<\/td><td>460<\/td><\/tr><\/tbody><\/table><\/figure>\n\n\n\n<div class=\"wp-block-buttons is-layout-flex wp-block-buttons-is-layout-flex\">\n<div class=\"wp-block-button\"><a class=\"wp-block-button__link has-white-color has-vivid-red-background-color has-text-color has-background wp-element-button\" href=\"https:\/\/swebalk.com\/wp-content\/uploads\/2023\/08\/KHS-E-1000-Datasheet.pdf\" target=\"_blank\" rel=\"noreferrer noopener\">Produktblad KHS E 1000<\/a><\/div>\n<\/div>","protected":false},"excerpt":{"rendered":"<p>Art. 132036 Manuell gradsax i kraftig konstruktion. S\u00e4kerst\u00e4ller snabb och s\u00e4ker klippning f\u00f6r alla typer av pl\u00e5t. L\u00e4ttman\u00f6vrerad d\u00e5 kniven och pl\u00e5tanslaget justeras fr\u00e5n samma position. Stor bordsplatta och bekv\u00e4m arbetsh\u00f6jd. Max pl\u00e5ttjocklek 1,5 mm Sk\u00e4rl\u00e4ngd 1040 mm Bakre stopp 580 mm Bord dimension 605 x 1100 mm Maskin dimension 1,3 x 1,0 x 1,5 [&hellip;]<\/p>\n","protected":false},"author":1,"featured_media":0,"parent":663,"menu_order":0,"comment_status":"closed","ping_status":"closed","template":"templates\/template-full.php","meta":{"_acf_changed":false,"footnotes":""},"class_list":["post-1186","page","type-page","status-publish","hentry","post"],"acf":[],"_links":{"self":[{"href":"https:\/\/swebalk.com\/en\/wp-json\/wp\/v2\/pages\/1186","targetHints":{"allow":["GET"]}}],"collection":[{"href":"https:\/\/swebalk.com\/en\/wp-json\/wp\/v2\/pages"}],"about":[{"href":"https:\/\/swebalk.com\/en\/wp-json\/wp\/v2\/types\/page"}],"author":[{"embeddable":true,"href":"https:\/\/swebalk.com\/en\/wp-json\/wp\/v2\/users\/1"}],"replies":[{"embeddable":true,"href":"https:\/\/swebalk.com\/en\/wp-json\/wp\/v2\/comments?post=1186"}],"version-history":[{"count":1,"href":"https:\/\/swebalk.com\/en\/wp-json\/wp\/v2\/pages\/1186\/revisions"}],"predecessor-version":[{"id":1189,"href":"https:\/\/swebalk.com\/en\/wp-json\/wp\/v2\/pages\/1186\/revisions\/1189"}],"up":[{"embeddable":true,"href":"https:\/\/swebalk.com\/en\/wp-json\/wp\/v2\/pages\/663"}],"wp:attachment":[{"href":"https:\/\/swebalk.com\/en\/wp-json\/wp\/v2\/media?parent=1186"}],"curies":[{"name":"wp","href":"https:\/\/api.w.org\/{rel}","templated":true}]}}