{"id":1180,"date":"2023-08-23T13:29:40","date_gmt":"2023-08-23T13:29:40","guid":{"rendered":"https:\/\/swebalk.com\/?page_id=1180"},"modified":"2023-08-30T13:06:35","modified_gmt":"2023-08-30T13:06:35","slug":"maskingradsax-kmt-b-nc-series","status":"publish","type":"page","link":"https:\/\/swebalk.com\/en\/produkter\/platbearbetning\/klippning\/maskingradsax-kmt-b-nc-series\/","title":{"rendered":"Maskingradsax KMT B NC Series"},"content":{"rendered":"<figure class=\"wp-block-table is-style-stripes has-small-font-size\"><table><tbody><tr><td>Art. 133650<br>KMT B 2554 NC<\/td><td>Art. 133652<br>KMT B 1304 NC<\/td><td>Art. 133653<br>KMT B 2552 NC<\/td><\/tr><\/tbody><\/table><\/figure>\n\n\n\n<div class=\"wp-block-columns is-layout-flex wp-container-core-columns-is-layout-9d6595d7 wp-block-columns-is-layout-flex\">\n<div class=\"wp-block-column is-layout-flow wp-block-column-is-layout-flow\">\n<figure class=\"wp-block-image size-large\"><img decoding=\"async\" src=\"https:\/\/swebalk.com\/wp-content\/uploads\/2023\/08\/image-39-1024x617.png\" alt=\"\" class=\"wp-image-1181\"\/><\/figure>\n<\/div>\n\n\n\n<div class=\"wp-block-column is-layout-flow wp-block-column-is-layout-flow\">\n<p>KMT B NC-serien har en kraftfull, motoriserad maskingradsax som m\u00f6jligg\u00f6r h\u00f6g sk\u00e4rprestanda. Klippl\u00e4ngden positioneras enkelt med hj\u00e4lp av NC-kontrollpanelen. Den mycket stabila konstruktionen med styrda sk\u00e4rblad och robust bakprofil uppfyller alla krav p\u00e5 en sax f\u00f6r enkel bearbetning till sm\u00e5 serier.<\/p>\n\n\n\n<p>KMT B maskingradsax finns i 3 olika versioner<\/p>\n\n\n\n<p>F\u00f6r mer info om produkten och tillbeh\u00f6r se produktblad eller kontakta oss<\/p>\n<\/div>\n<\/div>\n\n\n\n<figure class=\"wp-block-table is-style-stripes has-small-font-size\"><table><thead><tr><th>Modell<\/th><th>Art. 133650<br>KMT B 2554 NC<\/th><th>Art. 133652<br>KMT B 1304 NC<\/th><th>Art. 133653<br>KMT B 2552 NC<\/th><\/tr><\/thead><tbody><tr><td>Max pl\u00e5ttjocklek<\/td><td>4 mm<\/td><td>4 mm<\/td><td>2 mm<\/td><\/tr><tr><td>Sk\u00e4rl\u00e4ngd<\/td><td>2550 mm<\/td><td>1300 mm<\/td><td>2550 mm<\/td><\/tr><tr><td>Slag\/min<\/td><td>30<\/td><td>30<\/td><td>30<\/td><\/tr><tr><td>Arbetsh\u00f6jd<\/td><td>830 mm<\/td><td>830 mm<\/td><td>830 mm<\/td><\/tr><tr><td>Antal st\u00f6d armar<\/td><td>5<\/td><td>3<\/td><td>5<\/td><\/tr><tr><td>Bakre stopp<\/td><td>630 mm<\/td><td>630 mm<\/td><td>630 mm<\/td><\/tr><tr><td>Motor effekt<\/td><td>7,5 kW<\/td><td>4 kW<\/td><td>4 kW<\/td><\/tr><tr><td>Maskin dimension<\/td><td>3,05 x 1,87 x 1,26<\/td><td>1,75 x 1,82 x 1,19<\/td><td>3,0 x 1,78 x 1,24<\/td><\/tr><tr><td>Vikt<\/td><td>2500<\/td><td>1355<\/td><td>1900<\/td><\/tr><\/tbody><\/table><\/figure>\n\n\n\n<div class=\"wp-block-buttons has-custom-font-size has-small-font-size is-layout-flex wp-block-buttons-is-layout-flex\">\n<div class=\"wp-block-button\"><a class=\"wp-block-button__link has-white-color has-vivid-red-background-color has-text-color has-background wp-element-button\" href=\"https:\/\/swebalk.com\/wp-content\/uploads\/2023\/08\/KMT-B-2554-NC-Datasheet-1.pdf\" target=\"_blank\" rel=\"noreferrer noopener\">Produktblad KMT B 2554 NC<\/a><\/div>\n\n\n\n<div class=\"wp-block-button\"><a class=\"wp-block-button__link has-white-color has-vivid-red-background-color has-text-color has-background wp-element-button\" href=\"https:\/\/swebalk.com\/wp-content\/uploads\/2023\/08\/KMT-B-1304-NC-Datasheet.pdf\" target=\"_blank\" rel=\"noreferrer noopener\">Produktblad KMT B 1304 NC<\/a><\/div>\n\n\n\n<div class=\"wp-block-button\"><a class=\"wp-block-button__link has-white-color has-vivid-red-background-color has-text-color has-background wp-element-button\" href=\"https:\/\/swebalk.com\/wp-content\/uploads\/2023\/08\/KMT-B-2552-NC-Datasheet.pdf\" target=\"_blank\" rel=\"noreferrer noopener\">Produktblad KMT B 2552 NC<\/a><\/div>\n<\/div>","protected":false},"excerpt":{"rendered":"<p>Art. 133650KMT B 2554 NC Art. 133652KMT B 1304 NC Art. 133653KMT B 2552 NC KMT B NC-serien har en kraftfull, motoriserad maskingradsax som m\u00f6jligg\u00f6r h\u00f6g sk\u00e4rprestanda. Klippl\u00e4ngden positioneras enkelt med hj\u00e4lp av NC-kontrollpanelen. Den mycket stabila konstruktionen med styrda sk\u00e4rblad och robust bakprofil uppfyller alla krav p\u00e5 en sax f\u00f6r enkel bearbetning till sm\u00e5 [&hellip;]<\/p>\n","protected":false},"author":1,"featured_media":0,"parent":663,"menu_order":0,"comment_status":"closed","ping_status":"closed","template":"templates\/template-full.php","meta":{"_acf_changed":false,"footnotes":""},"class_list":["post-1180","page","type-page","status-publish","hentry","post"],"acf":[],"_links":{"self":[{"href":"https:\/\/swebalk.com\/en\/wp-json\/wp\/v2\/pages\/1180","targetHints":{"allow":["GET"]}}],"collection":[{"href":"https:\/\/swebalk.com\/en\/wp-json\/wp\/v2\/pages"}],"about":[{"href":"https:\/\/swebalk.com\/en\/wp-json\/wp\/v2\/types\/page"}],"author":[{"embeddable":true,"href":"https:\/\/swebalk.com\/en\/wp-json\/wp\/v2\/users\/1"}],"replies":[{"embeddable":true,"href":"https:\/\/swebalk.com\/en\/wp-json\/wp\/v2\/comments?post=1180"}],"version-history":[{"count":2,"href":"https:\/\/swebalk.com\/en\/wp-json\/wp\/v2\/pages\/1180\/revisions"}],"predecessor-version":[{"id":1800,"href":"https:\/\/swebalk.com\/en\/wp-json\/wp\/v2\/pages\/1180\/revisions\/1800"}],"up":[{"embeddable":true,"href":"https:\/\/swebalk.com\/en\/wp-json\/wp\/v2\/pages\/663"}],"wp:attachment":[{"href":"https:\/\/swebalk.com\/en\/wp-json\/wp\/v2\/media?parent=1180"}],"curies":[{"name":"wp","href":"https:\/\/api.w.org\/{rel}","templated":true}]}}